{"id":4058,"date":"2021-10-29T19:55:58","date_gmt":"2021-10-29T22:55:58","guid":{"rendered":"http:\/\/clubedeviagensmoms.com.br\/homolog\/taober_wp\/?post_type=product&#038;p=4058"},"modified":"2023-08-30T12:25:13","modified_gmt":"2023-08-30T15:25:13","slug":"club-med-la-plagne-2100","status":"publish","type":"product","link":"https:\/\/clubedeviagensmoms.com.br\/homolog\/produto\/club-med-la-plagne-2100\/","title":{"rendered":"Club Med La Plagne 2100"},"content":{"rendered":"<p>O Club Med La Plagne 2100 \u00e9 o lugar perfeito para voc\u00ea aproveitar ao m\u00e1ximo as suas f\u00e9rias de esqui nos Alpes franceses!<\/p>\n<p>Localizado aos p\u00e9s das pistas, esse resort all inclusive oferece acesso direto ao Paradiski\u00ae, que \u00e9 um dos maiores dom\u00ednios esqui\u00e1veis do mundo. Supervisionado pelo seu instrutor da Escola Nacional de Esqui da Fran\u00e7a, voc\u00ea pode se aventurar com seguran\u00e7a pelas encostas nevadas.<\/p>\n<p>Al\u00e9m disso, celebre o fim do dia em uma atmosfera acolhedora em torno de um fondue, com o Mont Blanc em segundo plano. \u00c0 noite, eleve a temperatura na pista de dan\u00e7a do bar The Indoors do Club Med La Plagne 2100.<\/p>\n<p>O Village oferece Clubes Infantis e de Adolescentes, inovadores e baseados na experi\u00eancia Club Med de mais de 40 anos, sendo assim, espa\u00e7os privilegiados, especialmente idealizados para as crian\u00e7as e com equipamentos adaptados ao seu conforto e \u00e0 sua seguran\u00e7a. Al\u00e9m de ter monitores, que s\u00e3o conhecidos como G.O.s, dedicados e motivados.<\/p>\n<p>Por fim, no Club Med La Plagne, voc\u00ea pode escolher entre 340 quartos em um edif\u00edcio de 12 andares, que possui uma fachada ousada em uma mistura harmoniosa de madeira e metal.<\/p>\n<p>Aeroportos: Paris Charles de Gaulle ou Genebra<\/p>\n<p>Esta\u00e7\u00e3o de trem: Aime, a 45 min. do Village.<\/p>\n<p>&nbsp;<\/p>\n<p>Quer mais op\u00e7\u00f5es de viagem? Ent\u00e3o, veja mais sobre os nossos parceiros<span>\u00a0<\/span><a href=\"http:\/\/clubedeviagensmoms.com.br\/homolog\/vamos-viajar\/hoteis\/\">aqui.<\/a><\/p>\n<p>==========================<\/p>\n<p>J\u00e1 conhece as nossas redes sociais ou faz parte do nosso grupo do Facebook?<\/p>\n<p>Nos Siga:<\/p>\n<p><a href=\"https:\/\/www.instagram.com\/clubedeviagensmoms\/\">\u2013 Instagram<\/a><\/p>\n<p><a href=\"https:\/\/www.facebook.com\/ClubeDeViagensMoms\/?hc_ref=ARREVFAUN6kemqQPikWPR6yOVqfolWuZ4Gm2u6EX4fJ2-jyHER8eDB5si8DvGkabbOE&amp;fref=nf&amp;__xts__[0]=68.ARAXJqd_Jm68dG9qh_a7A_hAS8hHGdRg1Cq8Je9my1EPnGBRo26TI37xs6IY6NhynKSzyIDhPcBRqvr6Nzuwi7g2W4UPO84T0-vU7mWKXia_C51FzzqVsE3HthHbuQetTo9gapY&amp;__tn__=kC-R\">\u2013 P\u00e1gina do Facebook<\/a><\/p>\n<p>Fa\u00e7a parte:<\/p>\n<p><a href=\"https:\/\/www.facebook.com\/groups\/clubedeviagensmoms\/\">\u2013 Grupo do Facebook<\/a><\/p>\n","protected":false},"excerpt":{"rendered":"<p>F\u00e9rias em La Plagne para desfrutar das sensa\u00e7\u00f5es da regi\u00e3o esqui\u00e1vel de Paradiski!<\/p>\n","protected":false},"featured_media":2540,"comment_status":"closed","ping_status":"closed","template":"","meta":[],"product_cat":[21],"product_tag":[289,167,302,27,28,29,30,31,32,33,303,255,38,39,40],"class_list":["post-4058","product","type-product","status-publish","has-post-thumbnail","hentry","product_cat-hoteis","product_tag-alpes","product_tag-club-med","product_tag-club-med-la-plagne-2100","product_tag-clube-de-viagens-moms","product_tag-clube-moms","product_tag-criancas","product_tag-diversao","product_tag-diversao-em-familia","product_tag-ferias","product_tag-ferias-em-familia","product_tag-la-plagne-2100","product_tag-neve","product_tag-viagem","product_tag-viagem-com-criancas","product_tag-viagem-em-familia","pa_destino-club-med","pa_destino-europa","pa_destino-franca","pa_estrutura-lazer-academia","pa_estrutura-lazer-bar","pa_estrutura-lazer-centro-de-convencoes","pa_estrutura-lazer-esportes-radicais","pa_estrutura-lazer-estacionamento","pa_estrutura-lazer-jacuzzi","pa_estrutura-lazer-kids-club","pa_estrutura-lazer-lavanderia","pa_estrutura-lazer-piscina","pa_estrutura-lazer-piscina-aquecida","pa_estrutura-lazer-recreacao","pa_estrutura-lazer-restaurante","pa_estrutura-lazer-restaurante-infantil","pa_estrutura-lazer-sala-de-estar","pa_estrutura-lazer-sala-de-reuniao","pa_estrutura-lazer-sala-de-tv","pa_estrutura-lazer-salao-de-jogos","pa_estrutura-lazer-sauna","pa_estrutura-lazer-spa","pa_regime-de-alimentacao-all-inclusive","pa_servicos-opcionais-aluguel-de-carros","pa_servicos-opcionais-esportes-radicais","pa_servicos-opcionais-lavanderia","pa_servicos-opcionais-massagem","pa_servicos-opcionais-servico-de-babas","pa_servicos-opcionais-servico-de-massagem","pa_servicos-opcionais-servico-de-passar-roupas","pa_servicos-opcionais-servico-de-traslado","pa_servicos-opcionais-spa","pa_servicos-opcionais-spa-para-pes-e-maos","pa_tipos-de-destinos-neve"],"acf":[],"yoast_head":"<!-- This site is optimized with the Yoast SEO Premium plugin v16.0.2 (Yoast SEO v21.2) - https:\/\/yoast.com\/wordpress\/plugins\/seo\/ -->\n<title>Club Med La Plagne 2100 - Clube Moms<\/title>\n<meta name=\"description\" content=\"O Club Med La Plagne 2100 \u00e9 o lugar perfeito para voc\u00ea aproveitar ao m\u00e1ximo as suas f\u00e9rias de esqui nos Alpes franceses! Venha conferir!\" \/>\n<meta name=\"robots\" content=\"index, follow, max-snippet:-1, max-image-preview:large, max-video-preview:-1\" \/>\n<link rel=\"canonical\" href=\"https:\/\/clubedeviagensmoms.com.br\/homolog\/produto\/club-med-la-plagne-2100\/\" \/>\n<meta property=\"og:locale\" content=\"pt_BR\" \/>\n<meta property=\"og:type\" content=\"article\" \/>\n<meta property=\"og:title\" content=\"Club Med La Plagne 2100 - Clube Moms\" \/>\n<meta property=\"og:description\" content=\"O Club Med La Plagne 2100 \u00e9 o lugar perfeito para voc\u00ea aproveitar ao m\u00e1ximo as suas f\u00e9rias de esqui nos Alpes franceses! Venha conferir!\" \/>\n<meta property=\"og:url\" content=\"https:\/\/clubedeviagensmoms.com.br\/homolog\/produto\/club-med-la-plagne-2100\/\" \/>\n<meta property=\"og:site_name\" content=\"Clube Moms\" \/>\n<meta property=\"article:modified_time\" content=\"2023-08-30T15:25:13+00:00\" \/>\n<meta property=\"og:image\" content=\"http:\/\/clubedeviagensmoms.com.br\/homolog\/wp-content\/uploads\/2021\/10\/ClubMedLaPlagne2100_VistaGeralHotelAlpesNeve_18122017_2341-1024x536-1.jpg\" \/>\n\t<meta property=\"og:image:width\" content=\"1024\" \/>\n\t<meta property=\"og:image:height\" content=\"536\" \/>\n\t<meta property=\"og:image:type\" content=\"image\/jpeg\" \/>\n<meta name=\"twitter:card\" content=\"summary_large_image\" \/>\n<meta name=\"twitter:label1\" content=\"Est. tempo de leitura\" \/>\n\t<meta name=\"twitter:data1\" content=\"1 minuto\" \/>\n<script type=\"application\/ld+json\" class=\"yoast-schema-graph\">{\"@context\":\"https:\/\/schema.org\",\"@graph\":[{\"@type\":\"WebPage\",\"@id\":\"https:\/\/clubedeviagensmoms.com.br\/homolog\/produto\/club-med-la-plagne-2100\/\",\"url\":\"https:\/\/clubedeviagensmoms.com.br\/homolog\/produto\/club-med-la-plagne-2100\/\",\"name\":\"Club Med La Plagne 2100 - Clube Moms\",\"isPartOf\":{\"@id\":\"https:\/\/clubedeviagensmoms.com.br\/homolog\/#website\"},\"datePublished\":\"2021-10-29T22:55:58+00:00\",\"dateModified\":\"2023-08-30T15:25:13+00:00\",\"description\":\"O Club Med La Plagne 2100 \u00e9 o lugar perfeito para voc\u00ea aproveitar ao m\u00e1ximo as suas f\u00e9rias de esqui nos Alpes franceses! Venha conferir!\",\"breadcrumb\":{\"@id\":\"https:\/\/clubedeviagensmoms.com.br\/homolog\/produto\/club-med-la-plagne-2100\/#breadcrumb\"},\"inLanguage\":\"pt-BR\",\"potentialAction\":[{\"@type\":\"ReadAction\",\"target\":[\"https:\/\/clubedeviagensmoms.com.br\/homolog\/produto\/club-med-la-plagne-2100\/\"]}]},{\"@type\":\"BreadcrumbList\",\"@id\":\"https:\/\/clubedeviagensmoms.com.br\/homolog\/produto\/club-med-la-plagne-2100\/#breadcrumb\",\"itemListElement\":[{\"@type\":\"ListItem\",\"position\":1,\"name\":\"Home\",\"item\":\"https:\/\/clubedeviagensmoms.com.br\/homolog\/\"},{\"@type\":\"ListItem\",\"position\":2,\"name\":\"Vamos Viajar\",\"item\":\"https:\/\/clubedeviagensmoms.com.br\/homolog\/shop\/\"},{\"@type\":\"ListItem\",\"position\":3,\"name\":\"Club Med La Plagne 2100\"}]},{\"@type\":\"WebSite\",\"@id\":\"https:\/\/clubedeviagensmoms.com.br\/homolog\/#website\",\"url\":\"https:\/\/clubedeviagensmoms.com.br\/homolog\/\",\"name\":\"Clube Moms\",\"description\":\"O Clube Moms \u00e9 uma ag\u00eancia de turismo com foco em fam\u00edlias com crian\u00e7as, que uno os conceitos de Consultoria Especializada e Clube de Vantagens.\",\"potentialAction\":[{\"@type\":\"SearchAction\",\"target\":{\"@type\":\"EntryPoint\",\"urlTemplate\":\"https:\/\/clubedeviagensmoms.com.br\/homolog\/?s={search_term_string}\"},\"query-input\":\"required name=search_term_string\"}],\"inLanguage\":\"pt-BR\"}]}<\/script>\n<!-- \/ Yoast SEO Premium plugin. -->","yoast_head_json":{"title":"Club Med La Plagne 2100 - Clube Moms","description":"O Club Med La Plagne 2100 \u00e9 o lugar perfeito para voc\u00ea aproveitar ao m\u00e1ximo as suas f\u00e9rias de esqui nos Alpes franceses! Venha conferir!","robots":{"index":"index","follow":"follow","max-snippet":"max-snippet:-1","max-image-preview":"max-image-preview:large","max-video-preview":"max-video-preview:-1"},"canonical":"https:\/\/clubedeviagensmoms.com.br\/homolog\/produto\/club-med-la-plagne-2100\/","og_locale":"pt_BR","og_type":"article","og_title":"Club Med La Plagne 2100 - Clube Moms","og_description":"O Club Med La Plagne 2100 \u00e9 o lugar perfeito para voc\u00ea aproveitar ao m\u00e1ximo as suas f\u00e9rias de esqui nos Alpes franceses! Venha conferir!","og_url":"https:\/\/clubedeviagensmoms.com.br\/homolog\/produto\/club-med-la-plagne-2100\/","og_site_name":"Clube Moms","article_modified_time":"2023-08-30T15:25:13+00:00","og_image":[{"width":1024,"height":536,"url":"http:\/\/clubedeviagensmoms.com.br\/homolog\/wp-content\/uploads\/2021\/10\/ClubMedLaPlagne2100_VistaGeralHotelAlpesNeve_18122017_2341-1024x536-1.jpg","type":"image\/jpeg"}],"twitter_card":"summary_large_image","twitter_misc":{"Est. tempo de leitura":"1 minuto"},"schema":{"@context":"https:\/\/schema.org","@graph":[{"@type":"WebPage","@id":"https:\/\/clubedeviagensmoms.com.br\/homolog\/produto\/club-med-la-plagne-2100\/","url":"https:\/\/clubedeviagensmoms.com.br\/homolog\/produto\/club-med-la-plagne-2100\/","name":"Club Med La Plagne 2100 - Clube Moms","isPartOf":{"@id":"https:\/\/clubedeviagensmoms.com.br\/homolog\/#website"},"datePublished":"2021-10-29T22:55:58+00:00","dateModified":"2023-08-30T15:25:13+00:00","description":"O Club Med La Plagne 2100 \u00e9 o lugar perfeito para voc\u00ea aproveitar ao m\u00e1ximo as suas f\u00e9rias de esqui nos Alpes franceses! Venha conferir!","breadcrumb":{"@id":"https:\/\/clubedeviagensmoms.com.br\/homolog\/produto\/club-med-la-plagne-2100\/#breadcrumb"},"inLanguage":"pt-BR","potentialAction":[{"@type":"ReadAction","target":["https:\/\/clubedeviagensmoms.com.br\/homolog\/produto\/club-med-la-plagne-2100\/"]}]},{"@type":"BreadcrumbList","@id":"https:\/\/clubedeviagensmoms.com.br\/homolog\/produto\/club-med-la-plagne-2100\/#breadcrumb","itemListElement":[{"@type":"ListItem","position":1,"name":"Home","item":"https:\/\/clubedeviagensmoms.com.br\/homolog\/"},{"@type":"ListItem","position":2,"name":"Vamos Viajar","item":"https:\/\/clubedeviagensmoms.com.br\/homolog\/shop\/"},{"@type":"ListItem","position":3,"name":"Club Med La Plagne 2100"}]},{"@type":"WebSite","@id":"https:\/\/clubedeviagensmoms.com.br\/homolog\/#website","url":"https:\/\/clubedeviagensmoms.com.br\/homolog\/","name":"Clube Moms","description":"O Clube Moms \u00e9 uma ag\u00eancia de turismo com foco em fam\u00edlias com crian\u00e7as, que uno os conceitos de Consultoria Especializada e Clube de Vantagens.","potentialAction":[{"@type":"SearchAction","target":{"@type":"EntryPoint","urlTemplate":"https:\/\/clubedeviagensmoms.com.br\/homolog\/?s={search_term_string}"},"query-input":"required name=search_term_string"}],"inLanguage":"pt-BR"}]}},"_links":{"self":[{"href":"https:\/\/clubedeviagensmoms.com.br\/homolog\/wp-json\/wp\/v2\/product\/4058","targetHints":{"allow":["GET"]}}],"collection":[{"href":"https:\/\/clubedeviagensmoms.com.br\/homolog\/wp-json\/wp\/v2\/product"}],"about":[{"href":"https:\/\/clubedeviagensmoms.com.br\/homolog\/wp-json\/wp\/v2\/types\/product"}],"replies":[{"embeddable":true,"href":"https:\/\/clubedeviagensmoms.com.br\/homolog\/wp-json\/wp\/v2\/comments?post=4058"}],"wp:featuredmedia":[{"embeddable":true,"href":"https:\/\/clubedeviagensmoms.com.br\/homolog\/wp-json\/wp\/v2\/media\/2540"}],"wp:attachment":[{"href":"https:\/\/clubedeviagensmoms.com.br\/homolog\/wp-json\/wp\/v2\/media?parent=4058"}],"wp:term":[{"taxonomy":"product_cat","embeddable":true,"href":"https:\/\/clubedeviagensmoms.com.br\/homolog\/wp-json\/wp\/v2\/product_cat?post=4058"},{"taxonomy":"product_tag","embeddable":true,"href":"https:\/\/clubedeviagensmoms.com.br\/homolog\/wp-json\/wp\/v2\/product_tag?post=4058"}],"curies":[{"name":"wp","href":"https:\/\/api.w.org\/{rel}","templated":true}]}}