{"id":4059,"date":"2021-10-29T19:55:58","date_gmt":"2021-10-29T22:55:58","guid":{"rendered":"http:\/\/clubedeviagensmoms.com.br\/homolog\/taober_wp\/?post_type=product&#038;p=4059"},"modified":"2023-08-30T12:25:12","modified_gmt":"2023-08-30T15:25:12","slug":"club-med-grand-massif-samoens-morillon","status":"publish","type":"product","link":"https:\/\/clubedeviagensmoms.com.br\/homolog\/produto\/club-med-grand-massif-samoens-morillon\/","title":{"rendered":"Club Med Grand Massif Samo\u00ebns Morillon"},"content":{"rendered":"<h4>Programe as suas f\u00e9rias na neve All Inclusive no moderno Resort Club Med Grand Massif Samo\u00ebns Morillon, perto das cidades de Genebra e Annecy.<\/h4>\n<p>&nbsp;<\/p>\n<p>\u00c9 um ambiente excepcional para uma aut\u00eantica experi\u00eancia de esqui nas montanhas, no cora\u00e7\u00e3o do dom\u00ednio esqui\u00e1vel Grand Massif. Pela manh\u00e3, abra a cortina do seu quarto e se surpreenda com uma vista panor\u00e2mica de certamente tirar o f\u00f4lego. Depois, em fam\u00edlia ou entre amigos, saia do Club Med Grand Massif Samo\u00ebns Morillon esquiando rumo \u00e0s pistas nevadas. No fim do dia, aproveite para passar um tempo na piscina com as crian\u00e7as ou se presentear com um momento relax no Club Med Spa by<span>\u00a0<\/span><a href=\"https:\/\/www.carita.com\/en-UK\" target=\"_blank\" rel=\"noopener noreferrer\">CARITA<\/a>.<\/p>\n<p>Situado a 1h15 de Genebra, o Resort parece estar delicadamente pousado no planalto de Saix, no cora\u00e7\u00e3o de um dos mais belos relevos dos Alpes. Pistas arborizadas e uma vista de 360\u00b0 sobre o vale do Giffre. Seu design adapta-se perfeitamente \u00e0 curva da montanha e se confunde com a surpreendentemente natureza imaculada. Um janel\u00e3o envidra\u00e7ado cercado por esculturas modernas comp\u00f5e a sala da piscina, permitindo a vista da montanha.<\/p>\n<p>Em uma viagem de dez minutos, chegue \u00e0 comuna hist\u00f3rica de Samo\u00ebns pelo telef\u00e9rico Grand Massif Express, que liga o Resort ao aut\u00eantico vilarejo da Alta Savoia. No trajeto, admire o panorama, sem d\u00favida, de tirar o f\u00f4lego sobre o vale. \u00c0s quartas-feiras, pela manh\u00e3, presencie o estilo de vida local no mercado, onde expositores comercializam iguarias e pe\u00e7as de artesanato regional. Passeie pelas ruelas, partindo da pra\u00e7a central, que abriga uma limeira do s\u00e9culo 15 e assim como o belo mercado restaurado do s\u00e9culo 16.<\/p>\n<p>No terra\u00e7o do Skyline Gourmet Lounge, cubra-se com uma manta e saboreie um chocolate quente com uma inegavelmente vista 360\u00b0 do vale e das montanhas alpinas.<\/p>\n<p>Confira\u00a0<a href=\"http:\/\/clubedeviagensmoms.com.br\/homolog\/vamos-viajar\/hoteis\/?swoof=1&amp;pa_destino=club-med&amp;really_curr_tax=35-product_cat\" target=\"_blank\" rel=\"noopener noreferrer\">AQUI<\/a>\u00a0outro Club Med que possa ser o que voc\u00ea procura.<\/p>\n","protected":false},"excerpt":{"rendered":"<p>Pela manh\u00e3, abra a cortina do seu quarto e se surpreenda com uma vista panor\u00e2mica de tirar o f\u00f4lego das pistas nevadas, esse \u00e9 o Club Med Grand Massif.<\/p>\n","protected":false},"featured_media":1968,"comment_status":"closed","ping_status":"closed","template":"","meta":[],"product_cat":[21],"product_tag":[289,304,167,305,27,28,29,30,31,252,32,33,134,255,256,38,39,40],"class_list":["post-4059","product","type-product","status-publish","has-post-thumbnail","hentry","product_cat-hoteis","product_tag-alpes","product_tag-alpes-franceses","product_tag-club-med","product_tag-club-med-grand-massif-samoens-morillon","product_tag-clube-de-viagens-moms","product_tag-clube-moms","product_tag-criancas","product_tag-diversao","product_tag-diversao-em-familia","product_tag-estacao-de-ski","product_tag-ferias","product_tag-ferias-em-familia","product_tag-franca","product_tag-neve","product_tag-ski","product_tag-viagem","product_tag-viagem-com-criancas","product_tag-viagem-em-familia","pa_destino-club-med","pa_destino-europa","pa_destino-franca","pa_estrutura-lazer-academia","pa_estrutura-lazer-bar","pa_estrutura-lazer-centro-de-convencoes","pa_estrutura-lazer-copa-baby","pa_estrutura-lazer-esportes-radicais","pa_estrutura-lazer-estacionamento","pa_estrutura-lazer-jacuzzi","pa_estrutura-lazer-kids-club","pa_estrutura-lazer-piscina","pa_estrutura-lazer-piscina-aquecida","pa_estrutura-lazer-recreacao","pa_estrutura-lazer-restaurante","pa_estrutura-lazer-restaurante-infantil","pa_estrutura-lazer-sala-de-estar","pa_estrutura-lazer-sala-de-reuniao","pa_estrutura-lazer-sala-de-tv","pa_estrutura-lazer-salao-de-jogos","pa_estrutura-lazer-sauna","pa_estrutura-lazer-spa","pa_estrutura-lazer-teatro","pa_regime-de-alimentacao-all-inclusive","pa_servicos-opcionais-aluguel-de-carros","pa_servicos-opcionais-esportes-radicais","pa_servicos-opcionais-lavanderia","pa_servicos-opcionais-massagem","pa_servicos-opcionais-servico-de-babas","pa_servicos-opcionais-servico-de-massagem","pa_servicos-opcionais-servico-de-passar-roupas","pa_servicos-opcionais-servico-de-traslado","pa_servicos-opcionais-spa","pa_servicos-opcionais-spa-para-pes-e-maos","pa_tipos-de-destinos-neve"],"acf":[],"yoast_head":"<!-- This site is optimized with the Yoast SEO Premium plugin v16.0.2 (Yoast SEO v21.2) - https:\/\/yoast.com\/wordpress\/plugins\/seo\/ -->\n<title>Club Med Grand Massif Samo\u00ebns Morillon - Clube Moms<\/title>\n<meta name=\"description\" content=\"Pela manh\u00e3, abra a cortina do seu quarto e se surpreenda com uma vista panor\u00e2mica de tirar o f\u00f4lego das pistas nevadas, esse \u00e9 o Club Med Grand Massif.\" \/>\n<meta name=\"robots\" content=\"index, follow, max-snippet:-1, max-image-preview:large, max-video-preview:-1\" \/>\n<link rel=\"canonical\" href=\"https:\/\/clubedeviagensmoms.com.br\/homolog\/produto\/club-med-grand-massif-samoens-morillon\/\" \/>\n<meta property=\"og:locale\" content=\"pt_BR\" \/>\n<meta property=\"og:type\" content=\"article\" \/>\n<meta property=\"og:title\" content=\"Club Med Grand Massif Samo\u00ebns Morillon - Clube Moms\" \/>\n<meta property=\"og:description\" content=\"Pela manh\u00e3, abra a cortina do seu quarto e se surpreenda com uma vista panor\u00e2mica de tirar o f\u00f4lego das pistas nevadas, esse \u00e9 o Club Med Grand Massif.\" \/>\n<meta property=\"og:url\" content=\"https:\/\/clubedeviagensmoms.com.br\/homolog\/produto\/club-med-grand-massif-samoens-morillon\/\" \/>\n<meta property=\"og:site_name\" content=\"Clube Moms\" \/>\n<meta property=\"article:modified_time\" content=\"2023-08-30T15:25:12+00:00\" \/>\n<meta property=\"og:image\" content=\"http:\/\/clubedeviagensmoms.com.br\/homolog\/wp-content\/uploads\/2021\/10\/14-1024x536-1.jpg\" \/>\n\t<meta property=\"og:image:width\" content=\"1024\" \/>\n\t<meta property=\"og:image:height\" content=\"536\" \/>\n\t<meta property=\"og:image:type\" content=\"image\/jpeg\" \/>\n<meta name=\"twitter:card\" content=\"summary_large_image\" \/>\n<meta name=\"twitter:label1\" content=\"Est. tempo de leitura\" \/>\n\t<meta name=\"twitter:data1\" content=\"2 minutos\" \/>\n<script type=\"application\/ld+json\" class=\"yoast-schema-graph\">{\"@context\":\"https:\/\/schema.org\",\"@graph\":[{\"@type\":\"WebPage\",\"@id\":\"https:\/\/clubedeviagensmoms.com.br\/homolog\/produto\/club-med-grand-massif-samoens-morillon\/\",\"url\":\"https:\/\/clubedeviagensmoms.com.br\/homolog\/produto\/club-med-grand-massif-samoens-morillon\/\",\"name\":\"Club Med Grand Massif Samo\u00ebns Morillon - Clube Moms\",\"isPartOf\":{\"@id\":\"https:\/\/clubedeviagensmoms.com.br\/homolog\/#website\"},\"datePublished\":\"2021-10-29T22:55:58+00:00\",\"dateModified\":\"2023-08-30T15:25:12+00:00\",\"description\":\"Pela manh\u00e3, abra a cortina do seu quarto e se surpreenda com uma vista panor\u00e2mica de tirar o f\u00f4lego das pistas nevadas, esse \u00e9 o Club Med Grand Massif.\",\"breadcrumb\":{\"@id\":\"https:\/\/clubedeviagensmoms.com.br\/homolog\/produto\/club-med-grand-massif-samoens-morillon\/#breadcrumb\"},\"inLanguage\":\"pt-BR\",\"potentialAction\":[{\"@type\":\"ReadAction\",\"target\":[\"https:\/\/clubedeviagensmoms.com.br\/homolog\/produto\/club-med-grand-massif-samoens-morillon\/\"]}]},{\"@type\":\"BreadcrumbList\",\"@id\":\"https:\/\/clubedeviagensmoms.com.br\/homolog\/produto\/club-med-grand-massif-samoens-morillon\/#breadcrumb\",\"itemListElement\":[{\"@type\":\"ListItem\",\"position\":1,\"name\":\"Home\",\"item\":\"https:\/\/clubedeviagensmoms.com.br\/homolog\/\"},{\"@type\":\"ListItem\",\"position\":2,\"name\":\"Vamos Viajar\",\"item\":\"https:\/\/clubedeviagensmoms.com.br\/homolog\/shop\/\"},{\"@type\":\"ListItem\",\"position\":3,\"name\":\"Club Med Grand Massif Samo\u00ebns Morillon\"}]},{\"@type\":\"WebSite\",\"@id\":\"https:\/\/clubedeviagensmoms.com.br\/homolog\/#website\",\"url\":\"https:\/\/clubedeviagensmoms.com.br\/homolog\/\",\"name\":\"Clube Moms\",\"description\":\"O Clube Moms \u00e9 uma ag\u00eancia de turismo com foco em fam\u00edlias com crian\u00e7as, que uno os conceitos de Consultoria Especializada e Clube de Vantagens.\",\"potentialAction\":[{\"@type\":\"SearchAction\",\"target\":{\"@type\":\"EntryPoint\",\"urlTemplate\":\"https:\/\/clubedeviagensmoms.com.br\/homolog\/?s={search_term_string}\"},\"query-input\":\"required name=search_term_string\"}],\"inLanguage\":\"pt-BR\"}]}<\/script>\n<!-- \/ Yoast SEO Premium plugin. -->","yoast_head_json":{"title":"Club Med Grand Massif Samo\u00ebns Morillon - Clube Moms","description":"Pela manh\u00e3, abra a cortina do seu quarto e se surpreenda com uma vista panor\u00e2mica de tirar o f\u00f4lego das pistas nevadas, esse \u00e9 o Club Med Grand Massif.","robots":{"index":"index","follow":"follow","max-snippet":"max-snippet:-1","max-image-preview":"max-image-preview:large","max-video-preview":"max-video-preview:-1"},"canonical":"https:\/\/clubedeviagensmoms.com.br\/homolog\/produto\/club-med-grand-massif-samoens-morillon\/","og_locale":"pt_BR","og_type":"article","og_title":"Club Med Grand Massif Samo\u00ebns Morillon - Clube Moms","og_description":"Pela manh\u00e3, abra a cortina do seu quarto e se surpreenda com uma vista panor\u00e2mica de tirar o f\u00f4lego das pistas nevadas, esse \u00e9 o Club Med Grand Massif.","og_url":"https:\/\/clubedeviagensmoms.com.br\/homolog\/produto\/club-med-grand-massif-samoens-morillon\/","og_site_name":"Clube Moms","article_modified_time":"2023-08-30T15:25:12+00:00","og_image":[{"width":1024,"height":536,"url":"http:\/\/clubedeviagensmoms.com.br\/homolog\/wp-content\/uploads\/2021\/10\/14-1024x536-1.jpg","type":"image\/jpeg"}],"twitter_card":"summary_large_image","twitter_misc":{"Est. tempo de leitura":"2 minutos"},"schema":{"@context":"https:\/\/schema.org","@graph":[{"@type":"WebPage","@id":"https:\/\/clubedeviagensmoms.com.br\/homolog\/produto\/club-med-grand-massif-samoens-morillon\/","url":"https:\/\/clubedeviagensmoms.com.br\/homolog\/produto\/club-med-grand-massif-samoens-morillon\/","name":"Club Med Grand Massif Samo\u00ebns Morillon - Clube Moms","isPartOf":{"@id":"https:\/\/clubedeviagensmoms.com.br\/homolog\/#website"},"datePublished":"2021-10-29T22:55:58+00:00","dateModified":"2023-08-30T15:25:12+00:00","description":"Pela manh\u00e3, abra a cortina do seu quarto e se surpreenda com uma vista panor\u00e2mica de tirar o f\u00f4lego das pistas nevadas, esse \u00e9 o Club Med Grand Massif.","breadcrumb":{"@id":"https:\/\/clubedeviagensmoms.com.br\/homolog\/produto\/club-med-grand-massif-samoens-morillon\/#breadcrumb"},"inLanguage":"pt-BR","potentialAction":[{"@type":"ReadAction","target":["https:\/\/clubedeviagensmoms.com.br\/homolog\/produto\/club-med-grand-massif-samoens-morillon\/"]}]},{"@type":"BreadcrumbList","@id":"https:\/\/clubedeviagensmoms.com.br\/homolog\/produto\/club-med-grand-massif-samoens-morillon\/#breadcrumb","itemListElement":[{"@type":"ListItem","position":1,"name":"Home","item":"https:\/\/clubedeviagensmoms.com.br\/homolog\/"},{"@type":"ListItem","position":2,"name":"Vamos Viajar","item":"https:\/\/clubedeviagensmoms.com.br\/homolog\/shop\/"},{"@type":"ListItem","position":3,"name":"Club Med Grand Massif Samo\u00ebns Morillon"}]},{"@type":"WebSite","@id":"https:\/\/clubedeviagensmoms.com.br\/homolog\/#website","url":"https:\/\/clubedeviagensmoms.com.br\/homolog\/","name":"Clube Moms","description":"O Clube Moms \u00e9 uma ag\u00eancia de turismo com foco em fam\u00edlias com crian\u00e7as, que uno os conceitos de Consultoria Especializada e Clube de Vantagens.","potentialAction":[{"@type":"SearchAction","target":{"@type":"EntryPoint","urlTemplate":"https:\/\/clubedeviagensmoms.com.br\/homolog\/?s={search_term_string}"},"query-input":"required name=search_term_string"}],"inLanguage":"pt-BR"}]}},"_links":{"self":[{"href":"https:\/\/clubedeviagensmoms.com.br\/homolog\/wp-json\/wp\/v2\/product\/4059","targetHints":{"allow":["GET"]}}],"collection":[{"href":"https:\/\/clubedeviagensmoms.com.br\/homolog\/wp-json\/wp\/v2\/product"}],"about":[{"href":"https:\/\/clubedeviagensmoms.com.br\/homolog\/wp-json\/wp\/v2\/types\/product"}],"replies":[{"embeddable":true,"href":"https:\/\/clubedeviagensmoms.com.br\/homolog\/wp-json\/wp\/v2\/comments?post=4059"}],"wp:featuredmedia":[{"embeddable":true,"href":"https:\/\/clubedeviagensmoms.com.br\/homolog\/wp-json\/wp\/v2\/media\/1968"}],"wp:attachment":[{"href":"https:\/\/clubedeviagensmoms.com.br\/homolog\/wp-json\/wp\/v2\/media?parent=4059"}],"wp:term":[{"taxonomy":"product_cat","embeddable":true,"href":"https:\/\/clubedeviagensmoms.com.br\/homolog\/wp-json\/wp\/v2\/product_cat?post=4059"},{"taxonomy":"product_tag","embeddable":true,"href":"https:\/\/clubedeviagensmoms.com.br\/homolog\/wp-json\/wp\/v2\/product_tag?post=4059"}],"curies":[{"name":"wp","href":"https:\/\/api.w.org\/{rel}","templated":true}]}}