{"id":4060,"date":"2021-10-29T19:55:58","date_gmt":"2021-10-29T22:55:58","guid":{"rendered":"http:\/\/clubedeviagensmoms.com.br\/homolog\/taober_wp\/?post_type=product&#038;p=4060"},"modified":"2023-08-30T12:25:11","modified_gmt":"2023-08-30T15:25:11","slug":"club-med-alpe-dhuez","status":"publish","type":"product","link":"https:\/\/clubedeviagensmoms.com.br\/homolog\/produto\/club-med-alpe-dhuez\/","title":{"rendered":"Club Med Alpe d\u2019Huez"},"content":{"rendered":"<h4>Emoldurado pelo maci\u00e7o<span>\u00a0<\/span><a href=\"https:\/\/pt.wikipedia.org\/wiki\/Grandes_Rousses\" target=\"_blank\" rel=\"noopener noreferrer\">Grande Rousses<\/a>, o Resort Club Med Alpe d\u2019Huez oferece uma localiza\u00e7\u00e3o privilegiada para voc\u00ea vivenciar experi\u00eancias inesquec\u00edveis na neve.<\/h4>\n<p>&nbsp;<\/p>\n<p>Renovado e ampliado recentemente, esse ref\u00fagio aconchegante fica no cora\u00e7\u00e3o de uma esta\u00e7\u00e3o de esqui ensolarada, que conta com o maior desn\u00edvel de pistas dos Alpes. No Club Med Alpe d\u2019Huez, al\u00e9m do esqui, voc\u00ea pode experimentar outros esportes de inverno, assim como a caminhada com raquetes nos p\u00e9s. Entre uma atividade e outra, pe\u00e7a uma ta\u00e7a de vinho branco e prove um saucisson (salame franc\u00eas) no ambiente contempor\u00e2neo do restaurante Le Pic Blanc.<\/p>\n<p>Al\u00e9m do esqui, voc\u00ea disp\u00f5e de uma pista de patina\u00e7\u00e3o no gelo, no cora\u00e7\u00e3o da esta\u00e7\u00e3o, e pode fazer uma inicia\u00e7\u00e3o ao ski jo\u00ebring, puxado por um cavalo.<\/p>\n<p>A esta\u00e7\u00e3o de l\u2019Alpe d\u2019Huez faz parte de uma das maiores regi\u00f5es esqui\u00e1veis da Fran\u00e7a, com 237 kms de pistas de esqui alpino e 50 km de pistas de esqui n\u00f3rdico.<\/p>\n<p>Quer encarar um desafio? Coloque seus esquis e percorra \u201cLa Serenne\u201d, a pista preta mais longa da Europa. Alcance o topo do Pic Blanc, a 3300 metros de altitude, e ent\u00e3o admire a vista panor\u00e2mica dos Alpes. Des\u00e7a em slalom pela queda vertical de 2,2 mil metros, a mais alta do continente europeu, at\u00e9 chegar ao charmoso vilarejo de Enversin d\u2019Oz.<\/p>\n<p>Nosso Gourmet Lounge do Club Med Alpe d\u2019Huez, situado a 1790 metros de altitude, oferece uma experi\u00eancia certamente exclusiva, numa atmosfera \u00edntima e requintada, com terra\u00e7o e vista panor\u00e2mica sobre o vale.<\/p>\n<p>A decora\u00e7\u00e3o aconchegante combina autenticidade e modernidade. \u00c9 o cen\u00e1rio ideal principalmente para degustar os excelentes produtos locais. A cada momento do dia, o espa\u00e7o se adapta surpreendentemente \u00e0 experi\u00eancia gastron\u00f4mica desejada.<\/p>\n<p>Pela manh\u00e3 ou \u00e0 tarde, encontre o equil\u00edbrio perfeito com as aulas de yoga e medita\u00e7\u00e3o, no ambiente tranquilo do \u201cLa Bulle\u201d.<\/p>\n<p>Confira\u00a0<a href=\"http:\/\/clubedeviagensmoms.com.br\/homolog\/vamos-viajar\/hoteis\/?swoof=1&amp;pa_destino=club-med&amp;really_curr_tax=35-product_cat\" target=\"_blank\" rel=\"noopener noreferrer\">AQUI<\/a>\u00a0outro Club Med que possa ser o que voc\u00ea procura.<\/p>\n","protected":false},"excerpt":{"rendered":"<p>O Club Med Alpe d&#8217;Huez \u00e9 um ref\u00fagio confort\u00e1vel num local privilegiado do maci\u00e7o dos Grandes Rousses, para compartilhar suas mais belas lembran\u00e7as de esqui.<\/p>\n","protected":false},"featured_media":2219,"comment_status":"closed","ping_status":"closed","template":"","meta":[],"product_cat":[21],"product_tag":[289,304,167,306,27,28,29,30,31,252,32,33,134,255,256,38,39,40],"class_list":["post-4060","product","type-product","status-publish","has-post-thumbnail","hentry","product_cat-hoteis","product_tag-alpes","product_tag-alpes-franceses","product_tag-club-med","product_tag-club-med-alpe-dhuez","product_tag-clube-de-viagens-moms","product_tag-clube-moms","product_tag-criancas","product_tag-diversao","product_tag-diversao-em-familia","product_tag-estacao-de-ski","product_tag-ferias","product_tag-ferias-em-familia","product_tag-franca","product_tag-neve","product_tag-ski","product_tag-viagem","product_tag-viagem-com-criancas","product_tag-viagem-em-familia","pa_destino-club-med","pa_destino-europa","pa_destino-franca","pa_estrutura-lazer-academia","pa_estrutura-lazer-bar","pa_estrutura-lazer-centro-de-convencoes","pa_estrutura-lazer-copa-baby","pa_estrutura-lazer-esportes-radicais","pa_estrutura-lazer-estacionamento","pa_estrutura-lazer-jacuzzi","pa_estrutura-lazer-kids-club","pa_estrutura-lazer-lavanderia","pa_estrutura-lazer-piscina","pa_estrutura-lazer-piscina-aquecida","pa_estrutura-lazer-recreacao","pa_estrutura-lazer-restaurante","pa_estrutura-lazer-restaurante-infantil","pa_estrutura-lazer-sala-de-estar","pa_estrutura-lazer-sala-de-reuniao","pa_estrutura-lazer-sala-de-tv","pa_estrutura-lazer-salao-de-jogos","pa_estrutura-lazer-sauna","pa_estrutura-lazer-spa","pa_estrutura-lazer-teatro","pa_regime-de-alimentacao-all-inclusive","pa_servicos-opcionais-aluguel-de-carros","pa_servicos-opcionais-esportes-radicais","pa_servicos-opcionais-lavanderia","pa_servicos-opcionais-massagem","pa_servicos-opcionais-servico-de-passar-roupas","pa_servicos-opcionais-servico-de-traslado","pa_servicos-opcionais-spa","pa_servicos-opcionais-spa-para-pes-e-maos","pa_tipos-de-destinos-neve"],"acf":[],"yoast_head":"<!-- This site is optimized with the Yoast SEO Premium plugin v16.0.2 (Yoast SEO v21.2) - https:\/\/yoast.com\/wordpress\/plugins\/seo\/ -->\n<title>Club Med Alpe d\u2019Huez - Clube Moms<\/title>\n<meta name=\"description\" content=\"O Club Med Alpe d&#039;Huez \u00e9 um ref\u00fagio confort\u00e1vel num local privilegiado do maci\u00e7o dos Grandes Rousses, para compartilhar suas mais belas lembran\u00e7as de esqui.\" \/>\n<meta name=\"robots\" content=\"index, follow, max-snippet:-1, max-image-preview:large, max-video-preview:-1\" \/>\n<link rel=\"canonical\" href=\"https:\/\/clubedeviagensmoms.com.br\/homolog\/produto\/club-med-alpe-dhuez\/\" \/>\n<meta property=\"og:locale\" content=\"pt_BR\" \/>\n<meta property=\"og:type\" content=\"article\" \/>\n<meta property=\"og:title\" content=\"Club Med Alpe d\u2019Huez - Clube Moms\" \/>\n<meta property=\"og:description\" content=\"O Club Med Alpe d&#039;Huez \u00e9 um ref\u00fagio confort\u00e1vel num local privilegiado do maci\u00e7o dos Grandes Rousses, para compartilhar suas mais belas lembran\u00e7as de esqui.\" \/>\n<meta property=\"og:url\" content=\"https:\/\/clubedeviagensmoms.com.br\/homolog\/produto\/club-med-alpe-dhuez\/\" \/>\n<meta property=\"og:site_name\" content=\"Clube Moms\" \/>\n<meta property=\"article:modified_time\" content=\"2023-08-30T15:25:11+00:00\" \/>\n<meta property=\"og:image\" content=\"http:\/\/clubedeviagensmoms.com.br\/homolog\/wp-content\/uploads\/2021\/10\/6-1024x536-2.jpg\" \/>\n\t<meta property=\"og:image:width\" content=\"1024\" \/>\n\t<meta property=\"og:image:height\" content=\"536\" \/>\n\t<meta property=\"og:image:type\" content=\"image\/jpeg\" \/>\n<meta name=\"twitter:card\" content=\"summary_large_image\" \/>\n<meta name=\"twitter:label1\" content=\"Est. tempo de leitura\" \/>\n\t<meta name=\"twitter:data1\" content=\"2 minutos\" \/>\n<script type=\"application\/ld+json\" class=\"yoast-schema-graph\">{\"@context\":\"https:\/\/schema.org\",\"@graph\":[{\"@type\":\"WebPage\",\"@id\":\"https:\/\/clubedeviagensmoms.com.br\/homolog\/produto\/club-med-alpe-dhuez\/\",\"url\":\"https:\/\/clubedeviagensmoms.com.br\/homolog\/produto\/club-med-alpe-dhuez\/\",\"name\":\"Club Med Alpe d\u2019Huez - Clube Moms\",\"isPartOf\":{\"@id\":\"https:\/\/clubedeviagensmoms.com.br\/homolog\/#website\"},\"datePublished\":\"2021-10-29T22:55:58+00:00\",\"dateModified\":\"2023-08-30T15:25:11+00:00\",\"description\":\"O Club Med Alpe d'Huez \u00e9 um ref\u00fagio confort\u00e1vel num local privilegiado do maci\u00e7o dos Grandes Rousses, para compartilhar suas mais belas lembran\u00e7as de esqui.\",\"breadcrumb\":{\"@id\":\"https:\/\/clubedeviagensmoms.com.br\/homolog\/produto\/club-med-alpe-dhuez\/#breadcrumb\"},\"inLanguage\":\"pt-BR\",\"potentialAction\":[{\"@type\":\"ReadAction\",\"target\":[\"https:\/\/clubedeviagensmoms.com.br\/homolog\/produto\/club-med-alpe-dhuez\/\"]}]},{\"@type\":\"BreadcrumbList\",\"@id\":\"https:\/\/clubedeviagensmoms.com.br\/homolog\/produto\/club-med-alpe-dhuez\/#breadcrumb\",\"itemListElement\":[{\"@type\":\"ListItem\",\"position\":1,\"name\":\"Home\",\"item\":\"https:\/\/clubedeviagensmoms.com.br\/homolog\/\"},{\"@type\":\"ListItem\",\"position\":2,\"name\":\"Vamos Viajar\",\"item\":\"https:\/\/clubedeviagensmoms.com.br\/homolog\/shop\/\"},{\"@type\":\"ListItem\",\"position\":3,\"name\":\"Club Med Alpe d\u2019Huez\"}]},{\"@type\":\"WebSite\",\"@id\":\"https:\/\/clubedeviagensmoms.com.br\/homolog\/#website\",\"url\":\"https:\/\/clubedeviagensmoms.com.br\/homolog\/\",\"name\":\"Clube Moms\",\"description\":\"O Clube Moms \u00e9 uma ag\u00eancia de turismo com foco em fam\u00edlias com crian\u00e7as, que uno os conceitos de Consultoria Especializada e Clube de Vantagens.\",\"potentialAction\":[{\"@type\":\"SearchAction\",\"target\":{\"@type\":\"EntryPoint\",\"urlTemplate\":\"https:\/\/clubedeviagensmoms.com.br\/homolog\/?s={search_term_string}\"},\"query-input\":\"required name=search_term_string\"}],\"inLanguage\":\"pt-BR\"}]}<\/script>\n<!-- \/ Yoast SEO Premium plugin. -->","yoast_head_json":{"title":"Club Med Alpe d\u2019Huez - Clube Moms","description":"O Club Med Alpe d'Huez \u00e9 um ref\u00fagio confort\u00e1vel num local privilegiado do maci\u00e7o dos Grandes Rousses, para compartilhar suas mais belas lembran\u00e7as de esqui.","robots":{"index":"index","follow":"follow","max-snippet":"max-snippet:-1","max-image-preview":"max-image-preview:large","max-video-preview":"max-video-preview:-1"},"canonical":"https:\/\/clubedeviagensmoms.com.br\/homolog\/produto\/club-med-alpe-dhuez\/","og_locale":"pt_BR","og_type":"article","og_title":"Club Med Alpe d\u2019Huez - Clube Moms","og_description":"O Club Med Alpe d'Huez \u00e9 um ref\u00fagio confort\u00e1vel num local privilegiado do maci\u00e7o dos Grandes Rousses, para compartilhar suas mais belas lembran\u00e7as de esqui.","og_url":"https:\/\/clubedeviagensmoms.com.br\/homolog\/produto\/club-med-alpe-dhuez\/","og_site_name":"Clube Moms","article_modified_time":"2023-08-30T15:25:11+00:00","og_image":[{"width":1024,"height":536,"url":"http:\/\/clubedeviagensmoms.com.br\/homolog\/wp-content\/uploads\/2021\/10\/6-1024x536-2.jpg","type":"image\/jpeg"}],"twitter_card":"summary_large_image","twitter_misc":{"Est. tempo de leitura":"2 minutos"},"schema":{"@context":"https:\/\/schema.org","@graph":[{"@type":"WebPage","@id":"https:\/\/clubedeviagensmoms.com.br\/homolog\/produto\/club-med-alpe-dhuez\/","url":"https:\/\/clubedeviagensmoms.com.br\/homolog\/produto\/club-med-alpe-dhuez\/","name":"Club Med Alpe d\u2019Huez - Clube Moms","isPartOf":{"@id":"https:\/\/clubedeviagensmoms.com.br\/homolog\/#website"},"datePublished":"2021-10-29T22:55:58+00:00","dateModified":"2023-08-30T15:25:11+00:00","description":"O Club Med Alpe d'Huez \u00e9 um ref\u00fagio confort\u00e1vel num local privilegiado do maci\u00e7o dos Grandes Rousses, para compartilhar suas mais belas lembran\u00e7as de esqui.","breadcrumb":{"@id":"https:\/\/clubedeviagensmoms.com.br\/homolog\/produto\/club-med-alpe-dhuez\/#breadcrumb"},"inLanguage":"pt-BR","potentialAction":[{"@type":"ReadAction","target":["https:\/\/clubedeviagensmoms.com.br\/homolog\/produto\/club-med-alpe-dhuez\/"]}]},{"@type":"BreadcrumbList","@id":"https:\/\/clubedeviagensmoms.com.br\/homolog\/produto\/club-med-alpe-dhuez\/#breadcrumb","itemListElement":[{"@type":"ListItem","position":1,"name":"Home","item":"https:\/\/clubedeviagensmoms.com.br\/homolog\/"},{"@type":"ListItem","position":2,"name":"Vamos Viajar","item":"https:\/\/clubedeviagensmoms.com.br\/homolog\/shop\/"},{"@type":"ListItem","position":3,"name":"Club Med Alpe d\u2019Huez"}]},{"@type":"WebSite","@id":"https:\/\/clubedeviagensmoms.com.br\/homolog\/#website","url":"https:\/\/clubedeviagensmoms.com.br\/homolog\/","name":"Clube Moms","description":"O Clube Moms \u00e9 uma ag\u00eancia de turismo com foco em fam\u00edlias com crian\u00e7as, que uno os conceitos de Consultoria Especializada e Clube de Vantagens.","potentialAction":[{"@type":"SearchAction","target":{"@type":"EntryPoint","urlTemplate":"https:\/\/clubedeviagensmoms.com.br\/homolog\/?s={search_term_string}"},"query-input":"required name=search_term_string"}],"inLanguage":"pt-BR"}]}},"_links":{"self":[{"href":"https:\/\/clubedeviagensmoms.com.br\/homolog\/wp-json\/wp\/v2\/product\/4060","targetHints":{"allow":["GET"]}}],"collection":[{"href":"https:\/\/clubedeviagensmoms.com.br\/homolog\/wp-json\/wp\/v2\/product"}],"about":[{"href":"https:\/\/clubedeviagensmoms.com.br\/homolog\/wp-json\/wp\/v2\/types\/product"}],"replies":[{"embeddable":true,"href":"https:\/\/clubedeviagensmoms.com.br\/homolog\/wp-json\/wp\/v2\/comments?post=4060"}],"wp:featuredmedia":[{"embeddable":true,"href":"https:\/\/clubedeviagensmoms.com.br\/homolog\/wp-json\/wp\/v2\/media\/2219"}],"wp:attachment":[{"href":"https:\/\/clubedeviagensmoms.com.br\/homolog\/wp-json\/wp\/v2\/media?parent=4060"}],"wp:term":[{"taxonomy":"product_cat","embeddable":true,"href":"https:\/\/clubedeviagensmoms.com.br\/homolog\/wp-json\/wp\/v2\/product_cat?post=4060"},{"taxonomy":"product_tag","embeddable":true,"href":"https:\/\/clubedeviagensmoms.com.br\/homolog\/wp-json\/wp\/v2\/product_tag?post=4060"}],"curies":[{"name":"wp","href":"https:\/\/api.w.org\/{rel}","templated":true}]}}