{"id":4061,"date":"2021-10-29T19:55:58","date_gmt":"2021-10-29T22:55:58","guid":{"rendered":"http:\/\/clubedeviagensmoms.com.br\/homolog\/taober_wp\/?post_type=product&#038;p=4061"},"modified":"2023-08-30T12:25:10","modified_gmt":"2023-08-30T15:25:10","slug":"chez-pitu-praia-hotel","status":"publish","type":"product","link":"https:\/\/clubedeviagensmoms.com.br\/homolog\/produto\/chez-pitu-praia-hotel\/","title":{"rendered":"Chez Pitu Praia Hotel"},"content":{"rendered":"<h4>O Chez Pitu Praia Hotel, com seus 35 apartamentos e ambientes aconchegantes, proporciona aos seus h\u00f3spedes momentos e recorda\u00e7\u00f5es muito especiais!<\/h4>\n<p>&nbsp;<\/p>\n<p>O dia no Chez Pitu Praia Hotel come\u00e7a com um farto caf\u00e9 da manh\u00e3 no sal\u00e3o ou no deck, servido das 08h \u00e0s 11h. Tome seu caf\u00e9 da manh\u00e3 enquanto aprecia a paisagem em sua su\u00edte com varanda e vista para a praia. Beba um drink na piscina com borda infinita e fa\u00e7a lanches r\u00e1pidos enquanto curti o nascer do sol ou tamb\u00e9m o p\u00f4r do sol. Saia, des\u00e7a uma pequena escada e tenha acesso \u00e0 praia com nossa estrutura de mesa, cadeira e guarda-sol para os nossos h\u00f3spedes. Aproveite e caminhe na areia admirando o mar e sinta principalmente a car\u00edcia da areia da Praia de Gerib\u00e1.<\/p>\n<p>Os h\u00f3spedes podem se refrescar na piscina, ou ainda curtir uma sauna com vista para o mar. Quando bater aquela fome no meio da tarde, desfrute do nosso delicioso ch\u00e1 da tarde, servido das 18h \u00e0s 19h.<\/p>\n<p>Todos os nossos quartos s\u00e3o para n\u00e3o fumantes, mas dispomos de \u00e1reas bem abertas no hotel para os fumantes e possu\u00edmos estacionamento rotativo pr\u00f3prio com manobrista e gratuito para nossos h\u00f3spedes. Nossa recep\u00e7\u00e3o funciona 24h por dia e fique tranquilo, pois oferecemos Wi-Fi gratuito para os h\u00f3spedes.<\/p>\n<p>Conte tamb\u00e9m com os nossos servi\u00e7os adicionais, como: Aluguel de Buggy, Passeios de Escuna, Trolley, Aulas de Windsurf, Servi\u00e7o de Massagem e mais. Consulte nossos funcion\u00e1rios para saber mais sobre esses passeios e servi\u00e7os.<\/p>\n<p>Para chegar ao Chez Pitu Praia Hotel, encontramos algumas op\u00e7\u00f5es, como o\u00a0Aeroporto Umberto Modiano que recebe aeronaves de pequeno porte, como jatos executivos, t\u00e1xis a\u00e9reos e helic\u00f3pteros, a 8km do hotel ou o<span>\u00a0<\/span><a href=\"https:\/\/www.cabofrioairport.com.br\/pt\/\" target=\"_blank\" rel=\"noopener noreferrer\">Aeroporto Internacional de Cabo Frio<\/a>, a 32km do hotel.<\/p>\n<p>Confira<span>\u00a0<\/span><a href=\"http:\/\/clubedeviagensmoms.com.br\/homolog\/vamos-viajar\/hoteis\/?swoof=1&amp;pa_destino=buzios&amp;really_curr_tax=35-product_cat\" target=\"_blank\" rel=\"noopener noreferrer\">AQUI<\/a><span>\u00a0<\/span>outros hot\u00e9is em B\u00fazios que possam ser o que voc\u00ea procura.<\/p>\n","protected":false},"excerpt":{"rendered":"<p>O Chez Pitu Praia Hotel, com seus apartamentos e ambientes aconchegantes, proporciona momentos e recorda\u00e7\u00f5es muito especiais de frente a Praia de Gerib\u00e1!<\/p>\n","protected":false},"featured_media":2572,"comment_status":"closed","ping_status":"closed","template":"","meta":[],"product_cat":[21],"product_tag":[142,307,27,28,29,30,31,32,33,199,203,45,37,38,39,40],"class_list":["post-4061","product","type-product","status-publish","has-post-thumbnail","hentry","product_cat-hoteis","product_tag-buzios","product_tag-chez-pitu-praia-hotel","product_tag-clube-de-viagens-moms","product_tag-clube-moms","product_tag-criancas","product_tag-diversao","product_tag-diversao-em-familia","product_tag-ferias","product_tag-ferias-em-familia","product_tag-hotel","product_tag-pe-na-areia","product_tag-praia","product_tag-rio-de-janeiro","product_tag-viagem","product_tag-viagem-com-criancas","product_tag-viagem-em-familia","pa_destino-brasil","pa_destino-buzios","pa_destino-rio-de-janeiro","pa_estrutura-lazer-bar","pa_estrutura-lazer-esportes-radicais","pa_estrutura-lazer-estacionamento","pa_estrutura-lazer-piscina","pa_estrutura-lazer-praia","pa_estrutura-lazer-sauna","pa_regime-de-alimentacao-cafe-da-manha","pa_servicos-opcionais-esportes-radicais","pa_servicos-opcionais-massagem","pa_servicos-opcionais-servico-de-massagem","pa_servicos-opcionais-windsurf","pa_tipos-de-destinos-pe-na-areia","pa_tipos-de-destinos-praia"],"acf":[],"yoast_head":"<!-- This site is optimized with the Yoast SEO Premium plugin v16.0.2 (Yoast SEO v21.2) - https:\/\/yoast.com\/wordpress\/plugins\/seo\/ -->\n<title>Chez Pitu Praia Hotel - Clube Moms<\/title>\n<meta name=\"description\" content=\"O Chez Pitu Praia Hotel, com seus apartamentos e ambientes aconchegantes, proporciona momentos e recorda\u00e7\u00f5es muito especiais de frente a Praia de Gerib\u00e1!\" \/>\n<meta name=\"robots\" content=\"index, follow, max-snippet:-1, max-image-preview:large, max-video-preview:-1\" \/>\n<link rel=\"canonical\" href=\"https:\/\/clubedeviagensmoms.com.br\/homolog\/produto\/chez-pitu-praia-hotel\/\" \/>\n<meta property=\"og:locale\" content=\"pt_BR\" \/>\n<meta property=\"og:type\" content=\"article\" \/>\n<meta property=\"og:title\" content=\"Chez Pitu Praia Hotel - Clube Moms\" \/>\n<meta property=\"og:description\" content=\"O Chez Pitu Praia Hotel, com seus apartamentos e ambientes aconchegantes, proporciona momentos e recorda\u00e7\u00f5es muito especiais de frente a Praia de Gerib\u00e1!\" \/>\n<meta property=\"og:url\" content=\"https:\/\/clubedeviagensmoms.com.br\/homolog\/produto\/chez-pitu-praia-hotel\/\" \/>\n<meta property=\"og:site_name\" content=\"Clube Moms\" \/>\n<meta property=\"article:modified_time\" content=\"2023-08-30T15:25:10+00:00\" \/>\n<meta property=\"og:image\" content=\"http:\/\/clubedeviagensmoms.com.br\/homolog\/wp-content\/uploads\/2021\/10\/chez-pitu-praia-hotel-piscina-a-noite.jpg\" \/>\n\t<meta property=\"og:image:width\" content=\"1200\" \/>\n\t<meta property=\"og:image:height\" content=\"628\" \/>\n\t<meta property=\"og:image:type\" content=\"image\/jpeg\" \/>\n<meta name=\"twitter:card\" content=\"summary_large_image\" \/>\n<meta name=\"twitter:label1\" content=\"Est. tempo de leitura\" \/>\n\t<meta name=\"twitter:data1\" content=\"2 minutos\" \/>\n<script type=\"application\/ld+json\" class=\"yoast-schema-graph\">{\"@context\":\"https:\/\/schema.org\",\"@graph\":[{\"@type\":\"WebPage\",\"@id\":\"https:\/\/clubedeviagensmoms.com.br\/homolog\/produto\/chez-pitu-praia-hotel\/\",\"url\":\"https:\/\/clubedeviagensmoms.com.br\/homolog\/produto\/chez-pitu-praia-hotel\/\",\"name\":\"Chez Pitu Praia Hotel - Clube Moms\",\"isPartOf\":{\"@id\":\"https:\/\/clubedeviagensmoms.com.br\/homolog\/#website\"},\"datePublished\":\"2021-10-29T22:55:58+00:00\",\"dateModified\":\"2023-08-30T15:25:10+00:00\",\"description\":\"O Chez Pitu Praia Hotel, com seus apartamentos e ambientes aconchegantes, proporciona momentos e recorda\u00e7\u00f5es muito especiais de frente a Praia de Gerib\u00e1!\",\"breadcrumb\":{\"@id\":\"https:\/\/clubedeviagensmoms.com.br\/homolog\/produto\/chez-pitu-praia-hotel\/#breadcrumb\"},\"inLanguage\":\"pt-BR\",\"potentialAction\":[{\"@type\":\"ReadAction\",\"target\":[\"https:\/\/clubedeviagensmoms.com.br\/homolog\/produto\/chez-pitu-praia-hotel\/\"]}]},{\"@type\":\"BreadcrumbList\",\"@id\":\"https:\/\/clubedeviagensmoms.com.br\/homolog\/produto\/chez-pitu-praia-hotel\/#breadcrumb\",\"itemListElement\":[{\"@type\":\"ListItem\",\"position\":1,\"name\":\"Home\",\"item\":\"https:\/\/clubedeviagensmoms.com.br\/homolog\/\"},{\"@type\":\"ListItem\",\"position\":2,\"name\":\"Vamos Viajar\",\"item\":\"https:\/\/clubedeviagensmoms.com.br\/homolog\/shop\/\"},{\"@type\":\"ListItem\",\"position\":3,\"name\":\"Chez Pitu Praia Hotel\"}]},{\"@type\":\"WebSite\",\"@id\":\"https:\/\/clubedeviagensmoms.com.br\/homolog\/#website\",\"url\":\"https:\/\/clubedeviagensmoms.com.br\/homolog\/\",\"name\":\"Clube Moms\",\"description\":\"O Clube Moms \u00e9 uma ag\u00eancia de turismo com foco em fam\u00edlias com crian\u00e7as, que uno os conceitos de Consultoria Especializada e Clube de Vantagens.\",\"potentialAction\":[{\"@type\":\"SearchAction\",\"target\":{\"@type\":\"EntryPoint\",\"urlTemplate\":\"https:\/\/clubedeviagensmoms.com.br\/homolog\/?s={search_term_string}\"},\"query-input\":\"required name=search_term_string\"}],\"inLanguage\":\"pt-BR\"}]}<\/script>\n<!-- \/ Yoast SEO Premium plugin. -->","yoast_head_json":{"title":"Chez Pitu Praia Hotel - Clube Moms","description":"O Chez Pitu Praia Hotel, com seus apartamentos e ambientes aconchegantes, proporciona momentos e recorda\u00e7\u00f5es muito especiais de frente a Praia de Gerib\u00e1!","robots":{"index":"index","follow":"follow","max-snippet":"max-snippet:-1","max-image-preview":"max-image-preview:large","max-video-preview":"max-video-preview:-1"},"canonical":"https:\/\/clubedeviagensmoms.com.br\/homolog\/produto\/chez-pitu-praia-hotel\/","og_locale":"pt_BR","og_type":"article","og_title":"Chez Pitu Praia Hotel - Clube Moms","og_description":"O Chez Pitu Praia Hotel, com seus apartamentos e ambientes aconchegantes, proporciona momentos e recorda\u00e7\u00f5es muito especiais de frente a Praia de Gerib\u00e1!","og_url":"https:\/\/clubedeviagensmoms.com.br\/homolog\/produto\/chez-pitu-praia-hotel\/","og_site_name":"Clube Moms","article_modified_time":"2023-08-30T15:25:10+00:00","og_image":[{"width":1200,"height":628,"url":"http:\/\/clubedeviagensmoms.com.br\/homolog\/wp-content\/uploads\/2021\/10\/chez-pitu-praia-hotel-piscina-a-noite.jpg","type":"image\/jpeg"}],"twitter_card":"summary_large_image","twitter_misc":{"Est. tempo de leitura":"2 minutos"},"schema":{"@context":"https:\/\/schema.org","@graph":[{"@type":"WebPage","@id":"https:\/\/clubedeviagensmoms.com.br\/homolog\/produto\/chez-pitu-praia-hotel\/","url":"https:\/\/clubedeviagensmoms.com.br\/homolog\/produto\/chez-pitu-praia-hotel\/","name":"Chez Pitu Praia Hotel - Clube Moms","isPartOf":{"@id":"https:\/\/clubedeviagensmoms.com.br\/homolog\/#website"},"datePublished":"2021-10-29T22:55:58+00:00","dateModified":"2023-08-30T15:25:10+00:00","description":"O Chez Pitu Praia Hotel, com seus apartamentos e ambientes aconchegantes, proporciona momentos e recorda\u00e7\u00f5es muito especiais de frente a Praia de Gerib\u00e1!","breadcrumb":{"@id":"https:\/\/clubedeviagensmoms.com.br\/homolog\/produto\/chez-pitu-praia-hotel\/#breadcrumb"},"inLanguage":"pt-BR","potentialAction":[{"@type":"ReadAction","target":["https:\/\/clubedeviagensmoms.com.br\/homolog\/produto\/chez-pitu-praia-hotel\/"]}]},{"@type":"BreadcrumbList","@id":"https:\/\/clubedeviagensmoms.com.br\/homolog\/produto\/chez-pitu-praia-hotel\/#breadcrumb","itemListElement":[{"@type":"ListItem","position":1,"name":"Home","item":"https:\/\/clubedeviagensmoms.com.br\/homolog\/"},{"@type":"ListItem","position":2,"name":"Vamos Viajar","item":"https:\/\/clubedeviagensmoms.com.br\/homolog\/shop\/"},{"@type":"ListItem","position":3,"name":"Chez Pitu Praia Hotel"}]},{"@type":"WebSite","@id":"https:\/\/clubedeviagensmoms.com.br\/homolog\/#website","url":"https:\/\/clubedeviagensmoms.com.br\/homolog\/","name":"Clube Moms","description":"O Clube Moms \u00e9 uma ag\u00eancia de turismo com foco em fam\u00edlias com crian\u00e7as, que uno os conceitos de Consultoria Especializada e Clube de Vantagens.","potentialAction":[{"@type":"SearchAction","target":{"@type":"EntryPoint","urlTemplate":"https:\/\/clubedeviagensmoms.com.br\/homolog\/?s={search_term_string}"},"query-input":"required name=search_term_string"}],"inLanguage":"pt-BR"}]}},"_links":{"self":[{"href":"https:\/\/clubedeviagensmoms.com.br\/homolog\/wp-json\/wp\/v2\/product\/4061","targetHints":{"allow":["GET"]}}],"collection":[{"href":"https:\/\/clubedeviagensmoms.com.br\/homolog\/wp-json\/wp\/v2\/product"}],"about":[{"href":"https:\/\/clubedeviagensmoms.com.br\/homolog\/wp-json\/wp\/v2\/types\/product"}],"replies":[{"embeddable":true,"href":"https:\/\/clubedeviagensmoms.com.br\/homolog\/wp-json\/wp\/v2\/comments?post=4061"}],"wp:featuredmedia":[{"embeddable":true,"href":"https:\/\/clubedeviagensmoms.com.br\/homolog\/wp-json\/wp\/v2\/media\/2572"}],"wp:attachment":[{"href":"https:\/\/clubedeviagensmoms.com.br\/homolog\/wp-json\/wp\/v2\/media?parent=4061"}],"wp:term":[{"taxonomy":"product_cat","embeddable":true,"href":"https:\/\/clubedeviagensmoms.com.br\/homolog\/wp-json\/wp\/v2\/product_cat?post=4061"},{"taxonomy":"product_tag","embeddable":true,"href":"https:\/\/clubedeviagensmoms.com.br\/homolog\/wp-json\/wp\/v2\/product_tag?post=4061"}],"curies":[{"name":"wp","href":"https:\/\/api.w.org\/{rel}","templated":true}]}}