{"id":4062,"date":"2021-10-29T19:55:58","date_gmt":"2021-10-29T22:55:58","guid":{"rendered":"http:\/\/clubedeviagensmoms.com.br\/homolog\/taober_wp\/?post_type=product&#038;p=4062"},"modified":"2023-08-30T12:25:10","modified_gmt":"2023-08-30T15:25:10","slug":"casa-grande-hotel-resort-e-spa","status":"publish","type":"product","link":"https:\/\/clubedeviagensmoms.com.br\/homolog\/produto\/casa-grande-hotel-resort-e-spa\/","title":{"rendered":"Casa Grande Hotel Resort E Spa"},"content":{"rendered":"<h4>Existe um lugar onde pessoas singulares se sentem em casa. Onde sonhos se transformam em realidade e a realidade em algo extraordin\u00e1rio que faz com que cada momento seja unicamente especial.<\/h4>\n<p>&nbsp;<\/p>\n<p>Um lugar n\u00e3o s\u00f3 feito para pessoas, como tamb\u00e9m por pessoas. Por suas ess\u00eancias que fazem desse lugar a sua segunda casa.<\/p>\n<p>Ent\u00e3o seja bem-vindo ao Casa Grande Hotel Resort E Spa!<\/p>\n<p>O Casa Grande Hotel Resort E Spa \u00e9 um resort 5 estrelas \u00e0 beira-mar, constru\u00eddo em aut\u00eantico estilo colonial brasileiro, numa \u00e1rea de 45 mil m\u00b2. Concebido em 1972, est\u00e1 localizado na praia da Enseada, um dos endere\u00e7os mais chiques e elegantes da costa brasileira. S\u00e3o 5,5 km de areias brancas e \u00e1guas cristalinas que certamente embelezam ainda mais sua privilegiada localiza\u00e7\u00e3o.<\/p>\n<p>O Casa Grande Hotel Resort E Spa \u00e9 considerado um verdadeiro patrim\u00f4nio de S\u00e3o Paulo, um dos hot\u00e9is mais charmosos de todo o litoral brasileiro. Em cada um de seus ambientes, os h\u00f3spedes vivem momentos inesquec\u00edveis de lazer e descanso e ainda assim realizam tamb\u00e9m os melhores eventos e congressos.<\/p>\n<p>Com uma arquitetura \u00fanica, em um estilo aut\u00eantico colonial brasileiro, o resort se destaca ainda mais em sua decora\u00e7\u00e3o, no toque sofisticado e contempor\u00e2neo de suas acomoda\u00e7\u00f5es. A simplicidade vem de forma espont\u00e2nea \u2013 no carisma do atendimento, no sorriso de bom dia, no perfil prestativo de cada colaborador.<\/p>\n<p>O Casa Grande Hotel possui desde 2013 o selo internacional LVX da Preferred, mantendo assim a qualidade e as melhores experi\u00eancias para seus h\u00f3spedes.<\/p>\n<p>Em continuidade ao apoio \u00e0s a\u00e7\u00f5es de sustentabilidade e responsabilidade social, o Casa Grande Hotel Resort &amp; Spa (Guaruj\u00e1 \u2013 SP) no ano de 2007, foi a primeira empresa brasileira a fazer parte da<span>\u00a0<\/span><a href=\"http:\/\/greenhotels.com\/index.php\" target=\"_blank\" rel=\"noopener noreferrer\">Green Hotels Association<\/a>. A entidade internacional tem como objetivo reunir empresas que tenham como comprometimento a preserva\u00e7\u00e3o do meio ambiente. A parceria com a Green Hotels Association refor\u00e7a a consci\u00eancia ambiental do Casa Grande Hotel.<\/p>\n<p>Confira<span>\u00a0<\/span><a href=\"http:\/\/clubedeviagensmoms.com.br\/homolog\/vamos-viajar\/hoteis\/?swoof=1&amp;pa_destino=sao-paulo&amp;really_curr_tax=35-product_cat\" target=\"_blank\" rel=\"noopener noreferrer\">AQUI<\/a><span>\u00a0<\/span>outros hot\u00e9is em S\u00e3o Paulo que possam ser o que voc\u00ea procura.<\/p>\n","protected":false},"excerpt":{"rendered":"<p>O Casa Grande Hotel Resort E Spa \u00e9 um resort 5 estrelas \u00e0 beira-mar, constru\u00eddo em aut\u00eantico estilo colonial brasileiro, numa \u00e1rea de 45 mil m\u00b2.<\/p>\n","protected":false},"featured_media":2585,"comment_status":"closed","ping_status":"closed","template":"","meta":[],"product_cat":[21],"product_tag":[308,27,28,29,30,31,32,33,309,199,58,38,39,40],"class_list":["post-4062","product","type-product","status-publish","has-post-thumbnail","hentry","product_cat-hoteis","product_tag-casa-grande-hotel-resort-e-spa","product_tag-clube-de-viagens-moms","product_tag-clube-moms","product_tag-criancas","product_tag-diversao","product_tag-diversao-em-familia","product_tag-ferias","product_tag-ferias-em-familia","product_tag-guaruja","product_tag-hotel","product_tag-sao-paulo","product_tag-viagem","product_tag-viagem-com-criancas","product_tag-viagem-em-familia","pa_destino-brasil","pa_destino-guaruja","pa_destino-sao-paulo","pa_estrutura-lazer-academia","pa_estrutura-lazer-bar","pa_estrutura-lazer-centro-de-convencoes","pa_estrutura-lazer-cinema","pa_estrutura-lazer-estacionamento","pa_estrutura-lazer-piscina","pa_estrutura-lazer-piscina-aquecida","pa_estrutura-lazer-praia","pa_estrutura-lazer-quadra-poliesportiva","pa_estrutura-lazer-recreacao","pa_estrutura-lazer-sala-de-estar","pa_estrutura-lazer-sala-de-reuniao","pa_estrutura-lazer-sala-de-tv","pa_estrutura-lazer-salao-de-jogos","pa_estrutura-lazer-spa","pa_regime-de-alimentacao-cafe-da-manha","pa_servicos-opcionais-loja-de-presentes","pa_servicos-opcionais-massagem","pa_servicos-opcionais-servico-de-babas","pa_servicos-opcionais-servico-de-massagem","pa_servicos-opcionais-spa","pa_tipos-de-destinos-resorts"],"acf":[],"yoast_head":"<!-- This site is optimized with the Yoast SEO Premium plugin v16.0.2 (Yoast SEO v21.2) - https:\/\/yoast.com\/wordpress\/plugins\/seo\/ -->\n<title>Casa Grande Hotel Resort E Spa - Clube Moms<\/title>\n<meta name=\"description\" content=\"O Casa Grande Hotel Resort E Spa \u00e9 um resort 5 estrelas \u00e0 beira-mar, constru\u00eddo em aut\u00eantico estilo colonial brasileiro, numa \u00e1rea de 45 mil m\u00b2.\" \/>\n<meta name=\"robots\" content=\"index, follow, max-snippet:-1, max-image-preview:large, max-video-preview:-1\" \/>\n<link rel=\"canonical\" href=\"https:\/\/clubedeviagensmoms.com.br\/homolog\/produto\/casa-grande-hotel-resort-e-spa\/\" \/>\n<meta property=\"og:locale\" content=\"pt_BR\" \/>\n<meta property=\"og:type\" content=\"article\" \/>\n<meta property=\"og:title\" content=\"Casa Grande Hotel Resort E Spa - Clube Moms\" \/>\n<meta property=\"og:description\" content=\"O Casa Grande Hotel Resort E Spa \u00e9 um resort 5 estrelas \u00e0 beira-mar, constru\u00eddo em aut\u00eantico estilo colonial brasileiro, numa \u00e1rea de 45 mil m\u00b2.\" \/>\n<meta property=\"og:url\" content=\"https:\/\/clubedeviagensmoms.com.br\/homolog\/produto\/casa-grande-hotel-resort-e-spa\/\" \/>\n<meta property=\"og:site_name\" content=\"Clube Moms\" \/>\n<meta property=\"article:modified_time\" content=\"2023-08-30T15:25:10+00:00\" \/>\n<meta property=\"og:image\" content=\"http:\/\/clubedeviagensmoms.com.br\/homolog\/wp-content\/uploads\/2021\/10\/vista-de-cima-do-hotel-1024x536-1.jpg\" \/>\n\t<meta property=\"og:image:width\" content=\"1024\" \/>\n\t<meta property=\"og:image:height\" content=\"536\" \/>\n\t<meta property=\"og:image:type\" content=\"image\/jpeg\" \/>\n<meta name=\"twitter:card\" content=\"summary_large_image\" \/>\n<meta name=\"twitter:label1\" content=\"Est. tempo de leitura\" \/>\n\t<meta name=\"twitter:data1\" content=\"2 minutos\" \/>\n<script type=\"application\/ld+json\" class=\"yoast-schema-graph\">{\"@context\":\"https:\/\/schema.org\",\"@graph\":[{\"@type\":\"WebPage\",\"@id\":\"https:\/\/clubedeviagensmoms.com.br\/homolog\/produto\/casa-grande-hotel-resort-e-spa\/\",\"url\":\"https:\/\/clubedeviagensmoms.com.br\/homolog\/produto\/casa-grande-hotel-resort-e-spa\/\",\"name\":\"Casa Grande Hotel Resort E Spa - Clube Moms\",\"isPartOf\":{\"@id\":\"https:\/\/clubedeviagensmoms.com.br\/homolog\/#website\"},\"datePublished\":\"2021-10-29T22:55:58+00:00\",\"dateModified\":\"2023-08-30T15:25:10+00:00\",\"description\":\"O Casa Grande Hotel Resort E Spa \u00e9 um resort 5 estrelas \u00e0 beira-mar, constru\u00eddo em aut\u00eantico estilo colonial brasileiro, numa \u00e1rea de 45 mil m\u00b2.\",\"breadcrumb\":{\"@id\":\"https:\/\/clubedeviagensmoms.com.br\/homolog\/produto\/casa-grande-hotel-resort-e-spa\/#breadcrumb\"},\"inLanguage\":\"pt-BR\",\"potentialAction\":[{\"@type\":\"ReadAction\",\"target\":[\"https:\/\/clubedeviagensmoms.com.br\/homolog\/produto\/casa-grande-hotel-resort-e-spa\/\"]}]},{\"@type\":\"BreadcrumbList\",\"@id\":\"https:\/\/clubedeviagensmoms.com.br\/homolog\/produto\/casa-grande-hotel-resort-e-spa\/#breadcrumb\",\"itemListElement\":[{\"@type\":\"ListItem\",\"position\":1,\"name\":\"Home\",\"item\":\"https:\/\/clubedeviagensmoms.com.br\/homolog\/\"},{\"@type\":\"ListItem\",\"position\":2,\"name\":\"Vamos Viajar\",\"item\":\"https:\/\/clubedeviagensmoms.com.br\/homolog\/shop\/\"},{\"@type\":\"ListItem\",\"position\":3,\"name\":\"Casa Grande Hotel Resort E Spa\"}]},{\"@type\":\"WebSite\",\"@id\":\"https:\/\/clubedeviagensmoms.com.br\/homolog\/#website\",\"url\":\"https:\/\/clubedeviagensmoms.com.br\/homolog\/\",\"name\":\"Clube Moms\",\"description\":\"O Clube Moms \u00e9 uma ag\u00eancia de turismo com foco em fam\u00edlias com crian\u00e7as, que uno os conceitos de Consultoria Especializada e Clube de Vantagens.\",\"potentialAction\":[{\"@type\":\"SearchAction\",\"target\":{\"@type\":\"EntryPoint\",\"urlTemplate\":\"https:\/\/clubedeviagensmoms.com.br\/homolog\/?s={search_term_string}\"},\"query-input\":\"required name=search_term_string\"}],\"inLanguage\":\"pt-BR\"}]}<\/script>\n<!-- \/ Yoast SEO Premium plugin. -->","yoast_head_json":{"title":"Casa Grande Hotel Resort E Spa - Clube Moms","description":"O Casa Grande Hotel Resort E Spa \u00e9 um resort 5 estrelas \u00e0 beira-mar, constru\u00eddo em aut\u00eantico estilo colonial brasileiro, numa \u00e1rea de 45 mil m\u00b2.","robots":{"index":"index","follow":"follow","max-snippet":"max-snippet:-1","max-image-preview":"max-image-preview:large","max-video-preview":"max-video-preview:-1"},"canonical":"https:\/\/clubedeviagensmoms.com.br\/homolog\/produto\/casa-grande-hotel-resort-e-spa\/","og_locale":"pt_BR","og_type":"article","og_title":"Casa Grande Hotel Resort E Spa - Clube Moms","og_description":"O Casa Grande Hotel Resort E Spa \u00e9 um resort 5 estrelas \u00e0 beira-mar, constru\u00eddo em aut\u00eantico estilo colonial brasileiro, numa \u00e1rea de 45 mil m\u00b2.","og_url":"https:\/\/clubedeviagensmoms.com.br\/homolog\/produto\/casa-grande-hotel-resort-e-spa\/","og_site_name":"Clube Moms","article_modified_time":"2023-08-30T15:25:10+00:00","og_image":[{"width":1024,"height":536,"url":"http:\/\/clubedeviagensmoms.com.br\/homolog\/wp-content\/uploads\/2021\/10\/vista-de-cima-do-hotel-1024x536-1.jpg","type":"image\/jpeg"}],"twitter_card":"summary_large_image","twitter_misc":{"Est. tempo de leitura":"2 minutos"},"schema":{"@context":"https:\/\/schema.org","@graph":[{"@type":"WebPage","@id":"https:\/\/clubedeviagensmoms.com.br\/homolog\/produto\/casa-grande-hotel-resort-e-spa\/","url":"https:\/\/clubedeviagensmoms.com.br\/homolog\/produto\/casa-grande-hotel-resort-e-spa\/","name":"Casa Grande Hotel Resort E Spa - Clube Moms","isPartOf":{"@id":"https:\/\/clubedeviagensmoms.com.br\/homolog\/#website"},"datePublished":"2021-10-29T22:55:58+00:00","dateModified":"2023-08-30T15:25:10+00:00","description":"O Casa Grande Hotel Resort E Spa \u00e9 um resort 5 estrelas \u00e0 beira-mar, constru\u00eddo em aut\u00eantico estilo colonial brasileiro, numa \u00e1rea de 45 mil m\u00b2.","breadcrumb":{"@id":"https:\/\/clubedeviagensmoms.com.br\/homolog\/produto\/casa-grande-hotel-resort-e-spa\/#breadcrumb"},"inLanguage":"pt-BR","potentialAction":[{"@type":"ReadAction","target":["https:\/\/clubedeviagensmoms.com.br\/homolog\/produto\/casa-grande-hotel-resort-e-spa\/"]}]},{"@type":"BreadcrumbList","@id":"https:\/\/clubedeviagensmoms.com.br\/homolog\/produto\/casa-grande-hotel-resort-e-spa\/#breadcrumb","itemListElement":[{"@type":"ListItem","position":1,"name":"Home","item":"https:\/\/clubedeviagensmoms.com.br\/homolog\/"},{"@type":"ListItem","position":2,"name":"Vamos Viajar","item":"https:\/\/clubedeviagensmoms.com.br\/homolog\/shop\/"},{"@type":"ListItem","position":3,"name":"Casa Grande Hotel Resort E Spa"}]},{"@type":"WebSite","@id":"https:\/\/clubedeviagensmoms.com.br\/homolog\/#website","url":"https:\/\/clubedeviagensmoms.com.br\/homolog\/","name":"Clube Moms","description":"O Clube Moms \u00e9 uma ag\u00eancia de turismo com foco em fam\u00edlias com crian\u00e7as, que uno os conceitos de Consultoria Especializada e Clube de Vantagens.","potentialAction":[{"@type":"SearchAction","target":{"@type":"EntryPoint","urlTemplate":"https:\/\/clubedeviagensmoms.com.br\/homolog\/?s={search_term_string}"},"query-input":"required name=search_term_string"}],"inLanguage":"pt-BR"}]}},"_links":{"self":[{"href":"https:\/\/clubedeviagensmoms.com.br\/homolog\/wp-json\/wp\/v2\/product\/4062","targetHints":{"allow":["GET"]}}],"collection":[{"href":"https:\/\/clubedeviagensmoms.com.br\/homolog\/wp-json\/wp\/v2\/product"}],"about":[{"href":"https:\/\/clubedeviagensmoms.com.br\/homolog\/wp-json\/wp\/v2\/types\/product"}],"replies":[{"embeddable":true,"href":"https:\/\/clubedeviagensmoms.com.br\/homolog\/wp-json\/wp\/v2\/comments?post=4062"}],"wp:featuredmedia":[{"embeddable":true,"href":"https:\/\/clubedeviagensmoms.com.br\/homolog\/wp-json\/wp\/v2\/media\/2585"}],"wp:attachment":[{"href":"https:\/\/clubedeviagensmoms.com.br\/homolog\/wp-json\/wp\/v2\/media?parent=4062"}],"wp:term":[{"taxonomy":"product_cat","embeddable":true,"href":"https:\/\/clubedeviagensmoms.com.br\/homolog\/wp-json\/wp\/v2\/product_cat?post=4062"},{"taxonomy":"product_tag","embeddable":true,"href":"https:\/\/clubedeviagensmoms.com.br\/homolog\/wp-json\/wp\/v2\/product_tag?post=4062"}],"curies":[{"name":"wp","href":"https:\/\/api.w.org\/{rel}","templated":true}]}}