{"id":4063,"date":"2021-10-29T19:55:58","date_gmt":"2021-10-29T22:55:58","guid":{"rendered":"http:\/\/clubedeviagensmoms.com.br\/homolog\/taober_wp\/?post_type=product&#038;p=4063"},"modified":"2023-08-30T12:25:09","modified_gmt":"2023-08-30T15:25:09","slug":"buzios-beach-resort","status":"publish","type":"product","link":"https:\/\/clubedeviagensmoms.com.br\/homolog\/produto\/buzios-beach-resort\/","title":{"rendered":"B\u00fazios Beach Resort"},"content":{"rendered":"<p>O B\u00fazios Beach Resort est\u00e1 localizado na cidade de Arma\u00e7\u00e3o dos B\u00fazios, na praia de Tucuns, a 165 km da capital Rio de Janeiro e 24 km de Cabo Frio.<\/p>\n<p>O nome da praia onde fica o B\u00fazios Beach Resort \u00e9 inspirado em um tipo de palmeira t\u00edpica da regi\u00e3o, chamada tucum. O acesso \u00e9 feito pela estrada B\u00fazios\/Cabo Frio. A 15 minutos do centro da cidade e dos principais pontos tur\u00edsticos da cidade como a Rua das Pedras e a Orla Bardot. Somos o maior Resort da Regi\u00e3o dos Lagos, com infraestrutura completa de lazer e entretenimento, ao mesmo tempo, contando com um dos maiores Centros de Conven\u00e7\u00f5es da regi\u00e3o. Dispomos de profissionais treinados e capacitados para oferecer atendimento de qualidade. Tudo isso com um \u00fanico objetivo: Deixar a sua estadia no B\u00fazios Beach ainda mais agrad\u00e1vel!<\/p>\n<p>S\u00e3o 335 apartamentos no B\u00fazios Beach Resort com a finalidade de oferecer o conforto que voc\u00ea merece. Distribu\u00eddos por vilas, contando com 6 categorias. Dispomos ainda de quatro apartamentos adaptados para cadeirantes. Todos os apartamentos possuem banheiro privativo, telefone, t\u00e1bua de passar roupa e varanda.<\/p>\n<p>Contamos com 2 aeroportos mais pr\u00f3ximos para chegar ao B\u00fazios Beach Resort. O Aeroporto Umberto Modiano que recebe aeronaves de pequeno porte, como jatos executivos, t\u00e1xis a\u00e9reos e helic\u00f3pteros, a 7,5km do hotel ou o Aeroporto Internacional de Cabo Frio, a 30km do hotel.<\/p>\n<p>Venha conhecer e desfrutar do B\u00fazios Beach! Voc\u00ea n\u00e3o vai se arrepender!<\/p>\n<p>Se voc\u00ea ainda n\u00e3o conhece nossas redes sociais, vem dar uma conferida no nosso<span>\u00a0<\/span><a href=\"https:\/\/www.instagram.com\/clubedeviagensmoms\/\">Instagram<\/a><span>\u00a0<\/span>e tamb\u00e9m na nossa<span>\u00a0<\/span><a href=\"https:\/\/www.facebook.com\/ClubeDeViagensMoms\/?hc_ref=ARREVFAUN6kemqQPikWPR6yOVqfolWuZ4Gm2u6EX4fJ2-jyHER8eDB5si8DvGkabbOE&amp;fref=nf&amp;__xts__[0]=68.ARAXJqd_Jm68dG9qh_a7A_hAS8hHGdRg1Cq8Je9my1EPnGBRo26TI37xs6IY6NhynKSzyIDhPcBRqvr6Nzuwi7g2W4UPO84T0-vU7mWKXia_C51FzzqVsE3HthHbuQetTo9gapY&amp;__tn__=kC-R\">p\u00e1gina do Facebook<\/a>! Ainda, temos um<span>\u00a0<\/span><a href=\"https:\/\/www.facebook.com\/groups\/clubedeviagensmoms\/\">grupo do Facebook<\/a>, ent\u00e3o, venha fazer parte!<\/p>\n<p>E se voc\u00ea quiser conferir nossos outros hot\u00e9is parceiros, clique<span>\u00a0<\/span><a href=\"http:\/\/clubedeviagensmoms.com.br\/homolog\/vamos-viajar\/hoteis\/\" target=\"_blank\" rel=\"noopener noreferrer\">aqui<\/a>!<\/p>\n","protected":false},"excerpt":{"rendered":"<p>Hotel B\u00fazios Beach Resort, o maior Resort da Regi\u00e3o dos Lagos, com infraestrutura completa de lazer e entretenimento, localizado em Arma\u00e7\u00e3o dos B\u00fazios.<\/p>\n","protected":false},"featured_media":2038,"comment_status":"closed","ping_status":"closed","template":"","meta":[],"product_cat":[21],"product_tag":[160,142,42,27,28,29,30,31,32,33,199,37,38,39,40],"class_list":["post-4063","product","type-product","status-publish","has-post-thumbnail","hentry","product_cat-hoteis","product_tag-armacao-de-buzios","product_tag-buzios","product_tag-buzios-beach-resort","product_tag-clube-de-viagens-moms","product_tag-clube-moms","product_tag-criancas","product_tag-diversao","product_tag-diversao-em-familia","product_tag-ferias","product_tag-ferias-em-familia","product_tag-hotel","product_tag-rio-de-janeiro","product_tag-viagem","product_tag-viagem-com-criancas","product_tag-viagem-em-familia","pa_destino-brasil","pa_destino-buzios","pa_destino-rio-de-janeiro","pa_estrutura-lazer-academia","pa_estrutura-lazer-acessibilidade","pa_estrutura-lazer-arco-e-flecha","pa_estrutura-lazer-bar","pa_estrutura-lazer-brinquedoteca","pa_estrutura-lazer-campo-de-futebol","pa_estrutura-lazer-copa-baby","pa_estrutura-lazer-espaco-kids-esqui-aquatico","pa_estrutura-lazer-estacionamento","pa_estrutura-lazer-mini-golf","pa_estrutura-lazer-piscina","pa_estrutura-lazer-piscina-aquecida","pa_estrutura-lazer-pista-de-skate","pa_estrutura-lazer-praia","pa_estrutura-lazer-quadra-de-tenis","pa_estrutura-lazer-quadra-de-volei","pa_estrutura-lazer-recreacao","pa_estrutura-lazer-restaurante","pa_estrutura-lazer-sala-de-reuniao","pa_estrutura-lazer-sala-de-tv","pa_estrutura-lazer-salao-de-jogos","pa_estrutura-lazer-sauna","pa_estrutura-lazer-spa","pa_estrutura-lazer-trapezio","pa_necessidades-especiais-acessibilidade","pa_regime-de-alimentacao-pensao-completa","pa_servicos-opcionais-boliche","pa_servicos-opcionais-centro-de-convencoes","pa_servicos-opcionais-fliperamas","pa_servicos-opcionais-lavanderia","pa_servicos-opcionais-loja-de-presentes","pa_servicos-opcionais-massagem","pa_servicos-opcionais-pacote-romantico","pa_tipos-de-destinos-praia"],"acf":[],"yoast_head":"<!-- This site is optimized with the Yoast SEO Premium plugin v16.0.2 (Yoast SEO v21.2) - https:\/\/yoast.com\/wordpress\/plugins\/seo\/ -->\n<title>B\u00fazios Beach Resort - Clube Moms<\/title>\n<meta name=\"description\" content=\"O Hotel B\u00fazios Beach Resort, o maior Resort da Regi\u00e3o dos Lagos, com infraestrutura completa de lazer e entretenimento, localizado em Arma\u00e7\u00e3o dos B\u00fazios.\" \/>\n<meta name=\"robots\" content=\"index, follow, max-snippet:-1, max-image-preview:large, max-video-preview:-1\" \/>\n<link rel=\"canonical\" href=\"https:\/\/clubedeviagensmoms.com.br\/homolog\/produto\/buzios-beach-resort\/\" \/>\n<meta property=\"og:locale\" content=\"pt_BR\" \/>\n<meta property=\"og:type\" content=\"article\" \/>\n<meta property=\"og:title\" content=\"B\u00fazios Beach Resort - Clube Moms\" \/>\n<meta property=\"og:description\" content=\"O Hotel B\u00fazios Beach Resort, o maior Resort da Regi\u00e3o dos Lagos, com infraestrutura completa de lazer e entretenimento, localizado em Arma\u00e7\u00e3o dos B\u00fazios.\" \/>\n<meta property=\"og:url\" content=\"https:\/\/clubedeviagensmoms.com.br\/homolog\/produto\/buzios-beach-resort\/\" \/>\n<meta property=\"og:site_name\" content=\"Clube Moms\" \/>\n<meta property=\"article:modified_time\" content=\"2023-08-30T15:25:09+00:00\" \/>\n<meta property=\"og:image\" content=\"http:\/\/clubedeviagensmoms.com.br\/homolog\/wp-content\/uploads\/2021\/10\/buzios-beach-resort-apartamentos-1.jpg\" \/>\n\t<meta property=\"og:image:width\" content=\"1200\" \/>\n\t<meta property=\"og:image:height\" content=\"630\" \/>\n\t<meta property=\"og:image:type\" content=\"image\/jpeg\" \/>\n<meta name=\"twitter:card\" content=\"summary_large_image\" \/>\n<meta name=\"twitter:label1\" content=\"Est. tempo de leitura\" \/>\n\t<meta name=\"twitter:data1\" content=\"2 minutos\" \/>\n<script type=\"application\/ld+json\" class=\"yoast-schema-graph\">{\"@context\":\"https:\/\/schema.org\",\"@graph\":[{\"@type\":\"WebPage\",\"@id\":\"https:\/\/clubedeviagensmoms.com.br\/homolog\/produto\/buzios-beach-resort\/\",\"url\":\"https:\/\/clubedeviagensmoms.com.br\/homolog\/produto\/buzios-beach-resort\/\",\"name\":\"B\u00fazios Beach Resort - Clube Moms\",\"isPartOf\":{\"@id\":\"https:\/\/clubedeviagensmoms.com.br\/homolog\/#website\"},\"datePublished\":\"2021-10-29T22:55:58+00:00\",\"dateModified\":\"2023-08-30T15:25:09+00:00\",\"description\":\"O Hotel B\u00fazios Beach Resort, o maior Resort da Regi\u00e3o dos Lagos, com infraestrutura completa de lazer e entretenimento, localizado em Arma\u00e7\u00e3o dos B\u00fazios.\",\"breadcrumb\":{\"@id\":\"https:\/\/clubedeviagensmoms.com.br\/homolog\/produto\/buzios-beach-resort\/#breadcrumb\"},\"inLanguage\":\"pt-BR\",\"potentialAction\":[{\"@type\":\"ReadAction\",\"target\":[\"https:\/\/clubedeviagensmoms.com.br\/homolog\/produto\/buzios-beach-resort\/\"]}]},{\"@type\":\"BreadcrumbList\",\"@id\":\"https:\/\/clubedeviagensmoms.com.br\/homolog\/produto\/buzios-beach-resort\/#breadcrumb\",\"itemListElement\":[{\"@type\":\"ListItem\",\"position\":1,\"name\":\"Home\",\"item\":\"https:\/\/clubedeviagensmoms.com.br\/homolog\/\"},{\"@type\":\"ListItem\",\"position\":2,\"name\":\"Vamos Viajar\",\"item\":\"https:\/\/clubedeviagensmoms.com.br\/homolog\/shop\/\"},{\"@type\":\"ListItem\",\"position\":3,\"name\":\"B\u00fazios Beach Resort\"}]},{\"@type\":\"WebSite\",\"@id\":\"https:\/\/clubedeviagensmoms.com.br\/homolog\/#website\",\"url\":\"https:\/\/clubedeviagensmoms.com.br\/homolog\/\",\"name\":\"Clube Moms\",\"description\":\"O Clube Moms \u00e9 uma ag\u00eancia de turismo com foco em fam\u00edlias com crian\u00e7as, que uno os conceitos de Consultoria Especializada e Clube de Vantagens.\",\"potentialAction\":[{\"@type\":\"SearchAction\",\"target\":{\"@type\":\"EntryPoint\",\"urlTemplate\":\"https:\/\/clubedeviagensmoms.com.br\/homolog\/?s={search_term_string}\"},\"query-input\":\"required name=search_term_string\"}],\"inLanguage\":\"pt-BR\"}]}<\/script>\n<!-- \/ Yoast SEO Premium plugin. -->","yoast_head_json":{"title":"B\u00fazios Beach Resort - Clube Moms","description":"O Hotel B\u00fazios Beach Resort, o maior Resort da Regi\u00e3o dos Lagos, com infraestrutura completa de lazer e entretenimento, localizado em Arma\u00e7\u00e3o dos B\u00fazios.","robots":{"index":"index","follow":"follow","max-snippet":"max-snippet:-1","max-image-preview":"max-image-preview:large","max-video-preview":"max-video-preview:-1"},"canonical":"https:\/\/clubedeviagensmoms.com.br\/homolog\/produto\/buzios-beach-resort\/","og_locale":"pt_BR","og_type":"article","og_title":"B\u00fazios Beach Resort - Clube Moms","og_description":"O Hotel B\u00fazios Beach Resort, o maior Resort da Regi\u00e3o dos Lagos, com infraestrutura completa de lazer e entretenimento, localizado em Arma\u00e7\u00e3o dos B\u00fazios.","og_url":"https:\/\/clubedeviagensmoms.com.br\/homolog\/produto\/buzios-beach-resort\/","og_site_name":"Clube Moms","article_modified_time":"2023-08-30T15:25:09+00:00","og_image":[{"width":1200,"height":630,"url":"http:\/\/clubedeviagensmoms.com.br\/homolog\/wp-content\/uploads\/2021\/10\/buzios-beach-resort-apartamentos-1.jpg","type":"image\/jpeg"}],"twitter_card":"summary_large_image","twitter_misc":{"Est. tempo de leitura":"2 minutos"},"schema":{"@context":"https:\/\/schema.org","@graph":[{"@type":"WebPage","@id":"https:\/\/clubedeviagensmoms.com.br\/homolog\/produto\/buzios-beach-resort\/","url":"https:\/\/clubedeviagensmoms.com.br\/homolog\/produto\/buzios-beach-resort\/","name":"B\u00fazios Beach Resort - Clube Moms","isPartOf":{"@id":"https:\/\/clubedeviagensmoms.com.br\/homolog\/#website"},"datePublished":"2021-10-29T22:55:58+00:00","dateModified":"2023-08-30T15:25:09+00:00","description":"O Hotel B\u00fazios Beach Resort, o maior Resort da Regi\u00e3o dos Lagos, com infraestrutura completa de lazer e entretenimento, localizado em Arma\u00e7\u00e3o dos B\u00fazios.","breadcrumb":{"@id":"https:\/\/clubedeviagensmoms.com.br\/homolog\/produto\/buzios-beach-resort\/#breadcrumb"},"inLanguage":"pt-BR","potentialAction":[{"@type":"ReadAction","target":["https:\/\/clubedeviagensmoms.com.br\/homolog\/produto\/buzios-beach-resort\/"]}]},{"@type":"BreadcrumbList","@id":"https:\/\/clubedeviagensmoms.com.br\/homolog\/produto\/buzios-beach-resort\/#breadcrumb","itemListElement":[{"@type":"ListItem","position":1,"name":"Home","item":"https:\/\/clubedeviagensmoms.com.br\/homolog\/"},{"@type":"ListItem","position":2,"name":"Vamos Viajar","item":"https:\/\/clubedeviagensmoms.com.br\/homolog\/shop\/"},{"@type":"ListItem","position":3,"name":"B\u00fazios Beach Resort"}]},{"@type":"WebSite","@id":"https:\/\/clubedeviagensmoms.com.br\/homolog\/#website","url":"https:\/\/clubedeviagensmoms.com.br\/homolog\/","name":"Clube Moms","description":"O Clube Moms \u00e9 uma ag\u00eancia de turismo com foco em fam\u00edlias com crian\u00e7as, que uno os conceitos de Consultoria Especializada e Clube de Vantagens.","potentialAction":[{"@type":"SearchAction","target":{"@type":"EntryPoint","urlTemplate":"https:\/\/clubedeviagensmoms.com.br\/homolog\/?s={search_term_string}"},"query-input":"required name=search_term_string"}],"inLanguage":"pt-BR"}]}},"_links":{"self":[{"href":"https:\/\/clubedeviagensmoms.com.br\/homolog\/wp-json\/wp\/v2\/product\/4063","targetHints":{"allow":["GET"]}}],"collection":[{"href":"https:\/\/clubedeviagensmoms.com.br\/homolog\/wp-json\/wp\/v2\/product"}],"about":[{"href":"https:\/\/clubedeviagensmoms.com.br\/homolog\/wp-json\/wp\/v2\/types\/product"}],"replies":[{"embeddable":true,"href":"https:\/\/clubedeviagensmoms.com.br\/homolog\/wp-json\/wp\/v2\/comments?post=4063"}],"wp:featuredmedia":[{"embeddable":true,"href":"https:\/\/clubedeviagensmoms.com.br\/homolog\/wp-json\/wp\/v2\/media\/2038"}],"wp:attachment":[{"href":"https:\/\/clubedeviagensmoms.com.br\/homolog\/wp-json\/wp\/v2\/media?parent=4063"}],"wp:term":[{"taxonomy":"product_cat","embeddable":true,"href":"https:\/\/clubedeviagensmoms.com.br\/homolog\/wp-json\/wp\/v2\/product_cat?post=4063"},{"taxonomy":"product_tag","embeddable":true,"href":"https:\/\/clubedeviagensmoms.com.br\/homolog\/wp-json\/wp\/v2\/product_tag?post=4063"}],"curies":[{"name":"wp","href":"https:\/\/api.w.org\/{rel}","templated":true}]}}