{"id":4064,"date":"2021-10-29T19:55:58","date_gmt":"2021-10-29T22:55:58","guid":{"rendered":"http:\/\/clubedeviagensmoms.com.br\/homolog\/taober_wp\/?post_type=product&#038;p=4064"},"modified":"2023-08-30T12:25:36","modified_gmt":"2023-08-30T15:25:36","slug":"hotel-fazenda-sao-moritz","status":"publish","type":"product","link":"https:\/\/clubedeviagensmoms.com.br\/homolog\/produto\/hotel-fazenda-sao-moritz\/","title":{"rendered":"Hotel Fazenda S\u00e3o Moritz"},"content":{"rendered":"<p><span>O S\u00e3o Moritz combina hospitalidade e divers\u00e3o dos tradicionais hot\u00e9is fazenda, com as indispens\u00e1veis comodidades da hotelaria contempor\u00e2nea. O hotel conta com 63 apartamentos, al\u00e9m de possuir centro de conven\u00e7\u00e3o, atividades de lazer, sala de gin\u00e1stica, piscinas aquecidas, quadras esportivas, \u2018Fazendinha\u2019 com diversos animais e muito mais! Isso tudo em meio a jardins, lagos e caminhos floridos, no verde da Mata Atl\u00e2ntica.\u00a0<\/span><\/p>\n<p>&nbsp;<\/p>\n<h5><strong><span style=\"font-size: 14pt;\">Gastronomia<\/span><\/strong><\/h5>\n<p>A gastronomia oferecida no hotel \u00e9 diversificada, mas com \u00eanfase na mat\u00e9ria prima regional como a truta e os hortigranjeiros fresquinhos, produzidos na regi\u00e3o, sem deixar de utilizarmos a riqueza da culin\u00e1ria brasileira e, tamb\u00e9m, pratos internacionais como as massas, carnes e peixes.<\/p>\n<p>&nbsp;<\/p>\n<h5><strong><span style=\"font-size: 14pt;\">Fazendinha S\u00e3o Moritz<\/span><\/strong><\/h5>\n<p>Com a correria do dia-a-dia e a vida nos grandes centros, as pessoas v\u00eam valorizando os momentos de descanso e contato com a natureza. Por isso o S\u00e3o Moritz, atrav\u00e9s da visita\u00e7\u00e3o \u00e0 Fazendinha S\u00e3o Moritz, est\u00e1 proporcionando momentos \u00fanicos da rotina de uma fazenda, onde o h\u00f3spede ter\u00e1 a oportunidade de conhecer as caracter\u00edsticas de cada animal e interagir com a pr\u00e1tica de sua alimenta\u00e7\u00e3o e cuidados, podendo tirar leite da vaca\/cabra, colher ovos, bem como dar banho nos animais, selar cavalos, entre outras atividades.<\/p>\n<p>A Fazenda ainda oferece uma piscina ao ar livre, quadras esportivas e restaurante, al\u00e9m de Wi-Fi gratuito, espa\u00e7o fitness e sauna. As atividades do local incluem passeios de charrete a cavalo, aulas de t\u00eanis e aluguel de bicicletas, dispon\u00edveis por um custo adicional.<\/p>\n<p>Venha desfrutar do Hotel Fazenda S\u00e3o Moritz! Voc\u00ea n\u00e3o vai se arrepender!<\/p>\n<p>Se voc\u00ea ainda n\u00e3o conhece nossas redes sociais, vem dar uma conferida no nosso\u00a0<a href=\"https:\/\/www.instagram.com\/clubedeviagensmoms\/\" target=\"_blank\" rel=\"noopener noreferrer\">Instagram\u00a0<\/a>e tamb\u00e9m na nossa\u00a0<a href=\"https:\/\/www.facebook.com\/ClubeDeViagensMoms\/?hc_ref=ARREVFAUN6kemqQPikWPR6yOVqfolWuZ4Gm2u6EX4fJ2-jyHER8eDB5si8DvGkabbOE&amp;fref=nf&amp;__xts__[0]=68.ARAXJqd_Jm68dG9qh_a7A_hAS8hHGdRg1Cq8Je9my1EPnGBRo26TI37xs6IY6NhynKSzyIDhPcBRqvr6Nzuwi7g2W4UPO84T0-vU7mWKXia_C51FzzqVsE3HthHbuQetTo9gapY&amp;__tn__=kC-R\" target=\"_blank\" rel=\"noopener noreferrer\">p\u00e1gina do Facebook<\/a>! Ainda, temos um\u00a0<a href=\"https:\/\/www.facebook.com\/groups\/clubedeviagensmoms\/\" target=\"_blank\" rel=\"noopener noreferrer\">grupo do Facebook<\/a>, ent\u00e3o, venha fazer parte!<\/p>\n<p>E se voc\u00ea quiser conferir nossos outros hot\u00e9is parceiros, clique\u00a0<a href=\"http:\/\/clubedeviagensmoms.com.br\/homolog\/vamos-viajar\/hoteis\/\" target=\"_blank\" rel=\"noopener noreferrer\">aqui<\/a>!<\/p>\n","protected":false},"excerpt":{"rendered":"<p><span>O S\u00e3o Moritz combina hospitalidade e divers\u00e3o dos tradicionais hot\u00e9is fazenda, com as indispens\u00e1veis comodidades da hotelaria contempor\u00e2nea.<\/span><\/p>\n","protected":false},"featured_media":2610,"comment_status":"closed","ping_status":"closed","template":"","meta":[],"product_cat":[21],"product_tag":[27,28,31,158,37,152],"class_list":["post-4064","product","type-product","status-publish","has-post-thumbnail","hentry","product_cat-hoteis","product_tag-clube-de-viagens-moms","product_tag-clube-moms","product_tag-diversao-em-familia","product_tag-hotel-fazenda","product_tag-rio-de-janeiro","product_tag-teresopolis","pa_destino-rio-de-janeiro","pa_destino-teresopolis","pa_estrutura-lazer-campo-de-futebol","pa_estrutura-lazer-fazendinha","pa_estrutura-lazer-piscina-aquecida","pa_estrutura-lazer-quadra-de-tenis","pa_estrutura-lazer-salao-de-jogos","pa_estrutura-lazer-sauna","pa_regime-de-alimentacao-fap","pa_regime-de-alimentacao-pensao-completa"],"acf":[],"yoast_head":"<!-- This site is optimized with the Yoast SEO Premium plugin v16.0.2 (Yoast SEO v21.2) - https:\/\/yoast.com\/wordpress\/plugins\/seo\/ -->\n<title>Hotel Fazenda S\u00e3o Moritz - Clube Moms<\/title>\n<meta name=\"description\" content=\"O S\u00e3o Moritz combina hospitalidade e divers\u00e3o dos tradicionais hot\u00e9is fazenda, com as indispens\u00e1veis comodidades da hotelaria contempor\u00e2nea.\" \/>\n<meta name=\"robots\" content=\"index, follow, max-snippet:-1, max-image-preview:large, max-video-preview:-1\" \/>\n<link rel=\"canonical\" href=\"https:\/\/clubedeviagensmoms.com.br\/homolog\/produto\/hotel-fazenda-sao-moritz\/\" \/>\n<meta property=\"og:locale\" content=\"pt_BR\" \/>\n<meta property=\"og:type\" content=\"article\" \/>\n<meta property=\"og:title\" content=\"Hotel Fazenda S\u00e3o Moritz - Clube Moms\" \/>\n<meta property=\"og:description\" content=\"O S\u00e3o Moritz combina hospitalidade e divers\u00e3o dos tradicionais hot\u00e9is fazenda, com as indispens\u00e1veis comodidades da hotelaria contempor\u00e2nea.\" \/>\n<meta property=\"og:url\" content=\"https:\/\/clubedeviagensmoms.com.br\/homolog\/produto\/hotel-fazenda-sao-moritz\/\" \/>\n<meta property=\"og:site_name\" content=\"Clube Moms\" \/>\n<meta property=\"article:modified_time\" content=\"2023-08-30T15:25:36+00:00\" \/>\n<meta name=\"twitter:card\" content=\"summary_large_image\" \/>\n<meta name=\"twitter:image\" content=\"https:\/\/clubedeviagensmoms.com.br\/homolog\/wp-content\/uploads\/2021\/10\/sao-moritz-chale-a-1.jpg\" \/>\n<meta name=\"twitter:label1\" content=\"Est. tempo de leitura\" \/>\n\t<meta name=\"twitter:data1\" content=\"2 minutos\" \/>\n<script type=\"application\/ld+json\" class=\"yoast-schema-graph\">{\"@context\":\"https:\/\/schema.org\",\"@graph\":[{\"@type\":\"WebPage\",\"@id\":\"https:\/\/clubedeviagensmoms.com.br\/homolog\/produto\/hotel-fazenda-sao-moritz\/\",\"url\":\"https:\/\/clubedeviagensmoms.com.br\/homolog\/produto\/hotel-fazenda-sao-moritz\/\",\"name\":\"Hotel Fazenda S\u00e3o Moritz - Clube Moms\",\"isPartOf\":{\"@id\":\"https:\/\/clubedeviagensmoms.com.br\/homolog\/#website\"},\"datePublished\":\"2021-10-29T22:55:58+00:00\",\"dateModified\":\"2023-08-30T15:25:36+00:00\",\"description\":\"O S\u00e3o Moritz combina hospitalidade e divers\u00e3o dos tradicionais hot\u00e9is fazenda, com as indispens\u00e1veis comodidades da hotelaria contempor\u00e2nea.\",\"breadcrumb\":{\"@id\":\"https:\/\/clubedeviagensmoms.com.br\/homolog\/produto\/hotel-fazenda-sao-moritz\/#breadcrumb\"},\"inLanguage\":\"pt-BR\",\"potentialAction\":[{\"@type\":\"ReadAction\",\"target\":[\"https:\/\/clubedeviagensmoms.com.br\/homolog\/produto\/hotel-fazenda-sao-moritz\/\"]}]},{\"@type\":\"BreadcrumbList\",\"@id\":\"https:\/\/clubedeviagensmoms.com.br\/homolog\/produto\/hotel-fazenda-sao-moritz\/#breadcrumb\",\"itemListElement\":[{\"@type\":\"ListItem\",\"position\":1,\"name\":\"Home\",\"item\":\"https:\/\/clubedeviagensmoms.com.br\/homolog\/\"},{\"@type\":\"ListItem\",\"position\":2,\"name\":\"Vamos Viajar\",\"item\":\"https:\/\/clubedeviagensmoms.com.br\/homolog\/shop\/\"},{\"@type\":\"ListItem\",\"position\":3,\"name\":\"Hotel Fazenda S\u00e3o Moritz\"}]},{\"@type\":\"WebSite\",\"@id\":\"https:\/\/clubedeviagensmoms.com.br\/homolog\/#website\",\"url\":\"https:\/\/clubedeviagensmoms.com.br\/homolog\/\",\"name\":\"Clube Moms\",\"description\":\"O Clube Moms \u00e9 uma ag\u00eancia de turismo com foco em fam\u00edlias com crian\u00e7as, que uno os conceitos de Consultoria Especializada e Clube de Vantagens.\",\"potentialAction\":[{\"@type\":\"SearchAction\",\"target\":{\"@type\":\"EntryPoint\",\"urlTemplate\":\"https:\/\/clubedeviagensmoms.com.br\/homolog\/?s={search_term_string}\"},\"query-input\":\"required name=search_term_string\"}],\"inLanguage\":\"pt-BR\"}]}<\/script>\n<!-- \/ Yoast SEO Premium plugin. -->","yoast_head_json":{"title":"Hotel Fazenda S\u00e3o Moritz - Clube Moms","description":"O S\u00e3o Moritz combina hospitalidade e divers\u00e3o dos tradicionais hot\u00e9is fazenda, com as indispens\u00e1veis comodidades da hotelaria contempor\u00e2nea.","robots":{"index":"index","follow":"follow","max-snippet":"max-snippet:-1","max-image-preview":"max-image-preview:large","max-video-preview":"max-video-preview:-1"},"canonical":"https:\/\/clubedeviagensmoms.com.br\/homolog\/produto\/hotel-fazenda-sao-moritz\/","og_locale":"pt_BR","og_type":"article","og_title":"Hotel Fazenda S\u00e3o Moritz - Clube Moms","og_description":"O S\u00e3o Moritz combina hospitalidade e divers\u00e3o dos tradicionais hot\u00e9is fazenda, com as indispens\u00e1veis comodidades da hotelaria contempor\u00e2nea.","og_url":"https:\/\/clubedeviagensmoms.com.br\/homolog\/produto\/hotel-fazenda-sao-moritz\/","og_site_name":"Clube Moms","article_modified_time":"2023-08-30T15:25:36+00:00","twitter_card":"summary_large_image","twitter_image":"https:\/\/clubedeviagensmoms.com.br\/homolog\/wp-content\/uploads\/2021\/10\/sao-moritz-chale-a-1.jpg","twitter_misc":{"Est. tempo de leitura":"2 minutos"},"schema":{"@context":"https:\/\/schema.org","@graph":[{"@type":"WebPage","@id":"https:\/\/clubedeviagensmoms.com.br\/homolog\/produto\/hotel-fazenda-sao-moritz\/","url":"https:\/\/clubedeviagensmoms.com.br\/homolog\/produto\/hotel-fazenda-sao-moritz\/","name":"Hotel Fazenda S\u00e3o Moritz - Clube Moms","isPartOf":{"@id":"https:\/\/clubedeviagensmoms.com.br\/homolog\/#website"},"datePublished":"2021-10-29T22:55:58+00:00","dateModified":"2023-08-30T15:25:36+00:00","description":"O S\u00e3o Moritz combina hospitalidade e divers\u00e3o dos tradicionais hot\u00e9is fazenda, com as indispens\u00e1veis comodidades da hotelaria contempor\u00e2nea.","breadcrumb":{"@id":"https:\/\/clubedeviagensmoms.com.br\/homolog\/produto\/hotel-fazenda-sao-moritz\/#breadcrumb"},"inLanguage":"pt-BR","potentialAction":[{"@type":"ReadAction","target":["https:\/\/clubedeviagensmoms.com.br\/homolog\/produto\/hotel-fazenda-sao-moritz\/"]}]},{"@type":"BreadcrumbList","@id":"https:\/\/clubedeviagensmoms.com.br\/homolog\/produto\/hotel-fazenda-sao-moritz\/#breadcrumb","itemListElement":[{"@type":"ListItem","position":1,"name":"Home","item":"https:\/\/clubedeviagensmoms.com.br\/homolog\/"},{"@type":"ListItem","position":2,"name":"Vamos Viajar","item":"https:\/\/clubedeviagensmoms.com.br\/homolog\/shop\/"},{"@type":"ListItem","position":3,"name":"Hotel Fazenda S\u00e3o Moritz"}]},{"@type":"WebSite","@id":"https:\/\/clubedeviagensmoms.com.br\/homolog\/#website","url":"https:\/\/clubedeviagensmoms.com.br\/homolog\/","name":"Clube Moms","description":"O Clube Moms \u00e9 uma ag\u00eancia de turismo com foco em fam\u00edlias com crian\u00e7as, que uno os conceitos de Consultoria Especializada e Clube de Vantagens.","potentialAction":[{"@type":"SearchAction","target":{"@type":"EntryPoint","urlTemplate":"https:\/\/clubedeviagensmoms.com.br\/homolog\/?s={search_term_string}"},"query-input":"required name=search_term_string"}],"inLanguage":"pt-BR"}]}},"_links":{"self":[{"href":"https:\/\/clubedeviagensmoms.com.br\/homolog\/wp-json\/wp\/v2\/product\/4064","targetHints":{"allow":["GET"]}}],"collection":[{"href":"https:\/\/clubedeviagensmoms.com.br\/homolog\/wp-json\/wp\/v2\/product"}],"about":[{"href":"https:\/\/clubedeviagensmoms.com.br\/homolog\/wp-json\/wp\/v2\/types\/product"}],"replies":[{"embeddable":true,"href":"https:\/\/clubedeviagensmoms.com.br\/homolog\/wp-json\/wp\/v2\/comments?post=4064"}],"wp:featuredmedia":[{"embeddable":true,"href":"https:\/\/clubedeviagensmoms.com.br\/homolog\/wp-json\/wp\/v2\/media\/2610"}],"wp:attachment":[{"href":"https:\/\/clubedeviagensmoms.com.br\/homolog\/wp-json\/wp\/v2\/media?parent=4064"}],"wp:term":[{"taxonomy":"product_cat","embeddable":true,"href":"https:\/\/clubedeviagensmoms.com.br\/homolog\/wp-json\/wp\/v2\/product_cat?post=4064"},{"taxonomy":"product_tag","embeddable":true,"href":"https:\/\/clubedeviagensmoms.com.br\/homolog\/wp-json\/wp\/v2\/product_tag?post=4064"}],"curies":[{"name":"wp","href":"https:\/\/api.w.org\/{rel}","templated":true}]}}