{"id":4065,"date":"2021-10-29T19:55:58","date_gmt":"2021-10-29T22:55:58","guid":{"rendered":"http:\/\/clubedeviagensmoms.com.br\/homolog\/taober_wp\/?post_type=product&#038;p=4065"},"modified":"2023-08-30T12:25:27","modified_gmt":"2023-08-30T15:25:27","slug":"hotel-fazenda-caluje","status":"publish","type":"product","link":"https:\/\/clubedeviagensmoms.com.br\/homolog\/produto\/hotel-fazenda-caluje\/","title":{"rendered":"Hotel Fazenda Caluje"},"content":{"rendered":"<p>O Hotel Fazenda Caluje, localizado no estado do Rio de Janeiro,\u00a0est\u00e1 em meio a uma linda \u00e1rea verde que \u00e9 ideal para quem quer tranquilizar a mente, descansar o corpo, conectar-se com a natureza e viver experi\u00eancias \u00fanicas! Al\u00e9m disso, \u00e9 um\u00a0hotel fazenda com atendimento personalizado, deliciosa culin\u00e1ria, ampla \u00e1rea de lazer e aconchegantes\u00a0acomoda\u00e7\u00f5es. Ent\u00e3o, venha se divertir, relaxar e desfrutar de um momento de prazer no clima agrad\u00e1vel das montanhas do Rio de Janeiro!<\/p>\n<p>Localizado junto a sede do Hotel Fazenda Caluje, o restaurante convida voc\u00ea a desfrutar de um rico buffet que conta com frios, saladas, massas, acompanhamentos e carnes preparados no tradicional fog\u00e3o campeiro, junto de uma vista espetacular.<\/p>\n<p>Al\u00e9m disso, o restaurante conta com acesso por elevador para hospedes com necessidades especiais.<\/p>\n<p>O\u00a0Hotel Caluje\u00a0possui um\u00a0sal\u00e3o de festas\u00a0que \u00e9 um verdadeiro castelo! Um local com capacidade para 300 pessoas, estrutura de bar, cozinha, churrasqueira e palco.<\/p>\n<p>Um sal\u00e3o de festa ideal para quem deseja realizar uma festa de casamento com hospedagem no campo. Al\u00e9m disso, um lugar lind\u00edssimo com uma paisagem de tirar o folego! O lugar perfeito para celebrar a data mais importante da sua vida.<\/p>\n<p>&nbsp;<\/p>\n<p>Venha conhecer e desfrutar do Hotel Fazenda Caluje! Voc\u00ea n\u00e3o vai se arrepender!<\/p>\n<p>Se voc\u00ea ainda n\u00e3o conhece nossas redes sociais, vem dar uma conferida no nosso<span>\u00a0<\/span><a href=\"https:\/\/www.instagram.com\/clubedeviagensmoms\/\">Instagram<\/a><span>\u00a0<\/span>e tamb\u00e9m na nossa<span>\u00a0<\/span><a href=\"https:\/\/www.facebook.com\/ClubeDeViagensMoms\/?hc_ref=ARREVFAUN6kemqQPikWPR6yOVqfolWuZ4Gm2u6EX4fJ2-jyHER8eDB5si8DvGkabbOE&amp;fref=nf&amp;__xts__[0]=68.ARAXJqd_Jm68dG9qh_a7A_hAS8hHGdRg1Cq8Je9my1EPnGBRo26TI37xs6IY6NhynKSzyIDhPcBRqvr6Nzuwi7g2W4UPO84T0-vU7mWKXia_C51FzzqVsE3HthHbuQetTo9gapY&amp;__tn__=kC-R\">p\u00e1gina do Facebook<\/a>! Ainda, temos um<span>\u00a0<\/span><a href=\"https:\/\/www.facebook.com\/groups\/clubedeviagensmoms\/\">grupo do Facebook<\/a>, ent\u00e3o, venha fazer parte!<\/p>\n<p>E se voc\u00ea quiser conferir nossos outros hot\u00e9is parceiros, clique<span>\u00a0<\/span><a href=\"http:\/\/clubedeviagensmoms.com.br\/homolog\/vamos-viajar\/hoteis\/\" target=\"_blank\" rel=\"noopener noreferrer\">aqui<\/a>!<\/p>\n","protected":false},"excerpt":{"rendered":"<p>O Hotel Fazenda Caluje\u00a0est\u00e1 em \u00e1rea verde e \u00e9 ideal para quem quer descansar o corpo, conectar-se com a natureza e viver experi\u00eancias \u00fanicas!<\/p>\n","protected":false},"featured_media":2620,"comment_status":"closed","ping_status":"closed","template":"","meta":[],"product_cat":[21],"product_tag":[27,28,29,30,31,158,37,39,40],"class_list":["post-4065","product","type-product","status-publish","has-post-thumbnail","hentry","product_cat-hoteis","product_tag-clube-de-viagens-moms","product_tag-clube-moms","product_tag-criancas","product_tag-diversao","product_tag-diversao-em-familia","product_tag-hotel-fazenda","product_tag-rio-de-janeiro","product_tag-viagem-com-criancas","product_tag-viagem-em-familia","pa_destino-engenheiro-paulo-de-frontin","pa_destino-rio-de-janeiro","pa_estrutura-lazer-cavalos","pa_estrutura-lazer-centro-de-convencoes","pa_estrutura-lazer-fazendinha","pa_estrutura-lazer-hidromassagem","pa_estrutura-lazer-mini-golf","pa_estrutura-lazer-ofuro","pa_estrutura-lazer-pedalinho","pa_estrutura-lazer-piscina","pa_estrutura-lazer-piscina-aquecida","pa_estrutura-lazer-quadra-de-basquete","pa_estrutura-lazer-quadra-de-futebol","pa_estrutura-lazer-quadra-de-tenis","pa_estrutura-lazer-salao-de-festa","pa_estrutura-lazer-sauna","pa_estrutura-lazer-spa","pa_estrutura-lazer-tirolesa","pa_estrutura-lazer-toboagua","pa_regime-de-alimentacao-fap","pa_regime-de-alimentacao-pensao-completa"],"acf":[],"yoast_head":"<!-- This site is optimized with the Yoast SEO Premium plugin v16.0.2 (Yoast SEO v21.2) - https:\/\/yoast.com\/wordpress\/plugins\/seo\/ -->\n<title>Hotel Fazenda Caluje - Clube Moms<\/title>\n<meta name=\"description\" content=\"O Hotel Fazenda Caluje\u00a0est\u00e1 em \u00e1rea verde e \u00e9 ideal para quem quer descansar o corpo, conectar-se com a natureza e viver experi\u00eancias \u00fanicas!\" \/>\n<meta name=\"robots\" content=\"index, follow, max-snippet:-1, max-image-preview:large, max-video-preview:-1\" \/>\n<link rel=\"canonical\" href=\"https:\/\/clubedeviagensmoms.com.br\/homolog\/produto\/hotel-fazenda-caluje\/\" \/>\n<meta property=\"og:locale\" content=\"pt_BR\" \/>\n<meta property=\"og:type\" content=\"article\" \/>\n<meta property=\"og:title\" content=\"Hotel Fazenda Caluje - Clube Moms\" \/>\n<meta property=\"og:description\" content=\"O Hotel Fazenda Caluje est\u00e1 em \u00e1rea verde e \u00e9 ideal para quem quer descansar o corpo, conectar-se com a natureza e viver experi\u00eancias \u00fanicas!\" \/>\n<meta property=\"og:url\" content=\"https:\/\/clubedeviagensmoms.com.br\/homolog\/produto\/hotel-fazenda-caluje\/\" \/>\n<meta property=\"og:site_name\" content=\"Clube Moms\" \/>\n<meta property=\"article:modified_time\" content=\"2023-08-30T15:25:27+00:00\" \/>\n<meta name=\"twitter:card\" content=\"summary_large_image\" \/>\n<meta name=\"twitter:image\" content=\"https:\/\/clubedeviagensmoms.com.br\/homolog\/wp-content\/uploads\/2021\/10\/hotel-fazenda-caluje-entrada-do-hotel-1.jpg\" \/>\n<meta name=\"twitter:label1\" content=\"Est. tempo de leitura\" \/>\n\t<meta name=\"twitter:data1\" content=\"1 minuto\" \/>\n<script type=\"application\/ld+json\" class=\"yoast-schema-graph\">{\"@context\":\"https:\/\/schema.org\",\"@graph\":[{\"@type\":\"WebPage\",\"@id\":\"https:\/\/clubedeviagensmoms.com.br\/homolog\/produto\/hotel-fazenda-caluje\/\",\"url\":\"https:\/\/clubedeviagensmoms.com.br\/homolog\/produto\/hotel-fazenda-caluje\/\",\"name\":\"Hotel Fazenda Caluje - Clube Moms\",\"isPartOf\":{\"@id\":\"https:\/\/clubedeviagensmoms.com.br\/homolog\/#website\"},\"datePublished\":\"2021-10-29T22:55:58+00:00\",\"dateModified\":\"2023-08-30T15:25:27+00:00\",\"description\":\"O Hotel Fazenda Caluje\u00a0est\u00e1 em \u00e1rea verde e \u00e9 ideal para quem quer descansar o corpo, conectar-se com a natureza e viver experi\u00eancias \u00fanicas!\",\"breadcrumb\":{\"@id\":\"https:\/\/clubedeviagensmoms.com.br\/homolog\/produto\/hotel-fazenda-caluje\/#breadcrumb\"},\"inLanguage\":\"pt-BR\",\"potentialAction\":[{\"@type\":\"ReadAction\",\"target\":[\"https:\/\/clubedeviagensmoms.com.br\/homolog\/produto\/hotel-fazenda-caluje\/\"]}]},{\"@type\":\"BreadcrumbList\",\"@id\":\"https:\/\/clubedeviagensmoms.com.br\/homolog\/produto\/hotel-fazenda-caluje\/#breadcrumb\",\"itemListElement\":[{\"@type\":\"ListItem\",\"position\":1,\"name\":\"Home\",\"item\":\"https:\/\/clubedeviagensmoms.com.br\/homolog\/\"},{\"@type\":\"ListItem\",\"position\":2,\"name\":\"Vamos Viajar\",\"item\":\"https:\/\/clubedeviagensmoms.com.br\/homolog\/shop\/\"},{\"@type\":\"ListItem\",\"position\":3,\"name\":\"Hotel Fazenda Caluje\"}]},{\"@type\":\"WebSite\",\"@id\":\"https:\/\/clubedeviagensmoms.com.br\/homolog\/#website\",\"url\":\"https:\/\/clubedeviagensmoms.com.br\/homolog\/\",\"name\":\"Clube Moms\",\"description\":\"O Clube Moms \u00e9 uma ag\u00eancia de turismo com foco em fam\u00edlias com crian\u00e7as, que uno os conceitos de Consultoria Especializada e Clube de Vantagens.\",\"potentialAction\":[{\"@type\":\"SearchAction\",\"target\":{\"@type\":\"EntryPoint\",\"urlTemplate\":\"https:\/\/clubedeviagensmoms.com.br\/homolog\/?s={search_term_string}\"},\"query-input\":\"required name=search_term_string\"}],\"inLanguage\":\"pt-BR\"}]}<\/script>\n<!-- \/ Yoast SEO Premium plugin. -->","yoast_head_json":{"title":"Hotel Fazenda Caluje - Clube Moms","description":"O Hotel Fazenda Caluje\u00a0est\u00e1 em \u00e1rea verde e \u00e9 ideal para quem quer descansar o corpo, conectar-se com a natureza e viver experi\u00eancias \u00fanicas!","robots":{"index":"index","follow":"follow","max-snippet":"max-snippet:-1","max-image-preview":"max-image-preview:large","max-video-preview":"max-video-preview:-1"},"canonical":"https:\/\/clubedeviagensmoms.com.br\/homolog\/produto\/hotel-fazenda-caluje\/","og_locale":"pt_BR","og_type":"article","og_title":"Hotel Fazenda Caluje - Clube Moms","og_description":"O Hotel Fazenda Caluje est\u00e1 em \u00e1rea verde e \u00e9 ideal para quem quer descansar o corpo, conectar-se com a natureza e viver experi\u00eancias \u00fanicas!","og_url":"https:\/\/clubedeviagensmoms.com.br\/homolog\/produto\/hotel-fazenda-caluje\/","og_site_name":"Clube Moms","article_modified_time":"2023-08-30T15:25:27+00:00","twitter_card":"summary_large_image","twitter_image":"https:\/\/clubedeviagensmoms.com.br\/homolog\/wp-content\/uploads\/2021\/10\/hotel-fazenda-caluje-entrada-do-hotel-1.jpg","twitter_misc":{"Est. tempo de leitura":"1 minuto"},"schema":{"@context":"https:\/\/schema.org","@graph":[{"@type":"WebPage","@id":"https:\/\/clubedeviagensmoms.com.br\/homolog\/produto\/hotel-fazenda-caluje\/","url":"https:\/\/clubedeviagensmoms.com.br\/homolog\/produto\/hotel-fazenda-caluje\/","name":"Hotel Fazenda Caluje - Clube Moms","isPartOf":{"@id":"https:\/\/clubedeviagensmoms.com.br\/homolog\/#website"},"datePublished":"2021-10-29T22:55:58+00:00","dateModified":"2023-08-30T15:25:27+00:00","description":"O Hotel Fazenda Caluje\u00a0est\u00e1 em \u00e1rea verde e \u00e9 ideal para quem quer descansar o corpo, conectar-se com a natureza e viver experi\u00eancias \u00fanicas!","breadcrumb":{"@id":"https:\/\/clubedeviagensmoms.com.br\/homolog\/produto\/hotel-fazenda-caluje\/#breadcrumb"},"inLanguage":"pt-BR","potentialAction":[{"@type":"ReadAction","target":["https:\/\/clubedeviagensmoms.com.br\/homolog\/produto\/hotel-fazenda-caluje\/"]}]},{"@type":"BreadcrumbList","@id":"https:\/\/clubedeviagensmoms.com.br\/homolog\/produto\/hotel-fazenda-caluje\/#breadcrumb","itemListElement":[{"@type":"ListItem","position":1,"name":"Home","item":"https:\/\/clubedeviagensmoms.com.br\/homolog\/"},{"@type":"ListItem","position":2,"name":"Vamos Viajar","item":"https:\/\/clubedeviagensmoms.com.br\/homolog\/shop\/"},{"@type":"ListItem","position":3,"name":"Hotel Fazenda Caluje"}]},{"@type":"WebSite","@id":"https:\/\/clubedeviagensmoms.com.br\/homolog\/#website","url":"https:\/\/clubedeviagensmoms.com.br\/homolog\/","name":"Clube Moms","description":"O Clube Moms \u00e9 uma ag\u00eancia de turismo com foco em fam\u00edlias com crian\u00e7as, que uno os conceitos de Consultoria Especializada e Clube de Vantagens.","potentialAction":[{"@type":"SearchAction","target":{"@type":"EntryPoint","urlTemplate":"https:\/\/clubedeviagensmoms.com.br\/homolog\/?s={search_term_string}"},"query-input":"required name=search_term_string"}],"inLanguage":"pt-BR"}]}},"_links":{"self":[{"href":"https:\/\/clubedeviagensmoms.com.br\/homolog\/wp-json\/wp\/v2\/product\/4065","targetHints":{"allow":["GET"]}}],"collection":[{"href":"https:\/\/clubedeviagensmoms.com.br\/homolog\/wp-json\/wp\/v2\/product"}],"about":[{"href":"https:\/\/clubedeviagensmoms.com.br\/homolog\/wp-json\/wp\/v2\/types\/product"}],"replies":[{"embeddable":true,"href":"https:\/\/clubedeviagensmoms.com.br\/homolog\/wp-json\/wp\/v2\/comments?post=4065"}],"wp:featuredmedia":[{"embeddable":true,"href":"https:\/\/clubedeviagensmoms.com.br\/homolog\/wp-json\/wp\/v2\/media\/2620"}],"wp:attachment":[{"href":"https:\/\/clubedeviagensmoms.com.br\/homolog\/wp-json\/wp\/v2\/media?parent=4065"}],"wp:term":[{"taxonomy":"product_cat","embeddable":true,"href":"https:\/\/clubedeviagensmoms.com.br\/homolog\/wp-json\/wp\/v2\/product_cat?post=4065"},{"taxonomy":"product_tag","embeddable":true,"href":"https:\/\/clubedeviagensmoms.com.br\/homolog\/wp-json\/wp\/v2\/product_tag?post=4065"}],"curies":[{"name":"wp","href":"https:\/\/api.w.org\/{rel}","templated":true}]}}