{"id":4066,"date":"2021-10-29T19:55:58","date_gmt":"2021-10-29T22:55:58","guid":{"rendered":"http:\/\/clubedeviagensmoms.com.br\/homolog\/taober_wp\/?post_type=product&#038;p=4066"},"modified":"2023-08-30T12:25:17","modified_gmt":"2023-08-30T15:25:17","slug":"club-med-trancoso","status":"publish","type":"product","link":"https:\/\/clubedeviagensmoms.com.br\/homolog\/produto\/club-med-trancoso\/","title":{"rendered":"Club Med Trancoso"},"content":{"rendered":"<p><span>Imagine suas pr\u00f3ximas f\u00e9rias em um Resort All Inclusive na Bahia. Entre Trancoso e Arraial d\u2019Ajuda, o Club Med recebe voc\u00ea em um cen\u00e1rio excepcional, no alto das fal\u00e9sias de uma praia paradis\u00edaca!<\/span><\/p>\n<p><span>Protegido das principais rotas tur\u00edsticas da Costa do Descobrimento, o Resort em Trancoso \u00e9 um ref\u00fagio de paz, com bangal\u00f4s charmosos bem como atividades para adultos e crian\u00e7as. De dia, relaxe em uma espregui\u00e7adeira \u00e0 beira-mar, antes de jogar uma partida de t\u00eanis ou experimentar o trap\u00e9zio voador. <\/span><\/p>\n<p><span>Pr\u00f3ximo ao Resort, os apaixonados por golfe t\u00eam um belo campo com vista para o mar: o Terravista Golf Course, um dos greens mais surpreendentes da Am\u00e9rica do Sul. Al\u00e9m disso, aproveite a estadia para conhecer alguns destinos pr\u00f3ximos, como Cara\u00edva, Porto Seguro, Praia do Espelho, Arraial d\u2019Ajuda, e tamb\u00e9m o Quadrado de Trancoso, conhecido pelo seu casario colorido e a fotog\u00eanica igrejinha branca.<\/span><\/p>\n<p>&nbsp;<\/p>\n<h5><span style=\"font-size: 14pt;\">Acomoda\u00e7\u00f5es<\/span><\/h5>\n<p><span>Imersos numa natureza densa e selvagem, os quartos s\u00e3o divididos por pequenos bangal\u00f4s de um andar, de cores fortes. Os amarelos, rosa e azuis, contrastam alegremente com o verde dos eucaliptos em torno. A decora\u00e7\u00e3o interior do Club Med Trancoso destaca o artesanato brasileiro. Os m\u00f3veis r\u00fasticos homenageiam a cultura local.<\/span><\/p>\n<p>&nbsp;<\/p>\n<header>\n<div class=\"\">\n<h5 class=\"reset-heading text-gray-darker flex items-center font-bold font-sans leading-tight text-md\"><span style=\"font-size: 14pt;\">Gastronomia<\/span><\/h5>\n<\/div>\n<\/header>\n<div class=\"mt-4\">\n<div class=\"\">\n<div class=\"overflow-hidden relative transition-heights\">\n<div class=\"leading-normal text-base text-gray-darker\">\n<p class=\"last-child-mb-0 mt-0 mb-3\">No centro do Village, o Restaurante Principal, de arquitetura t\u00edpica local o recebe para todas as refei\u00e7\u00f5es. Uma sele\u00e7\u00e3o de pratos da cozinha internacional \u00e9 oferecida sob a forma de pratos montados. J\u00e1 o Lua \u00e9 um ambiente elegante e \u00edntimo nesse restaurante de especialidades que s\u00f3 abre \u00e0 noite, para terminar agradavelmente o seu dia em fam\u00edlia ou entre amigos. Unicamente com reserva junto \u00e0 Recep\u00e7\u00e3o. Servi\u00e7o \u00e0 la carte.<\/p>\n<\/div>\n<div class=\"mt-4\">\n<div class=\"\">\n<div class=\"overflow-hidden relative transition-heights\">\n<div class=\"mt-4\">\n<div class=\"\">\n<div class=\"overflow-hidden relative transition-heights\">\n<div class=\"leading-normal text-base text-gray-darker\">\n<p class=\"last-child-mb-0 mt-0 mb-3\">No centro do Village, o Bar Principal, que \u00e9 coberto, atende as principais zonas de anima\u00e7\u00e3o, dentre as quais a piscina, a boutique, o restaurante principal&#8230; Al\u00e9m das bebidas, um servi\u00e7o de snacking tamb\u00e9m \u00e9 oferecido. O Bar da Discoteca, logo que se abre a pista de dan\u00e7a, o recebe com uma ampla carta de coquet\u00e9is. E, por fim, o Bar da Praia o recebe numa atmosfera convivial entre duas atividades, ou apenas para relaxar de frente para o mar.<\/p>\n<p>&nbsp;<\/p>\n<\/div>\n<\/div>\n<p>Venha conhecer e desfrutar do Club Med Trancoso! Voc\u00ea n\u00e3o vai se arrepender!<\/p>\n<p>Se voc\u00ea ainda n\u00e3o conhece nossas redes sociais, vem dar uma conferida no nosso<span>\u00a0<\/span><a href=\"https:\/\/www.instagram.com\/clubedeviagensmoms\/\">Instagram<\/a><span>\u00a0<\/span>e tamb\u00e9m na nossa<span>\u00a0<\/span><a href=\"https:\/\/www.facebook.com\/ClubeDeViagensMoms\/?hc_ref=ARREVFAUN6kemqQPikWPR6yOVqfolWuZ4Gm2u6EX4fJ2-jyHER8eDB5si8DvGkabbOE&amp;fref=nf&amp;__xts__[0]=68.ARAXJqd_Jm68dG9qh_a7A_hAS8hHGdRg1Cq8Je9my1EPnGBRo26TI37xs6IY6NhynKSzyIDhPcBRqvr6Nzuwi7g2W4UPO84T0-vU7mWKXia_C51FzzqVsE3HthHbuQetTo9gapY&amp;__tn__=kC-R\">p\u00e1gina do Facebook<\/a>! Al\u00e9m disso, temos um<span>\u00a0<\/span><a href=\"https:\/\/www.facebook.com\/groups\/clubedeviagensmoms\/\">grupo do Facebook<\/a>, ent\u00e3o, venha fazer parte!<\/p>\n<p>E, por fim, se voc\u00ea quiser conferir nossos outros hot\u00e9is parceiros, clique<span>\u00a0<\/span><a href=\"http:\/\/clubedeviagensmoms.com.br\/homolog\/vamos-viajar\/hoteis\/\" target=\"_blank\" rel=\"noopener noreferrer\">aqui<\/a>!<\/p>\n<\/div>\n<\/div>\n<\/div>\n<\/div>\n<\/div>\n<\/div>\n<\/div>\n<\/div>\n","protected":false},"excerpt":{"rendered":"<p>Entre Trancoso e Arraial d\u2019Ajuda, o Club Med recebe voc\u00ea em um cen\u00e1rio excepcional, no alto das fal\u00e9sias de uma praia paradis\u00edaca!<\/p>\n","protected":false},"featured_media":2045,"comment_status":"closed","ping_status":"closed","template":"","meta":[],"product_cat":[21],"product_tag":[163,167,27,28,29,30,31,33,36,165,39,40],"class_list":["post-4066","product","type-product","status-publish","has-post-thumbnail","hentry","product_cat-hoteis","product_tag-bahia","product_tag-club-med","product_tag-clube-de-viagens-moms","product_tag-clube-moms","product_tag-criancas","product_tag-diversao","product_tag-diversao-em-familia","product_tag-ferias-em-familia","product_tag-resort","product_tag-trancoso","product_tag-viagem-com-criancas","product_tag-viagem-em-familia","pa_destino-bahia","pa_destino-trancoso","pa_estrutura-lazer-arco-e-flecha","pa_estrutura-lazer-bar","pa_estrutura-lazer-campo-de-futebol","pa_estrutura-lazer-golf","pa_estrutura-lazer-piscina","pa_estrutura-lazer-quadra-de-basquete","pa_estrutura-lazer-quadra-de-tenis","pa_estrutura-lazer-quadra-de-volei","pa_estrutura-lazer-recreacao","pa_estrutura-lazer-restaurante","pa_estrutura-lazer-slackline","pa_estrutura-lazer-tenis-de-mesa","pa_estrutura-lazer-tenis-de-praia","pa_estrutura-lazer-volei-de-praia","pa_regime-de-alimentacao-all-inclusive"],"acf":[],"yoast_head":"<!-- This site is optimized with the Yoast SEO Premium plugin v16.0.2 (Yoast SEO v21.2) - https:\/\/yoast.com\/wordpress\/plugins\/seo\/ -->\n<title>Club Med Trancoso - Clube Moms<\/title>\n<meta name=\"description\" content=\"Entre Trancoso e Arraial d\u2019Ajuda, o Club Med recebe voc\u00ea em um cen\u00e1rio excepcional, no alto das fal\u00e9sias de uma praia paradis\u00edaca!\" \/>\n<meta name=\"robots\" content=\"index, follow, max-snippet:-1, max-image-preview:large, max-video-preview:-1\" \/>\n<link rel=\"canonical\" href=\"https:\/\/clubedeviagensmoms.com.br\/homolog\/produto\/club-med-trancoso\/\" \/>\n<meta property=\"og:locale\" content=\"pt_BR\" \/>\n<meta property=\"og:type\" content=\"article\" \/>\n<meta property=\"og:title\" content=\"Club Med Trancoso - Clube Moms\" \/>\n<meta property=\"og:description\" content=\"Entre Trancoso e Arraial d\u2019Ajuda, o Club Med recebe voc\u00ea em um cen\u00e1rio excepcional, no alto das fal\u00e9sias de uma praia paradis\u00edaca!\" \/>\n<meta property=\"og:url\" content=\"https:\/\/clubedeviagensmoms.com.br\/homolog\/produto\/club-med-trancoso\/\" \/>\n<meta property=\"og:site_name\" content=\"Clube Moms\" \/>\n<meta property=\"article:modified_time\" content=\"2023-08-30T15:25:17+00:00\" \/>\n<meta name=\"twitter:card\" content=\"summary_large_image\" \/>\n<meta name=\"twitter:image\" content=\"https:\/\/clubedeviagensmoms.com.br\/homolog\/wp-content\/uploads\/2021\/10\/club-med-trancoso-paisagem.jpg\" \/>\n<meta name=\"twitter:label1\" content=\"Est. tempo de leitura\" \/>\n\t<meta name=\"twitter:data1\" content=\"3 minutos\" \/>\n<script type=\"application\/ld+json\" class=\"yoast-schema-graph\">{\"@context\":\"https:\/\/schema.org\",\"@graph\":[{\"@type\":\"WebPage\",\"@id\":\"https:\/\/clubedeviagensmoms.com.br\/homolog\/produto\/club-med-trancoso\/\",\"url\":\"https:\/\/clubedeviagensmoms.com.br\/homolog\/produto\/club-med-trancoso\/\",\"name\":\"Club Med Trancoso - Clube Moms\",\"isPartOf\":{\"@id\":\"https:\/\/clubedeviagensmoms.com.br\/homolog\/#website\"},\"datePublished\":\"2021-10-29T22:55:58+00:00\",\"dateModified\":\"2023-08-30T15:25:17+00:00\",\"description\":\"Entre Trancoso e Arraial d\u2019Ajuda, o Club Med recebe voc\u00ea em um cen\u00e1rio excepcional, no alto das fal\u00e9sias de uma praia paradis\u00edaca!\",\"breadcrumb\":{\"@id\":\"https:\/\/clubedeviagensmoms.com.br\/homolog\/produto\/club-med-trancoso\/#breadcrumb\"},\"inLanguage\":\"pt-BR\",\"potentialAction\":[{\"@type\":\"ReadAction\",\"target\":[\"https:\/\/clubedeviagensmoms.com.br\/homolog\/produto\/club-med-trancoso\/\"]}]},{\"@type\":\"BreadcrumbList\",\"@id\":\"https:\/\/clubedeviagensmoms.com.br\/homolog\/produto\/club-med-trancoso\/#breadcrumb\",\"itemListElement\":[{\"@type\":\"ListItem\",\"position\":1,\"name\":\"Home\",\"item\":\"https:\/\/clubedeviagensmoms.com.br\/homolog\/\"},{\"@type\":\"ListItem\",\"position\":2,\"name\":\"Vamos Viajar\",\"item\":\"https:\/\/clubedeviagensmoms.com.br\/homolog\/shop\/\"},{\"@type\":\"ListItem\",\"position\":3,\"name\":\"Club Med Trancoso\"}]},{\"@type\":\"WebSite\",\"@id\":\"https:\/\/clubedeviagensmoms.com.br\/homolog\/#website\",\"url\":\"https:\/\/clubedeviagensmoms.com.br\/homolog\/\",\"name\":\"Clube Moms\",\"description\":\"O Clube Moms \u00e9 uma ag\u00eancia de turismo com foco em fam\u00edlias com crian\u00e7as, que uno os conceitos de Consultoria Especializada e Clube de Vantagens.\",\"potentialAction\":[{\"@type\":\"SearchAction\",\"target\":{\"@type\":\"EntryPoint\",\"urlTemplate\":\"https:\/\/clubedeviagensmoms.com.br\/homolog\/?s={search_term_string}\"},\"query-input\":\"required name=search_term_string\"}],\"inLanguage\":\"pt-BR\"}]}<\/script>\n<!-- \/ Yoast SEO Premium plugin. -->","yoast_head_json":{"title":"Club Med Trancoso - Clube Moms","description":"Entre Trancoso e Arraial d\u2019Ajuda, o Club Med recebe voc\u00ea em um cen\u00e1rio excepcional, no alto das fal\u00e9sias de uma praia paradis\u00edaca!","robots":{"index":"index","follow":"follow","max-snippet":"max-snippet:-1","max-image-preview":"max-image-preview:large","max-video-preview":"max-video-preview:-1"},"canonical":"https:\/\/clubedeviagensmoms.com.br\/homolog\/produto\/club-med-trancoso\/","og_locale":"pt_BR","og_type":"article","og_title":"Club Med Trancoso - Clube Moms","og_description":"Entre Trancoso e Arraial d\u2019Ajuda, o Club Med recebe voc\u00ea em um cen\u00e1rio excepcional, no alto das fal\u00e9sias de uma praia paradis\u00edaca!","og_url":"https:\/\/clubedeviagensmoms.com.br\/homolog\/produto\/club-med-trancoso\/","og_site_name":"Clube Moms","article_modified_time":"2023-08-30T15:25:17+00:00","twitter_card":"summary_large_image","twitter_image":"https:\/\/clubedeviagensmoms.com.br\/homolog\/wp-content\/uploads\/2021\/10\/club-med-trancoso-paisagem.jpg","twitter_misc":{"Est. tempo de leitura":"3 minutos"},"schema":{"@context":"https:\/\/schema.org","@graph":[{"@type":"WebPage","@id":"https:\/\/clubedeviagensmoms.com.br\/homolog\/produto\/club-med-trancoso\/","url":"https:\/\/clubedeviagensmoms.com.br\/homolog\/produto\/club-med-trancoso\/","name":"Club Med Trancoso - Clube Moms","isPartOf":{"@id":"https:\/\/clubedeviagensmoms.com.br\/homolog\/#website"},"datePublished":"2021-10-29T22:55:58+00:00","dateModified":"2023-08-30T15:25:17+00:00","description":"Entre Trancoso e Arraial d\u2019Ajuda, o Club Med recebe voc\u00ea em um cen\u00e1rio excepcional, no alto das fal\u00e9sias de uma praia paradis\u00edaca!","breadcrumb":{"@id":"https:\/\/clubedeviagensmoms.com.br\/homolog\/produto\/club-med-trancoso\/#breadcrumb"},"inLanguage":"pt-BR","potentialAction":[{"@type":"ReadAction","target":["https:\/\/clubedeviagensmoms.com.br\/homolog\/produto\/club-med-trancoso\/"]}]},{"@type":"BreadcrumbList","@id":"https:\/\/clubedeviagensmoms.com.br\/homolog\/produto\/club-med-trancoso\/#breadcrumb","itemListElement":[{"@type":"ListItem","position":1,"name":"Home","item":"https:\/\/clubedeviagensmoms.com.br\/homolog\/"},{"@type":"ListItem","position":2,"name":"Vamos Viajar","item":"https:\/\/clubedeviagensmoms.com.br\/homolog\/shop\/"},{"@type":"ListItem","position":3,"name":"Club Med Trancoso"}]},{"@type":"WebSite","@id":"https:\/\/clubedeviagensmoms.com.br\/homolog\/#website","url":"https:\/\/clubedeviagensmoms.com.br\/homolog\/","name":"Clube Moms","description":"O Clube Moms \u00e9 uma ag\u00eancia de turismo com foco em fam\u00edlias com crian\u00e7as, que uno os conceitos de Consultoria Especializada e Clube de Vantagens.","potentialAction":[{"@type":"SearchAction","target":{"@type":"EntryPoint","urlTemplate":"https:\/\/clubedeviagensmoms.com.br\/homolog\/?s={search_term_string}"},"query-input":"required name=search_term_string"}],"inLanguage":"pt-BR"}]}},"_links":{"self":[{"href":"https:\/\/clubedeviagensmoms.com.br\/homolog\/wp-json\/wp\/v2\/product\/4066","targetHints":{"allow":["GET"]}}],"collection":[{"href":"https:\/\/clubedeviagensmoms.com.br\/homolog\/wp-json\/wp\/v2\/product"}],"about":[{"href":"https:\/\/clubedeviagensmoms.com.br\/homolog\/wp-json\/wp\/v2\/types\/product"}],"replies":[{"embeddable":true,"href":"https:\/\/clubedeviagensmoms.com.br\/homolog\/wp-json\/wp\/v2\/comments?post=4066"}],"wp:featuredmedia":[{"embeddable":true,"href":"https:\/\/clubedeviagensmoms.com.br\/homolog\/wp-json\/wp\/v2\/media\/2045"}],"wp:attachment":[{"href":"https:\/\/clubedeviagensmoms.com.br\/homolog\/wp-json\/wp\/v2\/media?parent=4066"}],"wp:term":[{"taxonomy":"product_cat","embeddable":true,"href":"https:\/\/clubedeviagensmoms.com.br\/homolog\/wp-json\/wp\/v2\/product_cat?post=4066"},{"taxonomy":"product_tag","embeddable":true,"href":"https:\/\/clubedeviagensmoms.com.br\/homolog\/wp-json\/wp\/v2\/product_tag?post=4066"}],"curies":[{"name":"wp","href":"https:\/\/api.w.org\/{rel}","templated":true}]}}