{"id":4068,"date":"2021-10-29T19:55:58","date_gmt":"2021-10-29T22:55:58","guid":{"rendered":"http:\/\/clubedeviagensmoms.com.br\/homolog\/taober_wp\/?post_type=product&#038;p=4068"},"modified":"2023-08-30T12:26:18","modified_gmt":"2023-08-30T15:26:18","slug":"vila-verde-hotel","status":"publish","type":"product","link":"https:\/\/clubedeviagensmoms.com.br\/homolog\/produto\/vila-verde-hotel\/","title":{"rendered":"Vila Verde Hotel"},"content":{"rendered":"<p><span>O Vila Verde Hotel esbanja tranquilidade e conforto, al\u00e9m de estar em meio a natureza, em um lugar inesquec\u00edvel! Ele \u00e9 um pequeno para\u00edso <\/span><span>em meio \u00e0 beleza da Mata Atl\u00e2ntica, na rodovia que liga Nova Friburgo a Teres\u00f3polis. S\u00e3o 44 mil m\u00b2 de \u00e1rea verde, com estrutura de lazer e recrea\u00e7\u00e3o, bem como <\/span><span>trilhas na mata e tamb\u00e9m contato direto com animais t\u00edpicos de fazenda!<\/span><\/p>\n<p>O hotel disp\u00f5e de diversas op\u00e7\u00f5es para lazer, como piscina, tirolesa e parquinho sem mencionar a recrea\u00e7\u00e3o, que \u00e9 oferecia a crian\u00e7as maiores de 05 anos aos finais de semana!<\/p>\n<p>Em rela\u00e7\u00e3o \u00e0 gastronomia, o Vila Verde Hotel disp\u00f5e de uma culin\u00e1ria deliciosa, com pratos que atendem a todos os gostos! Conta com um restaurante super moderno que agrega ainda mais \u00e0 experi\u00eancia!<\/p>\n<p><span>O convite que voc\u00ea estava esperando, para trocar o estresse por muita paz e <\/span><span>conforto est\u00e1 aqui e voc\u00ea n\u00e3o pode ficar de fora!<\/span><\/p>\n<p>&nbsp;<\/p>\n<p>Ent\u00e3o, venha conhecer e desfrutar do Vila Verde Hotel! Voc\u00ea n\u00e3o vai se arrepender!<\/p>\n<p>Se voc\u00ea ainda n\u00e3o conhece nossas redes sociais, vem dar uma conferida no nosso<span>\u00a0<\/span><a href=\"https:\/\/www.instagram.com\/clubedeviagensmoms\/\">Instagram<\/a><span>\u00a0<\/span>e tamb\u00e9m na nossa<span>\u00a0<\/span><a href=\"https:\/\/www.facebook.com\/ClubeDeViagensMoms\/?hc_ref=ARREVFAUN6kemqQPikWPR6yOVqfolWuZ4Gm2u6EX4fJ2-jyHER8eDB5si8DvGkabbOE&amp;fref=nf&amp;__xts__[0]=68.ARAXJqd_Jm68dG9qh_a7A_hAS8hHGdRg1Cq8Je9my1EPnGBRo26TI37xs6IY6NhynKSzyIDhPcBRqvr6Nzuwi7g2W4UPO84T0-vU7mWKXia_C51FzzqVsE3HthHbuQetTo9gapY&amp;__tn__=kC-R\">p\u00e1gina do Facebook<\/a>! Ainda, temos um<span>\u00a0<\/span><a href=\"https:\/\/www.facebook.com\/groups\/clubedeviagensmoms\/\">grupo do Facebook<\/a>, ent\u00e3o, venha fazer parte!<\/p>\n<p>E se voc\u00ea quiser conferir nossos outros hot\u00e9is parceiros, clique<span>\u00a0<\/span><a href=\"http:\/\/clubedeviagensmoms.com.br\/homolog\/vamos-viajar\/hoteis\/\" target=\"_blank\" rel=\"noopener noreferrer\">aqui<\/a>!<\/p>\n","protected":false},"excerpt":{"rendered":"<p>A tranquilidade, o conforto e a natureza em um lugar inesquec\u00edvel! Assim \u00e9 o Hotel Vila Verde, um pequeno para\u00edso em meio \u00e0 beleza da Mata Atl\u00e2ntica!<\/p>\n","protected":false},"featured_media":2026,"comment_status":"closed","ping_status":"closed","template":"","meta":[],"product_cat":[21],"product_tag":[27,28,29,30,31,316,317,37,38,39,40],"class_list":["post-4068","product","type-product","status-publish","has-post-thumbnail","hentry","product_cat-hoteis","product_tag-clube-de-viagens-moms","product_tag-clube-moms","product_tag-criancas","product_tag-diversao","product_tag-diversao-em-familia","product_tag-hoteis-de-serra","product_tag-nova-friburgo","product_tag-rio-de-janeiro","product_tag-viagem","product_tag-viagem-com-criancas","product_tag-viagem-em-familia","pa_destino-nova-friburgo","pa_destino-rio-de-janeiro","pa_estrutura-lazer-arvorismo","pa_estrutura-lazer-fazendinha","pa_estrutura-lazer-hidromassagem","pa_estrutura-lazer-parquinho","pa_estrutura-lazer-piscina","pa_estrutura-lazer-piscina-aquecida","pa_estrutura-lazer-playground","pa_estrutura-lazer-quadra-poliesportiva","pa_estrutura-lazer-restaurante","pa_estrutura-lazer-spa","pa_estrutura-lazer-tirolesa","pa_regime-de-alimentacao-cafe-da-manha","pa_regime-de-alimentacao-pensao-completa"],"acf":[],"yoast_head":"<!-- This site is optimized with the Yoast SEO Premium plugin v16.0.2 (Yoast SEO v21.2) - https:\/\/yoast.com\/wordpress\/plugins\/seo\/ -->\n<title>Vila Verde Hotel - Clube Moms<\/title>\n<meta name=\"description\" content=\"A tranquilidade, o conforto e a natureza em um lugar inesquec\u00edvel! Assim \u00e9 o Hotel Vila Verde, um pequeno para\u00edso em meio \u00e0 beleza da Mata Atl\u00e2ntica!\" \/>\n<meta name=\"robots\" content=\"index, follow, max-snippet:-1, max-image-preview:large, max-video-preview:-1\" \/>\n<link rel=\"canonical\" href=\"https:\/\/clubedeviagensmoms.com.br\/homolog\/produto\/vila-verde-hotel\/\" \/>\n<meta property=\"og:locale\" content=\"pt_BR\" \/>\n<meta property=\"og:type\" content=\"article\" \/>\n<meta property=\"og:title\" content=\"Vila Verde Hotel - Clube Moms\" \/>\n<meta property=\"og:description\" content=\"A tranquilidade, o conforto e a natureza em um lugar inesquec\u00edvel! Assim \u00e9 o Hotel Vila Verde, um pequeno para\u00edso em meio \u00e0 beleza da Mata Atl\u00e2ntica!\" \/>\n<meta property=\"og:url\" content=\"https:\/\/clubedeviagensmoms.com.br\/homolog\/produto\/vila-verde-hotel\/\" \/>\n<meta property=\"og:site_name\" content=\"Clube Moms\" \/>\n<meta property=\"article:modified_time\" content=\"2023-08-30T15:26:18+00:00\" \/>\n<meta name=\"twitter:card\" content=\"summary_large_image\" \/>\n<meta name=\"twitter:image\" content=\"https:\/\/clubedeviagensmoms.com.br\/homolog\/wp-content\/uploads\/2021\/10\/vila-verde-area-externa.jpg\" \/>\n<meta name=\"twitter:label1\" content=\"Est. tempo de leitura\" \/>\n\t<meta name=\"twitter:data1\" content=\"1 minuto\" \/>\n<script type=\"application\/ld+json\" class=\"yoast-schema-graph\">{\"@context\":\"https:\/\/schema.org\",\"@graph\":[{\"@type\":\"WebPage\",\"@id\":\"https:\/\/clubedeviagensmoms.com.br\/homolog\/produto\/vila-verde-hotel\/\",\"url\":\"https:\/\/clubedeviagensmoms.com.br\/homolog\/produto\/vila-verde-hotel\/\",\"name\":\"Vila Verde Hotel - Clube Moms\",\"isPartOf\":{\"@id\":\"https:\/\/clubedeviagensmoms.com.br\/homolog\/#website\"},\"datePublished\":\"2021-10-29T22:55:58+00:00\",\"dateModified\":\"2023-08-30T15:26:18+00:00\",\"description\":\"A tranquilidade, o conforto e a natureza em um lugar inesquec\u00edvel! Assim \u00e9 o Hotel Vila Verde, um pequeno para\u00edso em meio \u00e0 beleza da Mata Atl\u00e2ntica!\",\"breadcrumb\":{\"@id\":\"https:\/\/clubedeviagensmoms.com.br\/homolog\/produto\/vila-verde-hotel\/#breadcrumb\"},\"inLanguage\":\"pt-BR\",\"potentialAction\":[{\"@type\":\"ReadAction\",\"target\":[\"https:\/\/clubedeviagensmoms.com.br\/homolog\/produto\/vila-verde-hotel\/\"]}]},{\"@type\":\"BreadcrumbList\",\"@id\":\"https:\/\/clubedeviagensmoms.com.br\/homolog\/produto\/vila-verde-hotel\/#breadcrumb\",\"itemListElement\":[{\"@type\":\"ListItem\",\"position\":1,\"name\":\"Home\",\"item\":\"https:\/\/clubedeviagensmoms.com.br\/homolog\/\"},{\"@type\":\"ListItem\",\"position\":2,\"name\":\"Vamos Viajar\",\"item\":\"https:\/\/clubedeviagensmoms.com.br\/homolog\/shop\/\"},{\"@type\":\"ListItem\",\"position\":3,\"name\":\"Vila Verde Hotel\"}]},{\"@type\":\"WebSite\",\"@id\":\"https:\/\/clubedeviagensmoms.com.br\/homolog\/#website\",\"url\":\"https:\/\/clubedeviagensmoms.com.br\/homolog\/\",\"name\":\"Clube Moms\",\"description\":\"O Clube Moms \u00e9 uma ag\u00eancia de turismo com foco em fam\u00edlias com crian\u00e7as, que uno os conceitos de Consultoria Especializada e Clube de Vantagens.\",\"potentialAction\":[{\"@type\":\"SearchAction\",\"target\":{\"@type\":\"EntryPoint\",\"urlTemplate\":\"https:\/\/clubedeviagensmoms.com.br\/homolog\/?s={search_term_string}\"},\"query-input\":\"required name=search_term_string\"}],\"inLanguage\":\"pt-BR\"}]}<\/script>\n<!-- \/ Yoast SEO Premium plugin. -->","yoast_head_json":{"title":"Vila Verde Hotel - Clube Moms","description":"A tranquilidade, o conforto e a natureza em um lugar inesquec\u00edvel! Assim \u00e9 o Hotel Vila Verde, um pequeno para\u00edso em meio \u00e0 beleza da Mata Atl\u00e2ntica!","robots":{"index":"index","follow":"follow","max-snippet":"max-snippet:-1","max-image-preview":"max-image-preview:large","max-video-preview":"max-video-preview:-1"},"canonical":"https:\/\/clubedeviagensmoms.com.br\/homolog\/produto\/vila-verde-hotel\/","og_locale":"pt_BR","og_type":"article","og_title":"Vila Verde Hotel - Clube Moms","og_description":"A tranquilidade, o conforto e a natureza em um lugar inesquec\u00edvel! Assim \u00e9 o Hotel Vila Verde, um pequeno para\u00edso em meio \u00e0 beleza da Mata Atl\u00e2ntica!","og_url":"https:\/\/clubedeviagensmoms.com.br\/homolog\/produto\/vila-verde-hotel\/","og_site_name":"Clube Moms","article_modified_time":"2023-08-30T15:26:18+00:00","twitter_card":"summary_large_image","twitter_image":"https:\/\/clubedeviagensmoms.com.br\/homolog\/wp-content\/uploads\/2021\/10\/vila-verde-area-externa.jpg","twitter_misc":{"Est. tempo de leitura":"1 minuto"},"schema":{"@context":"https:\/\/schema.org","@graph":[{"@type":"WebPage","@id":"https:\/\/clubedeviagensmoms.com.br\/homolog\/produto\/vila-verde-hotel\/","url":"https:\/\/clubedeviagensmoms.com.br\/homolog\/produto\/vila-verde-hotel\/","name":"Vila Verde Hotel - Clube Moms","isPartOf":{"@id":"https:\/\/clubedeviagensmoms.com.br\/homolog\/#website"},"datePublished":"2021-10-29T22:55:58+00:00","dateModified":"2023-08-30T15:26:18+00:00","description":"A tranquilidade, o conforto e a natureza em um lugar inesquec\u00edvel! Assim \u00e9 o Hotel Vila Verde, um pequeno para\u00edso em meio \u00e0 beleza da Mata Atl\u00e2ntica!","breadcrumb":{"@id":"https:\/\/clubedeviagensmoms.com.br\/homolog\/produto\/vila-verde-hotel\/#breadcrumb"},"inLanguage":"pt-BR","potentialAction":[{"@type":"ReadAction","target":["https:\/\/clubedeviagensmoms.com.br\/homolog\/produto\/vila-verde-hotel\/"]}]},{"@type":"BreadcrumbList","@id":"https:\/\/clubedeviagensmoms.com.br\/homolog\/produto\/vila-verde-hotel\/#breadcrumb","itemListElement":[{"@type":"ListItem","position":1,"name":"Home","item":"https:\/\/clubedeviagensmoms.com.br\/homolog\/"},{"@type":"ListItem","position":2,"name":"Vamos Viajar","item":"https:\/\/clubedeviagensmoms.com.br\/homolog\/shop\/"},{"@type":"ListItem","position":3,"name":"Vila Verde Hotel"}]},{"@type":"WebSite","@id":"https:\/\/clubedeviagensmoms.com.br\/homolog\/#website","url":"https:\/\/clubedeviagensmoms.com.br\/homolog\/","name":"Clube Moms","description":"O Clube Moms \u00e9 uma ag\u00eancia de turismo com foco em fam\u00edlias com crian\u00e7as, que uno os conceitos de Consultoria Especializada e Clube de Vantagens.","potentialAction":[{"@type":"SearchAction","target":{"@type":"EntryPoint","urlTemplate":"https:\/\/clubedeviagensmoms.com.br\/homolog\/?s={search_term_string}"},"query-input":"required name=search_term_string"}],"inLanguage":"pt-BR"}]}},"_links":{"self":[{"href":"https:\/\/clubedeviagensmoms.com.br\/homolog\/wp-json\/wp\/v2\/product\/4068","targetHints":{"allow":["GET"]}}],"collection":[{"href":"https:\/\/clubedeviagensmoms.com.br\/homolog\/wp-json\/wp\/v2\/product"}],"about":[{"href":"https:\/\/clubedeviagensmoms.com.br\/homolog\/wp-json\/wp\/v2\/types\/product"}],"replies":[{"embeddable":true,"href":"https:\/\/clubedeviagensmoms.com.br\/homolog\/wp-json\/wp\/v2\/comments?post=4068"}],"wp:featuredmedia":[{"embeddable":true,"href":"https:\/\/clubedeviagensmoms.com.br\/homolog\/wp-json\/wp\/v2\/media\/2026"}],"wp:attachment":[{"href":"https:\/\/clubedeviagensmoms.com.br\/homolog\/wp-json\/wp\/v2\/media?parent=4068"}],"wp:term":[{"taxonomy":"product_cat","embeddable":true,"href":"https:\/\/clubedeviagensmoms.com.br\/homolog\/wp-json\/wp\/v2\/product_cat?post=4068"},{"taxonomy":"product_tag","embeddable":true,"href":"https:\/\/clubedeviagensmoms.com.br\/homolog\/wp-json\/wp\/v2\/product_tag?post=4068"}],"curies":[{"name":"wp","href":"https:\/\/api.w.org\/{rel}","templated":true}]}}