{"id":4069,"date":"2021-10-29T19:55:58","date_gmt":"2021-10-29T22:55:58","guid":{"rendered":"http:\/\/clubedeviagensmoms.com.br\/homolog\/taober_wp\/?post_type=product&#038;p=4069"},"modified":"2023-08-30T12:25:21","modified_gmt":"2023-08-30T15:25:21","slug":"espaco-la-reserve-club-med-rio-das-pedras","status":"publish","type":"product","link":"https:\/\/clubedeviagensmoms.com.br\/homolog\/produto\/espaco-la-reserve-club-med-rio-das-pedras\/","title":{"rendered":"Espa\u00e7o La R\u00e9serve &#8211; Club Med Rio das Pedras"},"content":{"rendered":"<p>O Espa\u00e7o La R\u00e9serve fica dentro do Club Med Rio das Pedras, l<span>ocalizado no cora\u00e7\u00e3o da Mata Atl\u00e2ntica, entre o verde exuberante da floresta e uma praia de areia dourada. Um ref\u00fagio perfeito para voc\u00ea relaxar e se divertir! Ainda, o Espa\u00e7o La R\u00e9serve<\/span>\u00a0\u00e9 o primeiro espa\u00e7o 5T do Brasil!<\/p>\n<p>Aqui, voc\u00ea poder\u00e1 desfrutar de toda a infraestrutura dispon\u00edvel no Village Rio das Pedras. Al\u00e9m disso, voc\u00ea ter\u00e1 acesso a servi\u00e7os exclusivos, como recep\u00e7\u00e3o pr\u00f3pria, servi\u00e7o de concierge, room service e muito mais!<\/p>\n<p>Ainda, as acomoda\u00e7\u00f5es s\u00e3o muito sofisticadas e especiais. S\u00e3o decoradas pelo renomado designer Marc Hertrich e divididas em duas categorias: su\u00edtes com 70 m\u00b2 e Penthouses, que s\u00e3o coberturas com terra\u00e7o mobiliado com hidromassagem e vista privilegiada!<\/p>\n<p>Um lugar perfeito para desfrutar o sistema Premium All Inclusive do Village com privacidade, sofistica\u00e7\u00e3o e vista paradis\u00edaca!<\/p>\n<p>Venha conhecer e desfrutar do Espa\u00e7o La R\u00e9serve no Club Med Rio das Pedras! Voc\u00ea n\u00e3o vai se arrepender!<\/p>\n<p>Se voc\u00ea ainda n\u00e3o conhece nossas redes sociais, vem dar uma conferida no nosso<span>\u00a0<\/span><a href=\"https:\/\/www.instagram.com\/clubedeviagensmoms\/\">Instagram<\/a><span>\u00a0<\/span>e tamb\u00e9m na nossa<span>\u00a0<\/span><a href=\"https:\/\/www.facebook.com\/ClubeDeViagensMoms\/?hc_ref=ARREVFAUN6kemqQPikWPR6yOVqfolWuZ4Gm2u6EX4fJ2-jyHER8eDB5si8DvGkabbOE&amp;fref=nf&amp;__xts__[0]=68.ARAXJqd_Jm68dG9qh_a7A_hAS8hHGdRg1Cq8Je9my1EPnGBRo26TI37xs6IY6NhynKSzyIDhPcBRqvr6Nzuwi7g2W4UPO84T0-vU7mWKXia_C51FzzqVsE3HthHbuQetTo9gapY&amp;__tn__=kC-R\">p\u00e1gina do Facebook<\/a>! Al\u00e9m disso, temos um<span>\u00a0<\/span><a href=\"https:\/\/www.facebook.com\/groups\/clubedeviagensmoms\/\">grupo do Facebook<\/a>, ent\u00e3o, venha fazer parte!<\/p>\n<p>E, por fim, se voc\u00ea quiser conferir nossos outros hot\u00e9is parceiros, clique<span>\u00a0<\/span><a href=\"http:\/\/clubedeviagensmoms.com.br\/homolog\/vamos-viajar\/hoteis\/\" target=\"_blank\" rel=\"noopener noreferrer\">aqui<\/a>!<\/p>\n<p>&nbsp;<\/p>\n","protected":false},"excerpt":{"rendered":"<p>O La R\u00e9serve fica no Club Med Rio das Pedras e \u00e9 o primeiro espa\u00e7o 5T do Brasil, com privacidade, sofistica\u00e7\u00e3o e vista paradis\u00edaca!<\/p>\n","protected":false},"featured_media":2210,"comment_status":"closed","ping_status":"closed","template":"","meta":[],"product_cat":[21],"product_tag":[167,27,28,36,37,54],"class_list":["post-4069","product","type-product","status-publish","has-post-thumbnail","hentry","product_cat-hoteis","product_tag-club-med","product_tag-clube-de-viagens-moms","product_tag-clube-moms","product_tag-resort","product_tag-rio-de-janeiro","product_tag-viagem-com-a-familia","pa_destino-mangaratiba","pa_destino-rio-de-janeiro","pa_estrutura-lazer-concierge","pa_estrutura-lazer-piscina-exclusiva","pa_estrutura-lazer-recepcao-propria","pa_estrutura-lazer-room-service","pa_estrutura-lazer-spa-in-room","pa_regime-de-alimentacao-all-inclusive"],"acf":[],"yoast_head":"<!-- This site is optimized with the Yoast SEO Premium plugin v16.0.2 (Yoast SEO v21.2) - https:\/\/yoast.com\/wordpress\/plugins\/seo\/ -->\n<title>Espa\u00e7o La R\u00e9serve - Club Med Rio das Pedras - Clube Moms<\/title>\n<meta name=\"description\" content=\"O La R\u00e9serve fica no Club Med Rio das Pedras e \u00e9 o primeiro espa\u00e7o 5T do Brasil, com privacidade, sofistica\u00e7\u00e3o e vista paradis\u00edaca!\" \/>\n<meta name=\"robots\" content=\"index, follow, max-snippet:-1, max-image-preview:large, max-video-preview:-1\" \/>\n<link rel=\"canonical\" href=\"https:\/\/clubedeviagensmoms.com.br\/homolog\/produto\/espaco-la-reserve-club-med-rio-das-pedras\/\" \/>\n<meta property=\"og:locale\" content=\"pt_BR\" \/>\n<meta property=\"og:type\" content=\"article\" \/>\n<meta property=\"og:title\" content=\"Espa\u00e7o La R\u00e9serve - Club Med Rio das Pedras - Clube Moms\" \/>\n<meta property=\"og:description\" content=\"O La R\u00e9serve fica no Club Med Rio das Pedras e \u00e9 o primeiro espa\u00e7o 5T do Brasil, com privacidade, sofistica\u00e7\u00e3o e vista paradis\u00edaca!\" \/>\n<meta property=\"og:url\" content=\"https:\/\/clubedeviagensmoms.com.br\/homolog\/produto\/espaco-la-reserve-club-med-rio-das-pedras\/\" \/>\n<meta property=\"og:site_name\" content=\"Clube Moms\" \/>\n<meta property=\"article:modified_time\" content=\"2023-08-30T15:25:21+00:00\" \/>\n<meta name=\"twitter:card\" content=\"summary_large_image\" \/>\n<meta name=\"twitter:image\" content=\"https:\/\/clubedeviagensmoms.com.br\/homolog\/wp-content\/uploads\/2021\/10\/club-med-rio-das-pedras-piscina-com-espreguicadeiras.jpg\" \/>\n<meta name=\"twitter:label1\" content=\"Est. tempo de leitura\" \/>\n\t<meta name=\"twitter:data1\" content=\"2 minutos\" \/>\n<script type=\"application\/ld+json\" class=\"yoast-schema-graph\">{\"@context\":\"https:\/\/schema.org\",\"@graph\":[{\"@type\":\"WebPage\",\"@id\":\"https:\/\/clubedeviagensmoms.com.br\/homolog\/produto\/espaco-la-reserve-club-med-rio-das-pedras\/\",\"url\":\"https:\/\/clubedeviagensmoms.com.br\/homolog\/produto\/espaco-la-reserve-club-med-rio-das-pedras\/\",\"name\":\"Espa\u00e7o La R\u00e9serve - Club Med Rio das Pedras - Clube Moms\",\"isPartOf\":{\"@id\":\"https:\/\/clubedeviagensmoms.com.br\/homolog\/#website\"},\"datePublished\":\"2021-10-29T22:55:58+00:00\",\"dateModified\":\"2023-08-30T15:25:21+00:00\",\"description\":\"O La R\u00e9serve fica no Club Med Rio das Pedras e \u00e9 o primeiro espa\u00e7o 5T do Brasil, com privacidade, sofistica\u00e7\u00e3o e vista paradis\u00edaca!\",\"breadcrumb\":{\"@id\":\"https:\/\/clubedeviagensmoms.com.br\/homolog\/produto\/espaco-la-reserve-club-med-rio-das-pedras\/#breadcrumb\"},\"inLanguage\":\"pt-BR\",\"potentialAction\":[{\"@type\":\"ReadAction\",\"target\":[\"https:\/\/clubedeviagensmoms.com.br\/homolog\/produto\/espaco-la-reserve-club-med-rio-das-pedras\/\"]}]},{\"@type\":\"BreadcrumbList\",\"@id\":\"https:\/\/clubedeviagensmoms.com.br\/homolog\/produto\/espaco-la-reserve-club-med-rio-das-pedras\/#breadcrumb\",\"itemListElement\":[{\"@type\":\"ListItem\",\"position\":1,\"name\":\"Home\",\"item\":\"https:\/\/clubedeviagensmoms.com.br\/homolog\/\"},{\"@type\":\"ListItem\",\"position\":2,\"name\":\"Vamos Viajar\",\"item\":\"https:\/\/clubedeviagensmoms.com.br\/homolog\/shop\/\"},{\"@type\":\"ListItem\",\"position\":3,\"name\":\"Espa\u00e7o La R\u00e9serve &#8211; Club Med Rio das Pedras\"}]},{\"@type\":\"WebSite\",\"@id\":\"https:\/\/clubedeviagensmoms.com.br\/homolog\/#website\",\"url\":\"https:\/\/clubedeviagensmoms.com.br\/homolog\/\",\"name\":\"Clube Moms\",\"description\":\"O Clube Moms \u00e9 uma ag\u00eancia de turismo com foco em fam\u00edlias com crian\u00e7as, que uno os conceitos de Consultoria Especializada e Clube de Vantagens.\",\"potentialAction\":[{\"@type\":\"SearchAction\",\"target\":{\"@type\":\"EntryPoint\",\"urlTemplate\":\"https:\/\/clubedeviagensmoms.com.br\/homolog\/?s={search_term_string}\"},\"query-input\":\"required name=search_term_string\"}],\"inLanguage\":\"pt-BR\"}]}<\/script>\n<!-- \/ Yoast SEO Premium plugin. -->","yoast_head_json":{"title":"Espa\u00e7o La R\u00e9serve - Club Med Rio das Pedras - Clube Moms","description":"O La R\u00e9serve fica no Club Med Rio das Pedras e \u00e9 o primeiro espa\u00e7o 5T do Brasil, com privacidade, sofistica\u00e7\u00e3o e vista paradis\u00edaca!","robots":{"index":"index","follow":"follow","max-snippet":"max-snippet:-1","max-image-preview":"max-image-preview:large","max-video-preview":"max-video-preview:-1"},"canonical":"https:\/\/clubedeviagensmoms.com.br\/homolog\/produto\/espaco-la-reserve-club-med-rio-das-pedras\/","og_locale":"pt_BR","og_type":"article","og_title":"Espa\u00e7o La R\u00e9serve - Club Med Rio das Pedras - Clube Moms","og_description":"O La R\u00e9serve fica no Club Med Rio das Pedras e \u00e9 o primeiro espa\u00e7o 5T do Brasil, com privacidade, sofistica\u00e7\u00e3o e vista paradis\u00edaca!","og_url":"https:\/\/clubedeviagensmoms.com.br\/homolog\/produto\/espaco-la-reserve-club-med-rio-das-pedras\/","og_site_name":"Clube Moms","article_modified_time":"2023-08-30T15:25:21+00:00","twitter_card":"summary_large_image","twitter_image":"https:\/\/clubedeviagensmoms.com.br\/homolog\/wp-content\/uploads\/2021\/10\/club-med-rio-das-pedras-piscina-com-espreguicadeiras.jpg","twitter_misc":{"Est. tempo de leitura":"2 minutos"},"schema":{"@context":"https:\/\/schema.org","@graph":[{"@type":"WebPage","@id":"https:\/\/clubedeviagensmoms.com.br\/homolog\/produto\/espaco-la-reserve-club-med-rio-das-pedras\/","url":"https:\/\/clubedeviagensmoms.com.br\/homolog\/produto\/espaco-la-reserve-club-med-rio-das-pedras\/","name":"Espa\u00e7o La R\u00e9serve - Club Med Rio das Pedras - Clube Moms","isPartOf":{"@id":"https:\/\/clubedeviagensmoms.com.br\/homolog\/#website"},"datePublished":"2021-10-29T22:55:58+00:00","dateModified":"2023-08-30T15:25:21+00:00","description":"O La R\u00e9serve fica no Club Med Rio das Pedras e \u00e9 o primeiro espa\u00e7o 5T do Brasil, com privacidade, sofistica\u00e7\u00e3o e vista paradis\u00edaca!","breadcrumb":{"@id":"https:\/\/clubedeviagensmoms.com.br\/homolog\/produto\/espaco-la-reserve-club-med-rio-das-pedras\/#breadcrumb"},"inLanguage":"pt-BR","potentialAction":[{"@type":"ReadAction","target":["https:\/\/clubedeviagensmoms.com.br\/homolog\/produto\/espaco-la-reserve-club-med-rio-das-pedras\/"]}]},{"@type":"BreadcrumbList","@id":"https:\/\/clubedeviagensmoms.com.br\/homolog\/produto\/espaco-la-reserve-club-med-rio-das-pedras\/#breadcrumb","itemListElement":[{"@type":"ListItem","position":1,"name":"Home","item":"https:\/\/clubedeviagensmoms.com.br\/homolog\/"},{"@type":"ListItem","position":2,"name":"Vamos Viajar","item":"https:\/\/clubedeviagensmoms.com.br\/homolog\/shop\/"},{"@type":"ListItem","position":3,"name":"Espa\u00e7o La R\u00e9serve &#8211; Club Med Rio das Pedras"}]},{"@type":"WebSite","@id":"https:\/\/clubedeviagensmoms.com.br\/homolog\/#website","url":"https:\/\/clubedeviagensmoms.com.br\/homolog\/","name":"Clube Moms","description":"O Clube Moms \u00e9 uma ag\u00eancia de turismo com foco em fam\u00edlias com crian\u00e7as, que uno os conceitos de Consultoria Especializada e Clube de Vantagens.","potentialAction":[{"@type":"SearchAction","target":{"@type":"EntryPoint","urlTemplate":"https:\/\/clubedeviagensmoms.com.br\/homolog\/?s={search_term_string}"},"query-input":"required name=search_term_string"}],"inLanguage":"pt-BR"}]}},"_links":{"self":[{"href":"https:\/\/clubedeviagensmoms.com.br\/homolog\/wp-json\/wp\/v2\/product\/4069","targetHints":{"allow":["GET"]}}],"collection":[{"href":"https:\/\/clubedeviagensmoms.com.br\/homolog\/wp-json\/wp\/v2\/product"}],"about":[{"href":"https:\/\/clubedeviagensmoms.com.br\/homolog\/wp-json\/wp\/v2\/types\/product"}],"replies":[{"embeddable":true,"href":"https:\/\/clubedeviagensmoms.com.br\/homolog\/wp-json\/wp\/v2\/comments?post=4069"}],"wp:featuredmedia":[{"embeddable":true,"href":"https:\/\/clubedeviagensmoms.com.br\/homolog\/wp-json\/wp\/v2\/media\/2210"}],"wp:attachment":[{"href":"https:\/\/clubedeviagensmoms.com.br\/homolog\/wp-json\/wp\/v2\/media?parent=4069"}],"wp:term":[{"taxonomy":"product_cat","embeddable":true,"href":"https:\/\/clubedeviagensmoms.com.br\/homolog\/wp-json\/wp\/v2\/product_cat?post=4069"},{"taxonomy":"product_tag","embeddable":true,"href":"https:\/\/clubedeviagensmoms.com.br\/homolog\/wp-json\/wp\/v2\/product_tag?post=4069"}],"curies":[{"name":"wp","href":"https:\/\/api.w.org\/{rel}","templated":true}]}}