{"id":4070,"date":"2021-10-29T19:55:58","date_gmt":"2021-10-29T22:55:58","guid":{"rendered":"http:\/\/clubedeviagensmoms.com.br\/homolog\/taober_wp\/?post_type=product&#038;p=4070"},"modified":"2023-08-30T12:26:19","modified_gmt":"2023-08-30T15:26:19","slug":"vilarejo-praia-hotel","status":"publish","type":"product","link":"https:\/\/clubedeviagensmoms.com.br\/homolog\/produto\/vilarejo-praia-hotel\/","title":{"rendered":"Vilarejo Praia Hotel"},"content":{"rendered":"<p><span style=\"font-weight: 400;\">O Vilarejo Praia Hotel fica de frente para o mar e com um visual de tirar o f\u00f4lego, al\u00e9m de possuir um localiza\u00e7\u00e3o privilegiada: est\u00e1 a 9km do Terminal rodovi\u00e1rio de Rio das Ostras e da Pra\u00e7a da Baleia e a 4km do museu ao ar livre da Pra\u00e7a do Trem. Com toda a infraestrutura necess\u00e1ria para lazer ou neg\u00f3cios, o hotel possui apartamentos confort\u00e1veis e modernos.<\/span><\/p>\n<p><span style=\"font-weight: 400;\">O caf\u00e9 da manh\u00e3 \u00e9 incluso na tarifa e o lugar \u00e9 perfeito para quem busca mobilidade. Farm\u00e1cia, mercado e loja est\u00e3o bem pr\u00f3ximos de voc\u00ea, garantido conforto e bem-est<\/span><span style=\"font-weight: 400;\">ar na sua estada.<\/span><\/p>\n<p>Voc\u00ea e sua fam\u00edlia ir\u00e3o se divertir ao m\u00e1ximo com toda a estrutura de lazer que o hotel oferece! Aqui tem piscina adulto e infantil, bem como espa\u00e7o kids e sala de jogos! Al\u00e9m disso, oferece sauna e spa para que voc\u00ea relaxe ao m\u00e1ximo durante sua estada! Ainda, possui um restaurante integrado que serve um caf\u00e9 da manh\u00e3 maravilhoso!<\/p>\n<p>Venha conhecer e desfrutar do Vilarejo Praia Hotel! Voc\u00ea n\u00e3o vai se arrepender!<\/p>\n<p>Se voc\u00ea ainda n\u00e3o conhece nossas redes sociais, vem dar uma conferida no nosso\u00a0<a href=\"https:\/\/www.instagram.com\/clubedeviagensmoms\/\">Instagram<\/a>\u00a0e tamb\u00e9m na nossa\u00a0<a href=\"https:\/\/www.facebook.com\/ClubeDeViagensMoms\/?hc_ref=ARREVFAUN6kemqQPikWPR6yOVqfolWuZ4Gm2u6EX4fJ2-jyHER8eDB5si8DvGkabbOE&amp;fref=nf&amp;__xts__[0]=68.ARAXJqd_Jm68dG9qh_a7A_hAS8hHGdRg1Cq8Je9my1EPnGBRo26TI37xs6IY6NhynKSzyIDhPcBRqvr6Nzuwi7g2W4UPO84T0-vU7mWKXia_C51FzzqVsE3HthHbuQetTo9gapY&amp;__tn__=kC-R\">p\u00e1gina do Facebook<\/a>! Ainda, temos um\u00a0<a href=\"https:\/\/www.facebook.com\/groups\/clubedeviagensmoms\/\">grupo do Facebook<\/a>, ent\u00e3o, venha fazer parte!<\/p>\n<p>E se voc\u00ea quiser conferir nossos outros hot\u00e9is parceiros, clique\u00a0<a href=\"http:\/\/clubedeviagensmoms.com.br\/homolog\/vamos-viajar\/hoteis\/\" target=\"_blank\" rel=\"noopener noreferrer\">aqui<\/a>!<\/p>\n","protected":false},"excerpt":{"rendered":"<p>O Vilarejo Praia Hotel \u00e9 uma excelente op\u00e7\u00e3o para quem quer muito conforto! Ele fica de frente para o mar e com um visual de tirar o f\u00f4lego! Venha conferir!<\/p>\n","protected":false},"featured_media":2643,"comment_status":"closed","ping_status":"closed","template":"","meta":[],"product_cat":[21],"product_tag":[27,28,29,30,31,318,37,40],"class_list":["post-4070","product","type-product","status-publish","has-post-thumbnail","hentry","product_cat-hoteis","product_tag-clube-de-viagens-moms","product_tag-clube-moms","product_tag-criancas","product_tag-diversao","product_tag-diversao-em-familia","product_tag-rio-das-ostras","product_tag-rio-de-janeiro","product_tag-viagem-em-familia"],"acf":[],"yoast_head":"<!-- This site is optimized with the Yoast SEO Premium plugin v16.0.2 (Yoast SEO v21.2) - https:\/\/yoast.com\/wordpress\/plugins\/seo\/ -->\n<title>Vilarejo Praia Hotel - Clube Moms<\/title>\n<meta name=\"description\" content=\"O Vilarejo Praia Hotel \u00e9 uma excelente op\u00e7\u00e3o para quem quer muito conforto! Ele fica de frente para o mar e com um visual de tirar o f\u00f4lego! Venha conferir!\" \/>\n<meta name=\"robots\" content=\"index, follow, max-snippet:-1, max-image-preview:large, max-video-preview:-1\" \/>\n<link rel=\"canonical\" href=\"https:\/\/clubedeviagensmoms.com.br\/homolog\/produto\/vilarejo-praia-hotel\/\" \/>\n<meta property=\"og:locale\" content=\"pt_BR\" \/>\n<meta property=\"og:type\" content=\"article\" \/>\n<meta property=\"og:title\" content=\"Vilarejo Praia Hotel - Clube Moms\" \/>\n<meta property=\"og:description\" content=\"O Vilarejo Praia Hotel \u00e9 uma excelente op\u00e7\u00e3o para quem quer muito conforto! Ele fica de frente para o mar e com um visual de tirar o f\u00f4lego! Venha conferir!\" \/>\n<meta property=\"og:url\" content=\"https:\/\/clubedeviagensmoms.com.br\/homolog\/produto\/vilarejo-praia-hotel\/\" \/>\n<meta property=\"og:site_name\" content=\"Clube Moms\" \/>\n<meta property=\"article:modified_time\" content=\"2023-08-30T15:26:19+00:00\" \/>\n<meta name=\"twitter:card\" content=\"summary_large_image\" \/>\n<meta name=\"twitter:image\" content=\"https:\/\/clubedeviagensmoms.com.br\/homolog\/wp-content\/uploads\/2021\/10\/vilarejo-praia-hotel-visao-geral-piscina.jpg\" \/>\n<meta name=\"twitter:label1\" content=\"Est. tempo de leitura\" \/>\n\t<meta name=\"twitter:data1\" content=\"2 minutos\" \/>\n<script type=\"application\/ld+json\" class=\"yoast-schema-graph\">{\"@context\":\"https:\/\/schema.org\",\"@graph\":[{\"@type\":\"WebPage\",\"@id\":\"https:\/\/clubedeviagensmoms.com.br\/homolog\/produto\/vilarejo-praia-hotel\/\",\"url\":\"https:\/\/clubedeviagensmoms.com.br\/homolog\/produto\/vilarejo-praia-hotel\/\",\"name\":\"Vilarejo Praia Hotel - Clube Moms\",\"isPartOf\":{\"@id\":\"https:\/\/clubedeviagensmoms.com.br\/homolog\/#website\"},\"datePublished\":\"2021-10-29T22:55:58+00:00\",\"dateModified\":\"2023-08-30T15:26:19+00:00\",\"description\":\"O Vilarejo Praia Hotel \u00e9 uma excelente op\u00e7\u00e3o para quem quer muito conforto! Ele fica de frente para o mar e com um visual de tirar o f\u00f4lego! Venha conferir!\",\"breadcrumb\":{\"@id\":\"https:\/\/clubedeviagensmoms.com.br\/homolog\/produto\/vilarejo-praia-hotel\/#breadcrumb\"},\"inLanguage\":\"pt-BR\",\"potentialAction\":[{\"@type\":\"ReadAction\",\"target\":[\"https:\/\/clubedeviagensmoms.com.br\/homolog\/produto\/vilarejo-praia-hotel\/\"]}]},{\"@type\":\"BreadcrumbList\",\"@id\":\"https:\/\/clubedeviagensmoms.com.br\/homolog\/produto\/vilarejo-praia-hotel\/#breadcrumb\",\"itemListElement\":[{\"@type\":\"ListItem\",\"position\":1,\"name\":\"Home\",\"item\":\"https:\/\/clubedeviagensmoms.com.br\/homolog\/\"},{\"@type\":\"ListItem\",\"position\":2,\"name\":\"Vamos Viajar\",\"item\":\"https:\/\/clubedeviagensmoms.com.br\/homolog\/shop\/\"},{\"@type\":\"ListItem\",\"position\":3,\"name\":\"Vilarejo Praia Hotel\"}]},{\"@type\":\"WebSite\",\"@id\":\"https:\/\/clubedeviagensmoms.com.br\/homolog\/#website\",\"url\":\"https:\/\/clubedeviagensmoms.com.br\/homolog\/\",\"name\":\"Clube Moms\",\"description\":\"O Clube Moms \u00e9 uma ag\u00eancia de turismo com foco em fam\u00edlias com crian\u00e7as, que uno os conceitos de Consultoria Especializada e Clube de Vantagens.\",\"potentialAction\":[{\"@type\":\"SearchAction\",\"target\":{\"@type\":\"EntryPoint\",\"urlTemplate\":\"https:\/\/clubedeviagensmoms.com.br\/homolog\/?s={search_term_string}\"},\"query-input\":\"required name=search_term_string\"}],\"inLanguage\":\"pt-BR\"}]}<\/script>\n<!-- \/ Yoast SEO Premium plugin. -->","yoast_head_json":{"title":"Vilarejo Praia Hotel - Clube Moms","description":"O Vilarejo Praia Hotel \u00e9 uma excelente op\u00e7\u00e3o para quem quer muito conforto! Ele fica de frente para o mar e com um visual de tirar o f\u00f4lego! Venha conferir!","robots":{"index":"index","follow":"follow","max-snippet":"max-snippet:-1","max-image-preview":"max-image-preview:large","max-video-preview":"max-video-preview:-1"},"canonical":"https:\/\/clubedeviagensmoms.com.br\/homolog\/produto\/vilarejo-praia-hotel\/","og_locale":"pt_BR","og_type":"article","og_title":"Vilarejo Praia Hotel - Clube Moms","og_description":"O Vilarejo Praia Hotel \u00e9 uma excelente op\u00e7\u00e3o para quem quer muito conforto! Ele fica de frente para o mar e com um visual de tirar o f\u00f4lego! Venha conferir!","og_url":"https:\/\/clubedeviagensmoms.com.br\/homolog\/produto\/vilarejo-praia-hotel\/","og_site_name":"Clube Moms","article_modified_time":"2023-08-30T15:26:19+00:00","twitter_card":"summary_large_image","twitter_image":"https:\/\/clubedeviagensmoms.com.br\/homolog\/wp-content\/uploads\/2021\/10\/vilarejo-praia-hotel-visao-geral-piscina.jpg","twitter_misc":{"Est. tempo de leitura":"2 minutos"},"schema":{"@context":"https:\/\/schema.org","@graph":[{"@type":"WebPage","@id":"https:\/\/clubedeviagensmoms.com.br\/homolog\/produto\/vilarejo-praia-hotel\/","url":"https:\/\/clubedeviagensmoms.com.br\/homolog\/produto\/vilarejo-praia-hotel\/","name":"Vilarejo Praia Hotel - Clube Moms","isPartOf":{"@id":"https:\/\/clubedeviagensmoms.com.br\/homolog\/#website"},"datePublished":"2021-10-29T22:55:58+00:00","dateModified":"2023-08-30T15:26:19+00:00","description":"O Vilarejo Praia Hotel \u00e9 uma excelente op\u00e7\u00e3o para quem quer muito conforto! Ele fica de frente para o mar e com um visual de tirar o f\u00f4lego! Venha conferir!","breadcrumb":{"@id":"https:\/\/clubedeviagensmoms.com.br\/homolog\/produto\/vilarejo-praia-hotel\/#breadcrumb"},"inLanguage":"pt-BR","potentialAction":[{"@type":"ReadAction","target":["https:\/\/clubedeviagensmoms.com.br\/homolog\/produto\/vilarejo-praia-hotel\/"]}]},{"@type":"BreadcrumbList","@id":"https:\/\/clubedeviagensmoms.com.br\/homolog\/produto\/vilarejo-praia-hotel\/#breadcrumb","itemListElement":[{"@type":"ListItem","position":1,"name":"Home","item":"https:\/\/clubedeviagensmoms.com.br\/homolog\/"},{"@type":"ListItem","position":2,"name":"Vamos Viajar","item":"https:\/\/clubedeviagensmoms.com.br\/homolog\/shop\/"},{"@type":"ListItem","position":3,"name":"Vilarejo Praia Hotel"}]},{"@type":"WebSite","@id":"https:\/\/clubedeviagensmoms.com.br\/homolog\/#website","url":"https:\/\/clubedeviagensmoms.com.br\/homolog\/","name":"Clube Moms","description":"O Clube Moms \u00e9 uma ag\u00eancia de turismo com foco em fam\u00edlias com crian\u00e7as, que uno os conceitos de Consultoria Especializada e Clube de Vantagens.","potentialAction":[{"@type":"SearchAction","target":{"@type":"EntryPoint","urlTemplate":"https:\/\/clubedeviagensmoms.com.br\/homolog\/?s={search_term_string}"},"query-input":"required name=search_term_string"}],"inLanguage":"pt-BR"}]}},"_links":{"self":[{"href":"https:\/\/clubedeviagensmoms.com.br\/homolog\/wp-json\/wp\/v2\/product\/4070","targetHints":{"allow":["GET"]}}],"collection":[{"href":"https:\/\/clubedeviagensmoms.com.br\/homolog\/wp-json\/wp\/v2\/product"}],"about":[{"href":"https:\/\/clubedeviagensmoms.com.br\/homolog\/wp-json\/wp\/v2\/types\/product"}],"replies":[{"embeddable":true,"href":"https:\/\/clubedeviagensmoms.com.br\/homolog\/wp-json\/wp\/v2\/comments?post=4070"}],"wp:featuredmedia":[{"embeddable":true,"href":"https:\/\/clubedeviagensmoms.com.br\/homolog\/wp-json\/wp\/v2\/media\/2643"}],"wp:attachment":[{"href":"https:\/\/clubedeviagensmoms.com.br\/homolog\/wp-json\/wp\/v2\/media?parent=4070"}],"wp:term":[{"taxonomy":"product_cat","embeddable":true,"href":"https:\/\/clubedeviagensmoms.com.br\/homolog\/wp-json\/wp\/v2\/product_cat?post=4070"},{"taxonomy":"product_tag","embeddable":true,"href":"https:\/\/clubedeviagensmoms.com.br\/homolog\/wp-json\/wp\/v2\/product_tag?post=4070"}],"curies":[{"name":"wp","href":"https:\/\/api.w.org\/{rel}","templated":true}]}}