{"id":4075,"date":"2021-10-29T19:56:16","date_gmt":"2021-10-29T22:56:16","guid":{"rendered":"http:\/\/clubedeviagensmoms.com.br\/homolog\/taober_wp\/?post_type=product&#038;p=4075"},"modified":"2023-08-30T12:25:24","modified_gmt":"2023-08-30T15:25:24","slug":"ferradura-resort","status":"publish","type":"product","link":"https:\/\/clubedeviagensmoms.com.br\/homolog\/produto\/ferradura-resort\/","title":{"rendered":"Ferradura Resort"},"content":{"rendered":"<p>De frente para uma das melhores praias para crian\u00e7a em B\u00fazios, o Ferradura Resort combina conforto, entretenimento e qualidade de servi\u00e7os. Sempre com o compromisso de tornar sua experi\u00eancia \u00fanica, oferece a voc\u00ea e \u00e0 sua fam\u00edlia uma excelente estrutura, com ambientes amplos e belo paisagismo.<\/p>\n<p>Com uma estrutura de lazer extensa, o hotel conta com 6 piscinas, 3 hidromassagens aquecidas, bem como, quadra de areia, sala de jogos, espa\u00e7o kids e muito mais.<\/p>\n<p>Ainda, o resort oferece recrea\u00e7\u00e3o at\u00e9 \u00e0s 17h com lanchinho para as crian\u00e7as hospedadas independente do regime alimentar. Ademais, o seu animal de estima\u00e7\u00e3o tamb\u00e9m pode ir com voc\u00ea, j\u00e1 que o resort \u00e9 Pet Friendly.<\/p>\n<p>Por fim, o Ferradura Resort oferece 84 su\u00edtes amplas e modernas com uma decora\u00e7\u00e3o exclusiva, entre piscinas e jardins, aliada a uma excelente estrutura de lazer e complexo de eventos com capacidade para receber at\u00e9 500 pessoas em formato audit\u00f3rio.<\/p>\n<p>Confira mais <a href=\"http:\/\/clubedeviagensmoms.com.br\/homolog\/vamos-viajar\/hoteis\/\" target=\"_blank\" rel=\"noopener noreferrer\">hot\u00e9is parceiros moms aqui<\/a>.<\/p>\n","protected":false},"excerpt":{"rendered":"<p>De frente para uma das melhores praias para crian\u00e7a em B\u00fazios, o Ferradura Resort combina conforto, entretenimento e qualidade de servi\u00e7os. Sempre com o compromisso de tornar sua experi\u00eancia \u00fanica, oferece a voc\u00ea e \u00e0 sua fam\u00edlia uma excelente estrutura, com ambientes amplos e belo paisagismo. Com uma estrutura de lazer extensa, o hotel conta [&hellip;]<\/p>\n","protected":false},"featured_media":2020,"comment_status":"closed","ping_status":"closed","template":"","meta":[],"product_cat":[21],"product_tag":[],"class_list":["post-4075","product","type-product","status-publish","has-post-thumbnail","hentry","product_cat-hoteis"],"acf":[],"yoast_head":"<!-- This site is optimized with the Yoast SEO Premium plugin v16.0.2 (Yoast SEO v21.2) - https:\/\/yoast.com\/wordpress\/plugins\/seo\/ -->\n<title>Ferradura Resort - Clube Moms<\/title>\n<meta name=\"description\" content=\"De frente para uma das melhores praias para crian\u00e7a em B\u00fazios, o Ferradura Resort combina conforto, entretenimento e qualidade de servi\u00e7os.\" \/>\n<meta name=\"robots\" content=\"index, follow, max-snippet:-1, max-image-preview:large, max-video-preview:-1\" \/>\n<link rel=\"canonical\" href=\"https:\/\/clubedeviagensmoms.com.br\/homolog\/produto\/ferradura-resort\/\" \/>\n<meta property=\"og:locale\" content=\"pt_BR\" \/>\n<meta property=\"og:type\" content=\"article\" \/>\n<meta property=\"og:title\" content=\"Ferradura Resort - Clube Moms\" \/>\n<meta property=\"og:description\" content=\"De frente para uma das melhores praias para crian\u00e7a em B\u00fazios, o Ferradura Resort combina conforto, entretenimento e qualidade de servi\u00e7os.\" \/>\n<meta property=\"og:url\" content=\"https:\/\/clubedeviagensmoms.com.br\/homolog\/produto\/ferradura-resort\/\" \/>\n<meta property=\"og:site_name\" content=\"Clube Moms\" \/>\n<meta property=\"article:modified_time\" content=\"2023-08-30T15:25:24+00:00\" \/>\n<meta property=\"og:image\" content=\"https:\/\/clubedeviagensmoms.com.br\/homolog\/wp-content\/uploads\/2021\/10\/lazer-piscina-ferradura-resort-1.jpg\" \/>\n\t<meta property=\"og:image:width\" content=\"901\" \/>\n\t<meta property=\"og:image:height\" content=\"600\" \/>\n\t<meta property=\"og:image:type\" content=\"image\/jpeg\" \/>\n<meta name=\"twitter:card\" content=\"summary_large_image\" \/>\n<meta name=\"twitter:label1\" content=\"Est. tempo de leitura\" \/>\n\t<meta name=\"twitter:data1\" content=\"1 minuto\" \/>\n<script type=\"application\/ld+json\" class=\"yoast-schema-graph\">{\"@context\":\"https:\/\/schema.org\",\"@graph\":[{\"@type\":\"WebPage\",\"@id\":\"https:\/\/clubedeviagensmoms.com.br\/homolog\/produto\/ferradura-resort\/\",\"url\":\"https:\/\/clubedeviagensmoms.com.br\/homolog\/produto\/ferradura-resort\/\",\"name\":\"Ferradura Resort - Clube Moms\",\"isPartOf\":{\"@id\":\"https:\/\/clubedeviagensmoms.com.br\/homolog\/#website\"},\"datePublished\":\"2021-10-29T22:56:16+00:00\",\"dateModified\":\"2023-08-30T15:25:24+00:00\",\"description\":\"De frente para uma das melhores praias para crian\u00e7a em B\u00fazios, o Ferradura Resort combina conforto, entretenimento e qualidade de servi\u00e7os.\",\"breadcrumb\":{\"@id\":\"https:\/\/clubedeviagensmoms.com.br\/homolog\/produto\/ferradura-resort\/#breadcrumb\"},\"inLanguage\":\"pt-BR\",\"potentialAction\":[{\"@type\":\"ReadAction\",\"target\":[\"https:\/\/clubedeviagensmoms.com.br\/homolog\/produto\/ferradura-resort\/\"]}]},{\"@type\":\"BreadcrumbList\",\"@id\":\"https:\/\/clubedeviagensmoms.com.br\/homolog\/produto\/ferradura-resort\/#breadcrumb\",\"itemListElement\":[{\"@type\":\"ListItem\",\"position\":1,\"name\":\"Home\",\"item\":\"https:\/\/clubedeviagensmoms.com.br\/homolog\/\"},{\"@type\":\"ListItem\",\"position\":2,\"name\":\"Vamos Viajar\",\"item\":\"https:\/\/clubedeviagensmoms.com.br\/homolog\/shop\/\"},{\"@type\":\"ListItem\",\"position\":3,\"name\":\"Ferradura Resort\"}]},{\"@type\":\"WebSite\",\"@id\":\"https:\/\/clubedeviagensmoms.com.br\/homolog\/#website\",\"url\":\"https:\/\/clubedeviagensmoms.com.br\/homolog\/\",\"name\":\"Clube Moms\",\"description\":\"O Clube Moms \u00e9 uma ag\u00eancia de turismo com foco em fam\u00edlias com crian\u00e7as, que uno os conceitos de Consultoria Especializada e Clube de Vantagens.\",\"potentialAction\":[{\"@type\":\"SearchAction\",\"target\":{\"@type\":\"EntryPoint\",\"urlTemplate\":\"https:\/\/clubedeviagensmoms.com.br\/homolog\/?s={search_term_string}\"},\"query-input\":\"required name=search_term_string\"}],\"inLanguage\":\"pt-BR\"}]}<\/script>\n<!-- \/ Yoast SEO Premium plugin. -->","yoast_head_json":{"title":"Ferradura Resort - Clube Moms","description":"De frente para uma das melhores praias para crian\u00e7a em B\u00fazios, o Ferradura Resort combina conforto, entretenimento e qualidade de servi\u00e7os.","robots":{"index":"index","follow":"follow","max-snippet":"max-snippet:-1","max-image-preview":"max-image-preview:large","max-video-preview":"max-video-preview:-1"},"canonical":"https:\/\/clubedeviagensmoms.com.br\/homolog\/produto\/ferradura-resort\/","og_locale":"pt_BR","og_type":"article","og_title":"Ferradura Resort - Clube Moms","og_description":"De frente para uma das melhores praias para crian\u00e7a em B\u00fazios, o Ferradura Resort combina conforto, entretenimento e qualidade de servi\u00e7os.","og_url":"https:\/\/clubedeviagensmoms.com.br\/homolog\/produto\/ferradura-resort\/","og_site_name":"Clube Moms","article_modified_time":"2023-08-30T15:25:24+00:00","og_image":[{"width":901,"height":600,"url":"https:\/\/clubedeviagensmoms.com.br\/homolog\/wp-content\/uploads\/2021\/10\/lazer-piscina-ferradura-resort-1.jpg","type":"image\/jpeg"}],"twitter_card":"summary_large_image","twitter_misc":{"Est. tempo de leitura":"1 minuto"},"schema":{"@context":"https:\/\/schema.org","@graph":[{"@type":"WebPage","@id":"https:\/\/clubedeviagensmoms.com.br\/homolog\/produto\/ferradura-resort\/","url":"https:\/\/clubedeviagensmoms.com.br\/homolog\/produto\/ferradura-resort\/","name":"Ferradura Resort - Clube Moms","isPartOf":{"@id":"https:\/\/clubedeviagensmoms.com.br\/homolog\/#website"},"datePublished":"2021-10-29T22:56:16+00:00","dateModified":"2023-08-30T15:25:24+00:00","description":"De frente para uma das melhores praias para crian\u00e7a em B\u00fazios, o Ferradura Resort combina conforto, entretenimento e qualidade de servi\u00e7os.","breadcrumb":{"@id":"https:\/\/clubedeviagensmoms.com.br\/homolog\/produto\/ferradura-resort\/#breadcrumb"},"inLanguage":"pt-BR","potentialAction":[{"@type":"ReadAction","target":["https:\/\/clubedeviagensmoms.com.br\/homolog\/produto\/ferradura-resort\/"]}]},{"@type":"BreadcrumbList","@id":"https:\/\/clubedeviagensmoms.com.br\/homolog\/produto\/ferradura-resort\/#breadcrumb","itemListElement":[{"@type":"ListItem","position":1,"name":"Home","item":"https:\/\/clubedeviagensmoms.com.br\/homolog\/"},{"@type":"ListItem","position":2,"name":"Vamos Viajar","item":"https:\/\/clubedeviagensmoms.com.br\/homolog\/shop\/"},{"@type":"ListItem","position":3,"name":"Ferradura Resort"}]},{"@type":"WebSite","@id":"https:\/\/clubedeviagensmoms.com.br\/homolog\/#website","url":"https:\/\/clubedeviagensmoms.com.br\/homolog\/","name":"Clube Moms","description":"O Clube Moms \u00e9 uma ag\u00eancia de turismo com foco em fam\u00edlias com crian\u00e7as, que uno os conceitos de Consultoria Especializada e Clube de Vantagens.","potentialAction":[{"@type":"SearchAction","target":{"@type":"EntryPoint","urlTemplate":"https:\/\/clubedeviagensmoms.com.br\/homolog\/?s={search_term_string}"},"query-input":"required name=search_term_string"}],"inLanguage":"pt-BR"}]}},"_links":{"self":[{"href":"https:\/\/clubedeviagensmoms.com.br\/homolog\/wp-json\/wp\/v2\/product\/4075","targetHints":{"allow":["GET"]}}],"collection":[{"href":"https:\/\/clubedeviagensmoms.com.br\/homolog\/wp-json\/wp\/v2\/product"}],"about":[{"href":"https:\/\/clubedeviagensmoms.com.br\/homolog\/wp-json\/wp\/v2\/types\/product"}],"replies":[{"embeddable":true,"href":"https:\/\/clubedeviagensmoms.com.br\/homolog\/wp-json\/wp\/v2\/comments?post=4075"}],"wp:featuredmedia":[{"embeddable":true,"href":"https:\/\/clubedeviagensmoms.com.br\/homolog\/wp-json\/wp\/v2\/media\/2020"}],"wp:attachment":[{"href":"https:\/\/clubedeviagensmoms.com.br\/homolog\/wp-json\/wp\/v2\/media?parent=4075"}],"wp:term":[{"taxonomy":"product_cat","embeddable":true,"href":"https:\/\/clubedeviagensmoms.com.br\/homolog\/wp-json\/wp\/v2\/product_cat?post=4075"},{"taxonomy":"product_tag","embeddable":true,"href":"https:\/\/clubedeviagensmoms.com.br\/homolog\/wp-json\/wp\/v2\/product_tag?post=4075"}],"curies":[{"name":"wp","href":"https:\/\/api.w.org\/{rel}","templated":true}]}}