{"id":4076,"date":"2021-10-29T19:56:17","date_gmt":"2021-10-29T22:56:17","guid":{"rendered":"http:\/\/clubedeviagensmoms.com.br\/homolog\/taober_wp\/?post_type=product&#038;p=4076"},"modified":"2023-08-30T12:25:08","modified_gmt":"2023-08-30T15:25:08","slug":"bourbon-atibaia-resort","status":"publish","type":"product","link":"https:\/\/clubedeviagensmoms.com.br\/homolog\/produto\/bourbon-atibaia-resort\/","title":{"rendered":"Bourbon Atibaia Resort"},"content":{"rendered":"<p>O Bourbon Atibaia Resort \u00e9 ideal para divers\u00e3o em fam\u00edlia! As crian\u00e7as v\u00e3o amar o resort tem\u00e1tico da Turma da M\u00f4nica!<\/p>\n<p>Localizado em Atibaia em SP, o resort fica a a apenas <span> 50 km de S\u00e3o Paulo e 433km do Rio de Janeiro. Seu grande diferencial \u00e9 sua tem\u00e1tica da Turma da M\u00f4nica<\/span><span>!<\/span><span> Al\u00e9m da ampla estrtura de lazer as crian\u00e7as brincam no Espa\u00e7os da Turma da M\u00f4nica e tem a possibilidade\u00a0de encontrar os personagens.\u00a0<\/span><\/p>\n<p><span>Instalado em 400 mil m\u00b2, o Bourbon Atibaia oferece uma surpreendente estrutura de lazer que convive em harmonia com a sofistica\u00e7\u00e3o, bem como, uma natureza incr\u00edvel. <\/span>piscinas, quadras esportivas, pista de cooped, cinema, brinquedoteca, bem como, trilha ecol\u00f3gico, pared\u00e3o de escalada, playgroound, SPA e arvorismo s\u00e3o alguma das op\u00e7\u00f5es de lazer.<\/p>\n<p>Al\u00e9m disso, o Bourbon Atibaia \u00e9 o quinto maior resort em n\u00famero de apartamentos no Brasil. Ao todo, s\u00e3o 572 apartamentos e su\u00edtes com varanda, todos com ar-condicionado e aquecimento central, isolamento ac\u00fastico TV a cabo, bem como, internet, telefone, cofre, minibar, secador de cabelo e detector de fuma\u00e7a e sprinklers. Tudo para o maior conforto e seguran\u00e7a da sua fam\u00edlia.<\/p>\n<p>Ainda, para quem procura uma excelente gastronomia, o Bourbon Atibaia Resort oferece diversas op\u00e7\u00f5es<span> de espa\u00e7os gastron\u00f4micos. Tudo pensado para que sua fam\u00edlia tenha, a cada refei\u00e7\u00e3o, uma verdadeira experi\u00eancia.<\/span><\/p>\n<p>O Resort \u00e9 Pet Friendly, ou seja, seu pet pode aproveitar o resort com voc\u00eas!<\/p>\n<p><span style=\"color: #000000;\"><strong>Gostou do Bourbon Atibaia Resort? E<\/strong><\/span><span style=\"color: #000000;\"><strong>nt\u00e3o, <a href=\"https:\/\/wa.me\/5521964046487\" target=\"_blank\" rel=\"noopener noreferrer\" style=\"color: #000000;\">entre em contato com a gente e conhe\u00e7a o resort!<\/a><\/strong><\/span><\/p>\n<p>Confira tamb\u00e9m nossas<a href=\"http:\/\/clubedeviagensmoms.com.br\/homolog\/vamos-viajar\/ofertas-especiais\/\" target=\"_blank\" rel=\"noopener noreferrer\"> ofertas especiais<\/a>!<\/p>\n<p><span style=\"color: #000000;\">Por fim, se voc\u00ea ainda n\u00e3o conhece nossas redes sociais, vem dar uma conferida no nosso<\/span><span style=\"color: #000000;\">\u00a0<\/span><a href=\"https:\/\/www.instagram.com\/clubedeviagensmoms\/\" target=\"_blank\" rel=\"noopener noreferrer\" style=\"color: #000000;\">Instagram\u00a0<\/a><span style=\"color: #000000;\">com muitas dicas. Em seguida, curta tamb\u00e9m a nossa<\/span><span style=\"color: #000000;\">\u00a0<\/span><a href=\"https:\/\/www.facebook.com\/ClubeDeViagensMoms\/?hc_ref=ARREVFAUN6kemqQPikWPR6yOVqfolWuZ4Gm2u6EX4fJ2-jyHER8eDB5si8DvGkabbOE&amp;fref=nf&amp;__xts__[0]=68.ARAXJqd_Jm68dG9qh_a7A_hAS8hHGdRg1Cq8Je9my1EPnGBRo26TI37xs6IY6NhynKSzyIDhPcBRqvr6Nzuwi7g2W4UPO84T0-vU7mWKXia_C51FzzqVsE3HthHbuQetTo9gapY&amp;__tn__=kC-R\" target=\"_blank\" rel=\"noopener noreferrer\" style=\"color: #000000;\">p\u00e1gina do Facebook<\/a><span style=\"color: #000000;\">\u00a0<\/span><span style=\"color: #000000;\">e participe do nosso<\/span><span style=\"color: #000000;\">\u00a0<\/span><a href=\"https:\/\/www.facebook.com\/groups\/clubedeviagensmoms\/\" target=\"_blank\" rel=\"noopener noreferrer\" style=\"color: #000000;\">grupo fechado.<\/a><span style=\"color: #000000;\">\u00a0<\/span><span style=\"color: #000000;\">Junte-se a n\u00f3s!\u00a0<\/span><\/p>\n","protected":false},"excerpt":{"rendered":"<p>O Bourbon Atibaia Resort \u00e9 ideal para divers\u00e3o em fam\u00edlia! As crian\u00e7as v\u00e3o amar o resort tem\u00e1tico da Turma da M\u00f4nica! Localizado em Atibaia em SP, o resort fica a a apenas 50 km de S\u00e3o Paulo e 433km do Rio de Janeiro. Seu grande diferencial \u00e9 sua tem\u00e1tica da Turma da M\u00f4nica! Al\u00e9m da [&hellip;]<\/p>\n","protected":false},"featured_media":2094,"comment_status":"closed","ping_status":"closed","template":"","meta":[],"product_cat":[21],"product_tag":[],"class_list":["post-4076","product","type-product","status-publish","has-post-thumbnail","hentry","product_cat-hoteis"],"acf":[],"yoast_head":"<!-- This site is optimized with the Yoast SEO Premium plugin v16.0.2 (Yoast SEO v21.2) - https:\/\/yoast.com\/wordpress\/plugins\/seo\/ -->\n<title>Bourbon Atibaia Resort da Turma da M\u00f4nica - Clube Moms<\/title>\n<meta name=\"description\" content=\"O Bourbon Atibaia Resort \u00e9 um resort tem\u00e1tico da Turma da M\u00f4nica perfeito para se divertir em fam\u00edlia com uma ampla estrutura de lazer.\" \/>\n<meta name=\"robots\" content=\"index, follow, max-snippet:-1, max-image-preview:large, max-video-preview:-1\" \/>\n<link rel=\"canonical\" href=\"https:\/\/clubedeviagensmoms.com.br\/homolog\/produto\/bourbon-atibaia-resort\/\" \/>\n<meta property=\"og:locale\" content=\"pt_BR\" \/>\n<meta property=\"og:type\" content=\"article\" \/>\n<meta property=\"og:title\" content=\"Bourbon Atibaia Resort da Turma da M\u00f4nica - Clube Moms\" \/>\n<meta property=\"og:description\" content=\"O Bourbon Atibaia Resort \u00e9 um resort tem\u00e1tico da Turma da M\u00f4nica perfeito para se divertir em fam\u00edlia com uma ampla estrutura de lazer.\" \/>\n<meta property=\"og:url\" content=\"https:\/\/clubedeviagensmoms.com.br\/homolog\/produto\/bourbon-atibaia-resort\/\" \/>\n<meta property=\"og:site_name\" content=\"Clube Moms\" \/>\n<meta property=\"article:modified_time\" content=\"2023-08-30T15:25:08+00:00\" \/>\n<meta property=\"og:image\" content=\"https:\/\/clubedeviagensmoms.com.br\/homolog\/wp-content\/uploads\/2021\/10\/bourboun-atibaia-piscina-infantil2.jpg\" \/>\n\t<meta property=\"og:image:width\" content=\"1024\" \/>\n\t<meta property=\"og:image:height\" content=\"536\" \/>\n\t<meta property=\"og:image:type\" content=\"image\/jpeg\" \/>\n<meta name=\"twitter:card\" content=\"summary_large_image\" \/>\n<meta name=\"twitter:label1\" content=\"Est. tempo de leitura\" \/>\n\t<meta name=\"twitter:data1\" content=\"2 minutos\" \/>\n<script type=\"application\/ld+json\" class=\"yoast-schema-graph\">{\"@context\":\"https:\/\/schema.org\",\"@graph\":[{\"@type\":\"WebPage\",\"@id\":\"https:\/\/clubedeviagensmoms.com.br\/homolog\/produto\/bourbon-atibaia-resort\/\",\"url\":\"https:\/\/clubedeviagensmoms.com.br\/homolog\/produto\/bourbon-atibaia-resort\/\",\"name\":\"Bourbon Atibaia Resort da Turma da M\u00f4nica - Clube Moms\",\"isPartOf\":{\"@id\":\"https:\/\/clubedeviagensmoms.com.br\/homolog\/#website\"},\"datePublished\":\"2021-10-29T22:56:17+00:00\",\"dateModified\":\"2023-08-30T15:25:08+00:00\",\"description\":\"O Bourbon Atibaia Resort \u00e9 um resort tem\u00e1tico da Turma da M\u00f4nica perfeito para se divertir em fam\u00edlia com uma ampla estrutura de lazer.\",\"breadcrumb\":{\"@id\":\"https:\/\/clubedeviagensmoms.com.br\/homolog\/produto\/bourbon-atibaia-resort\/#breadcrumb\"},\"inLanguage\":\"pt-BR\",\"potentialAction\":[{\"@type\":\"ReadAction\",\"target\":[\"https:\/\/clubedeviagensmoms.com.br\/homolog\/produto\/bourbon-atibaia-resort\/\"]}]},{\"@type\":\"BreadcrumbList\",\"@id\":\"https:\/\/clubedeviagensmoms.com.br\/homolog\/produto\/bourbon-atibaia-resort\/#breadcrumb\",\"itemListElement\":[{\"@type\":\"ListItem\",\"position\":1,\"name\":\"Home\",\"item\":\"https:\/\/clubedeviagensmoms.com.br\/homolog\/\"},{\"@type\":\"ListItem\",\"position\":2,\"name\":\"Vamos Viajar\",\"item\":\"https:\/\/clubedeviagensmoms.com.br\/homolog\/shop\/\"},{\"@type\":\"ListItem\",\"position\":3,\"name\":\"Bourbon Atibaia Resort\"}]},{\"@type\":\"WebSite\",\"@id\":\"https:\/\/clubedeviagensmoms.com.br\/homolog\/#website\",\"url\":\"https:\/\/clubedeviagensmoms.com.br\/homolog\/\",\"name\":\"Clube Moms\",\"description\":\"O Clube Moms \u00e9 uma ag\u00eancia de turismo com foco em fam\u00edlias com crian\u00e7as, que uno os conceitos de Consultoria Especializada e Clube de Vantagens.\",\"potentialAction\":[{\"@type\":\"SearchAction\",\"target\":{\"@type\":\"EntryPoint\",\"urlTemplate\":\"https:\/\/clubedeviagensmoms.com.br\/homolog\/?s={search_term_string}\"},\"query-input\":\"required name=search_term_string\"}],\"inLanguage\":\"pt-BR\"}]}<\/script>\n<!-- \/ Yoast SEO Premium plugin. -->","yoast_head_json":{"title":"Bourbon Atibaia Resort da Turma da M\u00f4nica - Clube Moms","description":"O Bourbon Atibaia Resort \u00e9 um resort tem\u00e1tico da Turma da M\u00f4nica perfeito para se divertir em fam\u00edlia com uma ampla estrutura de lazer.","robots":{"index":"index","follow":"follow","max-snippet":"max-snippet:-1","max-image-preview":"max-image-preview:large","max-video-preview":"max-video-preview:-1"},"canonical":"https:\/\/clubedeviagensmoms.com.br\/homolog\/produto\/bourbon-atibaia-resort\/","og_locale":"pt_BR","og_type":"article","og_title":"Bourbon Atibaia Resort da Turma da M\u00f4nica - Clube Moms","og_description":"O Bourbon Atibaia Resort \u00e9 um resort tem\u00e1tico da Turma da M\u00f4nica perfeito para se divertir em fam\u00edlia com uma ampla estrutura de lazer.","og_url":"https:\/\/clubedeviagensmoms.com.br\/homolog\/produto\/bourbon-atibaia-resort\/","og_site_name":"Clube Moms","article_modified_time":"2023-08-30T15:25:08+00:00","og_image":[{"width":1024,"height":536,"url":"https:\/\/clubedeviagensmoms.com.br\/homolog\/wp-content\/uploads\/2021\/10\/bourboun-atibaia-piscina-infantil2.jpg","type":"image\/jpeg"}],"twitter_card":"summary_large_image","twitter_misc":{"Est. tempo de leitura":"2 minutos"},"schema":{"@context":"https:\/\/schema.org","@graph":[{"@type":"WebPage","@id":"https:\/\/clubedeviagensmoms.com.br\/homolog\/produto\/bourbon-atibaia-resort\/","url":"https:\/\/clubedeviagensmoms.com.br\/homolog\/produto\/bourbon-atibaia-resort\/","name":"Bourbon Atibaia Resort da Turma da M\u00f4nica - Clube Moms","isPartOf":{"@id":"https:\/\/clubedeviagensmoms.com.br\/homolog\/#website"},"datePublished":"2021-10-29T22:56:17+00:00","dateModified":"2023-08-30T15:25:08+00:00","description":"O Bourbon Atibaia Resort \u00e9 um resort tem\u00e1tico da Turma da M\u00f4nica perfeito para se divertir em fam\u00edlia com uma ampla estrutura de lazer.","breadcrumb":{"@id":"https:\/\/clubedeviagensmoms.com.br\/homolog\/produto\/bourbon-atibaia-resort\/#breadcrumb"},"inLanguage":"pt-BR","potentialAction":[{"@type":"ReadAction","target":["https:\/\/clubedeviagensmoms.com.br\/homolog\/produto\/bourbon-atibaia-resort\/"]}]},{"@type":"BreadcrumbList","@id":"https:\/\/clubedeviagensmoms.com.br\/homolog\/produto\/bourbon-atibaia-resort\/#breadcrumb","itemListElement":[{"@type":"ListItem","position":1,"name":"Home","item":"https:\/\/clubedeviagensmoms.com.br\/homolog\/"},{"@type":"ListItem","position":2,"name":"Vamos Viajar","item":"https:\/\/clubedeviagensmoms.com.br\/homolog\/shop\/"},{"@type":"ListItem","position":3,"name":"Bourbon Atibaia Resort"}]},{"@type":"WebSite","@id":"https:\/\/clubedeviagensmoms.com.br\/homolog\/#website","url":"https:\/\/clubedeviagensmoms.com.br\/homolog\/","name":"Clube Moms","description":"O Clube Moms \u00e9 uma ag\u00eancia de turismo com foco em fam\u00edlias com crian\u00e7as, que uno os conceitos de Consultoria Especializada e Clube de Vantagens.","potentialAction":[{"@type":"SearchAction","target":{"@type":"EntryPoint","urlTemplate":"https:\/\/clubedeviagensmoms.com.br\/homolog\/?s={search_term_string}"},"query-input":"required name=search_term_string"}],"inLanguage":"pt-BR"}]}},"_links":{"self":[{"href":"https:\/\/clubedeviagensmoms.com.br\/homolog\/wp-json\/wp\/v2\/product\/4076","targetHints":{"allow":["GET"]}}],"collection":[{"href":"https:\/\/clubedeviagensmoms.com.br\/homolog\/wp-json\/wp\/v2\/product"}],"about":[{"href":"https:\/\/clubedeviagensmoms.com.br\/homolog\/wp-json\/wp\/v2\/types\/product"}],"replies":[{"embeddable":true,"href":"https:\/\/clubedeviagensmoms.com.br\/homolog\/wp-json\/wp\/v2\/comments?post=4076"}],"wp:featuredmedia":[{"embeddable":true,"href":"https:\/\/clubedeviagensmoms.com.br\/homolog\/wp-json\/wp\/v2\/media\/2094"}],"wp:attachment":[{"href":"https:\/\/clubedeviagensmoms.com.br\/homolog\/wp-json\/wp\/v2\/media?parent=4076"}],"wp:term":[{"taxonomy":"product_cat","embeddable":true,"href":"https:\/\/clubedeviagensmoms.com.br\/homolog\/wp-json\/wp\/v2\/product_cat?post=4076"},{"taxonomy":"product_tag","embeddable":true,"href":"https:\/\/clubedeviagensmoms.com.br\/homolog\/wp-json\/wp\/v2\/product_tag?post=4076"}],"curies":[{"name":"wp","href":"https:\/\/api.w.org\/{rel}","templated":true}]}}