{"id":4077,"date":"2021-10-29T19:56:17","date_gmt":"2021-10-29T22:56:17","guid":{"rendered":"http:\/\/clubedeviagensmoms.com.br\/homolog\/taober_wp\/?post_type=product&#038;p=4077"},"modified":"2023-08-30T12:25:08","modified_gmt":"2023-08-30T15:25:08","slug":"bourbon-cataratas-do-iguacu-resort","status":"publish","type":"product","link":"https:\/\/clubedeviagensmoms.com.br\/homolog\/produto\/bourbon-cataratas-do-iguacu-resort\/","title":{"rendered":"Bourbon Cataratas do Igua\u00e7u Resort"},"content":{"rendered":"<p>O Bourbon Cataratas do Igua\u00e7u Resort fica em Foz do Igua\u00e7u, possui uma ampla estrutura de lazer e \u00e9 tem\u00e1tico da Turma da M\u00f4nica!<\/p>\n<p>O resort fica a apenas 12 KM das Cataras do Igua\u00e7u, perfeito para aproveitar a viagem e conhecer umas das 7 Novas Maravilhas da Natureza. Mas a divers\u00e3o n\u00e3o para por ai, s\u00e3o\u00a0 245 mil m\u00b2 do Resort tem divers\u00e3o para toda fam\u00edlia.<\/p>\n<p>Al\u00e9m dos espa\u00e7os da Turma da M\u00f4nica o hotel conta com casa na \u00e1rvore, pebolin, tirelosa e Fun Place. Ainda, o resort possui: quadras esportivas, spa, trilhas ecol\u00f3gicas e uma super recrea\u00e7\u00e3o dividida por faixa et\u00e1ria para adulto e crian\u00e7as.<\/p>\n<p>O resort tamb\u00e9m oferece 311 amplos e confort\u00e1veis apartamentos, com op\u00e7\u00f5es conjugados hipoal\u00e9rgico, bem como, para\u00a0 h\u00f3spedes com necessidades especiais.<\/p>\n<p>Por fim, o Bourbon Cataratas do Igua\u00e7u Resort<span> oferece qualidade e diversifica\u00e7\u00e3o gastron\u00f4mica em 06 espa\u00e7os: s\u00e3o tr\u00eas restaurantes e tr\u00eas bares \u00e0 sua escolha, para caf\u00e9s, almo\u00e7os, jantares e happy hours. Todos os s\u00e1bados o resort oferece a deliciosa feijoada Bourbon e o exclusivo Cantinho da Baiana, com aperitivos, petiscos e sobremesas t\u00edpicas brasileiras.<\/span><\/p>\n<p>Para melhorar, o resort \u00e9 Pet Friendly, ou seja, seu pet pode aproveitar o resort com voc\u00eas!<\/p>\n<p><span style=\"color: #000000;\"><strong>Gostou do Bourbon Cataratas do Igua\u00e7u Resort? E<\/strong><\/span><span style=\"color: #000000;\"><strong>nt\u00e3o, <a href=\"https:\/\/wa.me\/5521964046487\" target=\"_blank\" rel=\"noopener noreferrer\" style=\"color: #000000;\">entre em contato com a gente e conhe\u00e7a o resort!<\/a><\/strong><\/span><\/p>\n<p>Confira tamb\u00e9m nossas<a href=\"http:\/\/clubedeviagensmoms.com.br\/homolog\/vamos-viajar\/ofertas-especiais\/\" target=\"_blank\" rel=\"noopener noreferrer\"> ofertas especiais<\/a>!<\/p>\n<p><span style=\"color: #000000;\">Por fim, se voc\u00ea ainda n\u00e3o conhece nossas redes sociais, vem dar uma conferida no nosso<\/span><span style=\"color: #000000;\">\u00a0<\/span><a href=\"https:\/\/www.instagram.com\/clubedeviagensmoms\/\" target=\"_blank\" rel=\"noopener noreferrer\" style=\"color: #000000;\">Instagram\u00a0<\/a><span style=\"color: #000000;\">com muitas dicas. Em seguida, curta tamb\u00e9m a nossa<\/span><span style=\"color: #000000;\">\u00a0<\/span><a href=\"https:\/\/www.facebook.com\/ClubeDeViagensMoms\/?hc_ref=ARREVFAUN6kemqQPikWPR6yOVqfolWuZ4Gm2u6EX4fJ2-jyHER8eDB5si8DvGkabbOE&amp;fref=nf&amp;__xts__[0]=68.ARAXJqd_Jm68dG9qh_a7A_hAS8hHGdRg1Cq8Je9my1EPnGBRo26TI37xs6IY6NhynKSzyIDhPcBRqvr6Nzuwi7g2W4UPO84T0-vU7mWKXia_C51FzzqVsE3HthHbuQetTo9gapY&amp;__tn__=kC-R\" target=\"_blank\" rel=\"noopener noreferrer\" style=\"color: #000000;\">p\u00e1gina do Facebook<\/a><span style=\"color: #000000;\">\u00a0<\/span><span style=\"color: #000000;\">e participe do nosso<\/span><span style=\"color: #000000;\">\u00a0<\/span><a href=\"https:\/\/www.facebook.com\/groups\/clubedeviagensmoms\/\" target=\"_blank\" rel=\"noopener noreferrer\" style=\"color: #000000;\">grupo fechado.<\/a><span style=\"color: #000000;\">\u00a0<\/span><span style=\"color: #000000;\">Junte-se a n\u00f3s!\u00a0<\/span><\/p>\n","protected":false},"excerpt":{"rendered":"<p>O Bourbon Cataratas do Igua\u00e7u Resort fica em Foz do Igua\u00e7u, possui uma ampla estrutura de lazer e \u00e9 tem\u00e1tico da Turma da M\u00f4nica! O resort fica a apenas 12 KM das Cataras do Igua\u00e7u, perfeito para aproveitar a viagem e conhecer umas das 7 Novas Maravilhas da Natureza. Mas a divers\u00e3o n\u00e3o para por [&hellip;]<\/p>\n","protected":false},"featured_media":2152,"comment_status":"closed","ping_status":"closed","template":"","meta":[],"product_cat":[21],"product_tag":[],"class_list":["post-4077","product","type-product","status-publish","has-post-thumbnail","hentry","product_cat-hoteis"],"acf":[],"yoast_head":"<!-- This site is optimized with the Yoast SEO Premium plugin v16.0.2 (Yoast SEO v21.2) - https:\/\/yoast.com\/wordpress\/plugins\/seo\/ -->\n<title>Bourbon Cataratas do Igua\u00e7u Resort - Clube Moms<\/title>\n<meta name=\"description\" content=\"O Bourbon Cataratas do Igua\u00e7u Resort fica a apenas 12KM das Cataras do Igua\u00e7u, possui uma ampla estrutura de lazer e tema da Turma da M\u00f4nica.\" \/>\n<meta name=\"robots\" content=\"index, follow, max-snippet:-1, max-image-preview:large, max-video-preview:-1\" \/>\n<link rel=\"canonical\" href=\"https:\/\/clubedeviagensmoms.com.br\/homolog\/produto\/bourbon-cataratas-do-iguacu-resort\/\" \/>\n<meta property=\"og:locale\" content=\"pt_BR\" \/>\n<meta property=\"og:type\" content=\"article\" \/>\n<meta property=\"og:title\" content=\"Bourbon Cataratas do Igua\u00e7u Resort - Clube Moms\" \/>\n<meta property=\"og:description\" content=\"O Bourbon Cataratas do Igua\u00e7u Resort fica a apenas 12KM das Cataras do Igua\u00e7u, possui uma ampla estrutura de lazer e tema da Turma da M\u00f4nica.\" \/>\n<meta property=\"og:url\" content=\"https:\/\/clubedeviagensmoms.com.br\/homolog\/produto\/bourbon-cataratas-do-iguacu-resort\/\" \/>\n<meta property=\"og:site_name\" content=\"Clube Moms\" \/>\n<meta property=\"article:modified_time\" content=\"2023-08-30T15:25:08+00:00\" \/>\n<meta property=\"og:image\" content=\"https:\/\/clubedeviagensmoms.com.br\/homolog\/wp-content\/uploads\/2021\/10\/Bourbon-Cataratas-Hot-Splash-Pool.jpg\" \/>\n\t<meta property=\"og:image:width\" content=\"1024\" \/>\n\t<meta property=\"og:image:height\" content=\"536\" \/>\n\t<meta property=\"og:image:type\" content=\"image\/jpeg\" \/>\n<meta name=\"twitter:card\" content=\"summary_large_image\" \/>\n<meta name=\"twitter:label1\" content=\"Est. tempo de leitura\" \/>\n\t<meta name=\"twitter:data1\" content=\"2 minutos\" \/>\n<script type=\"application\/ld+json\" class=\"yoast-schema-graph\">{\"@context\":\"https:\/\/schema.org\",\"@graph\":[{\"@type\":\"WebPage\",\"@id\":\"https:\/\/clubedeviagensmoms.com.br\/homolog\/produto\/bourbon-cataratas-do-iguacu-resort\/\",\"url\":\"https:\/\/clubedeviagensmoms.com.br\/homolog\/produto\/bourbon-cataratas-do-iguacu-resort\/\",\"name\":\"Bourbon Cataratas do Igua\u00e7u Resort - Clube Moms\",\"isPartOf\":{\"@id\":\"https:\/\/clubedeviagensmoms.com.br\/homolog\/#website\"},\"datePublished\":\"2021-10-29T22:56:17+00:00\",\"dateModified\":\"2023-08-30T15:25:08+00:00\",\"description\":\"O Bourbon Cataratas do Igua\u00e7u Resort fica a apenas 12KM das Cataras do Igua\u00e7u, possui uma ampla estrutura de lazer e tema da Turma da M\u00f4nica.\",\"breadcrumb\":{\"@id\":\"https:\/\/clubedeviagensmoms.com.br\/homolog\/produto\/bourbon-cataratas-do-iguacu-resort\/#breadcrumb\"},\"inLanguage\":\"pt-BR\",\"potentialAction\":[{\"@type\":\"ReadAction\",\"target\":[\"https:\/\/clubedeviagensmoms.com.br\/homolog\/produto\/bourbon-cataratas-do-iguacu-resort\/\"]}]},{\"@type\":\"BreadcrumbList\",\"@id\":\"https:\/\/clubedeviagensmoms.com.br\/homolog\/produto\/bourbon-cataratas-do-iguacu-resort\/#breadcrumb\",\"itemListElement\":[{\"@type\":\"ListItem\",\"position\":1,\"name\":\"Home\",\"item\":\"https:\/\/clubedeviagensmoms.com.br\/homolog\/\"},{\"@type\":\"ListItem\",\"position\":2,\"name\":\"Vamos Viajar\",\"item\":\"https:\/\/clubedeviagensmoms.com.br\/homolog\/shop\/\"},{\"@type\":\"ListItem\",\"position\":3,\"name\":\"Bourbon Cataratas do Igua\u00e7u Resort\"}]},{\"@type\":\"WebSite\",\"@id\":\"https:\/\/clubedeviagensmoms.com.br\/homolog\/#website\",\"url\":\"https:\/\/clubedeviagensmoms.com.br\/homolog\/\",\"name\":\"Clube Moms\",\"description\":\"O Clube Moms \u00e9 uma ag\u00eancia de turismo com foco em fam\u00edlias com crian\u00e7as, que uno os conceitos de Consultoria Especializada e Clube de Vantagens.\",\"potentialAction\":[{\"@type\":\"SearchAction\",\"target\":{\"@type\":\"EntryPoint\",\"urlTemplate\":\"https:\/\/clubedeviagensmoms.com.br\/homolog\/?s={search_term_string}\"},\"query-input\":\"required name=search_term_string\"}],\"inLanguage\":\"pt-BR\"}]}<\/script>\n<!-- \/ Yoast SEO Premium plugin. -->","yoast_head_json":{"title":"Bourbon Cataratas do Igua\u00e7u Resort - Clube Moms","description":"O Bourbon Cataratas do Igua\u00e7u Resort fica a apenas 12KM das Cataras do Igua\u00e7u, possui uma ampla estrutura de lazer e tema da Turma da M\u00f4nica.","robots":{"index":"index","follow":"follow","max-snippet":"max-snippet:-1","max-image-preview":"max-image-preview:large","max-video-preview":"max-video-preview:-1"},"canonical":"https:\/\/clubedeviagensmoms.com.br\/homolog\/produto\/bourbon-cataratas-do-iguacu-resort\/","og_locale":"pt_BR","og_type":"article","og_title":"Bourbon Cataratas do Igua\u00e7u Resort - Clube Moms","og_description":"O Bourbon Cataratas do Igua\u00e7u Resort fica a apenas 12KM das Cataras do Igua\u00e7u, possui uma ampla estrutura de lazer e tema da Turma da M\u00f4nica.","og_url":"https:\/\/clubedeviagensmoms.com.br\/homolog\/produto\/bourbon-cataratas-do-iguacu-resort\/","og_site_name":"Clube Moms","article_modified_time":"2023-08-30T15:25:08+00:00","og_image":[{"width":1024,"height":536,"url":"https:\/\/clubedeviagensmoms.com.br\/homolog\/wp-content\/uploads\/2021\/10\/Bourbon-Cataratas-Hot-Splash-Pool.jpg","type":"image\/jpeg"}],"twitter_card":"summary_large_image","twitter_misc":{"Est. tempo de leitura":"2 minutos"},"schema":{"@context":"https:\/\/schema.org","@graph":[{"@type":"WebPage","@id":"https:\/\/clubedeviagensmoms.com.br\/homolog\/produto\/bourbon-cataratas-do-iguacu-resort\/","url":"https:\/\/clubedeviagensmoms.com.br\/homolog\/produto\/bourbon-cataratas-do-iguacu-resort\/","name":"Bourbon Cataratas do Igua\u00e7u Resort - Clube Moms","isPartOf":{"@id":"https:\/\/clubedeviagensmoms.com.br\/homolog\/#website"},"datePublished":"2021-10-29T22:56:17+00:00","dateModified":"2023-08-30T15:25:08+00:00","description":"O Bourbon Cataratas do Igua\u00e7u Resort fica a apenas 12KM das Cataras do Igua\u00e7u, possui uma ampla estrutura de lazer e tema da Turma da M\u00f4nica.","breadcrumb":{"@id":"https:\/\/clubedeviagensmoms.com.br\/homolog\/produto\/bourbon-cataratas-do-iguacu-resort\/#breadcrumb"},"inLanguage":"pt-BR","potentialAction":[{"@type":"ReadAction","target":["https:\/\/clubedeviagensmoms.com.br\/homolog\/produto\/bourbon-cataratas-do-iguacu-resort\/"]}]},{"@type":"BreadcrumbList","@id":"https:\/\/clubedeviagensmoms.com.br\/homolog\/produto\/bourbon-cataratas-do-iguacu-resort\/#breadcrumb","itemListElement":[{"@type":"ListItem","position":1,"name":"Home","item":"https:\/\/clubedeviagensmoms.com.br\/homolog\/"},{"@type":"ListItem","position":2,"name":"Vamos Viajar","item":"https:\/\/clubedeviagensmoms.com.br\/homolog\/shop\/"},{"@type":"ListItem","position":3,"name":"Bourbon Cataratas do Igua\u00e7u Resort"}]},{"@type":"WebSite","@id":"https:\/\/clubedeviagensmoms.com.br\/homolog\/#website","url":"https:\/\/clubedeviagensmoms.com.br\/homolog\/","name":"Clube Moms","description":"O Clube Moms \u00e9 uma ag\u00eancia de turismo com foco em fam\u00edlias com crian\u00e7as, que uno os conceitos de Consultoria Especializada e Clube de Vantagens.","potentialAction":[{"@type":"SearchAction","target":{"@type":"EntryPoint","urlTemplate":"https:\/\/clubedeviagensmoms.com.br\/homolog\/?s={search_term_string}"},"query-input":"required name=search_term_string"}],"inLanguage":"pt-BR"}]}},"_links":{"self":[{"href":"https:\/\/clubedeviagensmoms.com.br\/homolog\/wp-json\/wp\/v2\/product\/4077","targetHints":{"allow":["GET"]}}],"collection":[{"href":"https:\/\/clubedeviagensmoms.com.br\/homolog\/wp-json\/wp\/v2\/product"}],"about":[{"href":"https:\/\/clubedeviagensmoms.com.br\/homolog\/wp-json\/wp\/v2\/types\/product"}],"replies":[{"embeddable":true,"href":"https:\/\/clubedeviagensmoms.com.br\/homolog\/wp-json\/wp\/v2\/comments?post=4077"}],"wp:featuredmedia":[{"embeddable":true,"href":"https:\/\/clubedeviagensmoms.com.br\/homolog\/wp-json\/wp\/v2\/media\/2152"}],"wp:attachment":[{"href":"https:\/\/clubedeviagensmoms.com.br\/homolog\/wp-json\/wp\/v2\/media?parent=4077"}],"wp:term":[{"taxonomy":"product_cat","embeddable":true,"href":"https:\/\/clubedeviagensmoms.com.br\/homolog\/wp-json\/wp\/v2\/product_cat?post=4077"},{"taxonomy":"product_tag","embeddable":true,"href":"https:\/\/clubedeviagensmoms.com.br\/homolog\/wp-json\/wp\/v2\/product_tag?post=4077"}],"curies":[{"name":"wp","href":"https:\/\/api.w.org\/{rel}","templated":true}]}}