{"id":4078,"date":"2021-10-29T19:56:17","date_gmt":"2021-10-29T22:56:17","guid":{"rendered":"http:\/\/clubedeviagensmoms.com.br\/homolog\/taober_wp\/?post_type=product&#038;p=4078"},"modified":"2023-08-30T12:25:34","modified_gmt":"2023-08-30T15:25:34","slug":"hotel-fazenda-santa-barbara","status":"publish","type":"product","link":"https:\/\/clubedeviagensmoms.com.br\/homolog\/produto\/hotel-fazenda-santa-barbara\/","title":{"rendered":"Hotel Fazenda Santa B\u00e1rbara"},"content":{"rendered":"<p><span>Como o cantinho mais charmoso da cidade de Paulo de Frontin\/RJ, o Hotel Fazenda Santa B\u00e1rbara \u00e9 a op\u00e7\u00e3o perfeita. <\/span><\/p>\n<p><span>O ambiente \u00e9<\/span><span> bem agrad\u00e1vel e com \u00f3tima rela\u00e7\u00e3o custo X benef\u00edcio, apesar de simples \u00e9 um <\/span><span>lugar \u00f3timo para fugir do estresse da cidade, dar uma relaxada e se divertir em fam\u00edlia. <\/span><\/p>\n<p><span>Para quem procura um lugar que est\u00e1 seguindo todos os protocolos, certamente o Santa B\u00e1rbara \u00e9 o hotel fazenda certo!<\/span> Voc\u00ea vai ser recebido como na casa da vov\u00f3, com pens\u00e3o completa, mesa farta e saborosa, vai acabar se sentindo em casa, por\u00e9m na ro\u00e7a.<\/p>\n<p>J\u00e1 se imaginou em total contato com a natureza? No Santa B\u00e1rbara grande parte de nossa \u00e1rea \u00e9 constitu\u00edda por Mata Atl\u00e2ntica preservada. Al\u00e9m disso tem cachoeira para os dias mais quentes, um grande lago para pescar ou passear de pedalinho e canoa.<\/p>\n<p>Em 1984 a Fazenda Santa B\u00e1rbara foi comprada pelos atuais propriet\u00e1rios e foi criado o Hotel Fazenda Santa B\u00e1rbara. Contudo, ao longo dos anos diversas obras foram feitas afim de proporcionar ainda conforto e divers\u00e3o a todos que l\u00e1 frequentam.<\/p>\n<p>O Hotel Fazenda <span>Santa B\u00e1rbara<\/span>, busca proporcionar aos h\u00f3spedes experi\u00eancias da fazenda. Mesmo sem glamour, o p\u00e9 no ch\u00e3o, o contato direto com os animais, oferecem a experi\u00eancia da ro\u00e7a.<\/p>\n<p><span>Por ser cercado de muita natureza, conta com v\u00e1rias atividades ao ar livre, por isso \u00e9 cotado com uma recrea\u00e7\u00e3o impec\u00e1vel.<\/span><\/p>\n<p><span>Al\u00e9m da vasta \u00e1rea de lazer com piscina o Hotel possui diversas formas de entreter. <\/span><\/p>\n<p><span>Quadras de grama sint\u00e9tica, sala de jogos, quadra de t\u00eanis, skibunda para os mais atl\u00e9ticos. Fazendinha, caiaque, pedalinho, horta, lago com pescaria para a fam\u00edlia. Do mesmo modo que para<\/span><span> os adolescentes, temos algumas atividades mais radicais como Paintball e Tirolesa! <\/span><\/p>\n<p><span>Outro ponto forte entretanto \u00e9 que eles possuem muita \u00e1rea coberta, garantindo a divers\u00e3o mesmo em dias chuvosos.<\/span><\/p>\n<p>&nbsp;<\/p>\n<p><span>Ainda assim para aproveitar cada vez mais, todo m\u00eas voc\u00ea encontra uma festa diferente no Hotel Fazenda Santa B\u00e1rbara. <\/span><\/p>\n<p><span>Cada final de semanas um tema diferente!<\/span><\/p>\n<h6><span style=\"font-size: 10pt;\">-A Fantasia;<\/span><\/p>\n<p><span style=\"font-size: 10pt;\">-Tropical;<\/span><\/p>\n<p><span style=\"font-size: 10pt;\">-Ploc (anos 80);<\/span><\/p>\n<p><span style=\"font-size: 10pt;\">-Country;<\/span><\/p>\n<p><span style=\"font-size: 10pt;\">-Boteco;<\/span><\/p>\n<p><span style=\"font-size: 10pt;\">-Caipira;<\/span><\/p>\n<p><span style=\"font-size: 10pt;\">-Queijos e Vinhos;<\/span><\/p>\n<p><span style=\"font-size: 10pt;\">-Halloween;<\/span><\/p>\n<p><span style=\"font-size: 10pt;\">-Festival de sorvete;<\/span><\/p>\n<p><span style=\"font-size: 10pt;\">-Chopp e Churrasco;<\/span><\/p>\n<p><span style=\"font-size: 10pt;\">-Natal;<\/span><\/p>\n<p><span style=\"font-size: 10pt;\">-Reveillon;<\/span><\/p>\n<p><span style=\"font-size: 10pt;\">-Junho, julho e agosto com festa junina e muito mais.<\/span><\/h6>\n<p><span>Portanto fique de olho no seu evento preferido e conte os dias para curtir muito!<\/span><\/p>\n<p>Enfim, venha conhecer e desfrutar do Hotel Fazenda Santa B\u00e1rbara! Voc\u00ea n\u00e3o vai se arrepender!<\/p>\n<p>Se voc\u00ea ainda n\u00e3o conhece nossas redes sociais, vem dar uma conferida no nosso<span>\u00a0<\/span><a href=\"https:\/\/www.instagram.com\/clubedeviagensmoms\/\">Instagram<\/a><span>\u00a0<\/span>e ao mesmo tempo na nossa<span>\u00a0<\/span><a href=\"https:\/\/www.facebook.com\/ClubeDeViagensMoms\/?hc_ref=ARREVFAUN6kemqQPikWPR6yOVqfolWuZ4Gm2u6EX4fJ2-jyHER8eDB5si8DvGkabbOE&amp;fref=nf&amp;__xts__[0]=68.ARAXJqd_Jm68dG9qh_a7A_hAS8hHGdRg1Cq8Je9my1EPnGBRo26TI37xs6IY6NhynKSzyIDhPcBRqvr6Nzuwi7g2W4UPO84T0-vU7mWKXia_C51FzzqVsE3HthHbuQetTo9gapY&amp;__tn__=kC-R\">p\u00e1gina do Facebook<\/a>! Ainda temos um<span>\u00a0<\/span><a href=\"https:\/\/www.facebook.com\/groups\/clubedeviagensmoms\/\">grupo do Facebook<\/a>, portanto, venha fazer arte!<\/p>\n<p>Afim de conferir nossos outros hot\u00e9is parceiros, clique<span>\u00a0<\/span><a href=\"http:\/\/clubedeviagensmoms.com.br\/homolog\/vamos-viajar\/hoteis\/\" target=\"_blank\" rel=\"noopener noreferrer\">aqui<\/a>!<\/p>\n","protected":false},"excerpt":{"rendered":"<p><span>O Hotel Fazenda Santa B\u00e1rbara \u00e9 o lugar perfeito para fugir do estresse da cidade, dar uma relaxada e se divertir em fam\u00edlia por um valor mais em conta. E que est\u00e1 seguindo todos os protocolos da pandemia para que voc\u00ea tenha uma viagem segura.<\/span><\/p>\n","protected":false},"featured_media":2820,"comment_status":"closed","ping_status":"closed","template":"","meta":[],"product_cat":[21],"product_tag":[27,28,29,30,31,374,32,33,158,375,37,38,39,40],"class_list":["post-4078","product","type-product","status-publish","has-post-thumbnail","hentry","product_cat-hoteis","product_tag-clube-de-viagens-moms","product_tag-clube-moms","product_tag-criancas","product_tag-diversao","product_tag-diversao-em-familia","product_tag-engenheiro-paulo-de-frontin","product_tag-ferias","product_tag-ferias-em-familia","product_tag-hotel-fazenda","product_tag-hotel-fazenda-santa-barbara","product_tag-rio-de-janeiro","product_tag-viagem","product_tag-viagem-com-criancas","product_tag-viagem-em-familia"],"acf":[],"yoast_head":"<!-- This site is optimized with the Yoast SEO Premium plugin v16.0.2 (Yoast SEO v21.2) - https:\/\/yoast.com\/wordpress\/plugins\/seo\/ -->\n<title>Hotel Fazenda Santa B\u00e1rbara - Clube Moms<\/title>\n<meta name=\"description\" content=\"Como o lugar perfeito para fugir do estresse da cidade, o Hotel Fazenda Santa B\u00e1rbara \u00e9 perfeito para relaxar e divers\u00e3o em fam\u00edlia com custo x benef\u00edcio.\" \/>\n<meta name=\"robots\" content=\"index, follow, max-snippet:-1, max-image-preview:large, max-video-preview:-1\" \/>\n<link rel=\"canonical\" href=\"https:\/\/clubedeviagensmoms.com.br\/homolog\/produto\/hotel-fazenda-santa-barbara\/\" \/>\n<meta property=\"og:locale\" content=\"pt_BR\" \/>\n<meta property=\"og:type\" content=\"article\" \/>\n<meta property=\"og:title\" content=\"Hotel Fazenda Santa B\u00e1rbara - Clube Moms\" \/>\n<meta property=\"og:description\" content=\"Como o lugar perfeito para fugir do estresse da cidade, o Hotel Fazenda Santa B\u00e1rbara \u00e9 perfeito para relaxar e divers\u00e3o em fam\u00edlia com custo x benef\u00edcio.\" \/>\n<meta property=\"og:url\" content=\"https:\/\/clubedeviagensmoms.com.br\/homolog\/produto\/hotel-fazenda-santa-barbara\/\" \/>\n<meta property=\"og:site_name\" content=\"Clube Moms\" \/>\n<meta property=\"article:modified_time\" content=\"2023-08-30T15:25:34+00:00\" \/>\n<meta property=\"og:image\" content=\"https:\/\/clubedeviagensmoms.com.br\/homolog\/wp-content\/uploads\/2021\/10\/Hotel-Fazenda-Santa-Barbara.png\" \/>\n\t<meta property=\"og:image:width\" content=\"1200\" \/>\n\t<meta property=\"og:image:height\" content=\"630\" \/>\n\t<meta property=\"og:image:type\" content=\"image\/png\" \/>\n<meta name=\"twitter:card\" content=\"summary_large_image\" \/>\n<meta name=\"twitter:label1\" content=\"Est. tempo de leitura\" \/>\n\t<meta name=\"twitter:data1\" content=\"2 minutos\" \/>\n<script type=\"application\/ld+json\" class=\"yoast-schema-graph\">{\"@context\":\"https:\/\/schema.org\",\"@graph\":[{\"@type\":\"WebPage\",\"@id\":\"https:\/\/clubedeviagensmoms.com.br\/homolog\/produto\/hotel-fazenda-santa-barbara\/\",\"url\":\"https:\/\/clubedeviagensmoms.com.br\/homolog\/produto\/hotel-fazenda-santa-barbara\/\",\"name\":\"Hotel Fazenda Santa B\u00e1rbara - Clube Moms\",\"isPartOf\":{\"@id\":\"https:\/\/clubedeviagensmoms.com.br\/homolog\/#website\"},\"datePublished\":\"2021-10-29T22:56:17+00:00\",\"dateModified\":\"2023-08-30T15:25:34+00:00\",\"description\":\"Como o lugar perfeito para fugir do estresse da cidade, o Hotel Fazenda Santa B\u00e1rbara \u00e9 perfeito para relaxar e divers\u00e3o em fam\u00edlia com custo x benef\u00edcio.\",\"breadcrumb\":{\"@id\":\"https:\/\/clubedeviagensmoms.com.br\/homolog\/produto\/hotel-fazenda-santa-barbara\/#breadcrumb\"},\"inLanguage\":\"pt-BR\",\"potentialAction\":[{\"@type\":\"ReadAction\",\"target\":[\"https:\/\/clubedeviagensmoms.com.br\/homolog\/produto\/hotel-fazenda-santa-barbara\/\"]}]},{\"@type\":\"BreadcrumbList\",\"@id\":\"https:\/\/clubedeviagensmoms.com.br\/homolog\/produto\/hotel-fazenda-santa-barbara\/#breadcrumb\",\"itemListElement\":[{\"@type\":\"ListItem\",\"position\":1,\"name\":\"Home\",\"item\":\"https:\/\/clubedeviagensmoms.com.br\/homolog\/\"},{\"@type\":\"ListItem\",\"position\":2,\"name\":\"Vamos Viajar\",\"item\":\"https:\/\/clubedeviagensmoms.com.br\/homolog\/shop\/\"},{\"@type\":\"ListItem\",\"position\":3,\"name\":\"Hotel Fazenda Santa B\u00e1rbara\"}]},{\"@type\":\"WebSite\",\"@id\":\"https:\/\/clubedeviagensmoms.com.br\/homolog\/#website\",\"url\":\"https:\/\/clubedeviagensmoms.com.br\/homolog\/\",\"name\":\"Clube Moms\",\"description\":\"O Clube Moms \u00e9 uma ag\u00eancia de turismo com foco em fam\u00edlias com crian\u00e7as, que uno os conceitos de Consultoria Especializada e Clube de Vantagens.\",\"potentialAction\":[{\"@type\":\"SearchAction\",\"target\":{\"@type\":\"EntryPoint\",\"urlTemplate\":\"https:\/\/clubedeviagensmoms.com.br\/homolog\/?s={search_term_string}\"},\"query-input\":\"required name=search_term_string\"}],\"inLanguage\":\"pt-BR\"}]}<\/script>\n<!-- \/ Yoast SEO Premium plugin. -->","yoast_head_json":{"title":"Hotel Fazenda Santa B\u00e1rbara - Clube Moms","description":"Como o lugar perfeito para fugir do estresse da cidade, o Hotel Fazenda Santa B\u00e1rbara \u00e9 perfeito para relaxar e divers\u00e3o em fam\u00edlia com custo x benef\u00edcio.","robots":{"index":"index","follow":"follow","max-snippet":"max-snippet:-1","max-image-preview":"max-image-preview:large","max-video-preview":"max-video-preview:-1"},"canonical":"https:\/\/clubedeviagensmoms.com.br\/homolog\/produto\/hotel-fazenda-santa-barbara\/","og_locale":"pt_BR","og_type":"article","og_title":"Hotel Fazenda Santa B\u00e1rbara - Clube Moms","og_description":"Como o lugar perfeito para fugir do estresse da cidade, o Hotel Fazenda Santa B\u00e1rbara \u00e9 perfeito para relaxar e divers\u00e3o em fam\u00edlia com custo x benef\u00edcio.","og_url":"https:\/\/clubedeviagensmoms.com.br\/homolog\/produto\/hotel-fazenda-santa-barbara\/","og_site_name":"Clube Moms","article_modified_time":"2023-08-30T15:25:34+00:00","og_image":[{"width":1200,"height":630,"url":"https:\/\/clubedeviagensmoms.com.br\/homolog\/wp-content\/uploads\/2021\/10\/Hotel-Fazenda-Santa-Barbara.png","type":"image\/png"}],"twitter_card":"summary_large_image","twitter_misc":{"Est. tempo de leitura":"2 minutos"},"schema":{"@context":"https:\/\/schema.org","@graph":[{"@type":"WebPage","@id":"https:\/\/clubedeviagensmoms.com.br\/homolog\/produto\/hotel-fazenda-santa-barbara\/","url":"https:\/\/clubedeviagensmoms.com.br\/homolog\/produto\/hotel-fazenda-santa-barbara\/","name":"Hotel Fazenda Santa B\u00e1rbara - Clube Moms","isPartOf":{"@id":"https:\/\/clubedeviagensmoms.com.br\/homolog\/#website"},"datePublished":"2021-10-29T22:56:17+00:00","dateModified":"2023-08-30T15:25:34+00:00","description":"Como o lugar perfeito para fugir do estresse da cidade, o Hotel Fazenda Santa B\u00e1rbara \u00e9 perfeito para relaxar e divers\u00e3o em fam\u00edlia com custo x benef\u00edcio.","breadcrumb":{"@id":"https:\/\/clubedeviagensmoms.com.br\/homolog\/produto\/hotel-fazenda-santa-barbara\/#breadcrumb"},"inLanguage":"pt-BR","potentialAction":[{"@type":"ReadAction","target":["https:\/\/clubedeviagensmoms.com.br\/homolog\/produto\/hotel-fazenda-santa-barbara\/"]}]},{"@type":"BreadcrumbList","@id":"https:\/\/clubedeviagensmoms.com.br\/homolog\/produto\/hotel-fazenda-santa-barbara\/#breadcrumb","itemListElement":[{"@type":"ListItem","position":1,"name":"Home","item":"https:\/\/clubedeviagensmoms.com.br\/homolog\/"},{"@type":"ListItem","position":2,"name":"Vamos Viajar","item":"https:\/\/clubedeviagensmoms.com.br\/homolog\/shop\/"},{"@type":"ListItem","position":3,"name":"Hotel Fazenda Santa B\u00e1rbara"}]},{"@type":"WebSite","@id":"https:\/\/clubedeviagensmoms.com.br\/homolog\/#website","url":"https:\/\/clubedeviagensmoms.com.br\/homolog\/","name":"Clube Moms","description":"O Clube Moms \u00e9 uma ag\u00eancia de turismo com foco em fam\u00edlias com crian\u00e7as, que uno os conceitos de Consultoria Especializada e Clube de Vantagens.","potentialAction":[{"@type":"SearchAction","target":{"@type":"EntryPoint","urlTemplate":"https:\/\/clubedeviagensmoms.com.br\/homolog\/?s={search_term_string}"},"query-input":"required name=search_term_string"}],"inLanguage":"pt-BR"}]}},"_links":{"self":[{"href":"https:\/\/clubedeviagensmoms.com.br\/homolog\/wp-json\/wp\/v2\/product\/4078","targetHints":{"allow":["GET"]}}],"collection":[{"href":"https:\/\/clubedeviagensmoms.com.br\/homolog\/wp-json\/wp\/v2\/product"}],"about":[{"href":"https:\/\/clubedeviagensmoms.com.br\/homolog\/wp-json\/wp\/v2\/types\/product"}],"replies":[{"embeddable":true,"href":"https:\/\/clubedeviagensmoms.com.br\/homolog\/wp-json\/wp\/v2\/comments?post=4078"}],"wp:featuredmedia":[{"embeddable":true,"href":"https:\/\/clubedeviagensmoms.com.br\/homolog\/wp-json\/wp\/v2\/media\/2820"}],"wp:attachment":[{"href":"https:\/\/clubedeviagensmoms.com.br\/homolog\/wp-json\/wp\/v2\/media?parent=4078"}],"wp:term":[{"taxonomy":"product_cat","embeddable":true,"href":"https:\/\/clubedeviagensmoms.com.br\/homolog\/wp-json\/wp\/v2\/product_cat?post=4078"},{"taxonomy":"product_tag","embeddable":true,"href":"https:\/\/clubedeviagensmoms.com.br\/homolog\/wp-json\/wp\/v2\/product_tag?post=4078"}],"curies":[{"name":"wp","href":"https:\/\/api.w.org\/{rel}","templated":true}]}}