{"id":4080,"date":"2021-10-29T19:56:17","date_gmt":"2021-10-29T22:56:17","guid":{"rendered":"http:\/\/clubedeviagensmoms.com.br\/homolog\/taober_wp\/?post_type=product&#038;p=4080"},"modified":"2023-08-30T12:25:29","modified_gmt":"2023-08-30T15:25:29","slug":"hotel-fazenda-imperio-do-vale","status":"publish","type":"product","link":"https:\/\/clubedeviagensmoms.com.br\/homolog\/produto\/hotel-fazenda-imperio-do-vale\/","title":{"rendered":"Hotel Fazenda Imp\u00e9rio do Vale"},"content":{"rendered":"<p>Situado em Barra do Pira\u00ed, no Vale do Caf\u00e9, a 118 km do Rio de Janeiro, o <strong>Hotel Fazenda Imp\u00e9rio do Vale<\/strong> \u00e9 a grande novidade do mercado, portanto promete proporcionar uma experi\u00eancia\u00a0inesquec\u00edvel para fam\u00edlias com um <strong>excelente custo x benef\u00edcio<\/strong>.<\/p>\n<p>?<\/p>\n<p>O lugar \u00e9 lindoooo, cercado por muita natureza e riqu\u00edssimo em cultura e hist\u00f3ria, certamente o Imp\u00e9rio do Vale vai levar voc\u00ea para uma viagem ao s\u00e9culo XIX e se encantar.<\/p>\n<p>?<\/p>\n<p>Portanto conhe\u00e7a um pouquinho mais agora mesmo!?<\/p>\n<p>O Hotel traz um decora\u00e7\u00e3o no estilo de fazenda inegavelmente aconchegante. Os aptos acomodam at\u00e9 5 pessoas e s\u00e3o divididos entre Standard e Superior e todos possuem frigobar e ar condicionado afim de trazer um maior conforto.<\/p>\n<p>Para o lazer o Hotel Fazenda Imp\u00e9rio do Vale tem uma \u00e1rea de lazer que foi projetada para estimular os h\u00f3spedes a curtir a natureza com muitas op\u00e7\u00f5es de atividades ao ar livre!<\/p>\n<h5><span style=\"font-size: 10pt;\">&#8211; Piscina adulto e infantil;<\/span><\/h5>\n<h5><span style=\"font-size: 10pt;\">&#8211; Fazendinha;<\/span><\/h5>\n<h5><span style=\"font-size: 10pt;\">&#8211; Campo de futebol;<\/span><\/h5>\n<h5><span style=\"font-size: 10pt;\">&#8211; Quadra de areia;<\/span><\/h5>\n<h5><span style=\"font-size: 10pt;\">&#8211; Trilhas;<\/span><\/h5>\n<h5><span style=\"font-size: 10pt;\">&#8211; Parquinho;<\/span><\/h5>\n<h5><span style=\"font-size: 10pt;\">&#8211; Tirolesa;<\/span><\/h5>\n<h5><span style=\"font-size: 10pt;\">&#8211; Arvorismo;<\/span><\/h5>\n<h5><span style=\"font-size: 10pt;\">&#8211; Lago;<\/span><\/h5>\n<h5><span style=\"font-size: 10pt;\">&#8211; Bares;<\/span><\/h5>\n<h5><span style=\"font-size: 10pt;\">&#8211; Espa\u00e7o zen com redes.<\/span><\/h5>\n<p>Enquanto na parte interna ainda conta com sala de jogos, sala de Tv, mini biblioteca.<\/p>\n<p><em>*Recrea\u00e7\u00e3o para crian\u00e7as a partir de 5 anos com programa\u00e7\u00e3o di\u00e1ria.<\/em><\/p>\n<p>?<\/p>\n<p>O Hotel Fazenda Imp\u00e9rio do Vale trabalha com o regime de <strong>pens\u00e3o completa<\/strong> (caf\u00e9, almo\u00e7o e jantar) com bebidas pagas a parte. A culin\u00e1ria \u00e9 regional, caseira , em buffet com pratos preparados com muito carinho utilizando ingredientes da pr\u00f3pria fazenda.<\/p>\n<p>?<\/p>\n<p>Al\u00e9m de toda a estrutura, o Imp\u00e9rio do Vale conta com 2 atividades imperd\u00edveis: O Ch\u00e1 da Tarde Imperial guiado pelo Bar\u00e3o ou Baronesa que contar\u00e1 a hist\u00f3ria da fazenda e &#8220;causos&#8221; da \u00e9poca do imp\u00e9rio, e o Happy Hour no &#8220;Vale Pub&#8221; com m\u00fasica ao vivo e um card\u00e1pio de drinks e petiscos deliciosos.<\/p>\n<p>?<\/p>\n<p>Enfim, para deixar tudo melhor o hotel \u00e9 <strong>PET FRIENDLY!<\/strong> ?<\/p>\n<p>Agora que voc\u00ea j\u00e1 sabe um pouquinho mais sobre n\u00f3s, aproveite ao m\u00e1ximo \u00a0com\u00a0 sua fam\u00edlia no HOTEL FAZENDA IMPERIO DO VALE! S\u00e3o atividades para todas as idades, um espa\u00e7o recheado de divers\u00e3o e conforto para voc\u00ea e sua fam\u00edlia aproveitarem juntos os melhores momentos perto da natureza!<\/p>\n<p>Se voc\u00ea ainda n\u00e3o conhece nossas redes sociais, vem dar uma conferida no nosso\u00a0<a href=\"https:\/\/www.instagram.com\/clubedeviagensmoms\/\">Instagram<\/a>\u00a0e ao mesmo tempo na nossa\u00a0<a href=\"https:\/\/www.facebook.com\/ClubeDeViagensMoms\/?hc_ref=ARREVFAUN6kemqQPikWPR6yOVqfolWuZ4Gm2u6EX4fJ2-jyHER8eDB5si8DvGkabbOE&amp;fref=nf&amp;__xts__[0]=68.ARAXJqd_Jm68dG9qh_a7A_hAS8hHGdRg1Cq8Je9my1EPnGBRo26TI37xs6IY6NhynKSzyIDhPcBRqvr6Nzuwi7g2W4UPO84T0-vU7mWKXia_C51FzzqVsE3HthHbuQetTo9gapY&amp;__tn__=kC-R\">p\u00e1gina do Facebook<\/a>! Ainda temos um\u00a0<a href=\"https:\/\/www.facebook.com\/groups\/clubedeviagensmoms\/\">grupo do Facebook<\/a>, portanto, venha fazer arte!<\/p>\n<p>Afim de conferir nossos outros hot\u00e9is parceiros, clique\u00a0<a href=\"http:\/\/clubedeviagensmoms.com.br\/homolog\/vamos-viajar\/hoteis\/\" target=\"_blank\" rel=\"noopener noreferrer\">aqui<\/a>!<\/p>\n","protected":false},"excerpt":{"rendered":"<p>O lugar \u00e9 lindoooo, cercado por muita natureza e riqu\u00edssimo em cultura e hist\u00f3ria, certamente o Hotel Fazenda Imp\u00e9rio do Vale vai levar voc\u00ea para uma viagem ao s\u00e9culo XIX e se encantar.<\/p>\n","protected":false},"featured_media":4860,"comment_status":"closed","ping_status":"closed","template":"","meta":[],"product_cat":[21],"product_tag":[48,27,28,29,30,31,32,33,158,380,37,38,39,40],"class_list":["post-4080","product","type-product","status-publish","has-post-thumbnail","hentry","product_cat-hoteis","product_tag-barra-do-pirai","product_tag-clube-de-viagens-moms","product_tag-clube-moms","product_tag-criancas","product_tag-diversao","product_tag-diversao-em-familia","product_tag-ferias","product_tag-ferias-em-familia","product_tag-hotel-fazenda","product_tag-hotel-fazenda-imperio-do-vale","product_tag-rio-de-janeiro","product_tag-viagem","product_tag-viagem-com-criancas","product_tag-viagem-em-familia"],"acf":[],"yoast_head":"<!-- This site is optimized with the Yoast SEO Premium plugin v16.0.2 (Yoast SEO v21.2) - https:\/\/yoast.com\/wordpress\/plugins\/seo\/ -->\n<title>Hotel Fazenda Imp\u00e9rio do Vale - Clube Moms<\/title>\n<meta name=\"description\" content=\"O Hotel Fazenda Imp\u00e9rio do Vale \u00e9 lindoooo, cercado por muita natureza e riqu\u00edssimo em cultura e hist\u00f3ria... Fa\u00e7a uma viagem ao s\u00e9culo XIX e se encantar.\" \/>\n<meta name=\"robots\" content=\"index, follow, max-snippet:-1, max-image-preview:large, max-video-preview:-1\" \/>\n<link rel=\"canonical\" href=\"https:\/\/clubedeviagensmoms.com.br\/homolog\/produto\/hotel-fazenda-imperio-do-vale\/\" \/>\n<meta property=\"og:locale\" content=\"pt_BR\" \/>\n<meta property=\"og:type\" content=\"article\" \/>\n<meta property=\"og:title\" content=\"Hotel Fazenda Imp\u00e9rio do Vale - Clube Moms\" \/>\n<meta property=\"og:description\" content=\"O Hotel Fazenda Imp\u00e9rio do Vale \u00e9 lindoooo, cercado por muita natureza e riqu\u00edssimo em cultura e hist\u00f3ria... Fa\u00e7a uma viagem ao s\u00e9culo XIX e se encantar.\" \/>\n<meta property=\"og:url\" content=\"https:\/\/clubedeviagensmoms.com.br\/homolog\/produto\/hotel-fazenda-imperio-do-vale\/\" \/>\n<meta property=\"og:site_name\" content=\"Clube Moms\" \/>\n<meta property=\"article:modified_time\" content=\"2023-08-30T15:25:29+00:00\" \/>\n<meta property=\"og:image\" content=\"https:\/\/clubedeviagensmoms.com.br\/homolog\/wp-content\/uploads\/2021\/10\/IMG_20230226_101140204_HDR-scaled.jpg\" \/>\n\t<meta property=\"og:image:width\" content=\"2560\" \/>\n\t<meta property=\"og:image:height\" content=\"2560\" \/>\n\t<meta property=\"og:image:type\" content=\"image\/jpeg\" \/>\n<meta name=\"twitter:card\" content=\"summary_large_image\" \/>\n<meta name=\"twitter:label1\" content=\"Est. tempo de leitura\" \/>\n\t<meta name=\"twitter:data1\" content=\"3 minutos\" \/>\n<script type=\"application\/ld+json\" class=\"yoast-schema-graph\">{\"@context\":\"https:\/\/schema.org\",\"@graph\":[{\"@type\":\"WebPage\",\"@id\":\"https:\/\/clubedeviagensmoms.com.br\/homolog\/produto\/hotel-fazenda-imperio-do-vale\/\",\"url\":\"https:\/\/clubedeviagensmoms.com.br\/homolog\/produto\/hotel-fazenda-imperio-do-vale\/\",\"name\":\"Hotel Fazenda Imp\u00e9rio do Vale - Clube Moms\",\"isPartOf\":{\"@id\":\"https:\/\/clubedeviagensmoms.com.br\/homolog\/#website\"},\"datePublished\":\"2021-10-29T22:56:17+00:00\",\"dateModified\":\"2023-08-30T15:25:29+00:00\",\"description\":\"O Hotel Fazenda Imp\u00e9rio do Vale \u00e9 lindoooo, cercado por muita natureza e riqu\u00edssimo em cultura e hist\u00f3ria... Fa\u00e7a uma viagem ao s\u00e9culo XIX e se encantar.\",\"breadcrumb\":{\"@id\":\"https:\/\/clubedeviagensmoms.com.br\/homolog\/produto\/hotel-fazenda-imperio-do-vale\/#breadcrumb\"},\"inLanguage\":\"pt-BR\",\"potentialAction\":[{\"@type\":\"ReadAction\",\"target\":[\"https:\/\/clubedeviagensmoms.com.br\/homolog\/produto\/hotel-fazenda-imperio-do-vale\/\"]}]},{\"@type\":\"BreadcrumbList\",\"@id\":\"https:\/\/clubedeviagensmoms.com.br\/homolog\/produto\/hotel-fazenda-imperio-do-vale\/#breadcrumb\",\"itemListElement\":[{\"@type\":\"ListItem\",\"position\":1,\"name\":\"Home\",\"item\":\"https:\/\/clubedeviagensmoms.com.br\/homolog\/\"},{\"@type\":\"ListItem\",\"position\":2,\"name\":\"Vamos Viajar\",\"item\":\"https:\/\/clubedeviagensmoms.com.br\/homolog\/shop\/\"},{\"@type\":\"ListItem\",\"position\":3,\"name\":\"Hotel Fazenda Imp\u00e9rio do Vale\"}]},{\"@type\":\"WebSite\",\"@id\":\"https:\/\/clubedeviagensmoms.com.br\/homolog\/#website\",\"url\":\"https:\/\/clubedeviagensmoms.com.br\/homolog\/\",\"name\":\"Clube Moms\",\"description\":\"O Clube Moms \u00e9 uma ag\u00eancia de turismo com foco em fam\u00edlias com crian\u00e7as, que uno os conceitos de Consultoria Especializada e Clube de Vantagens.\",\"potentialAction\":[{\"@type\":\"SearchAction\",\"target\":{\"@type\":\"EntryPoint\",\"urlTemplate\":\"https:\/\/clubedeviagensmoms.com.br\/homolog\/?s={search_term_string}\"},\"query-input\":\"required name=search_term_string\"}],\"inLanguage\":\"pt-BR\"}]}<\/script>\n<!-- \/ Yoast SEO Premium plugin. -->","yoast_head_json":{"title":"Hotel Fazenda Imp\u00e9rio do Vale - Clube Moms","description":"O Hotel Fazenda Imp\u00e9rio do Vale \u00e9 lindoooo, cercado por muita natureza e riqu\u00edssimo em cultura e hist\u00f3ria... Fa\u00e7a uma viagem ao s\u00e9culo XIX e se encantar.","robots":{"index":"index","follow":"follow","max-snippet":"max-snippet:-1","max-image-preview":"max-image-preview:large","max-video-preview":"max-video-preview:-1"},"canonical":"https:\/\/clubedeviagensmoms.com.br\/homolog\/produto\/hotel-fazenda-imperio-do-vale\/","og_locale":"pt_BR","og_type":"article","og_title":"Hotel Fazenda Imp\u00e9rio do Vale - Clube Moms","og_description":"O Hotel Fazenda Imp\u00e9rio do Vale \u00e9 lindoooo, cercado por muita natureza e riqu\u00edssimo em cultura e hist\u00f3ria... Fa\u00e7a uma viagem ao s\u00e9culo XIX e se encantar.","og_url":"https:\/\/clubedeviagensmoms.com.br\/homolog\/produto\/hotel-fazenda-imperio-do-vale\/","og_site_name":"Clube Moms","article_modified_time":"2023-08-30T15:25:29+00:00","og_image":[{"width":2560,"height":2560,"url":"https:\/\/clubedeviagensmoms.com.br\/homolog\/wp-content\/uploads\/2021\/10\/IMG_20230226_101140204_HDR-scaled.jpg","type":"image\/jpeg"}],"twitter_card":"summary_large_image","twitter_misc":{"Est. tempo de leitura":"3 minutos"},"schema":{"@context":"https:\/\/schema.org","@graph":[{"@type":"WebPage","@id":"https:\/\/clubedeviagensmoms.com.br\/homolog\/produto\/hotel-fazenda-imperio-do-vale\/","url":"https:\/\/clubedeviagensmoms.com.br\/homolog\/produto\/hotel-fazenda-imperio-do-vale\/","name":"Hotel Fazenda Imp\u00e9rio do Vale - Clube Moms","isPartOf":{"@id":"https:\/\/clubedeviagensmoms.com.br\/homolog\/#website"},"datePublished":"2021-10-29T22:56:17+00:00","dateModified":"2023-08-30T15:25:29+00:00","description":"O Hotel Fazenda Imp\u00e9rio do Vale \u00e9 lindoooo, cercado por muita natureza e riqu\u00edssimo em cultura e hist\u00f3ria... Fa\u00e7a uma viagem ao s\u00e9culo XIX e se encantar.","breadcrumb":{"@id":"https:\/\/clubedeviagensmoms.com.br\/homolog\/produto\/hotel-fazenda-imperio-do-vale\/#breadcrumb"},"inLanguage":"pt-BR","potentialAction":[{"@type":"ReadAction","target":["https:\/\/clubedeviagensmoms.com.br\/homolog\/produto\/hotel-fazenda-imperio-do-vale\/"]}]},{"@type":"BreadcrumbList","@id":"https:\/\/clubedeviagensmoms.com.br\/homolog\/produto\/hotel-fazenda-imperio-do-vale\/#breadcrumb","itemListElement":[{"@type":"ListItem","position":1,"name":"Home","item":"https:\/\/clubedeviagensmoms.com.br\/homolog\/"},{"@type":"ListItem","position":2,"name":"Vamos Viajar","item":"https:\/\/clubedeviagensmoms.com.br\/homolog\/shop\/"},{"@type":"ListItem","position":3,"name":"Hotel Fazenda Imp\u00e9rio do Vale"}]},{"@type":"WebSite","@id":"https:\/\/clubedeviagensmoms.com.br\/homolog\/#website","url":"https:\/\/clubedeviagensmoms.com.br\/homolog\/","name":"Clube Moms","description":"O Clube Moms \u00e9 uma ag\u00eancia de turismo com foco em fam\u00edlias com crian\u00e7as, que uno os conceitos de Consultoria Especializada e Clube de Vantagens.","potentialAction":[{"@type":"SearchAction","target":{"@type":"EntryPoint","urlTemplate":"https:\/\/clubedeviagensmoms.com.br\/homolog\/?s={search_term_string}"},"query-input":"required name=search_term_string"}],"inLanguage":"pt-BR"}]}},"_links":{"self":[{"href":"https:\/\/clubedeviagensmoms.com.br\/homolog\/wp-json\/wp\/v2\/product\/4080","targetHints":{"allow":["GET"]}}],"collection":[{"href":"https:\/\/clubedeviagensmoms.com.br\/homolog\/wp-json\/wp\/v2\/product"}],"about":[{"href":"https:\/\/clubedeviagensmoms.com.br\/homolog\/wp-json\/wp\/v2\/types\/product"}],"replies":[{"embeddable":true,"href":"https:\/\/clubedeviagensmoms.com.br\/homolog\/wp-json\/wp\/v2\/comments?post=4080"}],"wp:featuredmedia":[{"embeddable":true,"href":"https:\/\/clubedeviagensmoms.com.br\/homolog\/wp-json\/wp\/v2\/media\/4860"}],"wp:attachment":[{"href":"https:\/\/clubedeviagensmoms.com.br\/homolog\/wp-json\/wp\/v2\/media?parent=4080"}],"wp:term":[{"taxonomy":"product_cat","embeddable":true,"href":"https:\/\/clubedeviagensmoms.com.br\/homolog\/wp-json\/wp\/v2\/product_cat?post=4080"},{"taxonomy":"product_tag","embeddable":true,"href":"https:\/\/clubedeviagensmoms.com.br\/homolog\/wp-json\/wp\/v2\/product_tag?post=4080"}],"curies":[{"name":"wp","href":"https:\/\/api.w.org\/{rel}","templated":true}]}}