{"id":4081,"date":"2021-10-29T19:56:17","date_gmt":"2021-10-29T22:56:17","guid":{"rendered":"http:\/\/clubedeviagensmoms.com.br\/homolog\/taober_wp\/?post_type=product&#038;p=4081"},"modified":"2023-08-30T12:26:12","modified_gmt":"2023-08-30T15:26:12","slug":"sheraton-grand-rio-hotel-resort","status":"publish","type":"product","link":"https:\/\/clubedeviagensmoms.com.br\/homolog\/produto\/sheraton-grand-rio-hotel-resort\/","title":{"rendered":"Sheraton Grand Rio Hotel &#038; Resort"},"content":{"rendered":"<h4><strong>Conhe\u00e7a o Sheraton, um dos queridinhos do Rio<\/strong><\/h4>\n<p>O Sheraton Grand Rio vem inovando a rede de hotelaria com novos espa\u00e7os, onde h\u00f3spedes e habitantes locais podem se conectar de maneira \u00fanica e inovadora.<\/p>\n<div class=\"page-text\">\n<p><span style=\"font-size: 12pt;\">\u00c9 o hotel certo para fazer desde reuni\u00f5es informais at\u00e9 refei\u00e7\u00f5es privativas intimistas. Os Studios exclusivos proporcionam uma variedade de experi\u00eancias para reuni\u00f5es de pequenos grupos.<\/span><\/p>\n<p>Para os corporativos, investir em carregadores sem fio integrado para dispositivos m\u00f3veis e assentos ergon\u00f4micos foi maravilhoso. Al\u00e9m disso, a mesa comunit\u00e1ria de trabalho \u00e9 ideal para aqueles que precisam de um apoio para trabalhar.<\/p>\n<p>Com as novas Cabines, o Sheraton Grand Rio \u00e9 um lugar para refletir e fazer chamadas de v\u00eddeos com amigos, familiares ou colegas de trabalho. Principalmente por elas possu\u00edrem isolamento ac\u00fastico e oferecerem privacidade.<\/p>\n<p>Enfim, chegamos no &amp; MORE BY SHERATON, uma \u00e2ncora do espa\u00e7o p\u00fablico no hotel. O estabelecimento combina bar, cafeteria e mercado. O card\u00e1pio completo, servido durante todo o dia, traz de caf\u00e9s at\u00e9 drinques.<\/p>\n<p>Os novos quartos s\u00e3o um luxo, pois foram projetados para proporcionar conforto atemporal, al\u00e9m de possibilitar produtividade e ref\u00fagio ao mesmo tempo.<\/p>\n<h6><span style=\"font-size: 12pt;\">N\u00e3o perca a oportunidade de conhecer a cidade maravilhosa com o melhor do Sheraton Grand Rio!\u00a0<\/span><\/h6>\n<p><a href=\"https:\/\/wa.me\/5521964046487\"><strong>E<\/strong><b>ntre em contato com a nossa equipe e garanta sua vaga!<\/b><\/a><\/p>\n<p>Se voc\u00ea ainda n\u00e3o conhece nossas redes sociais, venha conferir o nosso\u00a0<a href=\"https:\/\/www.instagram.com\/clubedeviagensmoms\/\">Instagram<\/a>\u00a0e tamb\u00e9m a\u00a0<a href=\"https:\/\/www.facebook.com\/ClubeDeViagensMoms\/?hc_ref=ARREVFAUN6kemqQPikWPR6yOVqfolWuZ4Gm2u6EX4fJ2-jyHER8eDB5si8DvGkabbOE&amp;fref=nf&amp;__xts__[0]=68.ARAXJqd_Jm68dG9qh_a7A_hAS8hHGdRg1Cq8Je9my1EPnGBRo26TI37xs6IY6NhynKSzyIDhPcBRqvr6Nzuwi7g2W4UPO84T0-vU7mWKXia_C51FzzqVsE3HthHbuQetTo9gapY&amp;__tn__=kC-R\">p\u00e1gina do Facebook<\/a>!<\/p>\n<p>Ainda temos um\u00a0<a href=\"https:\/\/www.facebook.com\/groups\/clubedeviagensmoms\/\">grupo do Facebook<\/a>, portanto, venha fazer arte!<\/p>\n<p>Para conferir nossos outros hot\u00e9is parceiros, clique\u00a0<a href=\"http:\/\/clubedeviagensmoms.com.br\/homolog\/vamos-viajar\/hoteis\/\" target=\"_blank\" rel=\"noopener noreferrer\">aqui<\/a>!<\/p>\n<\/div>\n","protected":false},"excerpt":{"rendered":"<p>O Sheraton Grand Rio \u00e9 o hotel perfeito para descansar aproveitando o refinado bom gosto em design, gastronomia ic\u00f4nica carioca e servi\u00e7o excepcional.<\/p>\n<p>Os hot\u00e9is est\u00e3o localizados nas cidades, \u00e1reas de resort e destinos de conven\u00e7\u00f5es mais desejados pelos nossos h\u00f3spedes.<\/p>\n","protected":false},"featured_media":2842,"comment_status":"closed","ping_status":"closed","template":"","meta":[],"product_cat":[21],"product_tag":[27,28,29,377,196,199,382,37,197,38,379],"class_list":["post-4081","product","type-product","status-publish","has-post-thumbnail","hentry","product_cat-hoteis","product_tag-clube-de-viagens-moms","product_tag-clube-moms","product_tag-criancas","product_tag-escapada-rio-de-janeiro","product_tag-escapada-romantica","product_tag-hotel","product_tag-leblon","product_tag-rio-de-janeiro","product_tag-sheraton","product_tag-viagem","product_tag-viagem-romantica"],"acf":[],"yoast_head":"<!-- This site is optimized with the Yoast SEO Premium plugin v16.0.2 (Yoast SEO v21.2) - https:\/\/yoast.com\/wordpress\/plugins\/seo\/ -->\n<title>Sheraton Grand Rio Hotel &amp; Resort - Clube Moms<\/title>\n<meta name=\"description\" content=\"O Sheraton Grand Rio \u00e9 o hotel perfeito para descansar aproveitando o refinado bom gosto em design, gastronomia ic\u00f4nica carioca e servi\u00e7o excepcional.\" \/>\n<meta name=\"robots\" content=\"index, follow, max-snippet:-1, max-image-preview:large, max-video-preview:-1\" \/>\n<link rel=\"canonical\" href=\"https:\/\/clubedeviagensmoms.com.br\/homolog\/produto\/sheraton-grand-rio-hotel-resort\/\" \/>\n<meta property=\"og:locale\" content=\"pt_BR\" \/>\n<meta property=\"og:type\" content=\"article\" \/>\n<meta property=\"og:title\" content=\"Sheraton Grand Rio Hotel &amp; Resort - Clube Moms\" \/>\n<meta property=\"og:description\" content=\"O Sheraton Grand Rio \u00e9 o hotel perfeito para descansar aproveitando o refinado bom gosto em design, gastronomia ic\u00f4nica carioca e servi\u00e7o excepcional.\" \/>\n<meta property=\"og:url\" content=\"https:\/\/clubedeviagensmoms.com.br\/homolog\/produto\/sheraton-grand-rio-hotel-resort\/\" \/>\n<meta property=\"og:site_name\" content=\"Clube Moms\" \/>\n<meta property=\"article:modified_time\" content=\"2023-08-30T15:26:12+00:00\" \/>\n<meta property=\"og:image\" content=\"https:\/\/clubedeviagensmoms.com.br\/homolog\/wp-content\/uploads\/2021\/10\/Sheraton.jpg\" \/>\n\t<meta property=\"og:image:width\" content=\"1200\" \/>\n\t<meta property=\"og:image:height\" content=\"630\" \/>\n\t<meta property=\"og:image:type\" content=\"image\/jpeg\" \/>\n<meta name=\"twitter:card\" content=\"summary_large_image\" \/>\n<meta name=\"twitter:label1\" content=\"Est. tempo de leitura\" \/>\n\t<meta name=\"twitter:data1\" content=\"2 minutos\" \/>\n<script type=\"application\/ld+json\" class=\"yoast-schema-graph\">{\"@context\":\"https:\/\/schema.org\",\"@graph\":[{\"@type\":\"WebPage\",\"@id\":\"https:\/\/clubedeviagensmoms.com.br\/homolog\/produto\/sheraton-grand-rio-hotel-resort\/\",\"url\":\"https:\/\/clubedeviagensmoms.com.br\/homolog\/produto\/sheraton-grand-rio-hotel-resort\/\",\"name\":\"Sheraton Grand Rio Hotel & Resort - Clube Moms\",\"isPartOf\":{\"@id\":\"https:\/\/clubedeviagensmoms.com.br\/homolog\/#website\"},\"datePublished\":\"2021-10-29T22:56:17+00:00\",\"dateModified\":\"2023-08-30T15:26:12+00:00\",\"description\":\"O Sheraton Grand Rio \u00e9 o hotel perfeito para descansar aproveitando o refinado bom gosto em design, gastronomia ic\u00f4nica carioca e servi\u00e7o excepcional.\",\"breadcrumb\":{\"@id\":\"https:\/\/clubedeviagensmoms.com.br\/homolog\/produto\/sheraton-grand-rio-hotel-resort\/#breadcrumb\"},\"inLanguage\":\"pt-BR\",\"potentialAction\":[{\"@type\":\"ReadAction\",\"target\":[\"https:\/\/clubedeviagensmoms.com.br\/homolog\/produto\/sheraton-grand-rio-hotel-resort\/\"]}]},{\"@type\":\"BreadcrumbList\",\"@id\":\"https:\/\/clubedeviagensmoms.com.br\/homolog\/produto\/sheraton-grand-rio-hotel-resort\/#breadcrumb\",\"itemListElement\":[{\"@type\":\"ListItem\",\"position\":1,\"name\":\"Home\",\"item\":\"https:\/\/clubedeviagensmoms.com.br\/homolog\/\"},{\"@type\":\"ListItem\",\"position\":2,\"name\":\"Vamos Viajar\",\"item\":\"https:\/\/clubedeviagensmoms.com.br\/homolog\/shop\/\"},{\"@type\":\"ListItem\",\"position\":3,\"name\":\"Sheraton Grand Rio Hotel &#038; Resort\"}]},{\"@type\":\"WebSite\",\"@id\":\"https:\/\/clubedeviagensmoms.com.br\/homolog\/#website\",\"url\":\"https:\/\/clubedeviagensmoms.com.br\/homolog\/\",\"name\":\"Clube Moms\",\"description\":\"O Clube Moms \u00e9 uma ag\u00eancia de turismo com foco em fam\u00edlias com crian\u00e7as, que uno os conceitos de Consultoria Especializada e Clube de Vantagens.\",\"potentialAction\":[{\"@type\":\"SearchAction\",\"target\":{\"@type\":\"EntryPoint\",\"urlTemplate\":\"https:\/\/clubedeviagensmoms.com.br\/homolog\/?s={search_term_string}\"},\"query-input\":\"required name=search_term_string\"}],\"inLanguage\":\"pt-BR\"}]}<\/script>\n<!-- \/ Yoast SEO Premium plugin. -->","yoast_head_json":{"title":"Sheraton Grand Rio Hotel & Resort - Clube Moms","description":"O Sheraton Grand Rio \u00e9 o hotel perfeito para descansar aproveitando o refinado bom gosto em design, gastronomia ic\u00f4nica carioca e servi\u00e7o excepcional.","robots":{"index":"index","follow":"follow","max-snippet":"max-snippet:-1","max-image-preview":"max-image-preview:large","max-video-preview":"max-video-preview:-1"},"canonical":"https:\/\/clubedeviagensmoms.com.br\/homolog\/produto\/sheraton-grand-rio-hotel-resort\/","og_locale":"pt_BR","og_type":"article","og_title":"Sheraton Grand Rio Hotel & Resort - Clube Moms","og_description":"O Sheraton Grand Rio \u00e9 o hotel perfeito para descansar aproveitando o refinado bom gosto em design, gastronomia ic\u00f4nica carioca e servi\u00e7o excepcional.","og_url":"https:\/\/clubedeviagensmoms.com.br\/homolog\/produto\/sheraton-grand-rio-hotel-resort\/","og_site_name":"Clube Moms","article_modified_time":"2023-08-30T15:26:12+00:00","og_image":[{"width":1200,"height":630,"url":"https:\/\/clubedeviagensmoms.com.br\/homolog\/wp-content\/uploads\/2021\/10\/Sheraton.jpg","type":"image\/jpeg"}],"twitter_card":"summary_large_image","twitter_misc":{"Est. tempo de leitura":"2 minutos"},"schema":{"@context":"https:\/\/schema.org","@graph":[{"@type":"WebPage","@id":"https:\/\/clubedeviagensmoms.com.br\/homolog\/produto\/sheraton-grand-rio-hotel-resort\/","url":"https:\/\/clubedeviagensmoms.com.br\/homolog\/produto\/sheraton-grand-rio-hotel-resort\/","name":"Sheraton Grand Rio Hotel & Resort - Clube Moms","isPartOf":{"@id":"https:\/\/clubedeviagensmoms.com.br\/homolog\/#website"},"datePublished":"2021-10-29T22:56:17+00:00","dateModified":"2023-08-30T15:26:12+00:00","description":"O Sheraton Grand Rio \u00e9 o hotel perfeito para descansar aproveitando o refinado bom gosto em design, gastronomia ic\u00f4nica carioca e servi\u00e7o excepcional.","breadcrumb":{"@id":"https:\/\/clubedeviagensmoms.com.br\/homolog\/produto\/sheraton-grand-rio-hotel-resort\/#breadcrumb"},"inLanguage":"pt-BR","potentialAction":[{"@type":"ReadAction","target":["https:\/\/clubedeviagensmoms.com.br\/homolog\/produto\/sheraton-grand-rio-hotel-resort\/"]}]},{"@type":"BreadcrumbList","@id":"https:\/\/clubedeviagensmoms.com.br\/homolog\/produto\/sheraton-grand-rio-hotel-resort\/#breadcrumb","itemListElement":[{"@type":"ListItem","position":1,"name":"Home","item":"https:\/\/clubedeviagensmoms.com.br\/homolog\/"},{"@type":"ListItem","position":2,"name":"Vamos Viajar","item":"https:\/\/clubedeviagensmoms.com.br\/homolog\/shop\/"},{"@type":"ListItem","position":3,"name":"Sheraton Grand Rio Hotel &#038; Resort"}]},{"@type":"WebSite","@id":"https:\/\/clubedeviagensmoms.com.br\/homolog\/#website","url":"https:\/\/clubedeviagensmoms.com.br\/homolog\/","name":"Clube Moms","description":"O Clube Moms \u00e9 uma ag\u00eancia de turismo com foco em fam\u00edlias com crian\u00e7as, que uno os conceitos de Consultoria Especializada e Clube de Vantagens.","potentialAction":[{"@type":"SearchAction","target":{"@type":"EntryPoint","urlTemplate":"https:\/\/clubedeviagensmoms.com.br\/homolog\/?s={search_term_string}"},"query-input":"required name=search_term_string"}],"inLanguage":"pt-BR"}]}},"_links":{"self":[{"href":"https:\/\/clubedeviagensmoms.com.br\/homolog\/wp-json\/wp\/v2\/product\/4081","targetHints":{"allow":["GET"]}}],"collection":[{"href":"https:\/\/clubedeviagensmoms.com.br\/homolog\/wp-json\/wp\/v2\/product"}],"about":[{"href":"https:\/\/clubedeviagensmoms.com.br\/homolog\/wp-json\/wp\/v2\/types\/product"}],"replies":[{"embeddable":true,"href":"https:\/\/clubedeviagensmoms.com.br\/homolog\/wp-json\/wp\/v2\/comments?post=4081"}],"wp:featuredmedia":[{"embeddable":true,"href":"https:\/\/clubedeviagensmoms.com.br\/homolog\/wp-json\/wp\/v2\/media\/2842"}],"wp:attachment":[{"href":"https:\/\/clubedeviagensmoms.com.br\/homolog\/wp-json\/wp\/v2\/media?parent=4081"}],"wp:term":[{"taxonomy":"product_cat","embeddable":true,"href":"https:\/\/clubedeviagensmoms.com.br\/homolog\/wp-json\/wp\/v2\/product_cat?post=4081"},{"taxonomy":"product_tag","embeddable":true,"href":"https:\/\/clubedeviagensmoms.com.br\/homolog\/wp-json\/wp\/v2\/product_tag?post=4081"}],"curies":[{"name":"wp","href":"https:\/\/api.w.org\/{rel}","templated":true}]}}