{"id":4083,"date":"2021-10-29T19:56:17","date_gmt":"2021-10-29T22:56:17","guid":{"rendered":"http:\/\/clubedeviagensmoms.com.br\/homolog\/taober_wp\/?post_type=product&#038;p=4083"},"modified":"2023-08-30T12:25:22","modified_gmt":"2023-08-30T15:25:22","slug":"fairmont-rio-de-janeiro-copacabana","status":"publish","type":"product","link":"https:\/\/clubedeviagensmoms.com.br\/homolog\/produto\/fairmont-rio-de-janeiro-copacabana\/","title":{"rendered":"Fairmont Rio de Janeiro Copacabana"},"content":{"rendered":"<h4><span style=\"font-weight: 400;\">O Fairmont Copacabana est\u00e1 localizado em um dos bairros mais lindos e famosos do mundo!<\/span><\/h4>\n<p><span style=\"font-weight: 400;\">Al\u00e9m de estar em frente a praia de Copacabana, o Fairmont fica a apenas alguns passos da praia de Ipanema. Logo, co<\/span><span style=\"font-weight: 400;\">nta com uma vista majestosa para o P\u00e3o de A\u00e7\u00facar.<\/span><\/p>\n<p><span style=\"font-weight: 400;\">O luxuoso hotel remete ao glamour carioca dos anos 50, al\u00e9m disso, conta com diferentes categorias de acomoda\u00e7\u00f5es confort\u00e1veis.\u00a0<\/span><\/p>\n<p><span style=\"font-weight: 400;\">Copacabana \u00e9 o destino ideal para os que buscam realizar turismo completo no Rio de Janeiro. Por isso, o local conta com feiras de antiguidades, atividades na praia e \u00e9 o cora\u00e7\u00e3o da Zona Sul.<\/span><\/p>\n<p><span style=\"font-weight: 400;\">Aproveite a localiza\u00e7\u00e3o privilegiada para visitar locais que garantem momentos em fam\u00edlia. Como uma pedalada pela Lagoa Rodrigo de Freitas, piquenique no Jardim Bot\u00e2nico, conhecer o P\u00e3o de A\u00e7\u00facar, o Cristo Redentor ou o Arpoador.<\/span><\/p>\n<p><span style=\"font-weight: 400;\">A equipe do <\/span><span style=\"font-weight: 400;\">Fairmont <\/span><span style=\"font-weight: 400;\">presta um atendimento \u00fanico <\/span><span style=\"font-weight: 400;\">e alinhado ao mais alto padr\u00e3o de excel\u00eancia. Seja apresentando os principais pontos tur\u00edsticos ou revelando dicas de lugares mais secretos da capital fluminense. Assim, eles atuam como <\/span><span style=\"font-weight: 400;\">facilitadores de sonhos na hora de garantir uma estadia mais do que agrad\u00e1vel.<\/span><\/p>\n<p><span style=\"font-weight: 400;\">Para aproveitar a famosa Praia de Copacabana, o hotel oferece guarda-s\u00f3is, cadeiras de praia e toalhas. Os itens est\u00e3o sempre \u00e0 disposi\u00e7\u00e3o para garantir conforto e praticidade \u00e0 sua fam\u00edlia na hora do banho de mar.<\/span><\/p>\n<p><span style=\"font-weight: 400;\">Por fim, o Fairmont Copacabana oferecem servi\u00e7o de bab\u00e1 para acolhimento e cuidado dos pequenos.<\/span><\/p>\n<p>O Rio de Janeiro \u00e9 frequentemente escolhido como um bom destino para viajar em fam\u00edlia. Seja pelas praias e demais op\u00e7\u00f5es de lazer diurnos ou pela intensa vida noturna.<\/p>\n<p>Ent\u00e3o,\u00a0<span style=\"font-weight: 400;\"><a href=\"http:\/\/clubedeviagensmoms.com.br\/homolog\/vamos-viajar\/hoteis\/\">clique aqui<\/a> e confira mais op\u00e7\u00f5es hot\u00e9is na cidade.<\/span><\/p>\n<p><span style=\"font-weight: 400;\">Nesse meio tempo, acompanhe nossas redes sociais para n\u00e3o perder nenhuma dica ou promo\u00e7\u00e3o do Fairmont Copacabana.<\/span><\/p>\n<p><span style=\"font-weight: 400;\">Siga nosso perfil no <a href=\"https:\/\/www.instagram.com\/clubedeviagensmoms\/\">Instagram<\/a> e fa\u00e7a parte do grupo Clube de Viagens Moms no <a href=\"https:\/\/www.facebook.com\/groups\/clubedeviagensmoms\/\">Facebook<\/a>.\u00a0<\/span><\/p>\n","protected":false},"excerpt":{"rendered":"<p><span style=\"font-weight: 400;\">Localizado em um dos bairros mais famosos do mundo, o Fairmont Copacabana conta com uma vista majestosa para o P\u00e3o de A\u00e7\u00facar, al\u00e9m de estar a apenas alguns passos da praia de Ipanema.\u00a0<\/span><\/p>\n","protected":false},"featured_media":2857,"comment_status":"closed","ping_status":"closed","template":"","meta":[],"product_cat":[21],"product_tag":[27,376,479,30,480,32,174,199,378,45,37,52,186,38,54],"class_list":["post-4083","product","type-product","status-publish","has-post-thumbnail","hentry","product_cat-hoteis","product_tag-clube-de-viagens-moms","product_tag-copacabana","product_tag-cristo-redentor","product_tag-diversao","product_tag-fairmont","product_tag-ferias","product_tag-hoteis-que-indicamos","product_tag-hotel","product_tag-hotel-fairmount-copacabana","product_tag-praia","product_tag-rio-de-janeiro","product_tag-spa","product_tag-sudeste","product_tag-viagem","product_tag-viagem-com-a-familia","pa_destino-rio-de-janeiro","pa_estrutura-lazer-babysitter","pa_estrutura-lazer-concierge","pa_estrutura-lazer-estacionamento","pa_estrutura-lazer-piscina","pa_estrutura-lazer-sauna","pa_estrutura-lazer-spa","pa_tipos-de-destinos-praia"],"acf":[],"yoast_head":"<!-- This site is optimized with the Yoast SEO Premium plugin v16.0.2 (Yoast SEO v21.2) - https:\/\/yoast.com\/wordpress\/plugins\/seo\/ -->\n<title>Fairmont Copacabana<\/title>\n<meta name=\"description\" content=\"Localizado em um dos bairros mais famosos do mundo, o Fairmont Copacabana conta com uma vista majestosa para praia e P\u00e3o de A\u00e7\u00facar.\" \/>\n<meta name=\"robots\" content=\"index, follow, max-snippet:-1, max-image-preview:large, max-video-preview:-1\" \/>\n<link rel=\"canonical\" href=\"https:\/\/clubedeviagensmoms.com.br\/homolog\/produto\/fairmont-rio-de-janeiro-copacabana\/\" \/>\n<meta property=\"og:locale\" content=\"pt_BR\" \/>\n<meta property=\"og:type\" content=\"article\" \/>\n<meta property=\"og:title\" content=\"Fairmont Copacabana\" \/>\n<meta property=\"og:description\" content=\"O Fairmont Copacabana conta com vista deslumabrante e quartos luxuosos.\" \/>\n<meta property=\"og:url\" content=\"https:\/\/clubedeviagensmoms.com.br\/homolog\/produto\/fairmont-rio-de-janeiro-copacabana\/\" \/>\n<meta property=\"og:site_name\" content=\"Clube Moms\" \/>\n<meta property=\"article:modified_time\" content=\"2023-08-30T15:25:22+00:00\" \/>\n<meta name=\"twitter:card\" content=\"summary_large_image\" \/>\n<meta name=\"twitter:title\" content=\"Fairmont Copacabana\" \/>\n<meta name=\"twitter:description\" content=\"Localizado em um dos bairros mais famosos do mundo, o Fairmont Copacabana conta com uma vista majestosa para praia e P\u00e3o de A\u00e7\u00facar.\" \/>\n<meta name=\"twitter:label1\" content=\"Est. tempo de leitura\" \/>\n\t<meta name=\"twitter:data1\" content=\"2 minutos\" \/>\n<script type=\"application\/ld+json\" class=\"yoast-schema-graph\">{\"@context\":\"https:\/\/schema.org\",\"@graph\":[{\"@type\":\"WebPage\",\"@id\":\"https:\/\/clubedeviagensmoms.com.br\/homolog\/produto\/fairmont-rio-de-janeiro-copacabana\/\",\"url\":\"https:\/\/clubedeviagensmoms.com.br\/homolog\/produto\/fairmont-rio-de-janeiro-copacabana\/\",\"name\":\"Fairmont Copacabana\",\"isPartOf\":{\"@id\":\"https:\/\/clubedeviagensmoms.com.br\/homolog\/#website\"},\"datePublished\":\"2021-10-29T22:56:17+00:00\",\"dateModified\":\"2023-08-30T15:25:22+00:00\",\"description\":\"Localizado em um dos bairros mais famosos do mundo, o Fairmont Copacabana conta com uma vista majestosa para praia e P\u00e3o de A\u00e7\u00facar.\",\"breadcrumb\":{\"@id\":\"https:\/\/clubedeviagensmoms.com.br\/homolog\/produto\/fairmont-rio-de-janeiro-copacabana\/#breadcrumb\"},\"inLanguage\":\"pt-BR\",\"potentialAction\":[{\"@type\":\"ReadAction\",\"target\":[\"https:\/\/clubedeviagensmoms.com.br\/homolog\/produto\/fairmont-rio-de-janeiro-copacabana\/\"]}]},{\"@type\":\"BreadcrumbList\",\"@id\":\"https:\/\/clubedeviagensmoms.com.br\/homolog\/produto\/fairmont-rio-de-janeiro-copacabana\/#breadcrumb\",\"itemListElement\":[{\"@type\":\"ListItem\",\"position\":1,\"name\":\"Home\",\"item\":\"https:\/\/clubedeviagensmoms.com.br\/homolog\/\"},{\"@type\":\"ListItem\",\"position\":2,\"name\":\"Vamos Viajar\",\"item\":\"https:\/\/clubedeviagensmoms.com.br\/homolog\/shop\/\"},{\"@type\":\"ListItem\",\"position\":3,\"name\":\"Fairmont Rio de Janeiro Copacabana\"}]},{\"@type\":\"WebSite\",\"@id\":\"https:\/\/clubedeviagensmoms.com.br\/homolog\/#website\",\"url\":\"https:\/\/clubedeviagensmoms.com.br\/homolog\/\",\"name\":\"Clube Moms\",\"description\":\"O Clube Moms \u00e9 uma ag\u00eancia de turismo com foco em fam\u00edlias com crian\u00e7as, que uno os conceitos de Consultoria Especializada e Clube de Vantagens.\",\"potentialAction\":[{\"@type\":\"SearchAction\",\"target\":{\"@type\":\"EntryPoint\",\"urlTemplate\":\"https:\/\/clubedeviagensmoms.com.br\/homolog\/?s={search_term_string}\"},\"query-input\":\"required name=search_term_string\"}],\"inLanguage\":\"pt-BR\"}]}<\/script>\n<!-- \/ Yoast SEO Premium plugin. -->","yoast_head_json":{"title":"Fairmont Copacabana","description":"Localizado em um dos bairros mais famosos do mundo, o Fairmont Copacabana conta com uma vista majestosa para praia e P\u00e3o de A\u00e7\u00facar.","robots":{"index":"index","follow":"follow","max-snippet":"max-snippet:-1","max-image-preview":"max-image-preview:large","max-video-preview":"max-video-preview:-1"},"canonical":"https:\/\/clubedeviagensmoms.com.br\/homolog\/produto\/fairmont-rio-de-janeiro-copacabana\/","og_locale":"pt_BR","og_type":"article","og_title":"Fairmont Copacabana","og_description":"O Fairmont Copacabana conta com vista deslumabrante e quartos luxuosos.","og_url":"https:\/\/clubedeviagensmoms.com.br\/homolog\/produto\/fairmont-rio-de-janeiro-copacabana\/","og_site_name":"Clube Moms","article_modified_time":"2023-08-30T15:25:22+00:00","twitter_card":"summary_large_image","twitter_title":"Fairmont Copacabana","twitter_description":"Localizado em um dos bairros mais famosos do mundo, o Fairmont Copacabana conta com uma vista majestosa para praia e P\u00e3o de A\u00e7\u00facar.","twitter_misc":{"Est. tempo de leitura":"2 minutos"},"schema":{"@context":"https:\/\/schema.org","@graph":[{"@type":"WebPage","@id":"https:\/\/clubedeviagensmoms.com.br\/homolog\/produto\/fairmont-rio-de-janeiro-copacabana\/","url":"https:\/\/clubedeviagensmoms.com.br\/homolog\/produto\/fairmont-rio-de-janeiro-copacabana\/","name":"Fairmont Copacabana","isPartOf":{"@id":"https:\/\/clubedeviagensmoms.com.br\/homolog\/#website"},"datePublished":"2021-10-29T22:56:17+00:00","dateModified":"2023-08-30T15:25:22+00:00","description":"Localizado em um dos bairros mais famosos do mundo, o Fairmont Copacabana conta com uma vista majestosa para praia e P\u00e3o de A\u00e7\u00facar.","breadcrumb":{"@id":"https:\/\/clubedeviagensmoms.com.br\/homolog\/produto\/fairmont-rio-de-janeiro-copacabana\/#breadcrumb"},"inLanguage":"pt-BR","potentialAction":[{"@type":"ReadAction","target":["https:\/\/clubedeviagensmoms.com.br\/homolog\/produto\/fairmont-rio-de-janeiro-copacabana\/"]}]},{"@type":"BreadcrumbList","@id":"https:\/\/clubedeviagensmoms.com.br\/homolog\/produto\/fairmont-rio-de-janeiro-copacabana\/#breadcrumb","itemListElement":[{"@type":"ListItem","position":1,"name":"Home","item":"https:\/\/clubedeviagensmoms.com.br\/homolog\/"},{"@type":"ListItem","position":2,"name":"Vamos Viajar","item":"https:\/\/clubedeviagensmoms.com.br\/homolog\/shop\/"},{"@type":"ListItem","position":3,"name":"Fairmont Rio de Janeiro Copacabana"}]},{"@type":"WebSite","@id":"https:\/\/clubedeviagensmoms.com.br\/homolog\/#website","url":"https:\/\/clubedeviagensmoms.com.br\/homolog\/","name":"Clube Moms","description":"O Clube Moms \u00e9 uma ag\u00eancia de turismo com foco em fam\u00edlias com crian\u00e7as, que uno os conceitos de Consultoria Especializada e Clube de Vantagens.","potentialAction":[{"@type":"SearchAction","target":{"@type":"EntryPoint","urlTemplate":"https:\/\/clubedeviagensmoms.com.br\/homolog\/?s={search_term_string}"},"query-input":"required name=search_term_string"}],"inLanguage":"pt-BR"}]}},"_links":{"self":[{"href":"https:\/\/clubedeviagensmoms.com.br\/homolog\/wp-json\/wp\/v2\/product\/4083","targetHints":{"allow":["GET"]}}],"collection":[{"href":"https:\/\/clubedeviagensmoms.com.br\/homolog\/wp-json\/wp\/v2\/product"}],"about":[{"href":"https:\/\/clubedeviagensmoms.com.br\/homolog\/wp-json\/wp\/v2\/types\/product"}],"replies":[{"embeddable":true,"href":"https:\/\/clubedeviagensmoms.com.br\/homolog\/wp-json\/wp\/v2\/comments?post=4083"}],"wp:featuredmedia":[{"embeddable":true,"href":"https:\/\/clubedeviagensmoms.com.br\/homolog\/wp-json\/wp\/v2\/media\/2857"}],"wp:attachment":[{"href":"https:\/\/clubedeviagensmoms.com.br\/homolog\/wp-json\/wp\/v2\/media?parent=4083"}],"wp:term":[{"taxonomy":"product_cat","embeddable":true,"href":"https:\/\/clubedeviagensmoms.com.br\/homolog\/wp-json\/wp\/v2\/product_cat?post=4083"},{"taxonomy":"product_tag","embeddable":true,"href":"https:\/\/clubedeviagensmoms.com.br\/homolog\/wp-json\/wp\/v2\/product_tag?post=4083"}],"curies":[{"name":"wp","href":"https:\/\/api.w.org\/{rel}","templated":true}]}}