{"id":4084,"date":"2021-10-30T19:56:17","date_gmt":"2021-10-30T22:56:17","guid":{"rendered":"http:\/\/clubedeviagensmoms.com.br\/homolog\/taober_wp\/?post_type=product&#038;p=4084"},"modified":"2023-08-30T12:25:06","modified_gmt":"2023-08-30T15:25:06","slug":"belmond-copacabana-palace","status":"publish","type":"product","link":"https:\/\/clubedeviagensmoms.com.br\/homolog\/produto\/belmond-copacabana-palace\/","title":{"rendered":"Belmond Copacabana Palace"},"content":{"rendered":"<h1><span style=\"font-weight: 400; font-size: 18pt;\">Com quase um s\u00e9culo de exist\u00eancia e cl\u00e1ssico representante do glamour carioca, o Copacabana Palace \u00e9 um ref\u00fagio no cora\u00e7\u00e3o do Rio de Janeiro.<\/span><\/h1>\n<p><span style=\"font-weight: 400;\">Localizado em frente \u00e0 praia de Copacabana e repleto de hist\u00f3rias constru\u00eddas desde 1923, a Belmond Copacabana Palace oferece qualidade, conforto e privacidade. <\/span><\/p>\n<p><span>Por isso, \u00e9 um dos destinos mais conhecidos e desejados do mundo, sendo conhecido pela eleg\u00e2ncia dos espa\u00e7os divididos entre<\/span> o pr\u00e9dio principal e anexo, em uma \u00e1rea que chega a 11.000m\u00b2.<\/p>\n<p>Luxuoso e elegante, \u00e9 um hotel 5 estrelas. Com decora\u00e7\u00e3o planejada com m\u00f3veis ingleses de \u00e9poca e magnificas obras de artes. Enquanto isso, o pr\u00e9dio anexo conta com m\u00e1rmores brasileiros brancos e rosas, tapetes orientais e decora\u00e7\u00e3o toque cl\u00e1ssico. Sendo assim, o espa\u00e7o \u00e9 verdadeiro pal\u00e1cio privativo!<\/p>\n<p><span style=\"font-weight: 400;\">Al\u00e9m disso, conta com uma grande equipe de profissionais prontos para oferecer a melhor experi\u00eancia dentro e fora do hotel, atrav\u00e9s do servi\u00e7o de praia.<\/span><\/p>\n<p><span style=\"font-weight: 400;\">Copacabana \u00e9 uma refer\u00eancia mundial de beleza. O bairro \u00e9 famoso pelo seu cal\u00e7ad\u00e3o amplo e ser pr\u00f3ximo \u00e0s principais atra\u00e7\u00f5es tur\u00edsticas da cidade, como o P\u00e3o de A\u00e7\u00facar e o Cristo Redentor.<\/span><\/p>\n<p><span style=\"font-weight: 400;\">Al\u00e9m de tudo, \u00e9 o \u00fanico hotel na Am\u00e9rica Latina que conta com dois restaurantes com Estrela Michelin: MEE e Ristorante Hotel Cipriani.<\/span><\/p>\n<p><span style=\"font-weight: 400;\">O hotel j\u00e1 recebeu in\u00fameros nomes famosos em suas visitas ao Rio de Janeiro, como Princesa Diana, Madonna e Nelson Mandela.<\/span><\/p>\n<p><span style=\"font-weight: 400;\">Sendo assim, a sua estadia \u00e9 um mergulho na hist\u00f3ria dos eventos culturais do hotel, visto que o Copacabana Palace \u00e9 conhecido por realizar alguns das principais festas do Brasil.<\/span><span><\/span><\/p>\n<h2><span style=\"font-size: 14pt;\">Venha conhecer e desfrutar dessa estadia marcante! Voc\u00ea n\u00e3o vai se arrepender!<\/span><\/h2>\n<p>Acompanhe mais dicas de hot\u00e9is nosso<span>\u00a0<\/span><a href=\"https:\/\/www.instagram.com\/clubedeviagensmoms\/\">Instagram<\/a><span>\u00a0<\/span>e tamb\u00e9m na <a href=\"https:\/\/www.facebook.com\/ClubeDeViagensMoms\/?hc_ref=ARREVFAUN6kemqQPikWPR6yOVqfolWuZ4Gm2u6EX4fJ2-jyHER8eDB5si8DvGkabbOE&amp;fref=nf&amp;__xts__[0]=68.ARAXJqd_Jm68dG9qh_a7A_hAS8hHGdRg1Cq8Je9my1EPnGBRo26TI37xs6IY6NhynKSzyIDhPcBRqvr6Nzuwi7g2W4UPO84T0-vU7mWKXia_C51FzzqVsE3HthHbuQetTo9gapY&amp;__tn__=kC-R\">p\u00e1gina do Facebook<\/a>! Al\u00e9m disso, tamb\u00e9m temos um<span>\u00a0<\/span><a href=\"https:\/\/www.facebook.com\/groups\/clubedeviagensmoms\/\">grupo do Facebook<\/a>, ent\u00e3o, venha fazer parte!<\/p>\n<p>Clique<span>\u00a0<\/span><a href=\"http:\/\/clubedeviagensmoms.com.br\/homolog\/vamos-viajar\/hoteis\/\" target=\"_blank\" rel=\"noopener noreferrer\">aqui<\/a>\u00a0e confira a lista com todos os nossos parceiros<\/p>\n","protected":false},"excerpt":{"rendered":"<h1><span style=\"font-weight: 400; font-size: 18pt;\">Com quase um s\u00e9culo de exist\u00eancia e cl\u00e1ssico representante do glamour carioca, o Copacabana Palace \u00e9 um ref\u00fagio no cora\u00e7\u00e3o do Rio de Janeiro.<\/span><\/h1>\n<p><span style=\"font-weight: 400;\">Localizado em frente \u00e0 praia de Copacabana e repleto de hist\u00f3rias constru\u00eddas desde 1923, a Belmond Copacabana Palace oferece qualidade, conforto e privacidade. <\/span><\/p>\n<p><span>Por isso, \u00e9 um dos destinos mais conhecidos e desejados do mundo, sendo conhecido pela eleg\u00e2ncia dos espa\u00e7os divididos entre<\/span> o pr\u00e9dio principal e anexo, em uma \u00e1rea que chega a 11.000m\u00b2.<\/p>\n<p>Luxuoso e elegante. \u00e9 um hotel 5 estrelas. Com decora\u00e7\u00e3o planejada com m\u00f3veis ingleses de \u00e9poca e magnificas obras de artes. Enquanto isso, o pr\u00e9dio anexo conta com m\u00e1rmores brasileiros brancos e rosas, tapetes orientais e decora\u00e7\u00e3o toque cl\u00e1ssico. Sendo assim, o espa\u00e7o \u00e9 verdadeiro pal\u00e1cio privativo!<\/p>\n","protected":false},"featured_media":2862,"comment_status":"closed","ping_status":"closed","template":"","meta":[],"product_cat":[21],"product_tag":[27,376,486,196,174,45,37,52,186,379],"class_list":["post-4084","product","type-product","status-publish","has-post-thumbnail","hentry","product_cat-hoteis","product_tag-clube-de-viagens-moms","product_tag-copacabana","product_tag-copacabana-palace","product_tag-escapada-romantica","product_tag-hoteis-que-indicamos","product_tag-praia","product_tag-rio-de-janeiro","product_tag-spa","product_tag-sudeste","product_tag-viagem-romantica"],"acf":[],"yoast_head":"<!-- This site is optimized with the Yoast SEO Premium plugin v16.0.2 (Yoast SEO v21.2) - https:\/\/yoast.com\/wordpress\/plugins\/seo\/ -->\n<title>Belmond Copacabana Palace - Clube Moms<\/title>\n<meta name=\"description\" content=\"Localizado em frente \u00e0 praia de Copacabana, o Belmond Copacabana Palace \u00e9 um dos destinos mais desejados do mundo pelo seu glamour.\" \/>\n<meta name=\"robots\" content=\"index, follow, max-snippet:-1, max-image-preview:large, max-video-preview:-1\" \/>\n<link rel=\"canonical\" href=\"https:\/\/clubedeviagensmoms.com.br\/homolog\/produto\/belmond-copacabana-palace\/\" \/>\n<meta property=\"og:locale\" content=\"pt_BR\" \/>\n<meta property=\"og:type\" content=\"article\" \/>\n<meta property=\"og:title\" content=\"Belmond Copacabana Palace - Clube Moms\" \/>\n<meta property=\"og:description\" content=\"\u00c9 um dos destinos mais conhecidos e desejados do mundo pelo seu glamour.\" \/>\n<meta property=\"og:url\" content=\"https:\/\/clubedeviagensmoms.com.br\/homolog\/produto\/belmond-copacabana-palace\/\" \/>\n<meta property=\"og:site_name\" content=\"Clube Moms\" \/>\n<meta property=\"article:modified_time\" content=\"2023-08-30T15:25:06+00:00\" \/>\n<meta name=\"twitter:card\" content=\"summary_large_image\" \/>\n<meta name=\"twitter:description\" content=\"Localizado em frente \u00e0 praia de Copacabana, o Belmond Copacabana Palace \u00e9 um dos destinos mais desejados do mundo pelo seu glamour.\" \/>\n<meta name=\"twitter:image\" content=\"https:\/\/clubedeviagensmoms.com.br\/homolog\/wp-content\/uploads\/2021\/10\/Copacabana-Palace-Frente-Banner-1240x855-1.png\" \/>\n<meta name=\"twitter:label1\" content=\"Est. tempo de leitura\" \/>\n\t<meta name=\"twitter:data1\" content=\"2 minutos\" \/>\n<script type=\"application\/ld+json\" class=\"yoast-schema-graph\">{\"@context\":\"https:\/\/schema.org\",\"@graph\":[{\"@type\":\"WebPage\",\"@id\":\"https:\/\/clubedeviagensmoms.com.br\/homolog\/produto\/belmond-copacabana-palace\/\",\"url\":\"https:\/\/clubedeviagensmoms.com.br\/homolog\/produto\/belmond-copacabana-palace\/\",\"name\":\"Belmond Copacabana Palace - Clube Moms\",\"isPartOf\":{\"@id\":\"https:\/\/clubedeviagensmoms.com.br\/homolog\/#website\"},\"datePublished\":\"2021-10-30T22:56:17+00:00\",\"dateModified\":\"2023-08-30T15:25:06+00:00\",\"description\":\"Localizado em frente \u00e0 praia de Copacabana, o Belmond Copacabana Palace \u00e9 um dos destinos mais desejados do mundo pelo seu glamour.\",\"breadcrumb\":{\"@id\":\"https:\/\/clubedeviagensmoms.com.br\/homolog\/produto\/belmond-copacabana-palace\/#breadcrumb\"},\"inLanguage\":\"pt-BR\",\"potentialAction\":[{\"@type\":\"ReadAction\",\"target\":[\"https:\/\/clubedeviagensmoms.com.br\/homolog\/produto\/belmond-copacabana-palace\/\"]}]},{\"@type\":\"BreadcrumbList\",\"@id\":\"https:\/\/clubedeviagensmoms.com.br\/homolog\/produto\/belmond-copacabana-palace\/#breadcrumb\",\"itemListElement\":[{\"@type\":\"ListItem\",\"position\":1,\"name\":\"Home\",\"item\":\"https:\/\/clubedeviagensmoms.com.br\/homolog\/\"},{\"@type\":\"ListItem\",\"position\":2,\"name\":\"Vamos Viajar\",\"item\":\"https:\/\/clubedeviagensmoms.com.br\/homolog\/shop\/\"},{\"@type\":\"ListItem\",\"position\":3,\"name\":\"Belmond Copacabana Palace\"}]},{\"@type\":\"WebSite\",\"@id\":\"https:\/\/clubedeviagensmoms.com.br\/homolog\/#website\",\"url\":\"https:\/\/clubedeviagensmoms.com.br\/homolog\/\",\"name\":\"Clube Moms\",\"description\":\"O Clube Moms \u00e9 uma ag\u00eancia de turismo com foco em fam\u00edlias com crian\u00e7as, que uno os conceitos de Consultoria Especializada e Clube de Vantagens.\",\"potentialAction\":[{\"@type\":\"SearchAction\",\"target\":{\"@type\":\"EntryPoint\",\"urlTemplate\":\"https:\/\/clubedeviagensmoms.com.br\/homolog\/?s={search_term_string}\"},\"query-input\":\"required name=search_term_string\"}],\"inLanguage\":\"pt-BR\"}]}<\/script>\n<!-- \/ Yoast SEO Premium plugin. -->","yoast_head_json":{"title":"Belmond Copacabana Palace - Clube Moms","description":"Localizado em frente \u00e0 praia de Copacabana, o Belmond Copacabana Palace \u00e9 um dos destinos mais desejados do mundo pelo seu glamour.","robots":{"index":"index","follow":"follow","max-snippet":"max-snippet:-1","max-image-preview":"max-image-preview:large","max-video-preview":"max-video-preview:-1"},"canonical":"https:\/\/clubedeviagensmoms.com.br\/homolog\/produto\/belmond-copacabana-palace\/","og_locale":"pt_BR","og_type":"article","og_title":"Belmond Copacabana Palace - Clube Moms","og_description":"\u00c9 um dos destinos mais conhecidos e desejados do mundo pelo seu glamour.","og_url":"https:\/\/clubedeviagensmoms.com.br\/homolog\/produto\/belmond-copacabana-palace\/","og_site_name":"Clube Moms","article_modified_time":"2023-08-30T15:25:06+00:00","twitter_card":"summary_large_image","twitter_description":"Localizado em frente \u00e0 praia de Copacabana, o Belmond Copacabana Palace \u00e9 um dos destinos mais desejados do mundo pelo seu glamour.","twitter_image":"https:\/\/clubedeviagensmoms.com.br\/homolog\/wp-content\/uploads\/2021\/10\/Copacabana-Palace-Frente-Banner-1240x855-1.png","twitter_misc":{"Est. tempo de leitura":"2 minutos"},"schema":{"@context":"https:\/\/schema.org","@graph":[{"@type":"WebPage","@id":"https:\/\/clubedeviagensmoms.com.br\/homolog\/produto\/belmond-copacabana-palace\/","url":"https:\/\/clubedeviagensmoms.com.br\/homolog\/produto\/belmond-copacabana-palace\/","name":"Belmond Copacabana Palace - Clube Moms","isPartOf":{"@id":"https:\/\/clubedeviagensmoms.com.br\/homolog\/#website"},"datePublished":"2021-10-30T22:56:17+00:00","dateModified":"2023-08-30T15:25:06+00:00","description":"Localizado em frente \u00e0 praia de Copacabana, o Belmond Copacabana Palace \u00e9 um dos destinos mais desejados do mundo pelo seu glamour.","breadcrumb":{"@id":"https:\/\/clubedeviagensmoms.com.br\/homolog\/produto\/belmond-copacabana-palace\/#breadcrumb"},"inLanguage":"pt-BR","potentialAction":[{"@type":"ReadAction","target":["https:\/\/clubedeviagensmoms.com.br\/homolog\/produto\/belmond-copacabana-palace\/"]}]},{"@type":"BreadcrumbList","@id":"https:\/\/clubedeviagensmoms.com.br\/homolog\/produto\/belmond-copacabana-palace\/#breadcrumb","itemListElement":[{"@type":"ListItem","position":1,"name":"Home","item":"https:\/\/clubedeviagensmoms.com.br\/homolog\/"},{"@type":"ListItem","position":2,"name":"Vamos Viajar","item":"https:\/\/clubedeviagensmoms.com.br\/homolog\/shop\/"},{"@type":"ListItem","position":3,"name":"Belmond Copacabana Palace"}]},{"@type":"WebSite","@id":"https:\/\/clubedeviagensmoms.com.br\/homolog\/#website","url":"https:\/\/clubedeviagensmoms.com.br\/homolog\/","name":"Clube Moms","description":"O Clube Moms \u00e9 uma ag\u00eancia de turismo com foco em fam\u00edlias com crian\u00e7as, que uno os conceitos de Consultoria Especializada e Clube de Vantagens.","potentialAction":[{"@type":"SearchAction","target":{"@type":"EntryPoint","urlTemplate":"https:\/\/clubedeviagensmoms.com.br\/homolog\/?s={search_term_string}"},"query-input":"required name=search_term_string"}],"inLanguage":"pt-BR"}]}},"_links":{"self":[{"href":"https:\/\/clubedeviagensmoms.com.br\/homolog\/wp-json\/wp\/v2\/product\/4084","targetHints":{"allow":["GET"]}}],"collection":[{"href":"https:\/\/clubedeviagensmoms.com.br\/homolog\/wp-json\/wp\/v2\/product"}],"about":[{"href":"https:\/\/clubedeviagensmoms.com.br\/homolog\/wp-json\/wp\/v2\/types\/product"}],"replies":[{"embeddable":true,"href":"https:\/\/clubedeviagensmoms.com.br\/homolog\/wp-json\/wp\/v2\/comments?post=4084"}],"wp:featuredmedia":[{"embeddable":true,"href":"https:\/\/clubedeviagensmoms.com.br\/homolog\/wp-json\/wp\/v2\/media\/2862"}],"wp:attachment":[{"href":"https:\/\/clubedeviagensmoms.com.br\/homolog\/wp-json\/wp\/v2\/media?parent=4084"}],"wp:term":[{"taxonomy":"product_cat","embeddable":true,"href":"https:\/\/clubedeviagensmoms.com.br\/homolog\/wp-json\/wp\/v2\/product_cat?post=4084"},{"taxonomy":"product_tag","embeddable":true,"href":"https:\/\/clubedeviagensmoms.com.br\/homolog\/wp-json\/wp\/v2\/product_tag?post=4084"}],"curies":[{"name":"wp","href":"https:\/\/api.w.org\/{rel}","templated":true}]}}