{"id":4087,"date":"2021-10-29T19:57:40","date_gmt":"2021-10-29T22:57:40","guid":{"rendered":"http:\/\/clubedeviagensmoms.com.br\/homolog\/taober_wp\/?post_type=product&#038;p=4087"},"modified":"2023-08-30T12:26:40","modified_gmt":"2023-08-30T15:26:40","slug":"bahamas","status":"publish","type":"product","link":"https:\/\/clubedeviagensmoms.com.br\/homolog\/produto\/bahamas\/","title":{"rendered":"Bahamas"},"content":{"rendered":"<p>Cen\u00e1rio de praias paradis\u00edacas, hot\u00e9is luxuosos e atmosfera como nenhuma outra, as Bahamas s\u00e3o um dos destinos mais incr\u00edveis para se visitar!<\/p>\n<p>O pa\u00eds fica localizado bem pr\u00f3ximo a costa sudeste dos Estados Unidos e, por conta disso, recebe cruzeiros de cidades portu\u00e1rias como Fort Lauderdale, Miami e Porto Canaveral. A capital Nassau, localizada na Ilha de Nova Provid\u00eancia, \u00e9 a mais visitada e, portanto, a mais preparada para receber essa enorme quantidade de turistas.<\/p>\n<p>\u00c9 um destino paradis\u00edaco que vai muito al\u00e9m de praias espetaculares e clima maravilhoso. Possui uma fauna incr\u00edvel, com a maior popula\u00e7\u00e3o de flamingos do mundo, no Parque Nacional de Inagua! Al\u00e9m disso, suas atra\u00e7\u00f5es hist\u00f3ricas contam desde piratas, que te esperam no Museu do Pirata, at\u00e9 a escadaria da Rainha que conta um pouco mais sobre a hist\u00f3ria dos escravos.<\/p>\n<p>Mergulho, snorkel e windsuf s\u00e3o apenas alguns dos esportes aqu\u00e1ticos que voc\u00ea poder\u00e1 praticar aqui! Mas, a atra\u00e7\u00e3o preferida das crian\u00e7as \u00e9 o mergulho com os golfinhos! Voc\u00ea n\u00e3o vai se arrepender! Ainda, o local \u00e9 super prop\u00edcio para fazer trilhas e caminhadas super agrad\u00e1veis!<\/p>\n<p>&nbsp;<\/p>\n<p>N\u00e3o deixe de visitar as Bahamas! Fa\u00e7a uma <a href=\"https:\/\/wa.me\/5521964046487\" target=\"_blank\" rel=\"noopener noreferrer\">cota\u00e7\u00e3o<\/a> e viaje com a gente!<\/p>\n<p>E, ainda, se voc\u00ea tiver interesse em conhecer mais destinos internacionais incr\u00edveis, <a href=\"http:\/\/clubedeviagensmoms.com.br\/homolog\/vamos-viajar\/pacotes-internacionais\/\" target=\"_blank\" rel=\"noopener noreferrer\">clique aqui<\/a>!<\/p>\n","protected":false},"excerpt":{"rendered":"<p>Cen\u00e1rio de praias paradis\u00edacas, hot\u00e9is luxuosos e atmosfera como nenhuma outra, as Bahamas s\u00e3o um dos destinos mais incr\u00edveis para se visitar!<\/p>\n","protected":false},"featured_media":395,"comment_status":"closed","ping_status":"closed","template":"","meta":[],"product_cat":[19],"product_tag":[104,105,27,28,30,31,32,33,106,107,38,40],"class_list":["post-4087","product","type-product","status-publish","has-post-thumbnail","hentry","product_cat-pacotes-internacionais","product_tag-america-central","product_tag-bahamas","product_tag-clube-de-viagens-moms","product_tag-clube-moms","product_tag-diversao","product_tag-diversao-em-familia","product_tag-ferias","product_tag-ferias-em-familia","product_tag-moms","product_tag-paraiso","product_tag-viagem","product_tag-viagem-em-familia","pa_destino-bahamas"],"acf":[],"yoast_head":"<!-- This site is optimized with the Yoast SEO Premium plugin v16.0.2 (Yoast SEO v21.2) - https:\/\/yoast.com\/wordpress\/plugins\/seo\/ -->\n<title>Bahamas - Clube Moms<\/title>\n<meta name=\"description\" content=\"Cen\u00e1rio de praias paradis\u00edacas, hot\u00e9is luxuosos e atmosfera como nenhuma outra, as Bahamas s\u00e3o um dos destinos mais incr\u00edveis para se visitar!\" \/>\n<meta name=\"robots\" content=\"index, follow, max-snippet:-1, max-image-preview:large, max-video-preview:-1\" \/>\n<link rel=\"canonical\" href=\"https:\/\/clubedeviagensmoms.com.br\/homolog\/produto\/bahamas\/\" \/>\n<meta property=\"og:locale\" content=\"pt_BR\" \/>\n<meta property=\"og:type\" content=\"article\" \/>\n<meta property=\"og:title\" content=\"Bahamas - Clube Moms\" \/>\n<meta property=\"og:description\" content=\"Cen\u00e1rio de praias paradis\u00edacas, hot\u00e9is luxuosos e atmosfera como nenhuma outra, as Bahamas s\u00e3o um dos destinos mais incr\u00edveis para se visitar!\" \/>\n<meta property=\"og:url\" content=\"https:\/\/clubedeviagensmoms.com.br\/homolog\/produto\/bahamas\/\" \/>\n<meta property=\"og:site_name\" content=\"Clube Moms\" \/>\n<meta property=\"article:modified_time\" content=\"2023-08-30T15:26:40+00:00\" \/>\n<meta property=\"og:image\" content=\"https:\/\/clubedeviagensmoms.com.br\/homolog\/wp-content\/uploads\/2021\/09\/bahamas-visao-aerea.jpg\" \/>\n\t<meta property=\"og:image:width\" content=\"1200\" \/>\n\t<meta property=\"og:image:height\" content=\"628\" \/>\n\t<meta property=\"og:image:type\" content=\"image\/jpeg\" \/>\n<meta name=\"twitter:card\" content=\"summary_large_image\" \/>\n<meta name=\"twitter:label1\" content=\"Est. tempo de leitura\" \/>\n\t<meta name=\"twitter:data1\" content=\"1 minuto\" \/>\n<script type=\"application\/ld+json\" class=\"yoast-schema-graph\">{\"@context\":\"https:\/\/schema.org\",\"@graph\":[{\"@type\":\"WebPage\",\"@id\":\"https:\/\/clubedeviagensmoms.com.br\/homolog\/produto\/bahamas\/\",\"url\":\"https:\/\/clubedeviagensmoms.com.br\/homolog\/produto\/bahamas\/\",\"name\":\"Bahamas - Clube Moms\",\"isPartOf\":{\"@id\":\"https:\/\/clubedeviagensmoms.com.br\/homolog\/#website\"},\"datePublished\":\"2021-10-29T22:57:40+00:00\",\"dateModified\":\"2023-08-30T15:26:40+00:00\",\"description\":\"Cen\u00e1rio de praias paradis\u00edacas, hot\u00e9is luxuosos e atmosfera como nenhuma outra, as Bahamas s\u00e3o um dos destinos mais incr\u00edveis para se visitar!\",\"breadcrumb\":{\"@id\":\"https:\/\/clubedeviagensmoms.com.br\/homolog\/produto\/bahamas\/#breadcrumb\"},\"inLanguage\":\"pt-BR\",\"potentialAction\":[{\"@type\":\"ReadAction\",\"target\":[\"https:\/\/clubedeviagensmoms.com.br\/homolog\/produto\/bahamas\/\"]}]},{\"@type\":\"BreadcrumbList\",\"@id\":\"https:\/\/clubedeviagensmoms.com.br\/homolog\/produto\/bahamas\/#breadcrumb\",\"itemListElement\":[{\"@type\":\"ListItem\",\"position\":1,\"name\":\"Home\",\"item\":\"https:\/\/clubedeviagensmoms.com.br\/homolog\/\"},{\"@type\":\"ListItem\",\"position\":2,\"name\":\"Vamos Viajar\",\"item\":\"https:\/\/clubedeviagensmoms.com.br\/homolog\/shop\/\"},{\"@type\":\"ListItem\",\"position\":3,\"name\":\"Bahamas\"}]},{\"@type\":\"WebSite\",\"@id\":\"https:\/\/clubedeviagensmoms.com.br\/homolog\/#website\",\"url\":\"https:\/\/clubedeviagensmoms.com.br\/homolog\/\",\"name\":\"Clube Moms\",\"description\":\"O Clube Moms \u00e9 uma ag\u00eancia de turismo com foco em fam\u00edlias com crian\u00e7as, que uno os conceitos de Consultoria Especializada e Clube de Vantagens.\",\"potentialAction\":[{\"@type\":\"SearchAction\",\"target\":{\"@type\":\"EntryPoint\",\"urlTemplate\":\"https:\/\/clubedeviagensmoms.com.br\/homolog\/?s={search_term_string}\"},\"query-input\":\"required name=search_term_string\"}],\"inLanguage\":\"pt-BR\"}]}<\/script>\n<!-- \/ Yoast SEO Premium plugin. -->","yoast_head_json":{"title":"Bahamas - Clube Moms","description":"Cen\u00e1rio de praias paradis\u00edacas, hot\u00e9is luxuosos e atmosfera como nenhuma outra, as Bahamas s\u00e3o um dos destinos mais incr\u00edveis para se visitar!","robots":{"index":"index","follow":"follow","max-snippet":"max-snippet:-1","max-image-preview":"max-image-preview:large","max-video-preview":"max-video-preview:-1"},"canonical":"https:\/\/clubedeviagensmoms.com.br\/homolog\/produto\/bahamas\/","og_locale":"pt_BR","og_type":"article","og_title":"Bahamas - Clube Moms","og_description":"Cen\u00e1rio de praias paradis\u00edacas, hot\u00e9is luxuosos e atmosfera como nenhuma outra, as Bahamas s\u00e3o um dos destinos mais incr\u00edveis para se visitar!","og_url":"https:\/\/clubedeviagensmoms.com.br\/homolog\/produto\/bahamas\/","og_site_name":"Clube Moms","article_modified_time":"2023-08-30T15:26:40+00:00","og_image":[{"width":1200,"height":628,"url":"https:\/\/clubedeviagensmoms.com.br\/homolog\/wp-content\/uploads\/2021\/09\/bahamas-visao-aerea.jpg","type":"image\/jpeg"}],"twitter_card":"summary_large_image","twitter_misc":{"Est. tempo de leitura":"1 minuto"},"schema":{"@context":"https:\/\/schema.org","@graph":[{"@type":"WebPage","@id":"https:\/\/clubedeviagensmoms.com.br\/homolog\/produto\/bahamas\/","url":"https:\/\/clubedeviagensmoms.com.br\/homolog\/produto\/bahamas\/","name":"Bahamas - Clube Moms","isPartOf":{"@id":"https:\/\/clubedeviagensmoms.com.br\/homolog\/#website"},"datePublished":"2021-10-29T22:57:40+00:00","dateModified":"2023-08-30T15:26:40+00:00","description":"Cen\u00e1rio de praias paradis\u00edacas, hot\u00e9is luxuosos e atmosfera como nenhuma outra, as Bahamas s\u00e3o um dos destinos mais incr\u00edveis para se visitar!","breadcrumb":{"@id":"https:\/\/clubedeviagensmoms.com.br\/homolog\/produto\/bahamas\/#breadcrumb"},"inLanguage":"pt-BR","potentialAction":[{"@type":"ReadAction","target":["https:\/\/clubedeviagensmoms.com.br\/homolog\/produto\/bahamas\/"]}]},{"@type":"BreadcrumbList","@id":"https:\/\/clubedeviagensmoms.com.br\/homolog\/produto\/bahamas\/#breadcrumb","itemListElement":[{"@type":"ListItem","position":1,"name":"Home","item":"https:\/\/clubedeviagensmoms.com.br\/homolog\/"},{"@type":"ListItem","position":2,"name":"Vamos Viajar","item":"https:\/\/clubedeviagensmoms.com.br\/homolog\/shop\/"},{"@type":"ListItem","position":3,"name":"Bahamas"}]},{"@type":"WebSite","@id":"https:\/\/clubedeviagensmoms.com.br\/homolog\/#website","url":"https:\/\/clubedeviagensmoms.com.br\/homolog\/","name":"Clube Moms","description":"O Clube Moms \u00e9 uma ag\u00eancia de turismo com foco em fam\u00edlias com crian\u00e7as, que uno os conceitos de Consultoria Especializada e Clube de Vantagens.","potentialAction":[{"@type":"SearchAction","target":{"@type":"EntryPoint","urlTemplate":"https:\/\/clubedeviagensmoms.com.br\/homolog\/?s={search_term_string}"},"query-input":"required name=search_term_string"}],"inLanguage":"pt-BR"}]}},"_links":{"self":[{"href":"https:\/\/clubedeviagensmoms.com.br\/homolog\/wp-json\/wp\/v2\/product\/4087","targetHints":{"allow":["GET"]}}],"collection":[{"href":"https:\/\/clubedeviagensmoms.com.br\/homolog\/wp-json\/wp\/v2\/product"}],"about":[{"href":"https:\/\/clubedeviagensmoms.com.br\/homolog\/wp-json\/wp\/v2\/types\/product"}],"replies":[{"embeddable":true,"href":"https:\/\/clubedeviagensmoms.com.br\/homolog\/wp-json\/wp\/v2\/comments?post=4087"}],"wp:featuredmedia":[{"embeddable":true,"href":"https:\/\/clubedeviagensmoms.com.br\/homolog\/wp-json\/wp\/v2\/media\/395"}],"wp:attachment":[{"href":"https:\/\/clubedeviagensmoms.com.br\/homolog\/wp-json\/wp\/v2\/media?parent=4087"}],"wp:term":[{"taxonomy":"product_cat","embeddable":true,"href":"https:\/\/clubedeviagensmoms.com.br\/homolog\/wp-json\/wp\/v2\/product_cat?post=4087"},{"taxonomy":"product_tag","embeddable":true,"href":"https:\/\/clubedeviagensmoms.com.br\/homolog\/wp-json\/wp\/v2\/product_tag?post=4087"}],"curies":[{"name":"wp","href":"https:\/\/api.w.org\/{rel}","templated":true}]}}