{"id":4088,"date":"2021-10-29T19:57:40","date_gmt":"2021-10-29T22:57:40","guid":{"rendered":"http:\/\/clubedeviagensmoms.com.br\/homolog\/taober_wp\/?post_type=product&#038;p=4088"},"modified":"2023-08-30T12:26:41","modified_gmt":"2023-08-30T15:26:41","slug":"cidade-do-cabo","status":"publish","type":"product","link":"https:\/\/clubedeviagensmoms.com.br\/homolog\/produto\/cidade-do-cabo\/","title":{"rendered":"Cidade do Cabo"},"content":{"rendered":"<p>A Cidade do Cabo, capital da \u00c1frica do Sul, possui uma paisagem de tirar o f\u00f4lego! Localizada na costa sudoeste da \u00c1frica do Sul e ao p\u00e9 da imponente Montanha da Mesa, guarda uma diversidade de atra\u00e7\u00f5es que far\u00e1 voc\u00ea se apaixonar!<\/p>\n<p>Come\u00e7aremos destacando a lind\u00edssima Ponte da Mesa, pois o visual que ela proporciona \u00e9 simplesmente de cair o queixo! \u00c9 poss\u00edvel subir seus 3 km de bondinho ou caminhando e apreciar a bel\u00edssima Cidade do Cabo!<\/p>\n<p>Ainda, outro lugar que desperta o interesse de quem visita a Cidade do Cabo, \u00e9 Waterfront, a \u00e1rea portu\u00e1ria da cidade. Aqui, encontramos shoppings, bem como lojas, bares e tamb\u00e9m restaurantes! A comida servida nessa regi\u00e3o \u00e9 muito saborosa, baseada em peixes e frutos do mar!<\/p>\n<p>\u00c9 poss\u00edvel, tamb\u00e9m, conhecer o Cabo da Boa Esperan\u00e7a! Antigamente, levava o nome de Cabo das Tormentas e foi descoberto em 1488 pelo navegador portugu\u00eas Bartolomeu Dias. Sua import\u00e2ncia se dava por fazer uma liga\u00e7\u00e3o entre o Oceano Atl\u00e2ntico e o Oceano \u00cdndico, de forma que proporcionaria a chegada \u00e0s \u00cdndias!<\/p>\n<p>Mas n\u00e3o s\u00e3o s\u00f3 as belezas naturais que ir\u00e3o te encantar! A Cidade do Cabo possui uma hist\u00f3ria bastante rica e de extrema import\u00e2ncia, tanto para os locais quanto para o mundo. Al\u00e9m disso, seu povo \u00e9 extremamente hospitaleiro e te recebe de bra\u00e7os abertos, de forma que sua experi\u00eancia aqui ser\u00e1 diferente de tudo que j\u00e1 viveu!<\/p>\n<p>&nbsp;<\/p>\n<p>N\u00e3o deixe de visitar a Cidade do Cabo! Fa\u00e7a uma <a href=\"https:\/\/wa.me\/5521964046487\" target=\"_blank\" rel=\"noopener noreferrer\">cota\u00e7\u00e3o<\/a> e viaje com a gente!<\/p>\n<p>E, ainda, se voc\u00ea tiver interesse em conhecer mais destinos internacionais incr\u00edveis, <a href=\"http:\/\/clubedeviagensmoms.com.br\/homolog\/vamos-viajar\/pacotes-internacionais\/\" target=\"_blank\" rel=\"noopener noreferrer\">clique aqui<\/a>!<\/p>\n","protected":false},"excerpt":{"rendered":"<p>A Cidade do Cabo possui uma paisagem de tirar o f\u00f4lego! Localizada na costa sudoeste da \u00c1frica do Sul, guarda uma diversidade que far\u00e1 voc\u00ea se apaixonar!<\/p>\n","protected":false},"featured_media":409,"comment_status":"closed","ping_status":"closed","template":"","meta":[],"product_cat":[19],"product_tag":[108,102,109,110,27,28,29,30,31,32,33,111,112,39,40],"class_list":["post-4088","product","type-product","status-publish","has-post-thumbnail","hentry","product_cat-pacotes-internacionais","product_tag-africa","product_tag-africa-do-sul","product_tag-cape-town","product_tag-cidade-do-cabo","product_tag-clube-de-viagens-moms","product_tag-clube-moms","product_tag-criancas","product_tag-diversao","product_tag-diversao-em-familia","product_tag-ferias","product_tag-ferias-em-familia","product_tag-internacional","product_tag-pacote","product_tag-viagem-com-criancas","product_tag-viagem-em-familia","pa_destino-africa-do-sul"],"acf":[],"yoast_head":"<!-- This site is optimized with the Yoast SEO Premium plugin v16.0.2 (Yoast SEO v21.2) - https:\/\/yoast.com\/wordpress\/plugins\/seo\/ -->\n<title>Cidade do Cabo - Clube Moms<\/title>\n<meta name=\"description\" content=\"A Cidade do Cabo possui uma paisagem de tirar o f\u00f4lego! Localizada na costa sudoeste da \u00c1frica do Sul, guarda uma diversidade que far\u00e1 voc\u00ea se apaixonar!\" \/>\n<meta name=\"robots\" content=\"index, follow, max-snippet:-1, max-image-preview:large, max-video-preview:-1\" \/>\n<link rel=\"canonical\" href=\"https:\/\/clubedeviagensmoms.com.br\/homolog\/produto\/cidade-do-cabo\/\" \/>\n<meta property=\"og:locale\" content=\"pt_BR\" \/>\n<meta property=\"og:type\" content=\"article\" \/>\n<meta property=\"og:title\" content=\"Cidade do Cabo - Clube Moms\" \/>\n<meta property=\"og:description\" content=\"A Cidade do Cabo possui uma paisagem de tirar o f\u00f4lego! Localizada na costa sudoeste da \u00c1frica do Sul, guarda uma diversidade que far\u00e1 voc\u00ea se apaixonar!\" \/>\n<meta property=\"og:url\" content=\"https:\/\/clubedeviagensmoms.com.br\/homolog\/produto\/cidade-do-cabo\/\" \/>\n<meta property=\"og:site_name\" content=\"Clube Moms\" \/>\n<meta property=\"article:modified_time\" content=\"2023-08-30T15:26:41+00:00\" \/>\n<meta property=\"og:image\" content=\"https:\/\/clubedeviagensmoms.com.br\/homolog\/wp-content\/uploads\/2021\/09\/africa-cidade-do-cabo-praia.jpg\" \/>\n\t<meta property=\"og:image:width\" content=\"1200\" \/>\n\t<meta property=\"og:image:height\" content=\"628\" \/>\n\t<meta property=\"og:image:type\" content=\"image\/jpeg\" \/>\n<meta name=\"twitter:card\" content=\"summary_large_image\" \/>\n<meta name=\"twitter:label1\" content=\"Est. tempo de leitura\" \/>\n\t<meta name=\"twitter:data1\" content=\"1 minuto\" \/>\n<script type=\"application\/ld+json\" class=\"yoast-schema-graph\">{\"@context\":\"https:\/\/schema.org\",\"@graph\":[{\"@type\":\"WebPage\",\"@id\":\"https:\/\/clubedeviagensmoms.com.br\/homolog\/produto\/cidade-do-cabo\/\",\"url\":\"https:\/\/clubedeviagensmoms.com.br\/homolog\/produto\/cidade-do-cabo\/\",\"name\":\"Cidade do Cabo - Clube Moms\",\"isPartOf\":{\"@id\":\"https:\/\/clubedeviagensmoms.com.br\/homolog\/#website\"},\"datePublished\":\"2021-10-29T22:57:40+00:00\",\"dateModified\":\"2023-08-30T15:26:41+00:00\",\"description\":\"A Cidade do Cabo possui uma paisagem de tirar o f\u00f4lego! Localizada na costa sudoeste da \u00c1frica do Sul, guarda uma diversidade que far\u00e1 voc\u00ea se apaixonar!\",\"breadcrumb\":{\"@id\":\"https:\/\/clubedeviagensmoms.com.br\/homolog\/produto\/cidade-do-cabo\/#breadcrumb\"},\"inLanguage\":\"pt-BR\",\"potentialAction\":[{\"@type\":\"ReadAction\",\"target\":[\"https:\/\/clubedeviagensmoms.com.br\/homolog\/produto\/cidade-do-cabo\/\"]}]},{\"@type\":\"BreadcrumbList\",\"@id\":\"https:\/\/clubedeviagensmoms.com.br\/homolog\/produto\/cidade-do-cabo\/#breadcrumb\",\"itemListElement\":[{\"@type\":\"ListItem\",\"position\":1,\"name\":\"Home\",\"item\":\"https:\/\/clubedeviagensmoms.com.br\/homolog\/\"},{\"@type\":\"ListItem\",\"position\":2,\"name\":\"Vamos Viajar\",\"item\":\"https:\/\/clubedeviagensmoms.com.br\/homolog\/shop\/\"},{\"@type\":\"ListItem\",\"position\":3,\"name\":\"Cidade do Cabo\"}]},{\"@type\":\"WebSite\",\"@id\":\"https:\/\/clubedeviagensmoms.com.br\/homolog\/#website\",\"url\":\"https:\/\/clubedeviagensmoms.com.br\/homolog\/\",\"name\":\"Clube Moms\",\"description\":\"O Clube Moms \u00e9 uma ag\u00eancia de turismo com foco em fam\u00edlias com crian\u00e7as, que uno os conceitos de Consultoria Especializada e Clube de Vantagens.\",\"potentialAction\":[{\"@type\":\"SearchAction\",\"target\":{\"@type\":\"EntryPoint\",\"urlTemplate\":\"https:\/\/clubedeviagensmoms.com.br\/homolog\/?s={search_term_string}\"},\"query-input\":\"required name=search_term_string\"}],\"inLanguage\":\"pt-BR\"}]}<\/script>\n<!-- \/ Yoast SEO Premium plugin. -->","yoast_head_json":{"title":"Cidade do Cabo - Clube Moms","description":"A Cidade do Cabo possui uma paisagem de tirar o f\u00f4lego! Localizada na costa sudoeste da \u00c1frica do Sul, guarda uma diversidade que far\u00e1 voc\u00ea se apaixonar!","robots":{"index":"index","follow":"follow","max-snippet":"max-snippet:-1","max-image-preview":"max-image-preview:large","max-video-preview":"max-video-preview:-1"},"canonical":"https:\/\/clubedeviagensmoms.com.br\/homolog\/produto\/cidade-do-cabo\/","og_locale":"pt_BR","og_type":"article","og_title":"Cidade do Cabo - Clube Moms","og_description":"A Cidade do Cabo possui uma paisagem de tirar o f\u00f4lego! Localizada na costa sudoeste da \u00c1frica do Sul, guarda uma diversidade que far\u00e1 voc\u00ea se apaixonar!","og_url":"https:\/\/clubedeviagensmoms.com.br\/homolog\/produto\/cidade-do-cabo\/","og_site_name":"Clube Moms","article_modified_time":"2023-08-30T15:26:41+00:00","og_image":[{"width":1200,"height":628,"url":"https:\/\/clubedeviagensmoms.com.br\/homolog\/wp-content\/uploads\/2021\/09\/africa-cidade-do-cabo-praia.jpg","type":"image\/jpeg"}],"twitter_card":"summary_large_image","twitter_misc":{"Est. tempo de leitura":"1 minuto"},"schema":{"@context":"https:\/\/schema.org","@graph":[{"@type":"WebPage","@id":"https:\/\/clubedeviagensmoms.com.br\/homolog\/produto\/cidade-do-cabo\/","url":"https:\/\/clubedeviagensmoms.com.br\/homolog\/produto\/cidade-do-cabo\/","name":"Cidade do Cabo - Clube Moms","isPartOf":{"@id":"https:\/\/clubedeviagensmoms.com.br\/homolog\/#website"},"datePublished":"2021-10-29T22:57:40+00:00","dateModified":"2023-08-30T15:26:41+00:00","description":"A Cidade do Cabo possui uma paisagem de tirar o f\u00f4lego! Localizada na costa sudoeste da \u00c1frica do Sul, guarda uma diversidade que far\u00e1 voc\u00ea se apaixonar!","breadcrumb":{"@id":"https:\/\/clubedeviagensmoms.com.br\/homolog\/produto\/cidade-do-cabo\/#breadcrumb"},"inLanguage":"pt-BR","potentialAction":[{"@type":"ReadAction","target":["https:\/\/clubedeviagensmoms.com.br\/homolog\/produto\/cidade-do-cabo\/"]}]},{"@type":"BreadcrumbList","@id":"https:\/\/clubedeviagensmoms.com.br\/homolog\/produto\/cidade-do-cabo\/#breadcrumb","itemListElement":[{"@type":"ListItem","position":1,"name":"Home","item":"https:\/\/clubedeviagensmoms.com.br\/homolog\/"},{"@type":"ListItem","position":2,"name":"Vamos Viajar","item":"https:\/\/clubedeviagensmoms.com.br\/homolog\/shop\/"},{"@type":"ListItem","position":3,"name":"Cidade do Cabo"}]},{"@type":"WebSite","@id":"https:\/\/clubedeviagensmoms.com.br\/homolog\/#website","url":"https:\/\/clubedeviagensmoms.com.br\/homolog\/","name":"Clube Moms","description":"O Clube Moms \u00e9 uma ag\u00eancia de turismo com foco em fam\u00edlias com crian\u00e7as, que uno os conceitos de Consultoria Especializada e Clube de Vantagens.","potentialAction":[{"@type":"SearchAction","target":{"@type":"EntryPoint","urlTemplate":"https:\/\/clubedeviagensmoms.com.br\/homolog\/?s={search_term_string}"},"query-input":"required name=search_term_string"}],"inLanguage":"pt-BR"}]}},"_links":{"self":[{"href":"https:\/\/clubedeviagensmoms.com.br\/homolog\/wp-json\/wp\/v2\/product\/4088","targetHints":{"allow":["GET"]}}],"collection":[{"href":"https:\/\/clubedeviagensmoms.com.br\/homolog\/wp-json\/wp\/v2\/product"}],"about":[{"href":"https:\/\/clubedeviagensmoms.com.br\/homolog\/wp-json\/wp\/v2\/types\/product"}],"replies":[{"embeddable":true,"href":"https:\/\/clubedeviagensmoms.com.br\/homolog\/wp-json\/wp\/v2\/comments?post=4088"}],"wp:featuredmedia":[{"embeddable":true,"href":"https:\/\/clubedeviagensmoms.com.br\/homolog\/wp-json\/wp\/v2\/media\/409"}],"wp:attachment":[{"href":"https:\/\/clubedeviagensmoms.com.br\/homolog\/wp-json\/wp\/v2\/media?parent=4088"}],"wp:term":[{"taxonomy":"product_cat","embeddable":true,"href":"https:\/\/clubedeviagensmoms.com.br\/homolog\/wp-json\/wp\/v2\/product_cat?post=4088"},{"taxonomy":"product_tag","embeddable":true,"href":"https:\/\/clubedeviagensmoms.com.br\/homolog\/wp-json\/wp\/v2\/product_tag?post=4088"}],"curies":[{"name":"wp","href":"https:\/\/api.w.org\/{rel}","templated":true}]}}