{"id":4089,"date":"2021-10-29T19:57:40","date_gmt":"2021-10-29T22:57:40","guid":{"rendered":"http:\/\/clubedeviagensmoms.com.br\/homolog\/taober_wp\/?post_type=product&#038;p=4089"},"modified":"2023-08-30T12:26:42","modified_gmt":"2023-08-30T15:26:42","slug":"dubai","status":"publish","type":"product","link":"https:\/\/clubedeviagensmoms.com.br\/homolog\/produto\/dubai\/","title":{"rendered":"Dubai"},"content":{"rendered":"<p>Dubai, localizada nos Emirados \u00c1rabes Unidos, \u00e9 uma das cidades globais mais interessantes para se visitar. Cresceu e prosperou por conta da explora\u00e7\u00e3o de petr\u00f3leo na regi\u00e3o e transborda sofistica\u00e7\u00e3o e eleg\u00e2ncia! Ali\u00e1s, n\u00e3o \u00e9 a toa que \u00e9 conhecida como a cidade dos milion\u00e1rios!<\/p>\n<p>A cidade, localizada \u00e0s margens do Golfo P\u00e9rsico, oferece uma mistura de cen\u00e1rios urbanos, bem como des\u00e9rticos e tamb\u00e9m litor\u00e2neos, de forma que atrai um p\u00fablico diversificado, j\u00e1 que tem muito o que oferecer.<\/p>\n<p>Voc\u00ea poder\u00e1 descobrir o Deserto de Dubai, fazendo um passeio que ir\u00e1 te impressionar! Ainda, \u00e9 poss\u00edvel visitar o Museu de Dubai, onde ir\u00e1 conhecer a hist\u00f3ria e cultura local e tamb\u00e9m o Aqu\u00e1rio de Dubai, o maior aqu\u00e1rio e zool\u00f3gico subaqu\u00e1tico do mundo!<\/p>\n<p>Casa do maior pr\u00e9dio do mundo, o Burj Khalifa e tamb\u00e9m de um dos hot\u00e9is mais caros e luxuosos, o Burj Al Arab, a cidade vem despontando dos Emirados \u00c1rabes Unidos para o mundo como uma pot\u00eancia econ\u00f4mica e tur\u00edstica que cresce a passos largos, tendo o c\u00e9u n\u00e3o como limite, mas sim como meta.<\/p>\n<p>&nbsp;<\/p>\n<p>N\u00e3o deixe de visitar Dubai! Fa\u00e7a uma <a href=\"https:\/\/wa.me\/5521964046487\" target=\"_blank\" rel=\"noopener noreferrer\">cota\u00e7\u00e3o<\/a> e viaje com a gente!<\/p>\n<p>E, ainda, se voc\u00ea tiver interesse em conhecer mais destinos internacionais incr\u00edveis, <a href=\"http:\/\/clubedeviagensmoms.com.br\/homolog\/vamos-viajar\/pacotes-internacionais\/\" target=\"_blank\" rel=\"noopener noreferrer\">clique aqui<\/a>!<\/p>\n","protected":false},"excerpt":{"rendered":"<p>Venha conhecer e descobrir Dubai: uma das maiores pot\u00eancias mundiais que transborda luxo e sofistica\u00e7\u00e3o! Em Dubai, o c\u00e9u n\u00e3o \u00e9 limite, mas sim uma meta!<\/p>\n","protected":false},"featured_media":420,"comment_status":"closed","ping_status":"closed","template":"","meta":[],"product_cat":[19],"product_tag":[27,28,29,113,30,31,114,115,32,33,111,112,39,40],"class_list":["post-4089","product","type-product","status-publish","has-post-thumbnail","hentry","product_cat-pacotes-internacionais","product_tag-clube-de-viagens-moms","product_tag-clube-moms","product_tag-criancas","product_tag-deserto","product_tag-diversao","product_tag-diversao-em-familia","product_tag-dubai","product_tag-emirados-arabes","product_tag-ferias","product_tag-ferias-em-familia","product_tag-internacional","product_tag-pacote","product_tag-viagem-com-criancas","product_tag-viagem-em-familia","pa_destino-emirados-arabes"],"acf":[],"yoast_head":"<!-- This site is optimized with the Yoast SEO Premium plugin v16.0.2 (Yoast SEO v21.2) - https:\/\/yoast.com\/wordpress\/plugins\/seo\/ -->\n<title>Dubai - Clube Moms<\/title>\n<meta name=\"description\" content=\"Venha conhecer e descobrir Dubai: uma das maiores pot\u00eancias mundiais que transborda luxo e sofistica\u00e7\u00e3o! Em Dubai, o c\u00e9u n\u00e3o \u00e9 limite, mas sim uma meta!\" \/>\n<meta name=\"robots\" content=\"index, follow, max-snippet:-1, max-image-preview:large, max-video-preview:-1\" \/>\n<link rel=\"canonical\" href=\"https:\/\/clubedeviagensmoms.com.br\/homolog\/produto\/dubai\/\" \/>\n<meta property=\"og:locale\" content=\"pt_BR\" \/>\n<meta property=\"og:type\" content=\"article\" \/>\n<meta property=\"og:title\" content=\"Dubai - Clube Moms\" \/>\n<meta property=\"og:description\" content=\"Venha conhecer e descobrir Dubai: uma das maiores pot\u00eancias mundiais que transborda luxo e sofistica\u00e7\u00e3o! Em Dubai, o c\u00e9u n\u00e3o \u00e9 limite, mas sim uma meta!\" \/>\n<meta property=\"og:url\" content=\"https:\/\/clubedeviagensmoms.com.br\/homolog\/produto\/dubai\/\" \/>\n<meta property=\"og:site_name\" content=\"Clube Moms\" \/>\n<meta property=\"article:modified_time\" content=\"2023-08-30T15:26:42+00:00\" \/>\n<meta property=\"og:image\" content=\"https:\/\/clubedeviagensmoms.com.br\/homolog\/wp-content\/uploads\/2021\/09\/dubai-emirados-arabes-edificios-1.jpg\" \/>\n\t<meta property=\"og:image:width\" content=\"1200\" \/>\n\t<meta property=\"og:image:height\" content=\"628\" \/>\n\t<meta property=\"og:image:type\" content=\"image\/jpeg\" \/>\n<meta name=\"twitter:card\" content=\"summary_large_image\" \/>\n<meta name=\"twitter:label1\" content=\"Est. tempo de leitura\" \/>\n\t<meta name=\"twitter:data1\" content=\"1 minuto\" \/>\n<script type=\"application\/ld+json\" class=\"yoast-schema-graph\">{\"@context\":\"https:\/\/schema.org\",\"@graph\":[{\"@type\":\"WebPage\",\"@id\":\"https:\/\/clubedeviagensmoms.com.br\/homolog\/produto\/dubai\/\",\"url\":\"https:\/\/clubedeviagensmoms.com.br\/homolog\/produto\/dubai\/\",\"name\":\"Dubai - Clube Moms\",\"isPartOf\":{\"@id\":\"https:\/\/clubedeviagensmoms.com.br\/homolog\/#website\"},\"datePublished\":\"2021-10-29T22:57:40+00:00\",\"dateModified\":\"2023-08-30T15:26:42+00:00\",\"description\":\"Venha conhecer e descobrir Dubai: uma das maiores pot\u00eancias mundiais que transborda luxo e sofistica\u00e7\u00e3o! Em Dubai, o c\u00e9u n\u00e3o \u00e9 limite, mas sim uma meta!\",\"breadcrumb\":{\"@id\":\"https:\/\/clubedeviagensmoms.com.br\/homolog\/produto\/dubai\/#breadcrumb\"},\"inLanguage\":\"pt-BR\",\"potentialAction\":[{\"@type\":\"ReadAction\",\"target\":[\"https:\/\/clubedeviagensmoms.com.br\/homolog\/produto\/dubai\/\"]}]},{\"@type\":\"BreadcrumbList\",\"@id\":\"https:\/\/clubedeviagensmoms.com.br\/homolog\/produto\/dubai\/#breadcrumb\",\"itemListElement\":[{\"@type\":\"ListItem\",\"position\":1,\"name\":\"Home\",\"item\":\"https:\/\/clubedeviagensmoms.com.br\/homolog\/\"},{\"@type\":\"ListItem\",\"position\":2,\"name\":\"Vamos Viajar\",\"item\":\"https:\/\/clubedeviagensmoms.com.br\/homolog\/shop\/\"},{\"@type\":\"ListItem\",\"position\":3,\"name\":\"Dubai\"}]},{\"@type\":\"WebSite\",\"@id\":\"https:\/\/clubedeviagensmoms.com.br\/homolog\/#website\",\"url\":\"https:\/\/clubedeviagensmoms.com.br\/homolog\/\",\"name\":\"Clube Moms\",\"description\":\"O Clube Moms \u00e9 uma ag\u00eancia de turismo com foco em fam\u00edlias com crian\u00e7as, que uno os conceitos de Consultoria Especializada e Clube de Vantagens.\",\"potentialAction\":[{\"@type\":\"SearchAction\",\"target\":{\"@type\":\"EntryPoint\",\"urlTemplate\":\"https:\/\/clubedeviagensmoms.com.br\/homolog\/?s={search_term_string}\"},\"query-input\":\"required name=search_term_string\"}],\"inLanguage\":\"pt-BR\"}]}<\/script>\n<!-- \/ Yoast SEO Premium plugin. -->","yoast_head_json":{"title":"Dubai - Clube Moms","description":"Venha conhecer e descobrir Dubai: uma das maiores pot\u00eancias mundiais que transborda luxo e sofistica\u00e7\u00e3o! Em Dubai, o c\u00e9u n\u00e3o \u00e9 limite, mas sim uma meta!","robots":{"index":"index","follow":"follow","max-snippet":"max-snippet:-1","max-image-preview":"max-image-preview:large","max-video-preview":"max-video-preview:-1"},"canonical":"https:\/\/clubedeviagensmoms.com.br\/homolog\/produto\/dubai\/","og_locale":"pt_BR","og_type":"article","og_title":"Dubai - Clube Moms","og_description":"Venha conhecer e descobrir Dubai: uma das maiores pot\u00eancias mundiais que transborda luxo e sofistica\u00e7\u00e3o! Em Dubai, o c\u00e9u n\u00e3o \u00e9 limite, mas sim uma meta!","og_url":"https:\/\/clubedeviagensmoms.com.br\/homolog\/produto\/dubai\/","og_site_name":"Clube Moms","article_modified_time":"2023-08-30T15:26:42+00:00","og_image":[{"width":1200,"height":628,"url":"https:\/\/clubedeviagensmoms.com.br\/homolog\/wp-content\/uploads\/2021\/09\/dubai-emirados-arabes-edificios-1.jpg","type":"image\/jpeg"}],"twitter_card":"summary_large_image","twitter_misc":{"Est. tempo de leitura":"1 minuto"},"schema":{"@context":"https:\/\/schema.org","@graph":[{"@type":"WebPage","@id":"https:\/\/clubedeviagensmoms.com.br\/homolog\/produto\/dubai\/","url":"https:\/\/clubedeviagensmoms.com.br\/homolog\/produto\/dubai\/","name":"Dubai - Clube Moms","isPartOf":{"@id":"https:\/\/clubedeviagensmoms.com.br\/homolog\/#website"},"datePublished":"2021-10-29T22:57:40+00:00","dateModified":"2023-08-30T15:26:42+00:00","description":"Venha conhecer e descobrir Dubai: uma das maiores pot\u00eancias mundiais que transborda luxo e sofistica\u00e7\u00e3o! Em Dubai, o c\u00e9u n\u00e3o \u00e9 limite, mas sim uma meta!","breadcrumb":{"@id":"https:\/\/clubedeviagensmoms.com.br\/homolog\/produto\/dubai\/#breadcrumb"},"inLanguage":"pt-BR","potentialAction":[{"@type":"ReadAction","target":["https:\/\/clubedeviagensmoms.com.br\/homolog\/produto\/dubai\/"]}]},{"@type":"BreadcrumbList","@id":"https:\/\/clubedeviagensmoms.com.br\/homolog\/produto\/dubai\/#breadcrumb","itemListElement":[{"@type":"ListItem","position":1,"name":"Home","item":"https:\/\/clubedeviagensmoms.com.br\/homolog\/"},{"@type":"ListItem","position":2,"name":"Vamos Viajar","item":"https:\/\/clubedeviagensmoms.com.br\/homolog\/shop\/"},{"@type":"ListItem","position":3,"name":"Dubai"}]},{"@type":"WebSite","@id":"https:\/\/clubedeviagensmoms.com.br\/homolog\/#website","url":"https:\/\/clubedeviagensmoms.com.br\/homolog\/","name":"Clube Moms","description":"O Clube Moms \u00e9 uma ag\u00eancia de turismo com foco em fam\u00edlias com crian\u00e7as, que uno os conceitos de Consultoria Especializada e Clube de Vantagens.","potentialAction":[{"@type":"SearchAction","target":{"@type":"EntryPoint","urlTemplate":"https:\/\/clubedeviagensmoms.com.br\/homolog\/?s={search_term_string}"},"query-input":"required name=search_term_string"}],"inLanguage":"pt-BR"}]}},"_links":{"self":[{"href":"https:\/\/clubedeviagensmoms.com.br\/homolog\/wp-json\/wp\/v2\/product\/4089","targetHints":{"allow":["GET"]}}],"collection":[{"href":"https:\/\/clubedeviagensmoms.com.br\/homolog\/wp-json\/wp\/v2\/product"}],"about":[{"href":"https:\/\/clubedeviagensmoms.com.br\/homolog\/wp-json\/wp\/v2\/types\/product"}],"replies":[{"embeddable":true,"href":"https:\/\/clubedeviagensmoms.com.br\/homolog\/wp-json\/wp\/v2\/comments?post=4089"}],"wp:featuredmedia":[{"embeddable":true,"href":"https:\/\/clubedeviagensmoms.com.br\/homolog\/wp-json\/wp\/v2\/media\/420"}],"wp:attachment":[{"href":"https:\/\/clubedeviagensmoms.com.br\/homolog\/wp-json\/wp\/v2\/media?parent=4089"}],"wp:term":[{"taxonomy":"product_cat","embeddable":true,"href":"https:\/\/clubedeviagensmoms.com.br\/homolog\/wp-json\/wp\/v2\/product_cat?post=4089"},{"taxonomy":"product_tag","embeddable":true,"href":"https:\/\/clubedeviagensmoms.com.br\/homolog\/wp-json\/wp\/v2\/product_tag?post=4089"}],"curies":[{"name":"wp","href":"https:\/\/api.w.org\/{rel}","templated":true}]}}