{"id":4090,"date":"2021-10-29T19:57:40","date_gmt":"2021-10-29T22:57:40","guid":{"rendered":"http:\/\/clubedeviagensmoms.com.br\/homolog\/taober_wp\/?post_type=product&#038;p=4090"},"modified":"2023-08-30T12:26:42","modified_gmt":"2023-08-30T15:26:42","slug":"havai","status":"publish","type":"product","link":"https:\/\/clubedeviagensmoms.com.br\/homolog\/produto\/havai\/","title":{"rendered":"Hava\u00ed"},"content":{"rendered":"<p>O Hava\u00ed \u00e9 o 50\u00ba\u00a0estado americano que foi incorporado aos Estados Unidos em 1959, ap\u00f3s todos os acontecimentos da Segunda Guerra Mundial. \u00c9 composto por 8 ilhas principais: Oahu, que abriga a capital Honolulu, Niihau, Kauai, Maui, Molokai, Lanai, Kahoolawe e Hawaii, conhecida tamb\u00e9m como Big Island.<\/p>\n<p>Possui uma economia baseada principalmente no turismo, por conta de suas paisagens exuberantes e atmosfera agrad\u00e1vel. Os locais s\u00e3o extremamente receptivos e hospitaleiros por conta do \u201cAloha Spirit\u201d, o modo de se viver na ilha, englobando a gentileza no relacionamento com os outros e em sempre pensar e emanar bons sentimentos.<\/p>\n<p>A ilha de Oahu, por abrigar a capital Honolulu, \u00e9 a mais visitada pelos turistas e tem os pontos tur\u00edsticos mais famosos.<\/p>\n<p>Nessa ilha, voc\u00ea encontrar\u00e1 a regi\u00e3o mais famosa do estado, Waikiki, conhecida por ser onde se aprende a surfar! Proporciona um entorno extremamente agrad\u00e1vel, al\u00e9m de ser um \u00f3timo lugar para apreciar um dos mais bonitos p\u00f4r-do-sol do mundo e tamb\u00e9m conhecer a est\u00e1tua do Duke Kahanamoku, o pai do surfe!<\/p>\n<p>Ainda, a ilha abriga um monumento que conta a hist\u00f3ria do ataque a base de Pearl Harbor durante a II Guerra Mundial, al\u00e9m disso, oferece visitas a diversos outros que contam a hist\u00f3ria do ex\u00e9rcito e marinha, como o Memorial do USS Arizona e o Museu da Avia\u00e7\u00e3o de Pearl Harbor.<\/p>\n<p>Nas outras ilhas, com destaque para Maui, \u00e9 poss\u00edvel desfrutar de trilhas e visitar santu\u00e1rios ecol\u00f3gicos e explorar ainda mais a fundo as belezas naturais!<\/p>\n<p>&nbsp;<\/p>\n<p>N\u00e3o deixe de visitar esse para\u00edso! Fa\u00e7a uma<span>\u00a0<\/span><a href=\"https:\/\/wa.me\/5521964046487\" target=\"_blank\" rel=\"noopener noreferrer\">cota\u00e7\u00e3o<\/a><span>\u00a0<\/span>e viaje com a gente!<\/p>\n<p>E, ainda, se voc\u00ea tiver interesse em conhecer mais destinos internacionais incr\u00edveis,<span>\u00a0<\/span><a href=\"http:\/\/clubedeviagensmoms.com.br\/homolog\/vamos-viajar\/pacotes-internacionais\/\" target=\"_blank\" rel=\"noopener noreferrer\">clique aqui<\/a>!<\/p>\n","protected":false},"excerpt":{"rendered":"<p>O Hava\u00ed \u00e9 um lugar paradis\u00edaco, repleto de cultura e belezas naturais! Aqui, voc\u00ea vai se deparar com uma atmosfera como nenhuma outra! Vamos viajar? Aloha!<\/p>\n","protected":false},"featured_media":436,"comment_status":"closed","ping_status":"closed","template":"","meta":[],"product_cat":[19],"product_tag":[27,28,29,30,96,91,116,32,117,118,119,111,112,120,38,54],"class_list":["post-4090","product","type-product","status-publish","has-post-thumbnail","hentry","product_cat-pacotes-internacionais","product_tag-clube-de-viagens-moms","product_tag-clube-moms","product_tag-criancas","product_tag-diversao","product_tag-diversao-com-a-familia","product_tag-ecoturismo","product_tag-familia","product_tag-ferias","product_tag-ferias-com-a-familia","product_tag-havai","product_tag-hawaii","product_tag-internacional","product_tag-pacote","product_tag-surf","product_tag-viagem","product_tag-viagem-com-a-familia","pa_destino-estados-unidos","pa_destino-havai"],"acf":[],"yoast_head":"<!-- This site is optimized with the Yoast SEO Premium plugin v16.0.2 (Yoast SEO v21.2) - https:\/\/yoast.com\/wordpress\/plugins\/seo\/ -->\n<title>Hava\u00ed - Clube Moms<\/title>\n<meta name=\"description\" content=\"O Hava\u00ed \u00e9 um lugar paradis\u00edaco, repleto de cultura e belezas naturais! Aqui, voc\u00ea vai se deparar com uma atmosfera como nenhuma outra! Vamos viajar? Aloha!\" \/>\n<meta name=\"robots\" content=\"index, follow, max-snippet:-1, max-image-preview:large, max-video-preview:-1\" \/>\n<link rel=\"canonical\" href=\"https:\/\/clubedeviagensmoms.com.br\/homolog\/produto\/havai\/\" \/>\n<meta property=\"og:locale\" content=\"pt_BR\" \/>\n<meta property=\"og:type\" content=\"article\" \/>\n<meta property=\"og:title\" content=\"Hava\u00ed - Clube Moms\" \/>\n<meta property=\"og:description\" content=\"O Hava\u00ed \u00e9 um lugar paradis\u00edaco, repleto de cultura e belezas naturais! Aqui, voc\u00ea vai se deparar com uma atmosfera como nenhuma outra! Vamos viajar? Aloha!\" \/>\n<meta property=\"og:url\" content=\"https:\/\/clubedeviagensmoms.com.br\/homolog\/produto\/havai\/\" \/>\n<meta property=\"og:site_name\" content=\"Clube Moms\" \/>\n<meta property=\"article:modified_time\" content=\"2023-08-30T15:26:42+00:00\" \/>\n<meta property=\"og:image\" content=\"https:\/\/clubedeviagensmoms.com.br\/homolog\/wp-content\/uploads\/2021\/09\/PacoteInternacional_Havai_03042018_1535-1024x536-1.jpg\" \/>\n\t<meta property=\"og:image:width\" content=\"1024\" \/>\n\t<meta property=\"og:image:height\" content=\"536\" \/>\n\t<meta property=\"og:image:type\" content=\"image\/jpeg\" \/>\n<meta name=\"twitter:card\" content=\"summary_large_image\" \/>\n<meta name=\"twitter:label1\" content=\"Est. tempo de leitura\" \/>\n\t<meta name=\"twitter:data1\" content=\"1 minuto\" \/>\n<script type=\"application\/ld+json\" class=\"yoast-schema-graph\">{\"@context\":\"https:\/\/schema.org\",\"@graph\":[{\"@type\":\"WebPage\",\"@id\":\"https:\/\/clubedeviagensmoms.com.br\/homolog\/produto\/havai\/\",\"url\":\"https:\/\/clubedeviagensmoms.com.br\/homolog\/produto\/havai\/\",\"name\":\"Hava\u00ed - Clube Moms\",\"isPartOf\":{\"@id\":\"https:\/\/clubedeviagensmoms.com.br\/homolog\/#website\"},\"datePublished\":\"2021-10-29T22:57:40+00:00\",\"dateModified\":\"2023-08-30T15:26:42+00:00\",\"description\":\"O Hava\u00ed \u00e9 um lugar paradis\u00edaco, repleto de cultura e belezas naturais! Aqui, voc\u00ea vai se deparar com uma atmosfera como nenhuma outra! Vamos viajar? Aloha!\",\"breadcrumb\":{\"@id\":\"https:\/\/clubedeviagensmoms.com.br\/homolog\/produto\/havai\/#breadcrumb\"},\"inLanguage\":\"pt-BR\",\"potentialAction\":[{\"@type\":\"ReadAction\",\"target\":[\"https:\/\/clubedeviagensmoms.com.br\/homolog\/produto\/havai\/\"]}]},{\"@type\":\"BreadcrumbList\",\"@id\":\"https:\/\/clubedeviagensmoms.com.br\/homolog\/produto\/havai\/#breadcrumb\",\"itemListElement\":[{\"@type\":\"ListItem\",\"position\":1,\"name\":\"Home\",\"item\":\"https:\/\/clubedeviagensmoms.com.br\/homolog\/\"},{\"@type\":\"ListItem\",\"position\":2,\"name\":\"Vamos Viajar\",\"item\":\"https:\/\/clubedeviagensmoms.com.br\/homolog\/shop\/\"},{\"@type\":\"ListItem\",\"position\":3,\"name\":\"Hava\u00ed\"}]},{\"@type\":\"WebSite\",\"@id\":\"https:\/\/clubedeviagensmoms.com.br\/homolog\/#website\",\"url\":\"https:\/\/clubedeviagensmoms.com.br\/homolog\/\",\"name\":\"Clube Moms\",\"description\":\"O Clube Moms \u00e9 uma ag\u00eancia de turismo com foco em fam\u00edlias com crian\u00e7as, que uno os conceitos de Consultoria Especializada e Clube de Vantagens.\",\"potentialAction\":[{\"@type\":\"SearchAction\",\"target\":{\"@type\":\"EntryPoint\",\"urlTemplate\":\"https:\/\/clubedeviagensmoms.com.br\/homolog\/?s={search_term_string}\"},\"query-input\":\"required name=search_term_string\"}],\"inLanguage\":\"pt-BR\"}]}<\/script>\n<!-- \/ Yoast SEO Premium plugin. -->","yoast_head_json":{"title":"Hava\u00ed - Clube Moms","description":"O Hava\u00ed \u00e9 um lugar paradis\u00edaco, repleto de cultura e belezas naturais! Aqui, voc\u00ea vai se deparar com uma atmosfera como nenhuma outra! Vamos viajar? Aloha!","robots":{"index":"index","follow":"follow","max-snippet":"max-snippet:-1","max-image-preview":"max-image-preview:large","max-video-preview":"max-video-preview:-1"},"canonical":"https:\/\/clubedeviagensmoms.com.br\/homolog\/produto\/havai\/","og_locale":"pt_BR","og_type":"article","og_title":"Hava\u00ed - Clube Moms","og_description":"O Hava\u00ed \u00e9 um lugar paradis\u00edaco, repleto de cultura e belezas naturais! Aqui, voc\u00ea vai se deparar com uma atmosfera como nenhuma outra! Vamos viajar? Aloha!","og_url":"https:\/\/clubedeviagensmoms.com.br\/homolog\/produto\/havai\/","og_site_name":"Clube Moms","article_modified_time":"2023-08-30T15:26:42+00:00","og_image":[{"width":1024,"height":536,"url":"https:\/\/clubedeviagensmoms.com.br\/homolog\/wp-content\/uploads\/2021\/09\/PacoteInternacional_Havai_03042018_1535-1024x536-1.jpg","type":"image\/jpeg"}],"twitter_card":"summary_large_image","twitter_misc":{"Est. tempo de leitura":"1 minuto"},"schema":{"@context":"https:\/\/schema.org","@graph":[{"@type":"WebPage","@id":"https:\/\/clubedeviagensmoms.com.br\/homolog\/produto\/havai\/","url":"https:\/\/clubedeviagensmoms.com.br\/homolog\/produto\/havai\/","name":"Hava\u00ed - Clube Moms","isPartOf":{"@id":"https:\/\/clubedeviagensmoms.com.br\/homolog\/#website"},"datePublished":"2021-10-29T22:57:40+00:00","dateModified":"2023-08-30T15:26:42+00:00","description":"O Hava\u00ed \u00e9 um lugar paradis\u00edaco, repleto de cultura e belezas naturais! Aqui, voc\u00ea vai se deparar com uma atmosfera como nenhuma outra! Vamos viajar? Aloha!","breadcrumb":{"@id":"https:\/\/clubedeviagensmoms.com.br\/homolog\/produto\/havai\/#breadcrumb"},"inLanguage":"pt-BR","potentialAction":[{"@type":"ReadAction","target":["https:\/\/clubedeviagensmoms.com.br\/homolog\/produto\/havai\/"]}]},{"@type":"BreadcrumbList","@id":"https:\/\/clubedeviagensmoms.com.br\/homolog\/produto\/havai\/#breadcrumb","itemListElement":[{"@type":"ListItem","position":1,"name":"Home","item":"https:\/\/clubedeviagensmoms.com.br\/homolog\/"},{"@type":"ListItem","position":2,"name":"Vamos Viajar","item":"https:\/\/clubedeviagensmoms.com.br\/homolog\/shop\/"},{"@type":"ListItem","position":3,"name":"Hava\u00ed"}]},{"@type":"WebSite","@id":"https:\/\/clubedeviagensmoms.com.br\/homolog\/#website","url":"https:\/\/clubedeviagensmoms.com.br\/homolog\/","name":"Clube Moms","description":"O Clube Moms \u00e9 uma ag\u00eancia de turismo com foco em fam\u00edlias com crian\u00e7as, que uno os conceitos de Consultoria Especializada e Clube de Vantagens.","potentialAction":[{"@type":"SearchAction","target":{"@type":"EntryPoint","urlTemplate":"https:\/\/clubedeviagensmoms.com.br\/homolog\/?s={search_term_string}"},"query-input":"required name=search_term_string"}],"inLanguage":"pt-BR"}]}},"_links":{"self":[{"href":"https:\/\/clubedeviagensmoms.com.br\/homolog\/wp-json\/wp\/v2\/product\/4090","targetHints":{"allow":["GET"]}}],"collection":[{"href":"https:\/\/clubedeviagensmoms.com.br\/homolog\/wp-json\/wp\/v2\/product"}],"about":[{"href":"https:\/\/clubedeviagensmoms.com.br\/homolog\/wp-json\/wp\/v2\/types\/product"}],"replies":[{"embeddable":true,"href":"https:\/\/clubedeviagensmoms.com.br\/homolog\/wp-json\/wp\/v2\/comments?post=4090"}],"wp:featuredmedia":[{"embeddable":true,"href":"https:\/\/clubedeviagensmoms.com.br\/homolog\/wp-json\/wp\/v2\/media\/436"}],"wp:attachment":[{"href":"https:\/\/clubedeviagensmoms.com.br\/homolog\/wp-json\/wp\/v2\/media?parent=4090"}],"wp:term":[{"taxonomy":"product_cat","embeddable":true,"href":"https:\/\/clubedeviagensmoms.com.br\/homolog\/wp-json\/wp\/v2\/product_cat?post=4090"},{"taxonomy":"product_tag","embeddable":true,"href":"https:\/\/clubedeviagensmoms.com.br\/homolog\/wp-json\/wp\/v2\/product_tag?post=4090"}],"curies":[{"name":"wp","href":"https:\/\/api.w.org\/{rel}","templated":true}]}}