{"id":4091,"date":"2021-10-29T19:57:40","date_gmt":"2021-10-29T22:57:40","guid":{"rendered":"http:\/\/clubedeviagensmoms.com.br\/homolog\/taober_wp\/?post_type=product&#038;p=4091"},"modified":"2023-08-30T12:26:43","modified_gmt":"2023-08-30T15:26:43","slug":"lisboa","status":"publish","type":"product","link":"https:\/\/clubedeviagensmoms.com.br\/homolog\/produto\/lisboa\/","title":{"rendered":"Lisboa"},"content":{"rendered":"<p>Repleta de cultura e tradi\u00e7\u00e3o, Lisboa disp\u00f5e dos mais variados hot\u00e9is, bem como empreendimentos comercias e, ainda, alguns dos mais ilustres s\u00edmbolos nacionais!<\/p>\n<p>Capital de Portugal, consegue contar com uma diversidade bastante grande do moderno e do tradicional, o que faz dela uma das mais vibrantes e mais prop\u00edcias ao turismo na Europa. Possui um clima extremamente agrad\u00e1vel e uma vida noturna bem badalada. Assim, \u00e9 visitada por todos os tipos de turista e de todas as idades.<\/p>\n<p>Al\u00e9m disso, podemos citar diversos pontos tur\u00edsticos famosos, como a Torre de Bel\u00e9m. Ainda, damos destaque a Pra\u00e7a do Com\u00e9rcio, que conta com diversos monumentos hist\u00f3ricos que contam um pouco da trajet\u00f3ria portuguesa. Tamb\u00e9m, h\u00e1 alguns mirantes nessa regi\u00e3o, que possibilitam uma vista privilegiada da cidade. Voc\u00ea n\u00e3o pode deixar de conferir!<\/p>\n<p>Por fim, n\u00e3o poder\u00edamos deixar de falar sobre a deliciosa culin\u00e1ria portuguesa! Voc\u00ea n\u00e3o pode deixar de provar o maravilhoso bacalhau e tamb\u00e9m o doce incr\u00edvel que \u00e9 o Pastel de Nata!<\/p>\n<p>Lisboa est\u00e1 te esperando, ent\u00e3o venha desfrutar de tudo isso que ela tem para te oferecer! Fa\u00e7a uma <a href=\"https:\/\/wa.me\/5521964046487\" target=\"_blank\" rel=\"noopener noreferrer\">cota\u00e7\u00e3o<\/a> e viaje com a gente!<\/p>\n<p>E, ainda, se voc\u00ea tiver interesse em conhecer mais destinos internacionais incr\u00edveis, <a href=\"http:\/\/clubedeviagensmoms.com.br\/homolog\/vamos-viajar\/pacotes-internacionais\/\" target=\"_blank\" rel=\"noopener noreferrer\">clique aqui<\/a>!<\/p>\n","protected":false},"excerpt":{"rendered":"<p>Cercada por belezas naturais, s\u00e9culos de hist\u00f3ria, monumentos arquitet\u00f4nicos, excelentes bares e restaurantes, Lisboa \u00e9 o cora\u00e7\u00e3o portugu\u00eas!<\/p>\n","protected":false},"featured_media":447,"comment_status":"closed","ping_status":"closed","template":"","meta":[],"product_cat":[19],"product_tag":[121,27,28,29,30,31,122,32,33,123,124,38,40],"class_list":["post-4091","product","type-product","status-publish","has-post-thumbnail","hentry","product_cat-pacotes-internacionais","product_tag-clube-de-viagens","product_tag-clube-de-viagens-moms","product_tag-clube-moms","product_tag-criancas","product_tag-diversao","product_tag-diversao-em-familia","product_tag-europa","product_tag-ferias","product_tag-ferias-em-familia","product_tag-lisboa","product_tag-portugal","product_tag-viagem","product_tag-viagem-em-familia","pa_destino-portugal"],"acf":[],"yoast_head":"<!-- This site is optimized with the Yoast SEO Premium plugin v16.0.2 (Yoast SEO v21.2) - https:\/\/yoast.com\/wordpress\/plugins\/seo\/ -->\n<title>Lisboa - Clube Moms<\/title>\n<meta name=\"description\" content=\"Cercada por belezas naturais, s\u00e9culos de hist\u00f3ria, monumentos arquitet\u00f4nicos, excelentes bares e restaurantes, Lisboa \u00e9 o cora\u00e7\u00e3o portugu\u00eas!\" \/>\n<meta name=\"robots\" content=\"index, follow, max-snippet:-1, max-image-preview:large, max-video-preview:-1\" \/>\n<link rel=\"canonical\" href=\"https:\/\/clubedeviagensmoms.com.br\/homolog\/produto\/lisboa\/\" \/>\n<meta property=\"og:locale\" content=\"pt_BR\" \/>\n<meta property=\"og:type\" content=\"article\" \/>\n<meta property=\"og:title\" content=\"Lisboa - Clube Moms\" \/>\n<meta property=\"og:description\" content=\"Cercada por belezas naturais, s\u00e9culos de hist\u00f3ria, monumentos arquitet\u00f4nicos, excelentes bares e restaurantes, Lisboa \u00e9 o cora\u00e7\u00e3o portugu\u00eas!\" \/>\n<meta property=\"og:url\" content=\"https:\/\/clubedeviagensmoms.com.br\/homolog\/produto\/lisboa\/\" \/>\n<meta property=\"og:site_name\" content=\"Clube Moms\" \/>\n<meta property=\"article:modified_time\" content=\"2023-08-30T15:26:43+00:00\" \/>\n<meta property=\"og:image\" content=\"https:\/\/clubedeviagensmoms.com.br\/homolog\/wp-content\/uploads\/2021\/09\/PacoteInternacional_Lisboa_02042018_1915-1024x536-1.jpg\" \/>\n\t<meta property=\"og:image:width\" content=\"1024\" \/>\n\t<meta property=\"og:image:height\" content=\"536\" \/>\n\t<meta property=\"og:image:type\" content=\"image\/jpeg\" \/>\n<meta name=\"twitter:card\" content=\"summary_large_image\" \/>\n<meta name=\"twitter:label1\" content=\"Est. tempo de leitura\" \/>\n\t<meta name=\"twitter:data1\" content=\"1 minuto\" \/>\n<script type=\"application\/ld+json\" class=\"yoast-schema-graph\">{\"@context\":\"https:\/\/schema.org\",\"@graph\":[{\"@type\":\"WebPage\",\"@id\":\"https:\/\/clubedeviagensmoms.com.br\/homolog\/produto\/lisboa\/\",\"url\":\"https:\/\/clubedeviagensmoms.com.br\/homolog\/produto\/lisboa\/\",\"name\":\"Lisboa - Clube Moms\",\"isPartOf\":{\"@id\":\"https:\/\/clubedeviagensmoms.com.br\/homolog\/#website\"},\"datePublished\":\"2021-10-29T22:57:40+00:00\",\"dateModified\":\"2023-08-30T15:26:43+00:00\",\"description\":\"Cercada por belezas naturais, s\u00e9culos de hist\u00f3ria, monumentos arquitet\u00f4nicos, excelentes bares e restaurantes, Lisboa \u00e9 o cora\u00e7\u00e3o portugu\u00eas!\",\"breadcrumb\":{\"@id\":\"https:\/\/clubedeviagensmoms.com.br\/homolog\/produto\/lisboa\/#breadcrumb\"},\"inLanguage\":\"pt-BR\",\"potentialAction\":[{\"@type\":\"ReadAction\",\"target\":[\"https:\/\/clubedeviagensmoms.com.br\/homolog\/produto\/lisboa\/\"]}]},{\"@type\":\"BreadcrumbList\",\"@id\":\"https:\/\/clubedeviagensmoms.com.br\/homolog\/produto\/lisboa\/#breadcrumb\",\"itemListElement\":[{\"@type\":\"ListItem\",\"position\":1,\"name\":\"Home\",\"item\":\"https:\/\/clubedeviagensmoms.com.br\/homolog\/\"},{\"@type\":\"ListItem\",\"position\":2,\"name\":\"Vamos Viajar\",\"item\":\"https:\/\/clubedeviagensmoms.com.br\/homolog\/shop\/\"},{\"@type\":\"ListItem\",\"position\":3,\"name\":\"Lisboa\"}]},{\"@type\":\"WebSite\",\"@id\":\"https:\/\/clubedeviagensmoms.com.br\/homolog\/#website\",\"url\":\"https:\/\/clubedeviagensmoms.com.br\/homolog\/\",\"name\":\"Clube Moms\",\"description\":\"O Clube Moms \u00e9 uma ag\u00eancia de turismo com foco em fam\u00edlias com crian\u00e7as, que uno os conceitos de Consultoria Especializada e Clube de Vantagens.\",\"potentialAction\":[{\"@type\":\"SearchAction\",\"target\":{\"@type\":\"EntryPoint\",\"urlTemplate\":\"https:\/\/clubedeviagensmoms.com.br\/homolog\/?s={search_term_string}\"},\"query-input\":\"required name=search_term_string\"}],\"inLanguage\":\"pt-BR\"}]}<\/script>\n<!-- \/ Yoast SEO Premium plugin. -->","yoast_head_json":{"title":"Lisboa - Clube Moms","description":"Cercada por belezas naturais, s\u00e9culos de hist\u00f3ria, monumentos arquitet\u00f4nicos, excelentes bares e restaurantes, Lisboa \u00e9 o cora\u00e7\u00e3o portugu\u00eas!","robots":{"index":"index","follow":"follow","max-snippet":"max-snippet:-1","max-image-preview":"max-image-preview:large","max-video-preview":"max-video-preview:-1"},"canonical":"https:\/\/clubedeviagensmoms.com.br\/homolog\/produto\/lisboa\/","og_locale":"pt_BR","og_type":"article","og_title":"Lisboa - Clube Moms","og_description":"Cercada por belezas naturais, s\u00e9culos de hist\u00f3ria, monumentos arquitet\u00f4nicos, excelentes bares e restaurantes, Lisboa \u00e9 o cora\u00e7\u00e3o portugu\u00eas!","og_url":"https:\/\/clubedeviagensmoms.com.br\/homolog\/produto\/lisboa\/","og_site_name":"Clube Moms","article_modified_time":"2023-08-30T15:26:43+00:00","og_image":[{"width":1024,"height":536,"url":"https:\/\/clubedeviagensmoms.com.br\/homolog\/wp-content\/uploads\/2021\/09\/PacoteInternacional_Lisboa_02042018_1915-1024x536-1.jpg","type":"image\/jpeg"}],"twitter_card":"summary_large_image","twitter_misc":{"Est. tempo de leitura":"1 minuto"},"schema":{"@context":"https:\/\/schema.org","@graph":[{"@type":"WebPage","@id":"https:\/\/clubedeviagensmoms.com.br\/homolog\/produto\/lisboa\/","url":"https:\/\/clubedeviagensmoms.com.br\/homolog\/produto\/lisboa\/","name":"Lisboa - Clube Moms","isPartOf":{"@id":"https:\/\/clubedeviagensmoms.com.br\/homolog\/#website"},"datePublished":"2021-10-29T22:57:40+00:00","dateModified":"2023-08-30T15:26:43+00:00","description":"Cercada por belezas naturais, s\u00e9culos de hist\u00f3ria, monumentos arquitet\u00f4nicos, excelentes bares e restaurantes, Lisboa \u00e9 o cora\u00e7\u00e3o portugu\u00eas!","breadcrumb":{"@id":"https:\/\/clubedeviagensmoms.com.br\/homolog\/produto\/lisboa\/#breadcrumb"},"inLanguage":"pt-BR","potentialAction":[{"@type":"ReadAction","target":["https:\/\/clubedeviagensmoms.com.br\/homolog\/produto\/lisboa\/"]}]},{"@type":"BreadcrumbList","@id":"https:\/\/clubedeviagensmoms.com.br\/homolog\/produto\/lisboa\/#breadcrumb","itemListElement":[{"@type":"ListItem","position":1,"name":"Home","item":"https:\/\/clubedeviagensmoms.com.br\/homolog\/"},{"@type":"ListItem","position":2,"name":"Vamos Viajar","item":"https:\/\/clubedeviagensmoms.com.br\/homolog\/shop\/"},{"@type":"ListItem","position":3,"name":"Lisboa"}]},{"@type":"WebSite","@id":"https:\/\/clubedeviagensmoms.com.br\/homolog\/#website","url":"https:\/\/clubedeviagensmoms.com.br\/homolog\/","name":"Clube Moms","description":"O Clube Moms \u00e9 uma ag\u00eancia de turismo com foco em fam\u00edlias com crian\u00e7as, que uno os conceitos de Consultoria Especializada e Clube de Vantagens.","potentialAction":[{"@type":"SearchAction","target":{"@type":"EntryPoint","urlTemplate":"https:\/\/clubedeviagensmoms.com.br\/homolog\/?s={search_term_string}"},"query-input":"required name=search_term_string"}],"inLanguage":"pt-BR"}]}},"_links":{"self":[{"href":"https:\/\/clubedeviagensmoms.com.br\/homolog\/wp-json\/wp\/v2\/product\/4091","targetHints":{"allow":["GET"]}}],"collection":[{"href":"https:\/\/clubedeviagensmoms.com.br\/homolog\/wp-json\/wp\/v2\/product"}],"about":[{"href":"https:\/\/clubedeviagensmoms.com.br\/homolog\/wp-json\/wp\/v2\/types\/product"}],"replies":[{"embeddable":true,"href":"https:\/\/clubedeviagensmoms.com.br\/homolog\/wp-json\/wp\/v2\/comments?post=4091"}],"wp:featuredmedia":[{"embeddable":true,"href":"https:\/\/clubedeviagensmoms.com.br\/homolog\/wp-json\/wp\/v2\/media\/447"}],"wp:attachment":[{"href":"https:\/\/clubedeviagensmoms.com.br\/homolog\/wp-json\/wp\/v2\/media?parent=4091"}],"wp:term":[{"taxonomy":"product_cat","embeddable":true,"href":"https:\/\/clubedeviagensmoms.com.br\/homolog\/wp-json\/wp\/v2\/product_cat?post=4091"},{"taxonomy":"product_tag","embeddable":true,"href":"https:\/\/clubedeviagensmoms.com.br\/homolog\/wp-json\/wp\/v2\/product_tag?post=4091"}],"curies":[{"name":"wp","href":"https:\/\/api.w.org\/{rel}","templated":true}]}}