{"id":4092,"date":"2021-10-29T19:57:40","date_gmt":"2021-10-29T22:57:40","guid":{"rendered":"http:\/\/clubedeviagensmoms.com.br\/homolog\/taober_wp\/?post_type=product&#038;p=4092"},"modified":"2023-08-30T12:26:44","modified_gmt":"2023-08-30T15:26:44","slug":"londres","status":"publish","type":"product","link":"https:\/\/clubedeviagensmoms.com.br\/homolog\/produto\/londres\/","title":{"rendered":"Londres"},"content":{"rendered":"<p>Londres, capital da Inglaterra, \u00e9 uma cidade global e possui grande diversidade, tornando a experi\u00eancia l\u00e1 ainda mais especial! Conta com uma forte marca hist\u00f3rica, principalmente da monarquia. Dessa forma, possui um visual que remete a essa realidade, mas, principalmente nos bairros mais ao norte, exp\u00f5e essa grande diversidade cultural que a cidade abriga, aparecendo com mais for\u00e7a na gastronomia, que conta com bastante representatividade de pa\u00edses africanos e latinos.<\/p>\n<p>Aqui, voc\u00ea poder\u00e1 visitar museus famosos e reconhecidos no mundo todo, como o British Museum e a National Gallery, bem como desfrutar de \u00e1reas verdes, como o Hyde Park e o Green Park, esse que fica localizado pr\u00f3ximo ao Pal\u00e1cio de Buckingham, o s\u00edmbolo da monarquia na cidade.<\/p>\n<p>\u00c9 cen\u00e1rio de v\u00e1rias produ\u00e7\u00f5es audiovisuais e liter\u00e1rias, como do bruxo mais famoso do mundo, Harry Potter, e tamb\u00e9m do detetive Sherlock Holmes. Inclusive, \u00e9 poss\u00edvel visitar a casa do detetive na famosa Baker Street. Ela fica bem pr\u00f3xima ao Madame Tussauds, museu de cera que abriga v\u00e1rias est\u00e1tuas de pessoas influentes e personagens importantes.<\/p>\n<p>E n\u00e3o poder\u00edamos deixar de citar os dois pontos tur\u00edsticos mais famosos: o Big Ben e a London Eye. Imponentes e soberanos, est\u00e3o sempre no roteiro dos turistas que visitam a cidade!<\/p>\n<p>Entre cl\u00e1ssica e rom\u00e2ntica, austera e surpreendente, \u00e9 f\u00e1cil entender por que Londres exerce tanto fasc\u00ednio, j\u00e1 que alia o charme de um polo hist\u00f3rico e cultural com o toque conservador da monarquia.<\/p>\n<p>&nbsp;<\/p>\n<p>N\u00e3o deixe de visitar Londres! Fa\u00e7a uma<span>\u00a0<\/span><a href=\"https:\/\/wa.me\/5521964046487\" target=\"_blank\" rel=\"noopener noreferrer\">cota\u00e7\u00e3o<\/a><span>\u00a0<\/span>e viaje com a gente!<\/p>\n<p>E, ainda, se voc\u00ea tiver interesse em conhecer mais destinos internacionais incr\u00edveis,<span>\u00a0<\/span><a href=\"http:\/\/clubedeviagensmoms.com.br\/homolog\/vamos-viajar\/pacotes-internacionais\/\" target=\"_blank\" rel=\"noopener noreferrer\">clique aqui<\/a>!<\/p>\n","protected":false},"excerpt":{"rendered":"<p>Londres \u00e9 um destino surpreendente, pois abriga uma rica diversidade, tornando a experi\u00eancia ainda mais especial! Venha conhecer a terra da Rainha!<\/p>\n","protected":false},"featured_media":461,"comment_status":"closed","ping_status":"closed","template":"","meta":[],"product_cat":[19],"product_tag":[27,28,29,30,31,122,32,33,125,111,126,127,112,38,39,40],"class_list":["post-4092","product","type-product","status-publish","has-post-thumbnail","hentry","product_cat-pacotes-internacionais","product_tag-clube-de-viagens-moms","product_tag-clube-moms","product_tag-criancas","product_tag-diversao","product_tag-diversao-em-familia","product_tag-europa","product_tag-ferias","product_tag-ferias-em-familia","product_tag-inglaterra","product_tag-internacional","product_tag-london-eye","product_tag-londres","product_tag-pacote","product_tag-viagem","product_tag-viagem-com-criancas","product_tag-viagem-em-familia","pa_destino-inglaterra","pa_destino-londres"],"acf":[],"yoast_head":"<!-- This site is optimized with the Yoast SEO Premium plugin v16.0.2 (Yoast SEO v21.2) - https:\/\/yoast.com\/wordpress\/plugins\/seo\/ -->\n<title>Londres - Clube Moms<\/title>\n<meta name=\"description\" content=\"Londres \u00e9 um destino surpreendente, pois abriga uma rica diversidade, tornando a experi\u00eancia ainda mais especial! Venha conhecer a terra da Rainha!\" \/>\n<meta name=\"robots\" content=\"index, follow, max-snippet:-1, max-image-preview:large, max-video-preview:-1\" \/>\n<link rel=\"canonical\" href=\"https:\/\/clubedeviagensmoms.com.br\/homolog\/produto\/londres\/\" \/>\n<meta property=\"og:locale\" content=\"pt_BR\" \/>\n<meta property=\"og:type\" content=\"article\" \/>\n<meta property=\"og:title\" content=\"Londres - Clube Moms\" \/>\n<meta property=\"og:description\" content=\"Londres \u00e9 um destino surpreendente, pois abriga uma rica diversidade, tornando a experi\u00eancia ainda mais especial! Venha conhecer a terra da Rainha!\" \/>\n<meta property=\"og:url\" content=\"https:\/\/clubedeviagensmoms.com.br\/homolog\/produto\/londres\/\" \/>\n<meta property=\"og:site_name\" content=\"Clube Moms\" \/>\n<meta property=\"article:modified_time\" content=\"2023-08-30T15:26:44+00:00\" \/>\n<meta property=\"og:image\" content=\"https:\/\/clubedeviagensmoms.com.br\/homolog\/wp-content\/uploads\/2021\/09\/PacoteInternacional_Londres_02042018_1509-1024x536-1.jpg\" \/>\n\t<meta property=\"og:image:width\" content=\"1024\" \/>\n\t<meta property=\"og:image:height\" content=\"536\" \/>\n\t<meta property=\"og:image:type\" content=\"image\/jpeg\" \/>\n<meta name=\"twitter:card\" content=\"summary_large_image\" \/>\n<meta name=\"twitter:label1\" content=\"Est. tempo de leitura\" \/>\n\t<meta name=\"twitter:data1\" content=\"1 minuto\" \/>\n<script type=\"application\/ld+json\" class=\"yoast-schema-graph\">{\"@context\":\"https:\/\/schema.org\",\"@graph\":[{\"@type\":\"WebPage\",\"@id\":\"https:\/\/clubedeviagensmoms.com.br\/homolog\/produto\/londres\/\",\"url\":\"https:\/\/clubedeviagensmoms.com.br\/homolog\/produto\/londres\/\",\"name\":\"Londres - Clube Moms\",\"isPartOf\":{\"@id\":\"https:\/\/clubedeviagensmoms.com.br\/homolog\/#website\"},\"datePublished\":\"2021-10-29T22:57:40+00:00\",\"dateModified\":\"2023-08-30T15:26:44+00:00\",\"description\":\"Londres \u00e9 um destino surpreendente, pois abriga uma rica diversidade, tornando a experi\u00eancia ainda mais especial! Venha conhecer a terra da Rainha!\",\"breadcrumb\":{\"@id\":\"https:\/\/clubedeviagensmoms.com.br\/homolog\/produto\/londres\/#breadcrumb\"},\"inLanguage\":\"pt-BR\",\"potentialAction\":[{\"@type\":\"ReadAction\",\"target\":[\"https:\/\/clubedeviagensmoms.com.br\/homolog\/produto\/londres\/\"]}]},{\"@type\":\"BreadcrumbList\",\"@id\":\"https:\/\/clubedeviagensmoms.com.br\/homolog\/produto\/londres\/#breadcrumb\",\"itemListElement\":[{\"@type\":\"ListItem\",\"position\":1,\"name\":\"Home\",\"item\":\"https:\/\/clubedeviagensmoms.com.br\/homolog\/\"},{\"@type\":\"ListItem\",\"position\":2,\"name\":\"Vamos Viajar\",\"item\":\"https:\/\/clubedeviagensmoms.com.br\/homolog\/shop\/\"},{\"@type\":\"ListItem\",\"position\":3,\"name\":\"Londres\"}]},{\"@type\":\"WebSite\",\"@id\":\"https:\/\/clubedeviagensmoms.com.br\/homolog\/#website\",\"url\":\"https:\/\/clubedeviagensmoms.com.br\/homolog\/\",\"name\":\"Clube Moms\",\"description\":\"O Clube Moms \u00e9 uma ag\u00eancia de turismo com foco em fam\u00edlias com crian\u00e7as, que uno os conceitos de Consultoria Especializada e Clube de Vantagens.\",\"potentialAction\":[{\"@type\":\"SearchAction\",\"target\":{\"@type\":\"EntryPoint\",\"urlTemplate\":\"https:\/\/clubedeviagensmoms.com.br\/homolog\/?s={search_term_string}\"},\"query-input\":\"required name=search_term_string\"}],\"inLanguage\":\"pt-BR\"}]}<\/script>\n<!-- \/ Yoast SEO Premium plugin. -->","yoast_head_json":{"title":"Londres - Clube Moms","description":"Londres \u00e9 um destino surpreendente, pois abriga uma rica diversidade, tornando a experi\u00eancia ainda mais especial! Venha conhecer a terra da Rainha!","robots":{"index":"index","follow":"follow","max-snippet":"max-snippet:-1","max-image-preview":"max-image-preview:large","max-video-preview":"max-video-preview:-1"},"canonical":"https:\/\/clubedeviagensmoms.com.br\/homolog\/produto\/londres\/","og_locale":"pt_BR","og_type":"article","og_title":"Londres - Clube Moms","og_description":"Londres \u00e9 um destino surpreendente, pois abriga uma rica diversidade, tornando a experi\u00eancia ainda mais especial! Venha conhecer a terra da Rainha!","og_url":"https:\/\/clubedeviagensmoms.com.br\/homolog\/produto\/londres\/","og_site_name":"Clube Moms","article_modified_time":"2023-08-30T15:26:44+00:00","og_image":[{"width":1024,"height":536,"url":"https:\/\/clubedeviagensmoms.com.br\/homolog\/wp-content\/uploads\/2021\/09\/PacoteInternacional_Londres_02042018_1509-1024x536-1.jpg","type":"image\/jpeg"}],"twitter_card":"summary_large_image","twitter_misc":{"Est. tempo de leitura":"1 minuto"},"schema":{"@context":"https:\/\/schema.org","@graph":[{"@type":"WebPage","@id":"https:\/\/clubedeviagensmoms.com.br\/homolog\/produto\/londres\/","url":"https:\/\/clubedeviagensmoms.com.br\/homolog\/produto\/londres\/","name":"Londres - Clube Moms","isPartOf":{"@id":"https:\/\/clubedeviagensmoms.com.br\/homolog\/#website"},"datePublished":"2021-10-29T22:57:40+00:00","dateModified":"2023-08-30T15:26:44+00:00","description":"Londres \u00e9 um destino surpreendente, pois abriga uma rica diversidade, tornando a experi\u00eancia ainda mais especial! Venha conhecer a terra da Rainha!","breadcrumb":{"@id":"https:\/\/clubedeviagensmoms.com.br\/homolog\/produto\/londres\/#breadcrumb"},"inLanguage":"pt-BR","potentialAction":[{"@type":"ReadAction","target":["https:\/\/clubedeviagensmoms.com.br\/homolog\/produto\/londres\/"]}]},{"@type":"BreadcrumbList","@id":"https:\/\/clubedeviagensmoms.com.br\/homolog\/produto\/londres\/#breadcrumb","itemListElement":[{"@type":"ListItem","position":1,"name":"Home","item":"https:\/\/clubedeviagensmoms.com.br\/homolog\/"},{"@type":"ListItem","position":2,"name":"Vamos Viajar","item":"https:\/\/clubedeviagensmoms.com.br\/homolog\/shop\/"},{"@type":"ListItem","position":3,"name":"Londres"}]},{"@type":"WebSite","@id":"https:\/\/clubedeviagensmoms.com.br\/homolog\/#website","url":"https:\/\/clubedeviagensmoms.com.br\/homolog\/","name":"Clube Moms","description":"O Clube Moms \u00e9 uma ag\u00eancia de turismo com foco em fam\u00edlias com crian\u00e7as, que uno os conceitos de Consultoria Especializada e Clube de Vantagens.","potentialAction":[{"@type":"SearchAction","target":{"@type":"EntryPoint","urlTemplate":"https:\/\/clubedeviagensmoms.com.br\/homolog\/?s={search_term_string}"},"query-input":"required name=search_term_string"}],"inLanguage":"pt-BR"}]}},"_links":{"self":[{"href":"https:\/\/clubedeviagensmoms.com.br\/homolog\/wp-json\/wp\/v2\/product\/4092","targetHints":{"allow":["GET"]}}],"collection":[{"href":"https:\/\/clubedeviagensmoms.com.br\/homolog\/wp-json\/wp\/v2\/product"}],"about":[{"href":"https:\/\/clubedeviagensmoms.com.br\/homolog\/wp-json\/wp\/v2\/types\/product"}],"replies":[{"embeddable":true,"href":"https:\/\/clubedeviagensmoms.com.br\/homolog\/wp-json\/wp\/v2\/comments?post=4092"}],"wp:featuredmedia":[{"embeddable":true,"href":"https:\/\/clubedeviagensmoms.com.br\/homolog\/wp-json\/wp\/v2\/media\/461"}],"wp:attachment":[{"href":"https:\/\/clubedeviagensmoms.com.br\/homolog\/wp-json\/wp\/v2\/media?parent=4092"}],"wp:term":[{"taxonomy":"product_cat","embeddable":true,"href":"https:\/\/clubedeviagensmoms.com.br\/homolog\/wp-json\/wp\/v2\/product_cat?post=4092"},{"taxonomy":"product_tag","embeddable":true,"href":"https:\/\/clubedeviagensmoms.com.br\/homolog\/wp-json\/wp\/v2\/product_tag?post=4092"}],"curies":[{"name":"wp","href":"https:\/\/api.w.org\/{rel}","templated":true}]}}