{"id":4093,"date":"2021-10-29T19:57:40","date_gmt":"2021-10-29T22:57:40","guid":{"rendered":"http:\/\/clubedeviagensmoms.com.br\/homolog\/taober_wp\/?post_type=product&#038;p=4093"},"modified":"2023-08-30T12:26:44","modified_gmt":"2023-08-30T15:26:44","slug":"los-angeles","status":"publish","type":"product","link":"https:\/\/clubedeviagensmoms.com.br\/homolog\/produto\/los-angeles\/","title":{"rendered":"Los Angeles"},"content":{"rendered":"<p>A cidade de Los Angeles, localizada na costa oeste dos Estados Unidos, no estado da Calif\u00f3rnia, \u00e9 um destino impressionante em diversos sentidos!<\/p>\n<p>Aqui a divers\u00e3o \u00e9 garantida! Los Angeles \u00e9 um dos destinos mais procurados pelos jovens no per\u00edodo de Spring Break, por conta de sua diversidade de atividades e praias super badaladas! Al\u00e9m disso, a cidade tem v\u00e1rias op\u00e7\u00f5es de compras, tanto shoppings quanto outlets que v\u00e3o te deixar maravilhado!<\/p>\n<p>Ainda, oferece uma vasta e diversa cena cultural, que abrange de museus a restaurantes, garantindo momentos de descontra\u00e7\u00e3o e introspec\u00e7\u00e3o a todos que a visitam! Voc\u00ea tamb\u00e9m pode visitar a Disneyland, o parque da Disney na Calif\u00f3rnia, que guarda muita magia para todos os p\u00fablicos! Ele, com certeza, vai te deixar ainda mais apaixonado por essa cidade! N\u00e3o podemos deixar de mencionar tamb\u00e9m o parque de divers\u00e3o Six Flags, que \u00e9 perfeito pra quem gosta da adrenalina que a montanha-russa proporciona!<\/p>\n<p>Por fim, casa da ind\u00fastria do entretenimento, quem visita LA n\u00e3o pode deixar de conhecer a Cal\u00e7ada da Fama, o Teatro Dolby, onde acontecem as cerim\u00f4nias do Oscar, e parar para tirar aquela foto na famosa placa de Hollywood!<\/p>\n<p>&nbsp;<\/p>\n<p>N\u00e3o deixe de visitar Los Angeles! Fa\u00e7a uma <a href=\"https:\/\/wa.me\/5521964046487\" target=\"_blank\" rel=\"noopener noreferrer\">cota\u00e7\u00e3o<\/a> e viaje com a gente!<\/p>\n<p>E, ainda, se voc\u00ea tiver interesse em conhecer mais destinos internacionais incr\u00edveis, <a href=\"http:\/\/clubedeviagensmoms.com.br\/homolog\/vamos-viajar\/pacotes-internacionais\/\" target=\"_blank\" rel=\"noopener noreferrer\">clique aqui<\/a>!<\/p>\n","protected":false},"excerpt":{"rendered":"<p>A cidade de Los Angeles, na Calif\u00f3rnia, \u00e9 um destino impressionante em diversos sentidos e voc\u00ea n\u00e3o pode deixar de fora do seu roteiro! Seja bem-vindo!<\/p>\n","protected":false},"featured_media":474,"comment_status":"closed","ping_status":"closed","template":"","meta":[],"product_cat":[19],"product_tag":[128,129,73,27,28,29,30,96,116,32,117,111,84,130,85,112,38,54],"class_list":["post-4093","product","type-product","status-publish","has-post-thumbnail","hentry","product_cat-pacotes-internacionais","product_tag-cali","product_tag-califa","product_tag-california","product_tag-clube-de-viagens-moms","product_tag-clube-moms","product_tag-criancas","product_tag-diversao","product_tag-diversao-com-a-familia","product_tag-familia","product_tag-ferias","product_tag-ferias-com-a-familia","product_tag-internacional","product_tag-la","product_tag-lax","product_tag-los-angeles","product_tag-pacote","product_tag-viagem","product_tag-viagem-com-a-familia","pa_destino-estados-unidos"],"acf":[],"yoast_head":"<!-- This site is optimized with the Yoast SEO Premium plugin v16.0.2 (Yoast SEO v21.2) - https:\/\/yoast.com\/wordpress\/plugins\/seo\/ -->\n<title>Los Angeles - Clube Moms<\/title>\n<meta name=\"description\" content=\"A cidade de Los Angeles, na Calif\u00f3rnia, \u00e9 um destino impressionante em diversos sentidos e voc\u00ea n\u00e3o pode deixar de fora do seu roteiro! Seja bem-vindo!\" \/>\n<meta name=\"robots\" content=\"index, follow, max-snippet:-1, max-image-preview:large, max-video-preview:-1\" \/>\n<link rel=\"canonical\" href=\"https:\/\/clubedeviagensmoms.com.br\/homolog\/produto\/los-angeles\/\" \/>\n<meta property=\"og:locale\" content=\"pt_BR\" \/>\n<meta property=\"og:type\" content=\"article\" \/>\n<meta property=\"og:title\" content=\"Los Angeles - Clube Moms\" \/>\n<meta property=\"og:description\" content=\"A cidade de Los Angeles, na Calif\u00f3rnia, \u00e9 um destino impressionante em diversos sentidos e voc\u00ea n\u00e3o pode deixar de fora do seu roteiro! Seja bem-vindo!\" \/>\n<meta property=\"og:url\" content=\"https:\/\/clubedeviagensmoms.com.br\/homolog\/produto\/los-angeles\/\" \/>\n<meta property=\"og:site_name\" content=\"Clube Moms\" \/>\n<meta property=\"article:modified_time\" content=\"2023-08-30T15:26:44+00:00\" \/>\n<meta property=\"og:image\" content=\"https:\/\/clubedeviagensmoms.com.br\/homolog\/wp-content\/uploads\/2021\/09\/PacoteInternacional_LA_03042018_1715-1024x536-1.jpg\" \/>\n\t<meta property=\"og:image:width\" content=\"1024\" \/>\n\t<meta property=\"og:image:height\" content=\"536\" \/>\n\t<meta property=\"og:image:type\" content=\"image\/jpeg\" \/>\n<meta name=\"twitter:card\" content=\"summary_large_image\" \/>\n<meta name=\"twitter:label1\" content=\"Est. tempo de leitura\" \/>\n\t<meta name=\"twitter:data1\" content=\"1 minuto\" \/>\n<script type=\"application\/ld+json\" class=\"yoast-schema-graph\">{\"@context\":\"https:\/\/schema.org\",\"@graph\":[{\"@type\":\"WebPage\",\"@id\":\"https:\/\/clubedeviagensmoms.com.br\/homolog\/produto\/los-angeles\/\",\"url\":\"https:\/\/clubedeviagensmoms.com.br\/homolog\/produto\/los-angeles\/\",\"name\":\"Los Angeles - Clube Moms\",\"isPartOf\":{\"@id\":\"https:\/\/clubedeviagensmoms.com.br\/homolog\/#website\"},\"datePublished\":\"2021-10-29T22:57:40+00:00\",\"dateModified\":\"2023-08-30T15:26:44+00:00\",\"description\":\"A cidade de Los Angeles, na Calif\u00f3rnia, \u00e9 um destino impressionante em diversos sentidos e voc\u00ea n\u00e3o pode deixar de fora do seu roteiro! Seja bem-vindo!\",\"breadcrumb\":{\"@id\":\"https:\/\/clubedeviagensmoms.com.br\/homolog\/produto\/los-angeles\/#breadcrumb\"},\"inLanguage\":\"pt-BR\",\"potentialAction\":[{\"@type\":\"ReadAction\",\"target\":[\"https:\/\/clubedeviagensmoms.com.br\/homolog\/produto\/los-angeles\/\"]}]},{\"@type\":\"BreadcrumbList\",\"@id\":\"https:\/\/clubedeviagensmoms.com.br\/homolog\/produto\/los-angeles\/#breadcrumb\",\"itemListElement\":[{\"@type\":\"ListItem\",\"position\":1,\"name\":\"Home\",\"item\":\"https:\/\/clubedeviagensmoms.com.br\/homolog\/\"},{\"@type\":\"ListItem\",\"position\":2,\"name\":\"Vamos Viajar\",\"item\":\"https:\/\/clubedeviagensmoms.com.br\/homolog\/shop\/\"},{\"@type\":\"ListItem\",\"position\":3,\"name\":\"Los Angeles\"}]},{\"@type\":\"WebSite\",\"@id\":\"https:\/\/clubedeviagensmoms.com.br\/homolog\/#website\",\"url\":\"https:\/\/clubedeviagensmoms.com.br\/homolog\/\",\"name\":\"Clube Moms\",\"description\":\"O Clube Moms \u00e9 uma ag\u00eancia de turismo com foco em fam\u00edlias com crian\u00e7as, que uno os conceitos de Consultoria Especializada e Clube de Vantagens.\",\"potentialAction\":[{\"@type\":\"SearchAction\",\"target\":{\"@type\":\"EntryPoint\",\"urlTemplate\":\"https:\/\/clubedeviagensmoms.com.br\/homolog\/?s={search_term_string}\"},\"query-input\":\"required name=search_term_string\"}],\"inLanguage\":\"pt-BR\"}]}<\/script>\n<!-- \/ Yoast SEO Premium plugin. -->","yoast_head_json":{"title":"Los Angeles - Clube Moms","description":"A cidade de Los Angeles, na Calif\u00f3rnia, \u00e9 um destino impressionante em diversos sentidos e voc\u00ea n\u00e3o pode deixar de fora do seu roteiro! Seja bem-vindo!","robots":{"index":"index","follow":"follow","max-snippet":"max-snippet:-1","max-image-preview":"max-image-preview:large","max-video-preview":"max-video-preview:-1"},"canonical":"https:\/\/clubedeviagensmoms.com.br\/homolog\/produto\/los-angeles\/","og_locale":"pt_BR","og_type":"article","og_title":"Los Angeles - Clube Moms","og_description":"A cidade de Los Angeles, na Calif\u00f3rnia, \u00e9 um destino impressionante em diversos sentidos e voc\u00ea n\u00e3o pode deixar de fora do seu roteiro! Seja bem-vindo!","og_url":"https:\/\/clubedeviagensmoms.com.br\/homolog\/produto\/los-angeles\/","og_site_name":"Clube Moms","article_modified_time":"2023-08-30T15:26:44+00:00","og_image":[{"width":1024,"height":536,"url":"https:\/\/clubedeviagensmoms.com.br\/homolog\/wp-content\/uploads\/2021\/09\/PacoteInternacional_LA_03042018_1715-1024x536-1.jpg","type":"image\/jpeg"}],"twitter_card":"summary_large_image","twitter_misc":{"Est. tempo de leitura":"1 minuto"},"schema":{"@context":"https:\/\/schema.org","@graph":[{"@type":"WebPage","@id":"https:\/\/clubedeviagensmoms.com.br\/homolog\/produto\/los-angeles\/","url":"https:\/\/clubedeviagensmoms.com.br\/homolog\/produto\/los-angeles\/","name":"Los Angeles - Clube Moms","isPartOf":{"@id":"https:\/\/clubedeviagensmoms.com.br\/homolog\/#website"},"datePublished":"2021-10-29T22:57:40+00:00","dateModified":"2023-08-30T15:26:44+00:00","description":"A cidade de Los Angeles, na Calif\u00f3rnia, \u00e9 um destino impressionante em diversos sentidos e voc\u00ea n\u00e3o pode deixar de fora do seu roteiro! Seja bem-vindo!","breadcrumb":{"@id":"https:\/\/clubedeviagensmoms.com.br\/homolog\/produto\/los-angeles\/#breadcrumb"},"inLanguage":"pt-BR","potentialAction":[{"@type":"ReadAction","target":["https:\/\/clubedeviagensmoms.com.br\/homolog\/produto\/los-angeles\/"]}]},{"@type":"BreadcrumbList","@id":"https:\/\/clubedeviagensmoms.com.br\/homolog\/produto\/los-angeles\/#breadcrumb","itemListElement":[{"@type":"ListItem","position":1,"name":"Home","item":"https:\/\/clubedeviagensmoms.com.br\/homolog\/"},{"@type":"ListItem","position":2,"name":"Vamos Viajar","item":"https:\/\/clubedeviagensmoms.com.br\/homolog\/shop\/"},{"@type":"ListItem","position":3,"name":"Los Angeles"}]},{"@type":"WebSite","@id":"https:\/\/clubedeviagensmoms.com.br\/homolog\/#website","url":"https:\/\/clubedeviagensmoms.com.br\/homolog\/","name":"Clube Moms","description":"O Clube Moms \u00e9 uma ag\u00eancia de turismo com foco em fam\u00edlias com crian\u00e7as, que uno os conceitos de Consultoria Especializada e Clube de Vantagens.","potentialAction":[{"@type":"SearchAction","target":{"@type":"EntryPoint","urlTemplate":"https:\/\/clubedeviagensmoms.com.br\/homolog\/?s={search_term_string}"},"query-input":"required name=search_term_string"}],"inLanguage":"pt-BR"}]}},"_links":{"self":[{"href":"https:\/\/clubedeviagensmoms.com.br\/homolog\/wp-json\/wp\/v2\/product\/4093","targetHints":{"allow":["GET"]}}],"collection":[{"href":"https:\/\/clubedeviagensmoms.com.br\/homolog\/wp-json\/wp\/v2\/product"}],"about":[{"href":"https:\/\/clubedeviagensmoms.com.br\/homolog\/wp-json\/wp\/v2\/types\/product"}],"replies":[{"embeddable":true,"href":"https:\/\/clubedeviagensmoms.com.br\/homolog\/wp-json\/wp\/v2\/comments?post=4093"}],"wp:featuredmedia":[{"embeddable":true,"href":"https:\/\/clubedeviagensmoms.com.br\/homolog\/wp-json\/wp\/v2\/media\/474"}],"wp:attachment":[{"href":"https:\/\/clubedeviagensmoms.com.br\/homolog\/wp-json\/wp\/v2\/media?parent=4093"}],"wp:term":[{"taxonomy":"product_cat","embeddable":true,"href":"https:\/\/clubedeviagensmoms.com.br\/homolog\/wp-json\/wp\/v2\/product_cat?post=4093"},{"taxonomy":"product_tag","embeddable":true,"href":"https:\/\/clubedeviagensmoms.com.br\/homolog\/wp-json\/wp\/v2\/product_tag?post=4093"}],"curies":[{"name":"wp","href":"https:\/\/api.w.org\/{rel}","templated":true}]}}