{"id":4095,"date":"2021-10-29T19:57:40","date_gmt":"2021-10-29T22:57:40","guid":{"rendered":"http:\/\/clubedeviagensmoms.com.br\/homolog\/taober_wp\/?post_type=product&#038;p=4095"},"modified":"2023-08-30T12:26:45","modified_gmt":"2023-08-30T15:26:45","slug":"paris","status":"publish","type":"product","link":"https:\/\/clubedeviagensmoms.com.br\/homolog\/produto\/paris\/","title":{"rendered":"Paris"},"content":{"rendered":"<p>Paris, capital da Fran\u00e7a, \u00e9 uma das cidades mais visitadas do mundo e seu charme \u00e9 seu maior atrativo.<\/p>\n<p>Rodeada de imponentes constru\u00e7\u00f5es hist\u00f3ricas, como a Champs-Elys\u00e9es, o Arco do Triunfo e ic\u00f4nica Torre Eiffel, a cidade transborda hist\u00f3ria e beleza arquitet\u00f4nica.<\/p>\n<p>Aqui, voc\u00ea poder\u00e1 se perder nas diversas pontes que adornam o Rio Sena, que se estende por 13 km. Al\u00e9m disso, pal\u00e1cios e museus realmente fazem a diferen\u00e7a na atmosfera local. Dessa forma, a \u00d3pera de Paris, o Museu do Louvre e o Museu d&#8217;Orsay chamam voc\u00ea para conhec\u00ea-los e contempl\u00e1-los.<\/p>\n<p>Damos destaque especial para a Catedral de Notre-Dame, uma das mais importantes e famosas do mundo! Foi constru\u00edda em 1163 e possui o estilo g\u00f3tico, com uma grande profus\u00e3o de elementos e riqueza de detalhes! \u00c9 dedicada \u00e0 Virgem Maria e um local que n\u00e3o pode ficar de fora do seu roteiro!<\/p>\n<p>Por fim, n\u00e3o podemos deixar de comentar sobre as diversas \u00e1reas verdes e, principalmente, da gastronomia, conhecida e respeitada no mundo inteiro. Ainda, \u00e9 sempre ponto obrigat\u00f3rio tomar um caf\u00e9 nas diversas cafeterias espalhadas pela cidade. Voc\u00ea n\u00e3o vai se arrepender!<\/p>\n<p>&nbsp;<\/p>\n<p>N\u00e3o deixe de visitar Cidade Luz! Fa\u00e7a uma <a href=\"https:\/\/wa.me\/5521964046487\" target=\"_blank\" rel=\"noopener noreferrer\">cota\u00e7\u00e3o<\/a> e viaje com a gente!<\/p>\n<p>E, ainda, se voc\u00ea tiver interesse em conhecer mais destinos internacionais incr\u00edveis, <a href=\"http:\/\/clubedeviagensmoms.com.br\/homolog\/vamos-viajar\/pacotes-internacionais\/\" target=\"_blank\" rel=\"noopener noreferrer\">clique aqui<\/a>!<\/p>\n","protected":false},"excerpt":{"rendered":"<p>Rodeada de beleza e charme, a cidade de Paris te convida a descobrir seus segredos e sua hist\u00f3ria incompar\u00e1veis. Voc\u00ea n\u00e3o vai se arrepender!<\/p>\n","protected":false},"featured_media":499,"comment_status":"closed","ping_status":"closed","template":"","meta":[],"product_cat":[19],"product_tag":[27,28,29,30,31,122,32,33,134,111,112,135,38,39,40],"class_list":["post-4095","product","type-product","status-publish","has-post-thumbnail","hentry","product_cat-pacotes-internacionais","product_tag-clube-de-viagens-moms","product_tag-clube-moms","product_tag-criancas","product_tag-diversao","product_tag-diversao-em-familia","product_tag-europa","product_tag-ferias","product_tag-ferias-em-familia","product_tag-franca","product_tag-internacional","product_tag-pacote","product_tag-paris","product_tag-viagem","product_tag-viagem-com-criancas","product_tag-viagem-em-familia","pa_destino-franca"],"acf":[],"yoast_head":"<!-- This site is optimized with the Yoast SEO Premium plugin v16.0.2 (Yoast SEO v21.2) - https:\/\/yoast.com\/wordpress\/plugins\/seo\/ -->\n<title>Paris - Clube Moms<\/title>\n<meta name=\"description\" content=\"Rodeada de beleza e charme, a cidade de Paris te convida a descobrir seus segredos e sua hist\u00f3ria incompar\u00e1veis. Voc\u00ea n\u00e3o vai se arrepender!\" \/>\n<meta name=\"robots\" content=\"index, follow, max-snippet:-1, max-image-preview:large, max-video-preview:-1\" \/>\n<link rel=\"canonical\" href=\"https:\/\/clubedeviagensmoms.com.br\/homolog\/produto\/paris\/\" \/>\n<meta property=\"og:locale\" content=\"pt_BR\" \/>\n<meta property=\"og:type\" content=\"article\" \/>\n<meta property=\"og:title\" content=\"Paris - Clube Moms\" \/>\n<meta property=\"og:description\" content=\"Rodeada de beleza e charme, a cidade de Paris te convida a descobrir seus segredos e sua hist\u00f3ria incompar\u00e1veis. Voc\u00ea n\u00e3o vai se arrepender!\" \/>\n<meta property=\"og:url\" content=\"https:\/\/clubedeviagensmoms.com.br\/homolog\/produto\/paris\/\" \/>\n<meta property=\"og:site_name\" content=\"Clube Moms\" \/>\n<meta property=\"article:modified_time\" content=\"2023-08-30T15:26:45+00:00\" \/>\n<meta property=\"og:image\" content=\"https:\/\/clubedeviagensmoms.com.br\/homolog\/wp-content\/uploads\/2021\/09\/PacoteInternacional_Paris_02042018_1209-1024x536-1.jpg\" \/>\n\t<meta property=\"og:image:width\" content=\"1024\" \/>\n\t<meta property=\"og:image:height\" content=\"536\" \/>\n\t<meta property=\"og:image:type\" content=\"image\/jpeg\" \/>\n<meta name=\"twitter:card\" content=\"summary_large_image\" \/>\n<meta name=\"twitter:label1\" content=\"Est. tempo de leitura\" \/>\n\t<meta name=\"twitter:data1\" content=\"1 minuto\" \/>\n<script type=\"application\/ld+json\" class=\"yoast-schema-graph\">{\"@context\":\"https:\/\/schema.org\",\"@graph\":[{\"@type\":\"WebPage\",\"@id\":\"https:\/\/clubedeviagensmoms.com.br\/homolog\/produto\/paris\/\",\"url\":\"https:\/\/clubedeviagensmoms.com.br\/homolog\/produto\/paris\/\",\"name\":\"Paris - Clube Moms\",\"isPartOf\":{\"@id\":\"https:\/\/clubedeviagensmoms.com.br\/homolog\/#website\"},\"datePublished\":\"2021-10-29T22:57:40+00:00\",\"dateModified\":\"2023-08-30T15:26:45+00:00\",\"description\":\"Rodeada de beleza e charme, a cidade de Paris te convida a descobrir seus segredos e sua hist\u00f3ria incompar\u00e1veis. Voc\u00ea n\u00e3o vai se arrepender!\",\"breadcrumb\":{\"@id\":\"https:\/\/clubedeviagensmoms.com.br\/homolog\/produto\/paris\/#breadcrumb\"},\"inLanguage\":\"pt-BR\",\"potentialAction\":[{\"@type\":\"ReadAction\",\"target\":[\"https:\/\/clubedeviagensmoms.com.br\/homolog\/produto\/paris\/\"]}]},{\"@type\":\"BreadcrumbList\",\"@id\":\"https:\/\/clubedeviagensmoms.com.br\/homolog\/produto\/paris\/#breadcrumb\",\"itemListElement\":[{\"@type\":\"ListItem\",\"position\":1,\"name\":\"Home\",\"item\":\"https:\/\/clubedeviagensmoms.com.br\/homolog\/\"},{\"@type\":\"ListItem\",\"position\":2,\"name\":\"Vamos Viajar\",\"item\":\"https:\/\/clubedeviagensmoms.com.br\/homolog\/shop\/\"},{\"@type\":\"ListItem\",\"position\":3,\"name\":\"Paris\"}]},{\"@type\":\"WebSite\",\"@id\":\"https:\/\/clubedeviagensmoms.com.br\/homolog\/#website\",\"url\":\"https:\/\/clubedeviagensmoms.com.br\/homolog\/\",\"name\":\"Clube Moms\",\"description\":\"O Clube Moms \u00e9 uma ag\u00eancia de turismo com foco em fam\u00edlias com crian\u00e7as, que uno os conceitos de Consultoria Especializada e Clube de Vantagens.\",\"potentialAction\":[{\"@type\":\"SearchAction\",\"target\":{\"@type\":\"EntryPoint\",\"urlTemplate\":\"https:\/\/clubedeviagensmoms.com.br\/homolog\/?s={search_term_string}\"},\"query-input\":\"required name=search_term_string\"}],\"inLanguage\":\"pt-BR\"}]}<\/script>\n<!-- \/ Yoast SEO Premium plugin. -->","yoast_head_json":{"title":"Paris - Clube Moms","description":"Rodeada de beleza e charme, a cidade de Paris te convida a descobrir seus segredos e sua hist\u00f3ria incompar\u00e1veis. Voc\u00ea n\u00e3o vai se arrepender!","robots":{"index":"index","follow":"follow","max-snippet":"max-snippet:-1","max-image-preview":"max-image-preview:large","max-video-preview":"max-video-preview:-1"},"canonical":"https:\/\/clubedeviagensmoms.com.br\/homolog\/produto\/paris\/","og_locale":"pt_BR","og_type":"article","og_title":"Paris - Clube Moms","og_description":"Rodeada de beleza e charme, a cidade de Paris te convida a descobrir seus segredos e sua hist\u00f3ria incompar\u00e1veis. Voc\u00ea n\u00e3o vai se arrepender!","og_url":"https:\/\/clubedeviagensmoms.com.br\/homolog\/produto\/paris\/","og_site_name":"Clube Moms","article_modified_time":"2023-08-30T15:26:45+00:00","og_image":[{"width":1024,"height":536,"url":"https:\/\/clubedeviagensmoms.com.br\/homolog\/wp-content\/uploads\/2021\/09\/PacoteInternacional_Paris_02042018_1209-1024x536-1.jpg","type":"image\/jpeg"}],"twitter_card":"summary_large_image","twitter_misc":{"Est. tempo de leitura":"1 minuto"},"schema":{"@context":"https:\/\/schema.org","@graph":[{"@type":"WebPage","@id":"https:\/\/clubedeviagensmoms.com.br\/homolog\/produto\/paris\/","url":"https:\/\/clubedeviagensmoms.com.br\/homolog\/produto\/paris\/","name":"Paris - Clube Moms","isPartOf":{"@id":"https:\/\/clubedeviagensmoms.com.br\/homolog\/#website"},"datePublished":"2021-10-29T22:57:40+00:00","dateModified":"2023-08-30T15:26:45+00:00","description":"Rodeada de beleza e charme, a cidade de Paris te convida a descobrir seus segredos e sua hist\u00f3ria incompar\u00e1veis. Voc\u00ea n\u00e3o vai se arrepender!","breadcrumb":{"@id":"https:\/\/clubedeviagensmoms.com.br\/homolog\/produto\/paris\/#breadcrumb"},"inLanguage":"pt-BR","potentialAction":[{"@type":"ReadAction","target":["https:\/\/clubedeviagensmoms.com.br\/homolog\/produto\/paris\/"]}]},{"@type":"BreadcrumbList","@id":"https:\/\/clubedeviagensmoms.com.br\/homolog\/produto\/paris\/#breadcrumb","itemListElement":[{"@type":"ListItem","position":1,"name":"Home","item":"https:\/\/clubedeviagensmoms.com.br\/homolog\/"},{"@type":"ListItem","position":2,"name":"Vamos Viajar","item":"https:\/\/clubedeviagensmoms.com.br\/homolog\/shop\/"},{"@type":"ListItem","position":3,"name":"Paris"}]},{"@type":"WebSite","@id":"https:\/\/clubedeviagensmoms.com.br\/homolog\/#website","url":"https:\/\/clubedeviagensmoms.com.br\/homolog\/","name":"Clube Moms","description":"O Clube Moms \u00e9 uma ag\u00eancia de turismo com foco em fam\u00edlias com crian\u00e7as, que uno os conceitos de Consultoria Especializada e Clube de Vantagens.","potentialAction":[{"@type":"SearchAction","target":{"@type":"EntryPoint","urlTemplate":"https:\/\/clubedeviagensmoms.com.br\/homolog\/?s={search_term_string}"},"query-input":"required name=search_term_string"}],"inLanguage":"pt-BR"}]}},"_links":{"self":[{"href":"https:\/\/clubedeviagensmoms.com.br\/homolog\/wp-json\/wp\/v2\/product\/4095","targetHints":{"allow":["GET"]}}],"collection":[{"href":"https:\/\/clubedeviagensmoms.com.br\/homolog\/wp-json\/wp\/v2\/product"}],"about":[{"href":"https:\/\/clubedeviagensmoms.com.br\/homolog\/wp-json\/wp\/v2\/types\/product"}],"replies":[{"embeddable":true,"href":"https:\/\/clubedeviagensmoms.com.br\/homolog\/wp-json\/wp\/v2\/comments?post=4095"}],"wp:featuredmedia":[{"embeddable":true,"href":"https:\/\/clubedeviagensmoms.com.br\/homolog\/wp-json\/wp\/v2\/media\/499"}],"wp:attachment":[{"href":"https:\/\/clubedeviagensmoms.com.br\/homolog\/wp-json\/wp\/v2\/media?parent=4095"}],"wp:term":[{"taxonomy":"product_cat","embeddable":true,"href":"https:\/\/clubedeviagensmoms.com.br\/homolog\/wp-json\/wp\/v2\/product_cat?post=4095"},{"taxonomy":"product_tag","embeddable":true,"href":"https:\/\/clubedeviagensmoms.com.br\/homolog\/wp-json\/wp\/v2\/product_tag?post=4095"}],"curies":[{"name":"wp","href":"https:\/\/api.w.org\/{rel}","templated":true}]}}