{"id":4097,"date":"2021-10-29T19:57:40","date_gmt":"2021-10-29T22:57:40","guid":{"rendered":"http:\/\/clubedeviagensmoms.com.br\/homolog\/taober_wp\/?post_type=product&#038;p=4097"},"modified":"2023-08-30T12:26:46","modified_gmt":"2023-08-30T15:26:46","slug":"roma","status":"publish","type":"product","link":"https:\/\/clubedeviagensmoms.com.br\/homolog\/produto\/roma\/","title":{"rendered":"Roma"},"content":{"rendered":"<p>Roma \u00e9 a capital da It\u00e1lia e\u00a0ber\u00e7o da civiliza\u00e7\u00e3o e cultura ocidental e do Catolicismo, com seus quase tr\u00eas mil anos de vida!\u00a0Possui o aspecto de uma grande e moderna metr\u00f3pole, edificada sobre sete colinas e cruzada pelo m\u00edtico Rio Tibre!<\/p>\n<p>Grande metr\u00f3pole cosmopolita, abriga uma hist\u00f3rica arquitetura, al\u00e9m de uma rica cultura bem como um acervo art\u00edstico impressionante, presente em todos os cantos!<\/p>\n<p>Por ter sido ber\u00e7o do Imp\u00e9rio Romano, possui um grande n\u00famero de constru\u00e7\u00f5es datadas dessa \u00e9poca, em bom estado ou em ru\u00ednas, sendo alguns exemplos o F\u00f3rum Romano, o Coliseu e tamb\u00e9m o Castelo de Sant\u2019Angelo.<\/p>\n<p>Ainda, n\u00e3o podemos deixar de mencionar o Vaticano, sede da Igreja Cat\u00f3lica Romana, e de muita import\u00e2ncia para a hist\u00f3ria da humanidade. Aqui, voc\u00ea ir\u00e1 se deparar com um rico acervo nos Museus do Vaticano, com especial destaque para os afrescos da Capela Sistina de Michelangelo, al\u00e9m da Bas\u00edlica e a Pra\u00e7a de S\u00e3o Pedro!<\/p>\n<p>Por fim, Roma conta com uma s\u00e9rie de restaurantes e cantinas bastante t\u00edpicas, que far\u00e3o voc\u00ea se sentir verdadeiramente na It\u00e1lia!<\/p>\n<p>&nbsp;<\/p>\n<p>N\u00e3o deixe de visitar a Cidade Eterna! Fa\u00e7a uma<span>\u00a0<\/span><a href=\"https:\/\/wa.me\/5521964046487\" target=\"_blank\" rel=\"noopener noreferrer\">cota\u00e7\u00e3o<\/a><span>\u00a0<\/span>e viaje com a gente!<\/p>\n<p>E, ainda, se voc\u00ea tiver interesse em conhecer mais destinos internacionais incr\u00edveis,<span>\u00a0<\/span><a href=\"http:\/\/clubedeviagensmoms.com.br\/homolog\/vamos-viajar\/pacotes-internacionais\/\" target=\"_blank\" rel=\"noopener noreferrer\">clique aqui<\/a>!<\/p>\n","protected":false},"excerpt":{"rendered":"<p>Roma guarda uma grande quantidade de agrad\u00e1veis surpresas pra voc\u00ea descobrir! Venha aprender e aproveitar ao m\u00e1ximo a Cidade Eterna!<\/p>\n","protected":false},"featured_media":522,"comment_status":"closed","ping_status":"closed","template":"","meta":[],"product_cat":[19],"product_tag":[27,28,29,30,31,122,32,33,136,137,38,39,40],"class_list":["post-4097","product","type-product","status-publish","has-post-thumbnail","hentry","product_cat-pacotes-internacionais","product_tag-clube-de-viagens-moms","product_tag-clube-moms","product_tag-criancas","product_tag-diversao","product_tag-diversao-em-familia","product_tag-europa","product_tag-ferias","product_tag-ferias-em-familia","product_tag-italia","product_tag-roma","product_tag-viagem","product_tag-viagem-com-criancas","product_tag-viagem-em-familia","pa_destino-italia"],"acf":[],"yoast_head":"<!-- This site is optimized with the Yoast SEO Premium plugin v16.0.2 (Yoast SEO v21.2) - https:\/\/yoast.com\/wordpress\/plugins\/seo\/ -->\n<title>Roma - Clube Moms<\/title>\n<meta name=\"description\" content=\"Roma guarda uma grande quantidade de agrad\u00e1veis surpresas pra voc\u00ea descobrir! Venha aprender e aproveitar ao m\u00e1ximo a Cidade Eterna!\" \/>\n<meta name=\"robots\" content=\"index, follow, max-snippet:-1, max-image-preview:large, max-video-preview:-1\" \/>\n<link rel=\"canonical\" href=\"https:\/\/clubedeviagensmoms.com.br\/homolog\/produto\/roma\/\" \/>\n<meta property=\"og:locale\" content=\"pt_BR\" \/>\n<meta property=\"og:type\" content=\"article\" \/>\n<meta property=\"og:title\" content=\"Roma - Clube Moms\" \/>\n<meta property=\"og:description\" content=\"Roma guarda uma grande quantidade de agrad\u00e1veis surpresas pra voc\u00ea descobrir! Venha aprender e aproveitar ao m\u00e1ximo a Cidade Eterna!\" \/>\n<meta property=\"og:url\" content=\"https:\/\/clubedeviagensmoms.com.br\/homolog\/produto\/roma\/\" \/>\n<meta property=\"og:site_name\" content=\"Clube Moms\" \/>\n<meta property=\"article:modified_time\" content=\"2023-08-30T15:26:46+00:00\" \/>\n<meta property=\"og:image\" content=\"https:\/\/clubedeviagensmoms.com.br\/homolog\/wp-content\/uploads\/2021\/09\/PacoteInternacional_Roma_02042018_1407-1024x536-1.jpg\" \/>\n\t<meta property=\"og:image:width\" content=\"1024\" \/>\n\t<meta property=\"og:image:height\" content=\"536\" \/>\n\t<meta property=\"og:image:type\" content=\"image\/jpeg\" \/>\n<meta name=\"twitter:card\" content=\"summary_large_image\" \/>\n<meta name=\"twitter:label1\" content=\"Est. tempo de leitura\" \/>\n\t<meta name=\"twitter:data1\" content=\"1 minuto\" \/>\n<script type=\"application\/ld+json\" class=\"yoast-schema-graph\">{\"@context\":\"https:\/\/schema.org\",\"@graph\":[{\"@type\":\"WebPage\",\"@id\":\"https:\/\/clubedeviagensmoms.com.br\/homolog\/produto\/roma\/\",\"url\":\"https:\/\/clubedeviagensmoms.com.br\/homolog\/produto\/roma\/\",\"name\":\"Roma - Clube Moms\",\"isPartOf\":{\"@id\":\"https:\/\/clubedeviagensmoms.com.br\/homolog\/#website\"},\"datePublished\":\"2021-10-29T22:57:40+00:00\",\"dateModified\":\"2023-08-30T15:26:46+00:00\",\"description\":\"Roma guarda uma grande quantidade de agrad\u00e1veis surpresas pra voc\u00ea descobrir! Venha aprender e aproveitar ao m\u00e1ximo a Cidade Eterna!\",\"breadcrumb\":{\"@id\":\"https:\/\/clubedeviagensmoms.com.br\/homolog\/produto\/roma\/#breadcrumb\"},\"inLanguage\":\"pt-BR\",\"potentialAction\":[{\"@type\":\"ReadAction\",\"target\":[\"https:\/\/clubedeviagensmoms.com.br\/homolog\/produto\/roma\/\"]}]},{\"@type\":\"BreadcrumbList\",\"@id\":\"https:\/\/clubedeviagensmoms.com.br\/homolog\/produto\/roma\/#breadcrumb\",\"itemListElement\":[{\"@type\":\"ListItem\",\"position\":1,\"name\":\"Home\",\"item\":\"https:\/\/clubedeviagensmoms.com.br\/homolog\/\"},{\"@type\":\"ListItem\",\"position\":2,\"name\":\"Vamos Viajar\",\"item\":\"https:\/\/clubedeviagensmoms.com.br\/homolog\/shop\/\"},{\"@type\":\"ListItem\",\"position\":3,\"name\":\"Roma\"}]},{\"@type\":\"WebSite\",\"@id\":\"https:\/\/clubedeviagensmoms.com.br\/homolog\/#website\",\"url\":\"https:\/\/clubedeviagensmoms.com.br\/homolog\/\",\"name\":\"Clube Moms\",\"description\":\"O Clube Moms \u00e9 uma ag\u00eancia de turismo com foco em fam\u00edlias com crian\u00e7as, que uno os conceitos de Consultoria Especializada e Clube de Vantagens.\",\"potentialAction\":[{\"@type\":\"SearchAction\",\"target\":{\"@type\":\"EntryPoint\",\"urlTemplate\":\"https:\/\/clubedeviagensmoms.com.br\/homolog\/?s={search_term_string}\"},\"query-input\":\"required name=search_term_string\"}],\"inLanguage\":\"pt-BR\"}]}<\/script>\n<!-- \/ Yoast SEO Premium plugin. -->","yoast_head_json":{"title":"Roma - Clube Moms","description":"Roma guarda uma grande quantidade de agrad\u00e1veis surpresas pra voc\u00ea descobrir! Venha aprender e aproveitar ao m\u00e1ximo a Cidade Eterna!","robots":{"index":"index","follow":"follow","max-snippet":"max-snippet:-1","max-image-preview":"max-image-preview:large","max-video-preview":"max-video-preview:-1"},"canonical":"https:\/\/clubedeviagensmoms.com.br\/homolog\/produto\/roma\/","og_locale":"pt_BR","og_type":"article","og_title":"Roma - Clube Moms","og_description":"Roma guarda uma grande quantidade de agrad\u00e1veis surpresas pra voc\u00ea descobrir! Venha aprender e aproveitar ao m\u00e1ximo a Cidade Eterna!","og_url":"https:\/\/clubedeviagensmoms.com.br\/homolog\/produto\/roma\/","og_site_name":"Clube Moms","article_modified_time":"2023-08-30T15:26:46+00:00","og_image":[{"width":1024,"height":536,"url":"https:\/\/clubedeviagensmoms.com.br\/homolog\/wp-content\/uploads\/2021\/09\/PacoteInternacional_Roma_02042018_1407-1024x536-1.jpg","type":"image\/jpeg"}],"twitter_card":"summary_large_image","twitter_misc":{"Est. tempo de leitura":"1 minuto"},"schema":{"@context":"https:\/\/schema.org","@graph":[{"@type":"WebPage","@id":"https:\/\/clubedeviagensmoms.com.br\/homolog\/produto\/roma\/","url":"https:\/\/clubedeviagensmoms.com.br\/homolog\/produto\/roma\/","name":"Roma - Clube Moms","isPartOf":{"@id":"https:\/\/clubedeviagensmoms.com.br\/homolog\/#website"},"datePublished":"2021-10-29T22:57:40+00:00","dateModified":"2023-08-30T15:26:46+00:00","description":"Roma guarda uma grande quantidade de agrad\u00e1veis surpresas pra voc\u00ea descobrir! Venha aprender e aproveitar ao m\u00e1ximo a Cidade Eterna!","breadcrumb":{"@id":"https:\/\/clubedeviagensmoms.com.br\/homolog\/produto\/roma\/#breadcrumb"},"inLanguage":"pt-BR","potentialAction":[{"@type":"ReadAction","target":["https:\/\/clubedeviagensmoms.com.br\/homolog\/produto\/roma\/"]}]},{"@type":"BreadcrumbList","@id":"https:\/\/clubedeviagensmoms.com.br\/homolog\/produto\/roma\/#breadcrumb","itemListElement":[{"@type":"ListItem","position":1,"name":"Home","item":"https:\/\/clubedeviagensmoms.com.br\/homolog\/"},{"@type":"ListItem","position":2,"name":"Vamos Viajar","item":"https:\/\/clubedeviagensmoms.com.br\/homolog\/shop\/"},{"@type":"ListItem","position":3,"name":"Roma"}]},{"@type":"WebSite","@id":"https:\/\/clubedeviagensmoms.com.br\/homolog\/#website","url":"https:\/\/clubedeviagensmoms.com.br\/homolog\/","name":"Clube Moms","description":"O Clube Moms \u00e9 uma ag\u00eancia de turismo com foco em fam\u00edlias com crian\u00e7as, que uno os conceitos de Consultoria Especializada e Clube de Vantagens.","potentialAction":[{"@type":"SearchAction","target":{"@type":"EntryPoint","urlTemplate":"https:\/\/clubedeviagensmoms.com.br\/homolog\/?s={search_term_string}"},"query-input":"required name=search_term_string"}],"inLanguage":"pt-BR"}]}},"_links":{"self":[{"href":"https:\/\/clubedeviagensmoms.com.br\/homolog\/wp-json\/wp\/v2\/product\/4097","targetHints":{"allow":["GET"]}}],"collection":[{"href":"https:\/\/clubedeviagensmoms.com.br\/homolog\/wp-json\/wp\/v2\/product"}],"about":[{"href":"https:\/\/clubedeviagensmoms.com.br\/homolog\/wp-json\/wp\/v2\/types\/product"}],"replies":[{"embeddable":true,"href":"https:\/\/clubedeviagensmoms.com.br\/homolog\/wp-json\/wp\/v2\/comments?post=4097"}],"wp:featuredmedia":[{"embeddable":true,"href":"https:\/\/clubedeviagensmoms.com.br\/homolog\/wp-json\/wp\/v2\/media\/522"}],"wp:attachment":[{"href":"https:\/\/clubedeviagensmoms.com.br\/homolog\/wp-json\/wp\/v2\/media?parent=4097"}],"wp:term":[{"taxonomy":"product_cat","embeddable":true,"href":"https:\/\/clubedeviagensmoms.com.br\/homolog\/wp-json\/wp\/v2\/product_cat?post=4097"},{"taxonomy":"product_tag","embeddable":true,"href":"https:\/\/clubedeviagensmoms.com.br\/homolog\/wp-json\/wp\/v2\/product_tag?post=4097"}],"curies":[{"name":"wp","href":"https:\/\/api.w.org\/{rel}","templated":true}]}}