{"id":4099,"date":"2021-10-29T19:57:41","date_gmt":"2021-10-29T22:57:41","guid":{"rendered":"http:\/\/clubedeviagensmoms.com.br\/homolog\/taober_wp\/?post_type=product&#038;p=4099"},"modified":"2023-08-30T12:26:48","modified_gmt":"2023-08-30T15:26:48","slug":"sao-francisco","status":"publish","type":"product","link":"https:\/\/clubedeviagensmoms.com.br\/homolog\/produto\/sao-francisco\/","title":{"rendered":"S\u00e3o Francisco"},"content":{"rendered":"<p>S\u00e3o Francisco, cidade que fica no estado da Calif\u00f3rnia, \u00e9 a quarta mais populosa do estado e uma das mais prop\u00edcias dos Estados Unidos para o turismo! Aqui, voc\u00ea ir\u00e1 se deparar com uma grande diversidade cultural, no que diz respeito tanto aos monumentos, quanto a culin\u00e1ria!<\/p>\n<p>Come\u00e7aremos citando a inigual\u00e1vel Golden Gate Bridge, a ponte vermelha super famosa que voc\u00ea provavelmente j\u00e1 viu em algum filme, que liga a cidade de S\u00e3o Francisco a Sausalito, na regi\u00e3o metropolitana de S\u00e3o Francisco, sobre o estreito de Golden Gate!<\/p>\n<p>Outro local super importante e famoso, que tomou maiores propor\u00e7\u00f5es por conta do cinema, \u00e9 Alcatraz. Ela foi base militar por um tempo e depois converteu-se em pris\u00e3o de seguran\u00e7a m\u00e1xima. Dessa forma, \u00e9 um monumento cercado por eventos hist\u00f3ricos e atrai a aten\u00e7\u00e3o de muitos turistas. Assim, por conta dos \u00e1udio-guias dispon\u00edveis, \u00e9 poss\u00edvel conhecer um pouco sobre o local do ponto de vista dos prisioneiros.<\/p>\n<p>Ainda, em S\u00e3o Francisco \u00e9 poss\u00edvel encontrar a maior comunidade chinesa fora da \u00c1sia, que fica em Chinatown. Aqui, a arquitetura \u00e9 t\u00edpica e as comidas tamb\u00e9m. Dessa forma, o visitante pode conhecer um pouquinho dessa cultura milenar sem ir muito longe. Vale super a pena!<\/p>\n<p>Por fim, S\u00e3o Francisco e seu entorno abrigam diversos parques tem\u00e1ticos que fazem a divers\u00e3o de toda a fam\u00edlia! Daremos destaque ao Six Flags Discovery Kingdom, um parque tem\u00e1tico animal e que tamb\u00e9m possui uma diversidade de montanhas-russa de perder o f\u00f4lego!<\/p>\n<p>&nbsp;<\/p>\n<p>N\u00e3o deixe de visitar S\u00e3o Francisco! Fa\u00e7a uma <a href=\"https:\/\/wa.me\/5521964046487\" target=\"_blank\" rel=\"noopener noreferrer\">cota\u00e7\u00e3o<\/a> e viaje com a gente!<\/p>\n<p>E, ainda, se voc\u00ea tiver interesse em conhecer mais destinos internacionais incr\u00edveis, <a href=\"http:\/\/clubedeviagensmoms.com.br\/homolog\/vamos-viajar\/pacotes-internacionais\/\" target=\"_blank\" rel=\"noopener noreferrer\">clique aqui<\/a>!<\/p>\n","protected":false},"excerpt":{"rendered":"<p>S\u00e3o Francisco \u00e9 a cidade da liberdade e da divers\u00e3o! Voc\u00ea n\u00e3o pode deixar de conhecer e experimentar tudo o que ela te oferece! Vamos viajar?!<\/p>\n","protected":false},"featured_media":805,"comment_status":"closed","ping_status":"closed","template":"","meta":[],"product_cat":[19],"product_tag":[128,129,73,27,28,29,30,96,116,32,117,111,112,141,38,54],"class_list":["post-4099","product","type-product","status-publish","has-post-thumbnail","hentry","product_cat-pacotes-internacionais","product_tag-cali","product_tag-califa","product_tag-california","product_tag-clube-de-viagens-moms","product_tag-clube-moms","product_tag-criancas","product_tag-diversao","product_tag-diversao-com-a-familia","product_tag-familia","product_tag-ferias","product_tag-ferias-com-a-familia","product_tag-internacional","product_tag-pacote","product_tag-sao-francisco","product_tag-viagem","product_tag-viagem-com-a-familia","pa_destino-estados-unidos"],"acf":[],"yoast_head":"<!-- This site is optimized with the Yoast SEO Premium plugin v16.0.2 (Yoast SEO v21.2) - https:\/\/yoast.com\/wordpress\/plugins\/seo\/ -->\n<title>S\u00e3o Francisco - Clube Moms<\/title>\n<meta name=\"description\" content=\"S\u00e3o Francisco \u00e9 a cidade da liberdade e da divers\u00e3o! Voc\u00ea n\u00e3o pode deixar de conhecer e experimentar tudo o que ela te oferece! Vamos viajar?!\" \/>\n<meta name=\"robots\" content=\"index, follow, max-snippet:-1, max-image-preview:large, max-video-preview:-1\" \/>\n<link rel=\"canonical\" href=\"https:\/\/clubedeviagensmoms.com.br\/homolog\/produto\/sao-francisco\/\" \/>\n<meta property=\"og:locale\" content=\"pt_BR\" \/>\n<meta property=\"og:type\" content=\"article\" \/>\n<meta property=\"og:title\" content=\"S\u00e3o Francisco - Clube Moms\" \/>\n<meta property=\"og:description\" content=\"S\u00e3o Francisco \u00e9 a cidade da liberdade e da divers\u00e3o! Voc\u00ea n\u00e3o pode deixar de conhecer e experimentar tudo o que ela te oferece! Vamos viajar?!\" \/>\n<meta property=\"og:url\" content=\"https:\/\/clubedeviagensmoms.com.br\/homolog\/produto\/sao-francisco\/\" \/>\n<meta property=\"og:site_name\" content=\"Clube Moms\" \/>\n<meta property=\"article:modified_time\" content=\"2023-08-30T15:26:48+00:00\" \/>\n<meta property=\"og:image\" content=\"https:\/\/clubedeviagensmoms.com.br\/homolog\/wp-content\/uploads\/2021\/10\/PacoteInternacional_SaoFrancisco_03042018_1828-1024x536-1.jpg\" \/>\n\t<meta property=\"og:image:width\" content=\"1024\" \/>\n\t<meta property=\"og:image:height\" content=\"536\" \/>\n\t<meta property=\"og:image:type\" content=\"image\/jpeg\" \/>\n<meta name=\"twitter:card\" content=\"summary_large_image\" \/>\n<meta name=\"twitter:label1\" content=\"Est. tempo de leitura\" \/>\n\t<meta name=\"twitter:data1\" content=\"1 minuto\" \/>\n<script type=\"application\/ld+json\" class=\"yoast-schema-graph\">{\"@context\":\"https:\/\/schema.org\",\"@graph\":[{\"@type\":\"WebPage\",\"@id\":\"https:\/\/clubedeviagensmoms.com.br\/homolog\/produto\/sao-francisco\/\",\"url\":\"https:\/\/clubedeviagensmoms.com.br\/homolog\/produto\/sao-francisco\/\",\"name\":\"S\u00e3o Francisco - Clube Moms\",\"isPartOf\":{\"@id\":\"https:\/\/clubedeviagensmoms.com.br\/homolog\/#website\"},\"datePublished\":\"2021-10-29T22:57:41+00:00\",\"dateModified\":\"2023-08-30T15:26:48+00:00\",\"description\":\"S\u00e3o Francisco \u00e9 a cidade da liberdade e da divers\u00e3o! Voc\u00ea n\u00e3o pode deixar de conhecer e experimentar tudo o que ela te oferece! Vamos viajar?!\",\"breadcrumb\":{\"@id\":\"https:\/\/clubedeviagensmoms.com.br\/homolog\/produto\/sao-francisco\/#breadcrumb\"},\"inLanguage\":\"pt-BR\",\"potentialAction\":[{\"@type\":\"ReadAction\",\"target\":[\"https:\/\/clubedeviagensmoms.com.br\/homolog\/produto\/sao-francisco\/\"]}]},{\"@type\":\"BreadcrumbList\",\"@id\":\"https:\/\/clubedeviagensmoms.com.br\/homolog\/produto\/sao-francisco\/#breadcrumb\",\"itemListElement\":[{\"@type\":\"ListItem\",\"position\":1,\"name\":\"Home\",\"item\":\"https:\/\/clubedeviagensmoms.com.br\/homolog\/\"},{\"@type\":\"ListItem\",\"position\":2,\"name\":\"Vamos Viajar\",\"item\":\"https:\/\/clubedeviagensmoms.com.br\/homolog\/shop\/\"},{\"@type\":\"ListItem\",\"position\":3,\"name\":\"S\u00e3o Francisco\"}]},{\"@type\":\"WebSite\",\"@id\":\"https:\/\/clubedeviagensmoms.com.br\/homolog\/#website\",\"url\":\"https:\/\/clubedeviagensmoms.com.br\/homolog\/\",\"name\":\"Clube Moms\",\"description\":\"O Clube Moms \u00e9 uma ag\u00eancia de turismo com foco em fam\u00edlias com crian\u00e7as, que uno os conceitos de Consultoria Especializada e Clube de Vantagens.\",\"potentialAction\":[{\"@type\":\"SearchAction\",\"target\":{\"@type\":\"EntryPoint\",\"urlTemplate\":\"https:\/\/clubedeviagensmoms.com.br\/homolog\/?s={search_term_string}\"},\"query-input\":\"required name=search_term_string\"}],\"inLanguage\":\"pt-BR\"}]}<\/script>\n<!-- \/ Yoast SEO Premium plugin. -->","yoast_head_json":{"title":"S\u00e3o Francisco - Clube Moms","description":"S\u00e3o Francisco \u00e9 a cidade da liberdade e da divers\u00e3o! Voc\u00ea n\u00e3o pode deixar de conhecer e experimentar tudo o que ela te oferece! Vamos viajar?!","robots":{"index":"index","follow":"follow","max-snippet":"max-snippet:-1","max-image-preview":"max-image-preview:large","max-video-preview":"max-video-preview:-1"},"canonical":"https:\/\/clubedeviagensmoms.com.br\/homolog\/produto\/sao-francisco\/","og_locale":"pt_BR","og_type":"article","og_title":"S\u00e3o Francisco - Clube Moms","og_description":"S\u00e3o Francisco \u00e9 a cidade da liberdade e da divers\u00e3o! Voc\u00ea n\u00e3o pode deixar de conhecer e experimentar tudo o que ela te oferece! Vamos viajar?!","og_url":"https:\/\/clubedeviagensmoms.com.br\/homolog\/produto\/sao-francisco\/","og_site_name":"Clube Moms","article_modified_time":"2023-08-30T15:26:48+00:00","og_image":[{"width":1024,"height":536,"url":"https:\/\/clubedeviagensmoms.com.br\/homolog\/wp-content\/uploads\/2021\/10\/PacoteInternacional_SaoFrancisco_03042018_1828-1024x536-1.jpg","type":"image\/jpeg"}],"twitter_card":"summary_large_image","twitter_misc":{"Est. tempo de leitura":"1 minuto"},"schema":{"@context":"https:\/\/schema.org","@graph":[{"@type":"WebPage","@id":"https:\/\/clubedeviagensmoms.com.br\/homolog\/produto\/sao-francisco\/","url":"https:\/\/clubedeviagensmoms.com.br\/homolog\/produto\/sao-francisco\/","name":"S\u00e3o Francisco - Clube Moms","isPartOf":{"@id":"https:\/\/clubedeviagensmoms.com.br\/homolog\/#website"},"datePublished":"2021-10-29T22:57:41+00:00","dateModified":"2023-08-30T15:26:48+00:00","description":"S\u00e3o Francisco \u00e9 a cidade da liberdade e da divers\u00e3o! Voc\u00ea n\u00e3o pode deixar de conhecer e experimentar tudo o que ela te oferece! Vamos viajar?!","breadcrumb":{"@id":"https:\/\/clubedeviagensmoms.com.br\/homolog\/produto\/sao-francisco\/#breadcrumb"},"inLanguage":"pt-BR","potentialAction":[{"@type":"ReadAction","target":["https:\/\/clubedeviagensmoms.com.br\/homolog\/produto\/sao-francisco\/"]}]},{"@type":"BreadcrumbList","@id":"https:\/\/clubedeviagensmoms.com.br\/homolog\/produto\/sao-francisco\/#breadcrumb","itemListElement":[{"@type":"ListItem","position":1,"name":"Home","item":"https:\/\/clubedeviagensmoms.com.br\/homolog\/"},{"@type":"ListItem","position":2,"name":"Vamos Viajar","item":"https:\/\/clubedeviagensmoms.com.br\/homolog\/shop\/"},{"@type":"ListItem","position":3,"name":"S\u00e3o Francisco"}]},{"@type":"WebSite","@id":"https:\/\/clubedeviagensmoms.com.br\/homolog\/#website","url":"https:\/\/clubedeviagensmoms.com.br\/homolog\/","name":"Clube Moms","description":"O Clube Moms \u00e9 uma ag\u00eancia de turismo com foco em fam\u00edlias com crian\u00e7as, que uno os conceitos de Consultoria Especializada e Clube de Vantagens.","potentialAction":[{"@type":"SearchAction","target":{"@type":"EntryPoint","urlTemplate":"https:\/\/clubedeviagensmoms.com.br\/homolog\/?s={search_term_string}"},"query-input":"required name=search_term_string"}],"inLanguage":"pt-BR"}]}},"_links":{"self":[{"href":"https:\/\/clubedeviagensmoms.com.br\/homolog\/wp-json\/wp\/v2\/product\/4099","targetHints":{"allow":["GET"]}}],"collection":[{"href":"https:\/\/clubedeviagensmoms.com.br\/homolog\/wp-json\/wp\/v2\/product"}],"about":[{"href":"https:\/\/clubedeviagensmoms.com.br\/homolog\/wp-json\/wp\/v2\/types\/product"}],"replies":[{"embeddable":true,"href":"https:\/\/clubedeviagensmoms.com.br\/homolog\/wp-json\/wp\/v2\/comments?post=4099"}],"wp:featuredmedia":[{"embeddable":true,"href":"https:\/\/clubedeviagensmoms.com.br\/homolog\/wp-json\/wp\/v2\/media\/805"}],"wp:attachment":[{"href":"https:\/\/clubedeviagensmoms.com.br\/homolog\/wp-json\/wp\/v2\/media?parent=4099"}],"wp:term":[{"taxonomy":"product_cat","embeddable":true,"href":"https:\/\/clubedeviagensmoms.com.br\/homolog\/wp-json\/wp\/v2\/product_cat?post=4099"},{"taxonomy":"product_tag","embeddable":true,"href":"https:\/\/clubedeviagensmoms.com.br\/homolog\/wp-json\/wp\/v2\/product_tag?post=4099"}],"curies":[{"name":"wp","href":"https:\/\/api.w.org\/{rel}","templated":true}]}}