{"id":4104,"date":"2021-10-29T19:59:09","date_gmt":"2021-10-29T22:59:09","guid":{"rendered":"http:\/\/clubedeviagensmoms.com.br\/homolog\/taober_wp\/?post_type=product&#038;p=4104"},"modified":"2023-08-30T12:25:04","modified_gmt":"2023-08-30T15:25:04","slug":"disneyland-2","status":"publish","type":"product","link":"https:\/\/clubedeviagensmoms.com.br\/homolog\/produto\/disneyland-2\/","title":{"rendered":"Disneyland"},"content":{"rendered":"<p>A Disneyland \u00ae est\u00e1 ficando cada vez mais feliz! Agora \u00e9 o momento perfeito para se reunir com a fam\u00edlia e amigos para curtir toda a Magia da Disney. Venha se divertir no Parque Disneyland\u00ae e Disney Calif\u00f3rnia Adventure\u00ae, e garanta as melhores e mais incr\u00edveis atra\u00e7\u00f5es, shows e entretenimento. Desfrute de uma incr\u00edvel expans\u00e3o cheia de novas atra\u00e7\u00f5es extraordin\u00e1rias.<\/p>\n<p>Solicite seu ingresso por qualquer canal de atendimento do Clube de Viagens Moms ou envie um email para reservas@clubemoms.com.br informando a data da viagem, quantidade de pessoas, nomes e datas de nascimento.<\/p>\n<p>Se preferir voc\u00ea pode comprar seu ingresso por conta pr\u00f3pria em nosso portal de ingressos, pagando no cart\u00e3o de cr\u00e9dito parcelado em at\u00e9 10x em R$ e sem IOF. Para isso acesse:\u00a0<a href=\"https:\/\/clubedeviagensmoms.minhaviagem.com.br\/\">https:\/\/clubedeviagensmoms.minhaviagem.com.br\/<\/a><\/p>\n","protected":false},"excerpt":{"rendered":"<p>A Disneyland \u00ae est\u00e1 ficando cada vez mais feliz! Agora \u00e9 o momento perfeito para se reunir com a fam\u00edlia e amigos para curtir toda a Magia da Disney. Venha se divertir no Parque Disneyland\u00ae e Disney Calif\u00f3rnia Adventure\u00ae, e garanta as melhores e mais incr\u00edveis atra\u00e7\u00f5es, shows e entretenimento. Desfrute de uma incr\u00edvel expans\u00e3o cheia de novas atra\u00e7\u00f5es extraordin\u00e1rias.<\/p>\n","protected":false},"featured_media":257,"comment_status":"closed","ping_status":"closed","template":"","meta":[],"product_cat":[22,17],"product_tag":[73,27,28,29,74,75,30,31,62,32,33,38,39,40],"class_list":["post-4104","product","type-product","status-publish","has-post-thumbnail","hentry","product_cat-disney","product_cat-parques","product_tag-california","product_tag-clube-de-viagens-moms","product_tag-clube-moms","product_tag-criancas","product_tag-disney","product_tag-disneyland","product_tag-diversao","product_tag-diversao-em-familia","product_tag-estados-unidos","product_tag-ferias","product_tag-ferias-em-familia","product_tag-viagem","product_tag-viagem-com-criancas","product_tag-viagem-em-familia","pa_destino-california"],"acf":[],"yoast_head":"<!-- This site is optimized with the Yoast SEO Premium plugin v16.0.2 (Yoast SEO v21.2) - https:\/\/yoast.com\/wordpress\/plugins\/seo\/ -->\n<title>Disneyland - Clube Moms<\/title>\n<meta name=\"robots\" content=\"index, follow, max-snippet:-1, max-image-preview:large, max-video-preview:-1\" \/>\n<link rel=\"canonical\" href=\"https:\/\/clubedeviagensmoms.com.br\/homolog\/produto\/disneyland-2\/\" \/>\n<meta property=\"og:locale\" content=\"pt_BR\" \/>\n<meta property=\"og:type\" content=\"article\" \/>\n<meta property=\"og:title\" content=\"Disneyland - Clube Moms\" \/>\n<meta property=\"og:description\" content=\"A Disneyland \u00ae est\u00e1 ficando cada vez mais feliz! Agora \u00e9 o momento perfeito para se reunir com a fam\u00edlia e amigos para curtir toda a Magia da Disney. Venha se divertir no Parque Disneyland\u00ae e Disney Calif\u00f3rnia Adventure\u00ae, e garanta as melhores e mais incr\u00edveis atra\u00e7\u00f5es, shows e entretenimento. Desfrute de uma incr\u00edvel expans\u00e3o cheia de novas atra\u00e7\u00f5es extraordin\u00e1rias.\" \/>\n<meta property=\"og:url\" content=\"https:\/\/clubedeviagensmoms.com.br\/homolog\/produto\/disneyland-2\/\" \/>\n<meta property=\"og:site_name\" content=\"Clube Moms\" \/>\n<meta property=\"article:modified_time\" content=\"2023-08-30T15:25:04+00:00\" \/>\n<meta property=\"og:image\" content=\"https:\/\/clubedeviagensmoms.com.br\/homolog\/wp-content\/uploads\/2021\/09\/ParqueDisneylandCalifornia_Castelo_20102017_1222.jpg\" \/>\n\t<meta property=\"og:image:width\" content=\"1200\" \/>\n\t<meta property=\"og:image:height\" content=\"628\" \/>\n\t<meta property=\"og:image:type\" content=\"image\/jpeg\" \/>\n<meta name=\"twitter:card\" content=\"summary_large_image\" \/>\n<meta name=\"twitter:label1\" content=\"Est. tempo de leitura\" \/>\n\t<meta name=\"twitter:data1\" content=\"1 minuto\" \/>\n<script type=\"application\/ld+json\" class=\"yoast-schema-graph\">{\"@context\":\"https:\/\/schema.org\",\"@graph\":[{\"@type\":\"WebPage\",\"@id\":\"https:\/\/clubedeviagensmoms.com.br\/homolog\/produto\/disneyland-2\/\",\"url\":\"https:\/\/clubedeviagensmoms.com.br\/homolog\/produto\/disneyland-2\/\",\"name\":\"Disneyland - Clube Moms\",\"isPartOf\":{\"@id\":\"https:\/\/clubedeviagensmoms.com.br\/homolog\/#website\"},\"datePublished\":\"2021-10-29T22:59:09+00:00\",\"dateModified\":\"2023-08-30T15:25:04+00:00\",\"breadcrumb\":{\"@id\":\"https:\/\/clubedeviagensmoms.com.br\/homolog\/produto\/disneyland-2\/#breadcrumb\"},\"inLanguage\":\"pt-BR\",\"potentialAction\":[{\"@type\":\"ReadAction\",\"target\":[\"https:\/\/clubedeviagensmoms.com.br\/homolog\/produto\/disneyland-2\/\"]}]},{\"@type\":\"BreadcrumbList\",\"@id\":\"https:\/\/clubedeviagensmoms.com.br\/homolog\/produto\/disneyland-2\/#breadcrumb\",\"itemListElement\":[{\"@type\":\"ListItem\",\"position\":1,\"name\":\"Home\",\"item\":\"https:\/\/clubedeviagensmoms.com.br\/homolog\/\"},{\"@type\":\"ListItem\",\"position\":2,\"name\":\"Vamos Viajar\",\"item\":\"https:\/\/clubedeviagensmoms.com.br\/homolog\/shop\/\"},{\"@type\":\"ListItem\",\"position\":3,\"name\":\"Disneyland\"}]},{\"@type\":\"WebSite\",\"@id\":\"https:\/\/clubedeviagensmoms.com.br\/homolog\/#website\",\"url\":\"https:\/\/clubedeviagensmoms.com.br\/homolog\/\",\"name\":\"Clube Moms\",\"description\":\"O Clube Moms \u00e9 uma ag\u00eancia de turismo com foco em fam\u00edlias com crian\u00e7as, que uno os conceitos de Consultoria Especializada e Clube de Vantagens.\",\"potentialAction\":[{\"@type\":\"SearchAction\",\"target\":{\"@type\":\"EntryPoint\",\"urlTemplate\":\"https:\/\/clubedeviagensmoms.com.br\/homolog\/?s={search_term_string}\"},\"query-input\":\"required name=search_term_string\"}],\"inLanguage\":\"pt-BR\"}]}<\/script>\n<!-- \/ Yoast SEO Premium plugin. -->","yoast_head_json":{"title":"Disneyland - Clube Moms","robots":{"index":"index","follow":"follow","max-snippet":"max-snippet:-1","max-image-preview":"max-image-preview:large","max-video-preview":"max-video-preview:-1"},"canonical":"https:\/\/clubedeviagensmoms.com.br\/homolog\/produto\/disneyland-2\/","og_locale":"pt_BR","og_type":"article","og_title":"Disneyland - Clube Moms","og_description":"A Disneyland \u00ae est\u00e1 ficando cada vez mais feliz! Agora \u00e9 o momento perfeito para se reunir com a fam\u00edlia e amigos para curtir toda a Magia da Disney. Venha se divertir no Parque Disneyland\u00ae e Disney Calif\u00f3rnia Adventure\u00ae, e garanta as melhores e mais incr\u00edveis atra\u00e7\u00f5es, shows e entretenimento. Desfrute de uma incr\u00edvel expans\u00e3o cheia de novas atra\u00e7\u00f5es extraordin\u00e1rias.","og_url":"https:\/\/clubedeviagensmoms.com.br\/homolog\/produto\/disneyland-2\/","og_site_name":"Clube Moms","article_modified_time":"2023-08-30T15:25:04+00:00","og_image":[{"width":1200,"height":628,"url":"https:\/\/clubedeviagensmoms.com.br\/homolog\/wp-content\/uploads\/2021\/09\/ParqueDisneylandCalifornia_Castelo_20102017_1222.jpg","type":"image\/jpeg"}],"twitter_card":"summary_large_image","twitter_misc":{"Est. tempo de leitura":"1 minuto"},"schema":{"@context":"https:\/\/schema.org","@graph":[{"@type":"WebPage","@id":"https:\/\/clubedeviagensmoms.com.br\/homolog\/produto\/disneyland-2\/","url":"https:\/\/clubedeviagensmoms.com.br\/homolog\/produto\/disneyland-2\/","name":"Disneyland - Clube Moms","isPartOf":{"@id":"https:\/\/clubedeviagensmoms.com.br\/homolog\/#website"},"datePublished":"2021-10-29T22:59:09+00:00","dateModified":"2023-08-30T15:25:04+00:00","breadcrumb":{"@id":"https:\/\/clubedeviagensmoms.com.br\/homolog\/produto\/disneyland-2\/#breadcrumb"},"inLanguage":"pt-BR","potentialAction":[{"@type":"ReadAction","target":["https:\/\/clubedeviagensmoms.com.br\/homolog\/produto\/disneyland-2\/"]}]},{"@type":"BreadcrumbList","@id":"https:\/\/clubedeviagensmoms.com.br\/homolog\/produto\/disneyland-2\/#breadcrumb","itemListElement":[{"@type":"ListItem","position":1,"name":"Home","item":"https:\/\/clubedeviagensmoms.com.br\/homolog\/"},{"@type":"ListItem","position":2,"name":"Vamos Viajar","item":"https:\/\/clubedeviagensmoms.com.br\/homolog\/shop\/"},{"@type":"ListItem","position":3,"name":"Disneyland"}]},{"@type":"WebSite","@id":"https:\/\/clubedeviagensmoms.com.br\/homolog\/#website","url":"https:\/\/clubedeviagensmoms.com.br\/homolog\/","name":"Clube Moms","description":"O Clube Moms \u00e9 uma ag\u00eancia de turismo com foco em fam\u00edlias com crian\u00e7as, que uno os conceitos de Consultoria Especializada e Clube de Vantagens.","potentialAction":[{"@type":"SearchAction","target":{"@type":"EntryPoint","urlTemplate":"https:\/\/clubedeviagensmoms.com.br\/homolog\/?s={search_term_string}"},"query-input":"required name=search_term_string"}],"inLanguage":"pt-BR"}]}},"_links":{"self":[{"href":"https:\/\/clubedeviagensmoms.com.br\/homolog\/wp-json\/wp\/v2\/product\/4104","targetHints":{"allow":["GET"]}}],"collection":[{"href":"https:\/\/clubedeviagensmoms.com.br\/homolog\/wp-json\/wp\/v2\/product"}],"about":[{"href":"https:\/\/clubedeviagensmoms.com.br\/homolog\/wp-json\/wp\/v2\/types\/product"}],"replies":[{"embeddable":true,"href":"https:\/\/clubedeviagensmoms.com.br\/homolog\/wp-json\/wp\/v2\/comments?post=4104"}],"wp:featuredmedia":[{"embeddable":true,"href":"https:\/\/clubedeviagensmoms.com.br\/homolog\/wp-json\/wp\/v2\/media\/257"}],"wp:attachment":[{"href":"https:\/\/clubedeviagensmoms.com.br\/homolog\/wp-json\/wp\/v2\/media?parent=4104"}],"wp:term":[{"taxonomy":"product_cat","embeddable":true,"href":"https:\/\/clubedeviagensmoms.com.br\/homolog\/wp-json\/wp\/v2\/product_cat?post=4104"},{"taxonomy":"product_tag","embeddable":true,"href":"https:\/\/clubedeviagensmoms.com.br\/homolog\/wp-json\/wp\/v2\/product_tag?post=4104"}],"curies":[{"name":"wp","href":"https:\/\/api.w.org\/{rel}","templated":true}]}}