{"id":4106,"date":"2021-10-29T19:59:09","date_gmt":"2021-10-29T22:59:09","guid":{"rendered":"http:\/\/clubedeviagensmoms.com.br\/homolog\/taober_wp\/?post_type=product&#038;p=4106"},"modified":"2023-08-30T12:26:51","modified_gmt":"2023-08-30T15:26:51","slug":"i-drive-360","status":"publish","type":"product","link":"https:\/\/clubedeviagensmoms.com.br\/homolog\/produto\/i-drive-360\/","title":{"rendered":"i-Drive 360"},"content":{"rendered":"<p>Localizado no cora\u00e7\u00e3o da International Drive de Orlando, uma vista ic\u00f4nica a 400 p\u00e9s de altura a roda gigante The Orlando Eye essa \u00e9 a pe\u00e7a central deste complexo tem\u00e1tico que caracteriza uma mistura din\u00e2mica de atra\u00e7\u00f5es, restaurantes, clubes e lojas. Juntando-se ao Orlando Eye como parte do line-up original de I-Drive 360, voc\u00ea contempla diversas atra\u00e7\u00f5es como Madame Tussaud, SEA LIFE Aquarium e a mundialmente famosa: Animals Unveiled!<\/p>\n<p>Solicite seu ingresso por qualquer canal de atendimento do Clube de Viagens Moms ou envie um email para reservas@clubemoms.com.br informando a data da viagem, quantidade de pessoas, nomes e datas de nascimento.<\/p>\n<p>Se preferir voc\u00ea pode comprar seu ingresso por conta pr\u00f3pria em nosso portal de ingressos, pagando no cart\u00e3o de cr\u00e9dito parcelado em at\u00e9 10x em R$ e sem IOF. Para isso acesse:\u00a0<a href=\"https:\/\/clubedeviagensmoms.minhaviagem.com.br\/\">https:\/\/clubedeviagensmoms.minhaviagem.com.br\/<\/a><\/p>\n","protected":false},"excerpt":{"rendered":"<p>Localizado no cora\u00e7\u00e3o da International Drive de Orlando, uma vista ic\u00f4nica a 400 p\u00e9s de altura a roda gigante The Orlando Eye essa \u00e9 a pe\u00e7a central deste complexo tem\u00e1tico que caracteriza uma mistura din\u00e2mica de atra\u00e7\u00f5es, restaurantes, clubes e lojas. Juntando-se ao Orlando Eye como parte do line-up original de I-Drive 360, voc\u00ea contempla diversas atra\u00e7\u00f5es como Madame Tussaud, SEA LIFE Aquarium e a mundialmente famosa: Animals Unveiled!<\/p>\n","protected":false},"featured_media":272,"comment_status":"closed","ping_status":"closed","template":"","meta":[],"product_cat":[17],"product_tag":[27,28,29,66,30,31,62,67,32,33,63,77,64,36,38,39,40],"class_list":["post-4106","product","type-product","status-publish","has-post-thumbnail","hentry","product_cat-parques","product_tag-clube-de-viagens-moms","product_tag-clube-moms","product_tag-criancas","product_tag-discovery-cove","product_tag-diversao","product_tag-diversao-em-familia","product_tag-estados-unidos","product_tag-eua","product_tag-ferias","product_tag-ferias-em-familia","product_tag-florida","product_tag-i-drive-360","product_tag-orlando","product_tag-resort","product_tag-viagem","product_tag-viagem-com-criancas","product_tag-viagem-em-familia","pa_destino-orlando","pa_tipos-de-destinos-parque"],"acf":[],"yoast_head":"<!-- This site is optimized with the Yoast SEO Premium plugin v16.0.2 (Yoast SEO v21.2) - https:\/\/yoast.com\/wordpress\/plugins\/seo\/ -->\n<title>i-Drive 360 - Clube Moms<\/title>\n<meta name=\"robots\" content=\"index, follow, max-snippet:-1, max-image-preview:large, max-video-preview:-1\" \/>\n<link rel=\"canonical\" href=\"https:\/\/clubedeviagensmoms.com.br\/homolog\/produto\/i-drive-360\/\" \/>\n<meta property=\"og:locale\" content=\"pt_BR\" \/>\n<meta property=\"og:type\" content=\"article\" \/>\n<meta property=\"og:title\" content=\"i-Drive 360 - Clube Moms\" \/>\n<meta property=\"og:description\" content=\"Localizado no cora\u00e7\u00e3o da International Drive de Orlando, uma vista ic\u00f4nica a 400 p\u00e9s de altura a roda gigante The Orlando Eye essa \u00e9 a pe\u00e7a central deste complexo tem\u00e1tico que caracteriza uma mistura din\u00e2mica de atra\u00e7\u00f5es, restaurantes, clubes e lojas. Juntando-se ao Orlando Eye como parte do line-up original de I-Drive 360, voc\u00ea contempla diversas atra\u00e7\u00f5es como Madame Tussaud, SEA LIFE Aquarium e a mundialmente famosa: Animals Unveiled!\" \/>\n<meta property=\"og:url\" content=\"https:\/\/clubedeviagensmoms.com.br\/homolog\/produto\/i-drive-360\/\" \/>\n<meta property=\"og:site_name\" content=\"Clube Moms\" \/>\n<meta property=\"article:modified_time\" content=\"2023-08-30T15:26:51+00:00\" \/>\n<meta property=\"og:image\" content=\"https:\/\/clubedeviagensmoms.com.br\/homolog\/wp-content\/uploads\/2021\/09\/Parquei-Drive360_vistaGeralRodaGigante_18102017_1601-1024x536-1.jpg\" \/>\n\t<meta property=\"og:image:width\" content=\"1024\" \/>\n\t<meta property=\"og:image:height\" content=\"536\" \/>\n\t<meta property=\"og:image:type\" content=\"image\/jpeg\" \/>\n<meta name=\"twitter:card\" content=\"summary_large_image\" \/>\n<meta name=\"twitter:label1\" content=\"Est. tempo de leitura\" \/>\n\t<meta name=\"twitter:data1\" content=\"1 minuto\" \/>\n<script type=\"application\/ld+json\" class=\"yoast-schema-graph\">{\"@context\":\"https:\/\/schema.org\",\"@graph\":[{\"@type\":\"WebPage\",\"@id\":\"https:\/\/clubedeviagensmoms.com.br\/homolog\/produto\/i-drive-360\/\",\"url\":\"https:\/\/clubedeviagensmoms.com.br\/homolog\/produto\/i-drive-360\/\",\"name\":\"i-Drive 360 - Clube Moms\",\"isPartOf\":{\"@id\":\"https:\/\/clubedeviagensmoms.com.br\/homolog\/#website\"},\"datePublished\":\"2021-10-29T22:59:09+00:00\",\"dateModified\":\"2023-08-30T15:26:51+00:00\",\"breadcrumb\":{\"@id\":\"https:\/\/clubedeviagensmoms.com.br\/homolog\/produto\/i-drive-360\/#breadcrumb\"},\"inLanguage\":\"pt-BR\",\"potentialAction\":[{\"@type\":\"ReadAction\",\"target\":[\"https:\/\/clubedeviagensmoms.com.br\/homolog\/produto\/i-drive-360\/\"]}]},{\"@type\":\"BreadcrumbList\",\"@id\":\"https:\/\/clubedeviagensmoms.com.br\/homolog\/produto\/i-drive-360\/#breadcrumb\",\"itemListElement\":[{\"@type\":\"ListItem\",\"position\":1,\"name\":\"Home\",\"item\":\"https:\/\/clubedeviagensmoms.com.br\/homolog\/\"},{\"@type\":\"ListItem\",\"position\":2,\"name\":\"Vamos Viajar\",\"item\":\"https:\/\/clubedeviagensmoms.com.br\/homolog\/shop\/\"},{\"@type\":\"ListItem\",\"position\":3,\"name\":\"i-Drive 360\"}]},{\"@type\":\"WebSite\",\"@id\":\"https:\/\/clubedeviagensmoms.com.br\/homolog\/#website\",\"url\":\"https:\/\/clubedeviagensmoms.com.br\/homolog\/\",\"name\":\"Clube Moms\",\"description\":\"O Clube Moms \u00e9 uma ag\u00eancia de turismo com foco em fam\u00edlias com crian\u00e7as, que uno os conceitos de Consultoria Especializada e Clube de Vantagens.\",\"potentialAction\":[{\"@type\":\"SearchAction\",\"target\":{\"@type\":\"EntryPoint\",\"urlTemplate\":\"https:\/\/clubedeviagensmoms.com.br\/homolog\/?s={search_term_string}\"},\"query-input\":\"required name=search_term_string\"}],\"inLanguage\":\"pt-BR\"}]}<\/script>\n<!-- \/ Yoast SEO Premium plugin. -->","yoast_head_json":{"title":"i-Drive 360 - Clube Moms","robots":{"index":"index","follow":"follow","max-snippet":"max-snippet:-1","max-image-preview":"max-image-preview:large","max-video-preview":"max-video-preview:-1"},"canonical":"https:\/\/clubedeviagensmoms.com.br\/homolog\/produto\/i-drive-360\/","og_locale":"pt_BR","og_type":"article","og_title":"i-Drive 360 - Clube Moms","og_description":"Localizado no cora\u00e7\u00e3o da International Drive de Orlando, uma vista ic\u00f4nica a 400 p\u00e9s de altura a roda gigante The Orlando Eye essa \u00e9 a pe\u00e7a central deste complexo tem\u00e1tico que caracteriza uma mistura din\u00e2mica de atra\u00e7\u00f5es, restaurantes, clubes e lojas. Juntando-se ao Orlando Eye como parte do line-up original de I-Drive 360, voc\u00ea contempla diversas atra\u00e7\u00f5es como Madame Tussaud, SEA LIFE Aquarium e a mundialmente famosa: Animals Unveiled!","og_url":"https:\/\/clubedeviagensmoms.com.br\/homolog\/produto\/i-drive-360\/","og_site_name":"Clube Moms","article_modified_time":"2023-08-30T15:26:51+00:00","og_image":[{"width":1024,"height":536,"url":"https:\/\/clubedeviagensmoms.com.br\/homolog\/wp-content\/uploads\/2021\/09\/Parquei-Drive360_vistaGeralRodaGigante_18102017_1601-1024x536-1.jpg","type":"image\/jpeg"}],"twitter_card":"summary_large_image","twitter_misc":{"Est. tempo de leitura":"1 minuto"},"schema":{"@context":"https:\/\/schema.org","@graph":[{"@type":"WebPage","@id":"https:\/\/clubedeviagensmoms.com.br\/homolog\/produto\/i-drive-360\/","url":"https:\/\/clubedeviagensmoms.com.br\/homolog\/produto\/i-drive-360\/","name":"i-Drive 360 - Clube Moms","isPartOf":{"@id":"https:\/\/clubedeviagensmoms.com.br\/homolog\/#website"},"datePublished":"2021-10-29T22:59:09+00:00","dateModified":"2023-08-30T15:26:51+00:00","breadcrumb":{"@id":"https:\/\/clubedeviagensmoms.com.br\/homolog\/produto\/i-drive-360\/#breadcrumb"},"inLanguage":"pt-BR","potentialAction":[{"@type":"ReadAction","target":["https:\/\/clubedeviagensmoms.com.br\/homolog\/produto\/i-drive-360\/"]}]},{"@type":"BreadcrumbList","@id":"https:\/\/clubedeviagensmoms.com.br\/homolog\/produto\/i-drive-360\/#breadcrumb","itemListElement":[{"@type":"ListItem","position":1,"name":"Home","item":"https:\/\/clubedeviagensmoms.com.br\/homolog\/"},{"@type":"ListItem","position":2,"name":"Vamos Viajar","item":"https:\/\/clubedeviagensmoms.com.br\/homolog\/shop\/"},{"@type":"ListItem","position":3,"name":"i-Drive 360"}]},{"@type":"WebSite","@id":"https:\/\/clubedeviagensmoms.com.br\/homolog\/#website","url":"https:\/\/clubedeviagensmoms.com.br\/homolog\/","name":"Clube Moms","description":"O Clube Moms \u00e9 uma ag\u00eancia de turismo com foco em fam\u00edlias com crian\u00e7as, que uno os conceitos de Consultoria Especializada e Clube de Vantagens.","potentialAction":[{"@type":"SearchAction","target":{"@type":"EntryPoint","urlTemplate":"https:\/\/clubedeviagensmoms.com.br\/homolog\/?s={search_term_string}"},"query-input":"required name=search_term_string"}],"inLanguage":"pt-BR"}]}},"_links":{"self":[{"href":"https:\/\/clubedeviagensmoms.com.br\/homolog\/wp-json\/wp\/v2\/product\/4106","targetHints":{"allow":["GET"]}}],"collection":[{"href":"https:\/\/clubedeviagensmoms.com.br\/homolog\/wp-json\/wp\/v2\/product"}],"about":[{"href":"https:\/\/clubedeviagensmoms.com.br\/homolog\/wp-json\/wp\/v2\/types\/product"}],"replies":[{"embeddable":true,"href":"https:\/\/clubedeviagensmoms.com.br\/homolog\/wp-json\/wp\/v2\/comments?post=4106"}],"wp:featuredmedia":[{"embeddable":true,"href":"https:\/\/clubedeviagensmoms.com.br\/homolog\/wp-json\/wp\/v2\/media\/272"}],"wp:attachment":[{"href":"https:\/\/clubedeviagensmoms.com.br\/homolog\/wp-json\/wp\/v2\/media?parent=4106"}],"wp:term":[{"taxonomy":"product_cat","embeddable":true,"href":"https:\/\/clubedeviagensmoms.com.br\/homolog\/wp-json\/wp\/v2\/product_cat?post=4106"},{"taxonomy":"product_tag","embeddable":true,"href":"https:\/\/clubedeviagensmoms.com.br\/homolog\/wp-json\/wp\/v2\/product_tag?post=4106"}],"curies":[{"name":"wp","href":"https:\/\/api.w.org\/{rel}","templated":true}]}}