{"id":4109,"date":"2021-10-29T19:59:09","date_gmt":"2021-10-29T22:59:09","guid":{"rendered":"http:\/\/clubedeviagensmoms.com.br\/homolog\/taober_wp\/?post_type=product&#038;p=4109"},"modified":"2023-08-30T12:26:53","modified_gmt":"2023-08-30T15:26:53","slug":"legoland","status":"publish","type":"product","link":"https:\/\/clubedeviagensmoms.com.br\/homolog\/produto\/legoland\/","title":{"rendered":"Legoland"},"content":{"rendered":"<p>Legoland Florida \u00e9 um parque de 150 acres, voltado para fam\u00edlias com crian\u00e7as de 2 a 12 anos de idade. Com mais de 50 op\u00e7\u00f5es de entretenimento, entre shows, atra\u00e7\u00f5es interativas, restaurantes, centro de compras e muito mais. Cada parque tem mais de 50 passeios, shows e atra\u00e7\u00f5es voltadas para a divers\u00e3o em fam\u00edlia inteira. H\u00e1 outros quatro parques Legoland no mundo \u2013 LEGOLAND Billund na Dinamarca, LEGOLAND Windsor nos arredores de Londres, LEGOLAND California em os EUA e LEGOLAND Deutschland perto G\u00fcnzburg, Bavaria Alemanha. N\u00e3o perca tempo, venha correndo conhecer o novo Legoland Florida!<\/p>\n<p>Solicite seu ingresso por qualquer canal de atendimento do Clube de Viagens Moms ou envie um email para reservas@clubemoms.com.br informando a data da viagem, quantidade de pessoas, nomes e datas de nascimento.<\/p>\n<p>Se preferir voc\u00ea pode comprar seu ingresso por conta pr\u00f3pria em nosso portal de ingressos, pagando no cart\u00e3o de cr\u00e9dito parcelado em at\u00e9 10x em R$ e sem IOF. Para isso acesse:\u00a0<a href=\"https:\/\/clubedeviagensmoms.minhaviagem.com.br\/\">https:\/\/clubedeviagensmoms.minhaviagem.com.br\/<\/a><\/p>\n","protected":false},"excerpt":{"rendered":"<p>Legoland Florida \u00e9 um parque de 150 acres, voltado para fam\u00edlias com crian\u00e7as de 2 a 12 anos de idade. Com mais de 50 op\u00e7\u00f5es de entretenimento, entre shows, atra\u00e7\u00f5es interativas, restaurantes, centro de compras e muito mais. Cada parque tem mais de 50 passeios, shows e atra\u00e7\u00f5es voltadas para a divers\u00e3o em fam\u00edlia inteira. H\u00e1 outros quatro parques Legoland no mundo &#8211; LEGOLAND Billund na Dinamarca, LEGOLAND Windsor nos arredores de Londres, LEGOLAND California em os EUA e LEGOLAND Deutschland perto G\u00fcnzburg, Bavaria Alemanha. N\u00e3o perca tempo, venha correndo conhecer o novo Legoland Florida!<\/p>\n","protected":false},"featured_media":300,"comment_status":"closed","ping_status":"closed","template":"","meta":[],"product_cat":[17],"product_tag":[27,28,29,30,31,62,32,33,81,64,38,39,40],"class_list":["post-4109","product","type-product","status-publish","has-post-thumbnail","hentry","product_cat-parques","product_tag-clube-de-viagens-moms","product_tag-clube-moms","product_tag-criancas","product_tag-diversao","product_tag-diversao-em-familia","product_tag-estados-unidos","product_tag-ferias","product_tag-ferias-em-familia","product_tag-legoland","product_tag-orlando","product_tag-viagem","product_tag-viagem-com-criancas","product_tag-viagem-em-familia","pa_destino-florida","pa_tipos-de-destinos-parque"],"acf":[],"yoast_head":"<!-- This site is optimized with the Yoast SEO Premium plugin v16.0.2 (Yoast SEO v21.2) - https:\/\/yoast.com\/wordpress\/plugins\/seo\/ -->\n<title>Legoland - Clube Moms<\/title>\n<meta name=\"description\" content=\"Legoland Florida \u00e9 um parque de 150 acres, voltado para fam\u00edlias com crian\u00e7as de 2 a 12 anos de idade. Com mais de 50 op\u00e7\u00f5es de entretenimento, entre shows, atra\u00e7\u00f5es interativas, restaurantes, centro de compras e muito mais. Cada parque tem mais de 50 passeios, shows e atra\u00e7\u00f5es voltadas para a divers\u00e3o em fam\u00edlia inteira. H\u00e1 outros quatro parques Legoland no mundo - LEGOLAND Billund na Dinamarca, LEGOLAND Windsor nos arredores de Londres, LEGOLAND California em os EUA e LEGOLAND Deutschland perto G\u00fcnzburg, Bavaria Alemanha. N\u00e3o perca tempo, venha correndo conhecer o novo Legoland Florida!\" \/>\n<meta name=\"robots\" content=\"index, follow, max-snippet:-1, max-image-preview:large, max-video-preview:-1\" \/>\n<link rel=\"canonical\" href=\"https:\/\/clubedeviagensmoms.com.br\/homolog\/produto\/legoland\/\" \/>\n<meta property=\"og:locale\" content=\"pt_BR\" \/>\n<meta property=\"og:type\" content=\"article\" \/>\n<meta property=\"og:title\" content=\"Legoland - Clube Moms\" \/>\n<meta property=\"og:description\" content=\"Legoland Florida \u00e9 um parque de 150 acres, voltado para fam\u00edlias com crian\u00e7as de 2 a 12 anos de idade. Com mais de 50 op\u00e7\u00f5es de entretenimento, entre shows, atra\u00e7\u00f5es interativas, restaurantes, centro de compras e muito mais. Cada parque tem mais de 50 passeios, shows e atra\u00e7\u00f5es voltadas para a divers\u00e3o em fam\u00edlia inteira. H\u00e1 outros quatro parques Legoland no mundo - LEGOLAND Billund na Dinamarca, LEGOLAND Windsor nos arredores de Londres, LEGOLAND California em os EUA e LEGOLAND Deutschland perto G\u00fcnzburg, Bavaria Alemanha. N\u00e3o perca tempo, venha correndo conhecer o novo Legoland Florida!\" \/>\n<meta property=\"og:url\" content=\"https:\/\/clubedeviagensmoms.com.br\/homolog\/produto\/legoland\/\" \/>\n<meta property=\"og:site_name\" content=\"Clube Moms\" \/>\n<meta property=\"article:modified_time\" content=\"2023-08-30T15:26:53+00:00\" \/>\n<meta property=\"og:image\" content=\"https:\/\/clubedeviagensmoms.com.br\/homolog\/wp-content\/uploads\/2021\/09\/ParqueLegoLand_FamiliaGirafalego_16102017_1900.jpg\" \/>\n\t<meta property=\"og:image:width\" content=\"1200\" \/>\n\t<meta property=\"og:image:height\" content=\"628\" \/>\n\t<meta property=\"og:image:type\" content=\"image\/jpeg\" \/>\n<meta name=\"twitter:card\" content=\"summary_large_image\" \/>\n<meta name=\"twitter:label1\" content=\"Est. tempo de leitura\" \/>\n\t<meta name=\"twitter:data1\" content=\"1 minuto\" \/>\n<script type=\"application\/ld+json\" class=\"yoast-schema-graph\">{\"@context\":\"https:\/\/schema.org\",\"@graph\":[{\"@type\":\"WebPage\",\"@id\":\"https:\/\/clubedeviagensmoms.com.br\/homolog\/produto\/legoland\/\",\"url\":\"https:\/\/clubedeviagensmoms.com.br\/homolog\/produto\/legoland\/\",\"name\":\"Legoland - Clube Moms\",\"isPartOf\":{\"@id\":\"https:\/\/clubedeviagensmoms.com.br\/homolog\/#website\"},\"datePublished\":\"2021-10-29T22:59:09+00:00\",\"dateModified\":\"2023-08-30T15:26:53+00:00\",\"description\":\"Legoland Florida \u00e9 um parque de 150 acres, voltado para fam\u00edlias com crian\u00e7as de 2 a 12 anos de idade. Com mais de 50 op\u00e7\u00f5es de entretenimento, entre shows, atra\u00e7\u00f5es interativas, restaurantes, centro de compras e muito mais. Cada parque tem mais de 50 passeios, shows e atra\u00e7\u00f5es voltadas para a divers\u00e3o em fam\u00edlia inteira. H\u00e1 outros quatro parques Legoland no mundo - LEGOLAND Billund na Dinamarca, LEGOLAND Windsor nos arredores de Londres, LEGOLAND California em os EUA e LEGOLAND Deutschland perto G\u00fcnzburg, Bavaria Alemanha. N\u00e3o perca tempo, venha correndo conhecer o novo Legoland Florida!\",\"breadcrumb\":{\"@id\":\"https:\/\/clubedeviagensmoms.com.br\/homolog\/produto\/legoland\/#breadcrumb\"},\"inLanguage\":\"pt-BR\",\"potentialAction\":[{\"@type\":\"ReadAction\",\"target\":[\"https:\/\/clubedeviagensmoms.com.br\/homolog\/produto\/legoland\/\"]}]},{\"@type\":\"BreadcrumbList\",\"@id\":\"https:\/\/clubedeviagensmoms.com.br\/homolog\/produto\/legoland\/#breadcrumb\",\"itemListElement\":[{\"@type\":\"ListItem\",\"position\":1,\"name\":\"Home\",\"item\":\"https:\/\/clubedeviagensmoms.com.br\/homolog\/\"},{\"@type\":\"ListItem\",\"position\":2,\"name\":\"Vamos Viajar\",\"item\":\"https:\/\/clubedeviagensmoms.com.br\/homolog\/shop\/\"},{\"@type\":\"ListItem\",\"position\":3,\"name\":\"Legoland\"}]},{\"@type\":\"WebSite\",\"@id\":\"https:\/\/clubedeviagensmoms.com.br\/homolog\/#website\",\"url\":\"https:\/\/clubedeviagensmoms.com.br\/homolog\/\",\"name\":\"Clube Moms\",\"description\":\"O Clube Moms \u00e9 uma ag\u00eancia de turismo com foco em fam\u00edlias com crian\u00e7as, que uno os conceitos de Consultoria Especializada e Clube de Vantagens.\",\"potentialAction\":[{\"@type\":\"SearchAction\",\"target\":{\"@type\":\"EntryPoint\",\"urlTemplate\":\"https:\/\/clubedeviagensmoms.com.br\/homolog\/?s={search_term_string}\"},\"query-input\":\"required name=search_term_string\"}],\"inLanguage\":\"pt-BR\"}]}<\/script>\n<!-- \/ Yoast SEO Premium plugin. -->","yoast_head_json":{"title":"Legoland - Clube Moms","description":"Legoland Florida \u00e9 um parque de 150 acres, voltado para fam\u00edlias com crian\u00e7as de 2 a 12 anos de idade. Com mais de 50 op\u00e7\u00f5es de entretenimento, entre shows, atra\u00e7\u00f5es interativas, restaurantes, centro de compras e muito mais. Cada parque tem mais de 50 passeios, shows e atra\u00e7\u00f5es voltadas para a divers\u00e3o em fam\u00edlia inteira. H\u00e1 outros quatro parques Legoland no mundo - LEGOLAND Billund na Dinamarca, LEGOLAND Windsor nos arredores de Londres, LEGOLAND California em os EUA e LEGOLAND Deutschland perto G\u00fcnzburg, Bavaria Alemanha. N\u00e3o perca tempo, venha correndo conhecer o novo Legoland Florida!","robots":{"index":"index","follow":"follow","max-snippet":"max-snippet:-1","max-image-preview":"max-image-preview:large","max-video-preview":"max-video-preview:-1"},"canonical":"https:\/\/clubedeviagensmoms.com.br\/homolog\/produto\/legoland\/","og_locale":"pt_BR","og_type":"article","og_title":"Legoland - Clube Moms","og_description":"Legoland Florida \u00e9 um parque de 150 acres, voltado para fam\u00edlias com crian\u00e7as de 2 a 12 anos de idade. Com mais de 50 op\u00e7\u00f5es de entretenimento, entre shows, atra\u00e7\u00f5es interativas, restaurantes, centro de compras e muito mais. Cada parque tem mais de 50 passeios, shows e atra\u00e7\u00f5es voltadas para a divers\u00e3o em fam\u00edlia inteira. H\u00e1 outros quatro parques Legoland no mundo - LEGOLAND Billund na Dinamarca, LEGOLAND Windsor nos arredores de Londres, LEGOLAND California em os EUA e LEGOLAND Deutschland perto G\u00fcnzburg, Bavaria Alemanha. N\u00e3o perca tempo, venha correndo conhecer o novo Legoland Florida!","og_url":"https:\/\/clubedeviagensmoms.com.br\/homolog\/produto\/legoland\/","og_site_name":"Clube Moms","article_modified_time":"2023-08-30T15:26:53+00:00","og_image":[{"width":1200,"height":628,"url":"https:\/\/clubedeviagensmoms.com.br\/homolog\/wp-content\/uploads\/2021\/09\/ParqueLegoLand_FamiliaGirafalego_16102017_1900.jpg","type":"image\/jpeg"}],"twitter_card":"summary_large_image","twitter_misc":{"Est. tempo de leitura":"1 minuto"},"schema":{"@context":"https:\/\/schema.org","@graph":[{"@type":"WebPage","@id":"https:\/\/clubedeviagensmoms.com.br\/homolog\/produto\/legoland\/","url":"https:\/\/clubedeviagensmoms.com.br\/homolog\/produto\/legoland\/","name":"Legoland - Clube Moms","isPartOf":{"@id":"https:\/\/clubedeviagensmoms.com.br\/homolog\/#website"},"datePublished":"2021-10-29T22:59:09+00:00","dateModified":"2023-08-30T15:26:53+00:00","description":"Legoland Florida \u00e9 um parque de 150 acres, voltado para fam\u00edlias com crian\u00e7as de 2 a 12 anos de idade. Com mais de 50 op\u00e7\u00f5es de entretenimento, entre shows, atra\u00e7\u00f5es interativas, restaurantes, centro de compras e muito mais. Cada parque tem mais de 50 passeios, shows e atra\u00e7\u00f5es voltadas para a divers\u00e3o em fam\u00edlia inteira. H\u00e1 outros quatro parques Legoland no mundo - LEGOLAND Billund na Dinamarca, LEGOLAND Windsor nos arredores de Londres, LEGOLAND California em os EUA e LEGOLAND Deutschland perto G\u00fcnzburg, Bavaria Alemanha. N\u00e3o perca tempo, venha correndo conhecer o novo Legoland Florida!","breadcrumb":{"@id":"https:\/\/clubedeviagensmoms.com.br\/homolog\/produto\/legoland\/#breadcrumb"},"inLanguage":"pt-BR","potentialAction":[{"@type":"ReadAction","target":["https:\/\/clubedeviagensmoms.com.br\/homolog\/produto\/legoland\/"]}]},{"@type":"BreadcrumbList","@id":"https:\/\/clubedeviagensmoms.com.br\/homolog\/produto\/legoland\/#breadcrumb","itemListElement":[{"@type":"ListItem","position":1,"name":"Home","item":"https:\/\/clubedeviagensmoms.com.br\/homolog\/"},{"@type":"ListItem","position":2,"name":"Vamos Viajar","item":"https:\/\/clubedeviagensmoms.com.br\/homolog\/shop\/"},{"@type":"ListItem","position":3,"name":"Legoland"}]},{"@type":"WebSite","@id":"https:\/\/clubedeviagensmoms.com.br\/homolog\/#website","url":"https:\/\/clubedeviagensmoms.com.br\/homolog\/","name":"Clube Moms","description":"O Clube Moms \u00e9 uma ag\u00eancia de turismo com foco em fam\u00edlias com crian\u00e7as, que uno os conceitos de Consultoria Especializada e Clube de Vantagens.","potentialAction":[{"@type":"SearchAction","target":{"@type":"EntryPoint","urlTemplate":"https:\/\/clubedeviagensmoms.com.br\/homolog\/?s={search_term_string}"},"query-input":"required name=search_term_string"}],"inLanguage":"pt-BR"}]}},"_links":{"self":[{"href":"https:\/\/clubedeviagensmoms.com.br\/homolog\/wp-json\/wp\/v2\/product\/4109","targetHints":{"allow":["GET"]}}],"collection":[{"href":"https:\/\/clubedeviagensmoms.com.br\/homolog\/wp-json\/wp\/v2\/product"}],"about":[{"href":"https:\/\/clubedeviagensmoms.com.br\/homolog\/wp-json\/wp\/v2\/types\/product"}],"replies":[{"embeddable":true,"href":"https:\/\/clubedeviagensmoms.com.br\/homolog\/wp-json\/wp\/v2\/comments?post=4109"}],"wp:featuredmedia":[{"embeddable":true,"href":"https:\/\/clubedeviagensmoms.com.br\/homolog\/wp-json\/wp\/v2\/media\/300"}],"wp:attachment":[{"href":"https:\/\/clubedeviagensmoms.com.br\/homolog\/wp-json\/wp\/v2\/media?parent=4109"}],"wp:term":[{"taxonomy":"product_cat","embeddable":true,"href":"https:\/\/clubedeviagensmoms.com.br\/homolog\/wp-json\/wp\/v2\/product_cat?post=4109"},{"taxonomy":"product_tag","embeddable":true,"href":"https:\/\/clubedeviagensmoms.com.br\/homolog\/wp-json\/wp\/v2\/product_tag?post=4109"}],"curies":[{"name":"wp","href":"https:\/\/api.w.org\/{rel}","templated":true}]}}