{"id":4112,"date":"2021-10-29T19:59:09","date_gmt":"2021-10-29T22:59:09","guid":{"rendered":"http:\/\/clubedeviagensmoms.com.br\/homolog\/taober_wp\/?post_type=product&#038;p=4112"},"modified":"2023-08-30T12:26:54","modified_gmt":"2023-08-30T15:26:54","slug":"seaworld-2","status":"publish","type":"product","link":"https:\/\/clubedeviagensmoms.com.br\/homolog\/produto\/seaworld-2\/","title":{"rendered":"Seaworld"},"content":{"rendered":"<p>Prepare-se para um dia de aventura no maior parque tem\u00e1tico oce\u00e2nico, o SeaWorld em San Diego. Fique perto de ursos polares, baleias brancas (Belugas) e morsas. Descubra a delicadeza dos peixes-boi, a jovialidade dos pinguins e as travessuras dos le\u00f5es marinhos californianos. N\u00e3o esque\u00e7a de ver a Shamu e a beb\u00ea Shamu. N\u00e3o h\u00e1 lugar no mundo como o SeaWorld San Diego\u2026 toque e alimente os golfinhos, conte os dentes de um tubar\u00e3o e fique frente a frente com um urso polar. Encare as ondas no Shipwreck Rapids. Aventure-se no munod de persegui\u00e7\u00e3o a caudas e barulheiras do seu animal de estima\u00e7\u00e3o no Pets Rule! O SeaWorld San Diego \u00e9 um dos principais parques aqu\u00e1ticos do mundo, com 200 acres de shows de primeiro mundo, passeios radicais e aventuras inesquec\u00edveis com animais.<\/p>\n<p>Solicite seu ingresso por qualquer canal de atendimento do Clube de Viagens Moms ou envie um email para reservas@clubemoms.com.br informando a data da viagem, quantidade de pessoas, nomes e datas de nascimento.<\/p>\n<p>Se preferir voc\u00ea pode comprar seu ingresso por conta pr\u00f3pria em nosso portal de ingressos, pagando no cart\u00e3o de cr\u00e9dito parcelado em at\u00e9 10x em R$ e sem IOF. Para isso acesse:\u00a0<a href=\"https:\/\/clubedeviagensmoms.minhaviagem.com.br\/\">https:\/\/clubedeviagensmoms.minhaviagem.com.br\/<\/a><\/p>\n","protected":false},"excerpt":{"rendered":"<p>Prepare-se para um dia de aventura no maior parque tem\u00e1tico oce\u00e2nico, o SeaWorld em San Diego. Fique perto de ursos polares, baleias brancas (Belugas) e morsas. Descubra a delicadeza dos peixes-boi, a jovialidade dos pinguins e as travessuras dos le\u00f5es marinhos californianos. N\u00e3o esque\u00e7a de ver a Shamu e a beb\u00ea Shamu. N\u00e3o h\u00e1 lugar no mundo como o SeaWorld San Diego&#8230; toque e alimente os golfinhos, conte os dentes de um tubar\u00e3o e fique frente a frente com um urso polar. Encare as ondas no Shipwreck Rapids. Aventure-se no munod de persegui\u00e7\u00e3o a caudas e barulheiras do seu animal de estima\u00e7\u00e3o no Pets Rule! O SeaWorld San Diego \u00e9 um dos principais parques aqu\u00e1ticos do mundo, com 200 acres de shows de primeiro mundo, passeios radicais e aventuras inesquec\u00edveis com animais.<\/p>\n","protected":false},"featured_media":325,"comment_status":"closed","ping_status":"closed","template":"","meta":[],"product_cat":[17],"product_tag":[27,28,29,30,31,62,67,32,33,83,82,38,39,40],"class_list":["post-4112","product","type-product","status-publish","has-post-thumbnail","hentry","product_cat-parques","product_tag-clube-de-viagens-moms","product_tag-clube-moms","product_tag-criancas","product_tag-diversao","product_tag-diversao-em-familia","product_tag-estados-unidos","product_tag-eua","product_tag-ferias","product_tag-ferias-em-familia","product_tag-san-diego","product_tag-seaworld","product_tag-viagem","product_tag-viagem-com-criancas","product_tag-viagem-em-familia","pa_destino-san-diego","pa_tipos-de-destinos-parque"],"acf":[],"yoast_head":"<!-- This site is optimized with the Yoast SEO Premium plugin v16.0.2 (Yoast SEO v21.2) - https:\/\/yoast.com\/wordpress\/plugins\/seo\/ -->\n<title>Seaworld - Clube Moms<\/title>\n<meta name=\"description\" content=\"Prepare-se para um dia de aventura no maior parque tem\u00e1tico oce\u00e2nico, o SeaWorld em San Diego.\" \/>\n<meta name=\"robots\" content=\"index, follow, max-snippet:-1, max-image-preview:large, max-video-preview:-1\" \/>\n<link rel=\"canonical\" href=\"https:\/\/clubedeviagensmoms.com.br\/homolog\/produto\/seaworld-2\/\" \/>\n<meta property=\"og:locale\" content=\"pt_BR\" \/>\n<meta property=\"og:type\" content=\"article\" \/>\n<meta property=\"og:title\" content=\"Seaworld - Clube Moms\" \/>\n<meta property=\"og:description\" content=\"Prepare-se para um dia de aventura no maior parque tem\u00e1tico oce\u00e2nico, o SeaWorld em San Diego.\" \/>\n<meta property=\"og:url\" content=\"https:\/\/clubedeviagensmoms.com.br\/homolog\/produto\/seaworld-2\/\" \/>\n<meta property=\"og:site_name\" content=\"Clube Moms\" \/>\n<meta property=\"article:modified_time\" content=\"2023-08-30T15:26:54+00:00\" \/>\n<meta property=\"og:image\" content=\"https:\/\/clubedeviagensmoms.com.br\/homolog\/wp-content\/uploads\/2021\/09\/ParqueSeaworldSanDiego_PlacaVistaGeral_17102017_1929.jpg\" \/>\n\t<meta property=\"og:image:width\" content=\"1200\" \/>\n\t<meta property=\"og:image:height\" content=\"628\" \/>\n\t<meta property=\"og:image:type\" content=\"image\/jpeg\" \/>\n<meta name=\"twitter:card\" content=\"summary_large_image\" \/>\n<meta name=\"twitter:label1\" content=\"Est. tempo de leitura\" \/>\n\t<meta name=\"twitter:data1\" content=\"1 minuto\" \/>\n<script type=\"application\/ld+json\" class=\"yoast-schema-graph\">{\"@context\":\"https:\/\/schema.org\",\"@graph\":[{\"@type\":\"WebPage\",\"@id\":\"https:\/\/clubedeviagensmoms.com.br\/homolog\/produto\/seaworld-2\/\",\"url\":\"https:\/\/clubedeviagensmoms.com.br\/homolog\/produto\/seaworld-2\/\",\"name\":\"Seaworld - Clube Moms\",\"isPartOf\":{\"@id\":\"https:\/\/clubedeviagensmoms.com.br\/homolog\/#website\"},\"datePublished\":\"2021-10-29T22:59:09+00:00\",\"dateModified\":\"2023-08-30T15:26:54+00:00\",\"description\":\"Prepare-se para um dia de aventura no maior parque tem\u00e1tico oce\u00e2nico, o SeaWorld em San Diego.\",\"breadcrumb\":{\"@id\":\"https:\/\/clubedeviagensmoms.com.br\/homolog\/produto\/seaworld-2\/#breadcrumb\"},\"inLanguage\":\"pt-BR\",\"potentialAction\":[{\"@type\":\"ReadAction\",\"target\":[\"https:\/\/clubedeviagensmoms.com.br\/homolog\/produto\/seaworld-2\/\"]}]},{\"@type\":\"BreadcrumbList\",\"@id\":\"https:\/\/clubedeviagensmoms.com.br\/homolog\/produto\/seaworld-2\/#breadcrumb\",\"itemListElement\":[{\"@type\":\"ListItem\",\"position\":1,\"name\":\"Home\",\"item\":\"https:\/\/clubedeviagensmoms.com.br\/homolog\/\"},{\"@type\":\"ListItem\",\"position\":2,\"name\":\"Vamos Viajar\",\"item\":\"https:\/\/clubedeviagensmoms.com.br\/homolog\/shop\/\"},{\"@type\":\"ListItem\",\"position\":3,\"name\":\"Seaworld\"}]},{\"@type\":\"WebSite\",\"@id\":\"https:\/\/clubedeviagensmoms.com.br\/homolog\/#website\",\"url\":\"https:\/\/clubedeviagensmoms.com.br\/homolog\/\",\"name\":\"Clube Moms\",\"description\":\"O Clube Moms \u00e9 uma ag\u00eancia de turismo com foco em fam\u00edlias com crian\u00e7as, que uno os conceitos de Consultoria Especializada e Clube de Vantagens.\",\"potentialAction\":[{\"@type\":\"SearchAction\",\"target\":{\"@type\":\"EntryPoint\",\"urlTemplate\":\"https:\/\/clubedeviagensmoms.com.br\/homolog\/?s={search_term_string}\"},\"query-input\":\"required name=search_term_string\"}],\"inLanguage\":\"pt-BR\"}]}<\/script>\n<!-- \/ Yoast SEO Premium plugin. -->","yoast_head_json":{"title":"Seaworld - Clube Moms","description":"Prepare-se para um dia de aventura no maior parque tem\u00e1tico oce\u00e2nico, o SeaWorld em San Diego.","robots":{"index":"index","follow":"follow","max-snippet":"max-snippet:-1","max-image-preview":"max-image-preview:large","max-video-preview":"max-video-preview:-1"},"canonical":"https:\/\/clubedeviagensmoms.com.br\/homolog\/produto\/seaworld-2\/","og_locale":"pt_BR","og_type":"article","og_title":"Seaworld - Clube Moms","og_description":"Prepare-se para um dia de aventura no maior parque tem\u00e1tico oce\u00e2nico, o SeaWorld em San Diego.","og_url":"https:\/\/clubedeviagensmoms.com.br\/homolog\/produto\/seaworld-2\/","og_site_name":"Clube Moms","article_modified_time":"2023-08-30T15:26:54+00:00","og_image":[{"width":1200,"height":628,"url":"https:\/\/clubedeviagensmoms.com.br\/homolog\/wp-content\/uploads\/2021\/09\/ParqueSeaworldSanDiego_PlacaVistaGeral_17102017_1929.jpg","type":"image\/jpeg"}],"twitter_card":"summary_large_image","twitter_misc":{"Est. tempo de leitura":"1 minuto"},"schema":{"@context":"https:\/\/schema.org","@graph":[{"@type":"WebPage","@id":"https:\/\/clubedeviagensmoms.com.br\/homolog\/produto\/seaworld-2\/","url":"https:\/\/clubedeviagensmoms.com.br\/homolog\/produto\/seaworld-2\/","name":"Seaworld - Clube Moms","isPartOf":{"@id":"https:\/\/clubedeviagensmoms.com.br\/homolog\/#website"},"datePublished":"2021-10-29T22:59:09+00:00","dateModified":"2023-08-30T15:26:54+00:00","description":"Prepare-se para um dia de aventura no maior parque tem\u00e1tico oce\u00e2nico, o SeaWorld em San Diego.","breadcrumb":{"@id":"https:\/\/clubedeviagensmoms.com.br\/homolog\/produto\/seaworld-2\/#breadcrumb"},"inLanguage":"pt-BR","potentialAction":[{"@type":"ReadAction","target":["https:\/\/clubedeviagensmoms.com.br\/homolog\/produto\/seaworld-2\/"]}]},{"@type":"BreadcrumbList","@id":"https:\/\/clubedeviagensmoms.com.br\/homolog\/produto\/seaworld-2\/#breadcrumb","itemListElement":[{"@type":"ListItem","position":1,"name":"Home","item":"https:\/\/clubedeviagensmoms.com.br\/homolog\/"},{"@type":"ListItem","position":2,"name":"Vamos Viajar","item":"https:\/\/clubedeviagensmoms.com.br\/homolog\/shop\/"},{"@type":"ListItem","position":3,"name":"Seaworld"}]},{"@type":"WebSite","@id":"https:\/\/clubedeviagensmoms.com.br\/homolog\/#website","url":"https:\/\/clubedeviagensmoms.com.br\/homolog\/","name":"Clube Moms","description":"O Clube Moms \u00e9 uma ag\u00eancia de turismo com foco em fam\u00edlias com crian\u00e7as, que uno os conceitos de Consultoria Especializada e Clube de Vantagens.","potentialAction":[{"@type":"SearchAction","target":{"@type":"EntryPoint","urlTemplate":"https:\/\/clubedeviagensmoms.com.br\/homolog\/?s={search_term_string}"},"query-input":"required name=search_term_string"}],"inLanguage":"pt-BR"}]}},"_links":{"self":[{"href":"https:\/\/clubedeviagensmoms.com.br\/homolog\/wp-json\/wp\/v2\/product\/4112","targetHints":{"allow":["GET"]}}],"collection":[{"href":"https:\/\/clubedeviagensmoms.com.br\/homolog\/wp-json\/wp\/v2\/product"}],"about":[{"href":"https:\/\/clubedeviagensmoms.com.br\/homolog\/wp-json\/wp\/v2\/types\/product"}],"replies":[{"embeddable":true,"href":"https:\/\/clubedeviagensmoms.com.br\/homolog\/wp-json\/wp\/v2\/comments?post=4112"}],"wp:featuredmedia":[{"embeddable":true,"href":"https:\/\/clubedeviagensmoms.com.br\/homolog\/wp-json\/wp\/v2\/media\/325"}],"wp:attachment":[{"href":"https:\/\/clubedeviagensmoms.com.br\/homolog\/wp-json\/wp\/v2\/media?parent=4112"}],"wp:term":[{"taxonomy":"product_cat","embeddable":true,"href":"https:\/\/clubedeviagensmoms.com.br\/homolog\/wp-json\/wp\/v2\/product_cat?post=4112"},{"taxonomy":"product_tag","embeddable":true,"href":"https:\/\/clubedeviagensmoms.com.br\/homolog\/wp-json\/wp\/v2\/product_tag?post=4112"}],"curies":[{"name":"wp","href":"https:\/\/api.w.org\/{rel}","templated":true}]}}