{"id":4393,"date":"2022-11-07T15:55:08","date_gmt":"2022-11-07T18:55:08","guid":{"rendered":"http:\/\/clubedeviagensmoms.com.br\/homolog\/?post_type=product&#038;p=4393"},"modified":"2023-08-30T12:25:34","modified_gmt":"2023-08-30T15:25:34","slug":"hotel-fazenda-rochedo","status":"publish","type":"product","link":"https:\/\/clubedeviagensmoms.com.br\/homolog\/produto\/hotel-fazenda-rochedo\/","title":{"rendered":"Hotel Fazenda Rochedo"},"content":{"rendered":"<p>Hotel Fazenda Rochedo, perfeito para voc\u00ea sentir a energia da regi\u00e3o serrana com a sua fam\u00edlia! Muito conforto, refinamento e seguran\u00e7a. Uma \u00f3tima op\u00e7\u00e3o para o seu descanso e lazer!<\/p>\n<p>O hotel conta com v\u00e1rios espa\u00e7os arejados e aconchegantes para voc\u00ea ter um momento de leitura, assistir tv, escutar m\u00fasica, relaxar ou aproveitar as festas!<\/p>\n<p>A proposta do hotel \u00e9 incentivar a intera\u00e7\u00e3o com a natureza, eles possuem uma fazendinha onde as crian\u00e7as podem conhecer v\u00e1rias esp\u00e9cies de aves e mam\u00edferos. Podem at\u00e9 aprender a ordenha da vaquinha. Muito legal n\u00e9?!<\/p>\n<p>N\u00e3o poderia deixar de falar do lago onde se pode praticar alguns esportes como pesca artesanal (em todas as \u00e9pocas do ano), passeios de caiaque, stand up e tirolesa (nos meses mais quentes do ano<i>).<\/i> A sua beira existe o red\u00e1rio! Com diversas redes onde voc\u00ea pode sentar tranquilamente sob a sobra das \u00e1rvores. Uma del\u00edcia, sentir a brisa ouvindo o canto dos p\u00e1ssaros!<\/p>\n<p>Ainda possui Parquinho para a crian\u00e7ada!<\/p>\n<p>Pensando em acessibilidade para voc\u00ea, eles contam com uma plataforma elevat\u00f3ria. Onde voc\u00ea tem acesso f\u00e1cil ao sal\u00e3o de festas, saunas, academia, piscina aquecida e Ala do Lago.<\/p>\n<p>O hotel possui diferentes categorias de apartamentos, Standart, Luxo, Super Luxo e Master. Al\u00e9m de 2 apartamentos preparados para atender pessoas com necessidades especiais (NE).<\/p>\n<p>E quem faz a reserva para o Hotel Fazenda Rochedo aqui no Clube Moms, garante v\u00e1rios mimos EXCLUSIVOS!!<\/p>\n<p>??MIMOS MOMS<\/p>\n<ul>\n<li>2 drinks, 2 cervejas, 1 refrigerante e 1 tirolesa adulto<\/li>\n<\/ul>\n<p>? Fa\u00e7a a sua reserva com a gente! Chame a nossa equipe no <a href=\"https:\/\/www.instagram.com\/clubedeviagensmoms\/\">Instagram<\/a> ou pelo <a href=\"https:\/\/api.whatsapp.com\/send?phone=552120420717&amp;text=Oi!!%20Gostaria%20de%20mais%20informa%C3%A7%C3%B5es%20para%20o%20Hotel%20Fazendo%20Rochedo!%20%E2%9C%A8%F0%9F%A5%B0\">Whatsapp<\/a>!<\/p>\n<p>Se voc\u00ea ainda n\u00e3o conhece nossas redes sociais, vem dar uma conferida no nosso\u00a0<a href=\"https:\/\/www.instagram.com\/clubedeviagensmoms\/\">Instagram<\/a>\u00a0e ao mesmo tempo na nossa\u00a0<a href=\"https:\/\/www.facebook.com\/ClubeDeViagensMoms\/?hc_ref=ARREVFAUN6kemqQPikWPR6yOVqfolWuZ4Gm2u6EX4fJ2-jyHER8eDB5si8DvGkabbOE&amp;fref=nf&amp;__xts__[0]=68.ARAXJqd_Jm68dG9qh_a7A_hAS8hHGdRg1Cq8Je9my1EPnGBRo26TI37xs6IY6NhynKSzyIDhPcBRqvr6Nzuwi7g2W4UPO84T0-vU7mWKXia_C51FzzqVsE3HthHbuQetTo9gapY&amp;__tn__=kC-R\">p\u00e1gina do Facebook<\/a>! Ainda temos um\u00a0<a href=\"https:\/\/www.facebook.com\/groups\/clubedeviagensmoms\/\">grupo do Facebook<\/a>, portanto, venha fazer arte!<\/p>\n<p>Afim de conferir nossos outros hot\u00e9is parceiros, clique\u00a0<a href=\"http:\/\/clubedeviagensmoms.com.br\/homolog\/vamos-viajar\/hoteis\/\" target=\"_blank\" rel=\"noopener noreferrer\">aqui<\/a>!<\/p>\n","protected":false},"excerpt":{"rendered":"<p>Hotel Fazenda Rochedo, perfeito para voc\u00ea sentir a energia da regi\u00e3o serrana com a sua fam\u00edlia! Uma \u00f3tima op\u00e7\u00e3o para o seu descanso e lazer!<\/p>\n","protected":false},"featured_media":4394,"comment_status":"closed","ping_status":"closed","template":"","meta":[],"product_cat":[21],"product_tag":[48,27,28,29,30,31,32,33,158,380,37,38,39,40],"class_list":["post-4393","product","type-product","status-publish","has-post-thumbnail","hentry","product_cat-hoteis","product_tag-barra-do-pirai","product_tag-clube-de-viagens-moms","product_tag-clube-moms","product_tag-criancas","product_tag-diversao","product_tag-diversao-em-familia","product_tag-ferias","product_tag-ferias-em-familia","product_tag-hotel-fazenda","product_tag-hotel-fazenda-imperio-do-vale","product_tag-rio-de-janeiro","product_tag-viagem","product_tag-viagem-com-criancas","product_tag-viagem-em-familia"],"acf":[],"yoast_head":"<!-- This site is optimized with the Yoast SEO Premium plugin v16.0.2 (Yoast SEO v21.2) - https:\/\/yoast.com\/wordpress\/plugins\/seo\/ -->\n<title>Hotel Fazenda Rochedo - Clube Moms<\/title>\n<meta name=\"description\" content=\"Hotel Fazenda Rochedo, perfeito para voc\u00ea sentir a energia da regi\u00e3o serrana com a sua fam\u00edlia! Uma \u00f3tima op\u00e7\u00e3o para o seu descanso e lazer!\" \/>\n<meta name=\"robots\" content=\"index, follow, max-snippet:-1, max-image-preview:large, max-video-preview:-1\" \/>\n<link rel=\"canonical\" href=\"https:\/\/clubedeviagensmoms.com.br\/homolog\/produto\/hotel-fazenda-rochedo\/\" \/>\n<meta property=\"og:locale\" content=\"pt_BR\" \/>\n<meta property=\"og:type\" content=\"article\" \/>\n<meta property=\"og:title\" content=\"Hotel Fazenda Rochedo - Clube Moms\" \/>\n<meta property=\"og:description\" content=\"Hotel Fazenda Rochedo, perfeito para voc\u00ea sentir a energia da regi\u00e3o serrana com a sua fam\u00edlia! Uma \u00f3tima op\u00e7\u00e3o para o seu descanso e lazer!\" \/>\n<meta property=\"og:url\" content=\"https:\/\/clubedeviagensmoms.com.br\/homolog\/produto\/hotel-fazenda-rochedo\/\" \/>\n<meta property=\"og:site_name\" content=\"Clube Moms\" \/>\n<meta property=\"article:modified_time\" content=\"2023-08-30T15:25:34+00:00\" \/>\n<meta property=\"og:image\" content=\"https:\/\/clubedeviagensmoms.com.br\/homolog\/wp-content\/uploads\/2022\/11\/hotel-fazenda-rochedo-rede-redario-verde-natureza.jpg\" \/>\n\t<meta property=\"og:image:width\" content=\"768\" \/>\n\t<meta property=\"og:image:height\" content=\"768\" \/>\n\t<meta property=\"og:image:type\" content=\"image\/jpeg\" \/>\n<meta name=\"twitter:card\" content=\"summary_large_image\" \/>\n<meta name=\"twitter:label1\" content=\"Est. tempo de leitura\" \/>\n\t<meta name=\"twitter:data1\" content=\"2 minutos\" \/>\n<script type=\"application\/ld+json\" class=\"yoast-schema-graph\">{\"@context\":\"https:\/\/schema.org\",\"@graph\":[{\"@type\":\"WebPage\",\"@id\":\"https:\/\/clubedeviagensmoms.com.br\/homolog\/produto\/hotel-fazenda-rochedo\/\",\"url\":\"https:\/\/clubedeviagensmoms.com.br\/homolog\/produto\/hotel-fazenda-rochedo\/\",\"name\":\"Hotel Fazenda Rochedo - Clube Moms\",\"isPartOf\":{\"@id\":\"https:\/\/clubedeviagensmoms.com.br\/homolog\/#website\"},\"datePublished\":\"2022-11-07T18:55:08+00:00\",\"dateModified\":\"2023-08-30T15:25:34+00:00\",\"description\":\"Hotel Fazenda Rochedo, perfeito para voc\u00ea sentir a energia da regi\u00e3o serrana com a sua fam\u00edlia! Uma \u00f3tima op\u00e7\u00e3o para o seu descanso e lazer!\",\"breadcrumb\":{\"@id\":\"https:\/\/clubedeviagensmoms.com.br\/homolog\/produto\/hotel-fazenda-rochedo\/#breadcrumb\"},\"inLanguage\":\"pt-BR\",\"potentialAction\":[{\"@type\":\"ReadAction\",\"target\":[\"https:\/\/clubedeviagensmoms.com.br\/homolog\/produto\/hotel-fazenda-rochedo\/\"]}]},{\"@type\":\"BreadcrumbList\",\"@id\":\"https:\/\/clubedeviagensmoms.com.br\/homolog\/produto\/hotel-fazenda-rochedo\/#breadcrumb\",\"itemListElement\":[{\"@type\":\"ListItem\",\"position\":1,\"name\":\"Home\",\"item\":\"https:\/\/clubedeviagensmoms.com.br\/homolog\/\"},{\"@type\":\"ListItem\",\"position\":2,\"name\":\"Vamos Viajar\",\"item\":\"https:\/\/clubedeviagensmoms.com.br\/homolog\/shop\/\"},{\"@type\":\"ListItem\",\"position\":3,\"name\":\"Hotel Fazenda Rochedo\"}]},{\"@type\":\"WebSite\",\"@id\":\"https:\/\/clubedeviagensmoms.com.br\/homolog\/#website\",\"url\":\"https:\/\/clubedeviagensmoms.com.br\/homolog\/\",\"name\":\"Clube Moms\",\"description\":\"O Clube Moms \u00e9 uma ag\u00eancia de turismo com foco em fam\u00edlias com crian\u00e7as, que uno os conceitos de Consultoria Especializada e Clube de Vantagens.\",\"potentialAction\":[{\"@type\":\"SearchAction\",\"target\":{\"@type\":\"EntryPoint\",\"urlTemplate\":\"https:\/\/clubedeviagensmoms.com.br\/homolog\/?s={search_term_string}\"},\"query-input\":\"required name=search_term_string\"}],\"inLanguage\":\"pt-BR\"}]}<\/script>\n<!-- \/ Yoast SEO Premium plugin. -->","yoast_head_json":{"title":"Hotel Fazenda Rochedo - Clube Moms","description":"Hotel Fazenda Rochedo, perfeito para voc\u00ea sentir a energia da regi\u00e3o serrana com a sua fam\u00edlia! Uma \u00f3tima op\u00e7\u00e3o para o seu descanso e lazer!","robots":{"index":"index","follow":"follow","max-snippet":"max-snippet:-1","max-image-preview":"max-image-preview:large","max-video-preview":"max-video-preview:-1"},"canonical":"https:\/\/clubedeviagensmoms.com.br\/homolog\/produto\/hotel-fazenda-rochedo\/","og_locale":"pt_BR","og_type":"article","og_title":"Hotel Fazenda Rochedo - Clube Moms","og_description":"Hotel Fazenda Rochedo, perfeito para voc\u00ea sentir a energia da regi\u00e3o serrana com a sua fam\u00edlia! Uma \u00f3tima op\u00e7\u00e3o para o seu descanso e lazer!","og_url":"https:\/\/clubedeviagensmoms.com.br\/homolog\/produto\/hotel-fazenda-rochedo\/","og_site_name":"Clube Moms","article_modified_time":"2023-08-30T15:25:34+00:00","og_image":[{"width":768,"height":768,"url":"https:\/\/clubedeviagensmoms.com.br\/homolog\/wp-content\/uploads\/2022\/11\/hotel-fazenda-rochedo-rede-redario-verde-natureza.jpg","type":"image\/jpeg"}],"twitter_card":"summary_large_image","twitter_misc":{"Est. tempo de leitura":"2 minutos"},"schema":{"@context":"https:\/\/schema.org","@graph":[{"@type":"WebPage","@id":"https:\/\/clubedeviagensmoms.com.br\/homolog\/produto\/hotel-fazenda-rochedo\/","url":"https:\/\/clubedeviagensmoms.com.br\/homolog\/produto\/hotel-fazenda-rochedo\/","name":"Hotel Fazenda Rochedo - Clube Moms","isPartOf":{"@id":"https:\/\/clubedeviagensmoms.com.br\/homolog\/#website"},"datePublished":"2022-11-07T18:55:08+00:00","dateModified":"2023-08-30T15:25:34+00:00","description":"Hotel Fazenda Rochedo, perfeito para voc\u00ea sentir a energia da regi\u00e3o serrana com a sua fam\u00edlia! Uma \u00f3tima op\u00e7\u00e3o para o seu descanso e lazer!","breadcrumb":{"@id":"https:\/\/clubedeviagensmoms.com.br\/homolog\/produto\/hotel-fazenda-rochedo\/#breadcrumb"},"inLanguage":"pt-BR","potentialAction":[{"@type":"ReadAction","target":["https:\/\/clubedeviagensmoms.com.br\/homolog\/produto\/hotel-fazenda-rochedo\/"]}]},{"@type":"BreadcrumbList","@id":"https:\/\/clubedeviagensmoms.com.br\/homolog\/produto\/hotel-fazenda-rochedo\/#breadcrumb","itemListElement":[{"@type":"ListItem","position":1,"name":"Home","item":"https:\/\/clubedeviagensmoms.com.br\/homolog\/"},{"@type":"ListItem","position":2,"name":"Vamos Viajar","item":"https:\/\/clubedeviagensmoms.com.br\/homolog\/shop\/"},{"@type":"ListItem","position":3,"name":"Hotel Fazenda Rochedo"}]},{"@type":"WebSite","@id":"https:\/\/clubedeviagensmoms.com.br\/homolog\/#website","url":"https:\/\/clubedeviagensmoms.com.br\/homolog\/","name":"Clube Moms","description":"O Clube Moms \u00e9 uma ag\u00eancia de turismo com foco em fam\u00edlias com crian\u00e7as, que uno os conceitos de Consultoria Especializada e Clube de Vantagens.","potentialAction":[{"@type":"SearchAction","target":{"@type":"EntryPoint","urlTemplate":"https:\/\/clubedeviagensmoms.com.br\/homolog\/?s={search_term_string}"},"query-input":"required name=search_term_string"}],"inLanguage":"pt-BR"}]}},"_links":{"self":[{"href":"https:\/\/clubedeviagensmoms.com.br\/homolog\/wp-json\/wp\/v2\/product\/4393","targetHints":{"allow":["GET"]}}],"collection":[{"href":"https:\/\/clubedeviagensmoms.com.br\/homolog\/wp-json\/wp\/v2\/product"}],"about":[{"href":"https:\/\/clubedeviagensmoms.com.br\/homolog\/wp-json\/wp\/v2\/types\/product"}],"replies":[{"embeddable":true,"href":"https:\/\/clubedeviagensmoms.com.br\/homolog\/wp-json\/wp\/v2\/comments?post=4393"}],"wp:featuredmedia":[{"embeddable":true,"href":"https:\/\/clubedeviagensmoms.com.br\/homolog\/wp-json\/wp\/v2\/media\/4394"}],"wp:attachment":[{"href":"https:\/\/clubedeviagensmoms.com.br\/homolog\/wp-json\/wp\/v2\/media?parent=4393"}],"wp:term":[{"taxonomy":"product_cat","embeddable":true,"href":"https:\/\/clubedeviagensmoms.com.br\/homolog\/wp-json\/wp\/v2\/product_cat?post=4393"},{"taxonomy":"product_tag","embeddable":true,"href":"https:\/\/clubedeviagensmoms.com.br\/homolog\/wp-json\/wp\/v2\/product_tag?post=4393"}],"curies":[{"name":"wp","href":"https:\/\/api.w.org\/{rel}","templated":true}]}}