{"id":4904,"date":"2023-04-11T16:41:22","date_gmt":"2023-04-11T19:41:22","guid":{"rendered":"http:\/\/clubedeviagensmoms.com.br\/homolog\/?post_type=product&#038;p=4904"},"modified":"2023-08-30T12:25:49","modified_gmt":"2023-08-30T15:25:49","slug":"hotel-resort-fazenda-3-pinheiros","status":"publish","type":"product","link":"https:\/\/clubedeviagensmoms.com.br\/homolog\/produto\/hotel-resort-fazenda-3-pinheiros\/","title":{"rendered":"Hotel Resort Fazenda 3 Pinheiros"},"content":{"rendered":"<p>Hotel Fazenda 3 Pinheiros, um dos mais hot\u00e9is antigos do Pa\u00eds em sua categoria.<\/p>\n<p>O conceito de Hotel Fazenda, no Brasil, nasceu aqui, em Engenheiro Passos. O hotel resistiu heroicamente aos tempos e se mant\u00e9m vigoroso e pronto a recebe-los de bra\u00e7os abertos.<\/p>\n<p>O Hotel Fazenda, consegue, harmoniosamente, unir o conforto, o requinte e o r\u00fastico!!<\/p>\n<p>Cercado por uma Natureza exuberante e diversos ambientes de lazer, esporte e divers\u00e3o para toda a fam\u00edlia curtir e relaxar.<\/p>\n<p>A estrutura do hotel mistura a experi\u00eancia relaxante do campo com todo o lazer de um resort.<\/p>\n<p>Confira o que voc\u00ea vai encontrar:<\/p>\n<ul>\n<li>Piscina com tobo\u00e1gua<\/li>\n<li>Piscina aquecida coberta<\/li>\n<li>Piscina Infantil<\/li>\n<li>Bar e Sauna<\/li>\n<li>Quadra de Futebol<\/li>\n<li>Quadra de V\u00f4lei<\/li>\n<li>Quadra de T\u00eanis<\/li>\n<li>Caiaque<\/li>\n<\/ul>\n<p>Entre outras atividades pagas a parte.<\/p>\n<p>Se voc\u00ea ainda n\u00e3o conhece nossas redes sociais, vem dar uma conferida no nosso <a href=\"https:\/\/www.instagram.com\/clubedeviagensmoms\/\">Instagram<\/a>\u00a0e ao mesmo tempo na nossa\u00a0<a href=\"https:\/\/www.facebook.com\/ClubeDeViagensMoms\/?hc_ref=ARREVFAUN6kemqQPikWPR6yOVqfolWuZ4Gm2u6EX4fJ2-jyHER8eDB5si8DvGkabbOE&amp;fref=nf&amp;__xts__[0]=68.ARAXJqd_Jm68dG9qh_a7A_hAS8hHGdRg1Cq8Je9my1EPnGBRo26TI37xs6IY6NhynKSzyIDhPcBRqvr6Nzuwi7g2W4UPO84T0-vU7mWKXia_C51FzzqVsE3HthHbuQetTo9gapY&amp;__tn__=kC-R\">p\u00e1gina do Facebook<\/a>! Ainda temos um\u00a0<a href=\"https:\/\/www.facebook.com\/groups\/clubedeviagensmoms\/\">grupo do Facebook<\/a>, portanto, venha fazer arte!<\/p>\n<p>Afim de conferir nossos outros hot\u00e9is parceiros, clique\u00a0<a href=\"http:\/\/clubedeviagensmoms.com.br\/homolog\/vamos-viajar\/hoteis\/\" target=\"_blank\" rel=\"noopener noreferrer\">aqui<\/a>!<\/p>\n","protected":false},"excerpt":{"rendered":"<p>O Hotel Fazenda 3 Pinheiros \u00e9 um dos mais antigos do Pa\u00eds em sua categoria. Cercado por uma Natureza exuberante e diversos ambientes de lazer, esporte e divers\u00e3o para toda a fam\u00edlia curtir e relaxar.<\/p>\n<p>A estrutura do hotel mistura a experi\u00eancia relaxante do campo com todo o lazer de um resort.<\/p>\n<p>Confira o que voc\u00ea vai encontrar:<\/p>\n<ul>\n<li>Piscina com tobo\u00e1gua<\/li>\n<li>Piscina aquecida coberta<\/li>\n<li>Piscina Infantil<\/li>\n<li>Bar e Sauna<\/li>\n<li>Quadra de Futebol<\/li>\n<li>Quadra de V\u00f4lei<\/li>\n<li>Quadra de T\u00eanis<\/li>\n<li>Caiaque<\/li>\n<\/ul>\n","protected":false},"featured_media":4906,"comment_status":"open","ping_status":"closed","template":"","meta":[],"product_cat":[21],"product_tag":[],"class_list":["post-4904","product","type-product","status-publish","has-post-thumbnail","hentry","product_cat-hoteis"],"acf":[],"yoast_head":"<!-- This site is optimized with the Yoast SEO Premium plugin v16.0.2 (Yoast SEO v21.2) - https:\/\/yoast.com\/wordpress\/plugins\/seo\/ -->\n<title>Hotel Resort Fazenda 3 Pinheiros - Clube Moms<\/title>\n<meta name=\"description\" content=\"O Hotel Fazenda 3 Pinheiros \u00e9 um dos mais antigos do Pa\u00eds em sua categoria. Cercado por uma Natureza exuberante e diversos ambientes de lazer, esporte e divers\u00e3o para toda a fam\u00edlia curtir e relaxar.\" \/>\n<meta name=\"robots\" content=\"index, follow, max-snippet:-1, max-image-preview:large, max-video-preview:-1\" \/>\n<link rel=\"canonical\" href=\"https:\/\/clubedeviagensmoms.com.br\/homolog\/produto\/hotel-resort-fazenda-3-pinheiros\/\" \/>\n<meta property=\"og:locale\" content=\"pt_BR\" \/>\n<meta property=\"og:type\" content=\"article\" \/>\n<meta property=\"og:title\" content=\"Hotel Resort Fazenda 3 Pinheiros - Clube Moms\" \/>\n<meta property=\"og:description\" content=\"O Hotel Fazenda 3 Pinheiros \u00e9 um dos mais antigos do Pa\u00eds em sua categoria. Cercado por uma Natureza exuberante e diversos ambientes de lazer, esporte e divers\u00e3o para toda a fam\u00edlia curtir e relaxar.\" \/>\n<meta property=\"og:url\" content=\"https:\/\/clubedeviagensmoms.com.br\/homolog\/produto\/hotel-resort-fazenda-3-pinheiros\/\" \/>\n<meta property=\"og:site_name\" content=\"Clube Moms\" \/>\n<meta property=\"article:modified_time\" content=\"2023-08-30T15:25:49+00:00\" \/>\n<meta property=\"og:image\" content=\"https:\/\/clubedeviagensmoms.com.br\/homolog\/wp-content\/uploads\/2023\/04\/hotel-07.5721f647.jpg\" \/>\n\t<meta property=\"og:image:width\" content=\"2048\" \/>\n\t<meta property=\"og:image:height\" content=\"1152\" \/>\n\t<meta property=\"og:image:type\" content=\"image\/jpeg\" \/>\n<meta name=\"twitter:card\" content=\"summary_large_image\" \/>\n<meta name=\"twitter:label1\" content=\"Est. tempo de leitura\" \/>\n\t<meta name=\"twitter:data1\" content=\"1 minuto\" \/>\n<script type=\"application\/ld+json\" class=\"yoast-schema-graph\">{\"@context\":\"https:\/\/schema.org\",\"@graph\":[{\"@type\":\"WebPage\",\"@id\":\"https:\/\/clubedeviagensmoms.com.br\/homolog\/produto\/hotel-resort-fazenda-3-pinheiros\/\",\"url\":\"https:\/\/clubedeviagensmoms.com.br\/homolog\/produto\/hotel-resort-fazenda-3-pinheiros\/\",\"name\":\"Hotel Resort Fazenda 3 Pinheiros - Clube Moms\",\"isPartOf\":{\"@id\":\"https:\/\/clubedeviagensmoms.com.br\/homolog\/#website\"},\"datePublished\":\"2023-04-11T19:41:22+00:00\",\"dateModified\":\"2023-08-30T15:25:49+00:00\",\"description\":\"O Hotel Fazenda 3 Pinheiros \u00e9 um dos mais antigos do Pa\u00eds em sua categoria. Cercado por uma Natureza exuberante e diversos ambientes de lazer, esporte e divers\u00e3o para toda a fam\u00edlia curtir e relaxar.\",\"breadcrumb\":{\"@id\":\"https:\/\/clubedeviagensmoms.com.br\/homolog\/produto\/hotel-resort-fazenda-3-pinheiros\/#breadcrumb\"},\"inLanguage\":\"pt-BR\",\"potentialAction\":[{\"@type\":\"ReadAction\",\"target\":[\"https:\/\/clubedeviagensmoms.com.br\/homolog\/produto\/hotel-resort-fazenda-3-pinheiros\/\"]}]},{\"@type\":\"BreadcrumbList\",\"@id\":\"https:\/\/clubedeviagensmoms.com.br\/homolog\/produto\/hotel-resort-fazenda-3-pinheiros\/#breadcrumb\",\"itemListElement\":[{\"@type\":\"ListItem\",\"position\":1,\"name\":\"Home\",\"item\":\"https:\/\/clubedeviagensmoms.com.br\/homolog\/\"},{\"@type\":\"ListItem\",\"position\":2,\"name\":\"Vamos Viajar\",\"item\":\"https:\/\/clubedeviagensmoms.com.br\/homolog\/shop\/\"},{\"@type\":\"ListItem\",\"position\":3,\"name\":\"Hotel Resort Fazenda 3 Pinheiros\"}]},{\"@type\":\"WebSite\",\"@id\":\"https:\/\/clubedeviagensmoms.com.br\/homolog\/#website\",\"url\":\"https:\/\/clubedeviagensmoms.com.br\/homolog\/\",\"name\":\"Clube Moms\",\"description\":\"O Clube Moms \u00e9 uma ag\u00eancia de turismo com foco em fam\u00edlias com crian\u00e7as, que uno os conceitos de Consultoria Especializada e Clube de Vantagens.\",\"potentialAction\":[{\"@type\":\"SearchAction\",\"target\":{\"@type\":\"EntryPoint\",\"urlTemplate\":\"https:\/\/clubedeviagensmoms.com.br\/homolog\/?s={search_term_string}\"},\"query-input\":\"required name=search_term_string\"}],\"inLanguage\":\"pt-BR\"}]}<\/script>\n<!-- \/ Yoast SEO Premium plugin. -->","yoast_head_json":{"title":"Hotel Resort Fazenda 3 Pinheiros - Clube Moms","description":"O Hotel Fazenda 3 Pinheiros \u00e9 um dos mais antigos do Pa\u00eds em sua categoria. Cercado por uma Natureza exuberante e diversos ambientes de lazer, esporte e divers\u00e3o para toda a fam\u00edlia curtir e relaxar.","robots":{"index":"index","follow":"follow","max-snippet":"max-snippet:-1","max-image-preview":"max-image-preview:large","max-video-preview":"max-video-preview:-1"},"canonical":"https:\/\/clubedeviagensmoms.com.br\/homolog\/produto\/hotel-resort-fazenda-3-pinheiros\/","og_locale":"pt_BR","og_type":"article","og_title":"Hotel Resort Fazenda 3 Pinheiros - Clube Moms","og_description":"O Hotel Fazenda 3 Pinheiros \u00e9 um dos mais antigos do Pa\u00eds em sua categoria. Cercado por uma Natureza exuberante e diversos ambientes de lazer, esporte e divers\u00e3o para toda a fam\u00edlia curtir e relaxar.","og_url":"https:\/\/clubedeviagensmoms.com.br\/homolog\/produto\/hotel-resort-fazenda-3-pinheiros\/","og_site_name":"Clube Moms","article_modified_time":"2023-08-30T15:25:49+00:00","og_image":[{"width":2048,"height":1152,"url":"https:\/\/clubedeviagensmoms.com.br\/homolog\/wp-content\/uploads\/2023\/04\/hotel-07.5721f647.jpg","type":"image\/jpeg"}],"twitter_card":"summary_large_image","twitter_misc":{"Est. tempo de leitura":"1 minuto"},"schema":{"@context":"https:\/\/schema.org","@graph":[{"@type":"WebPage","@id":"https:\/\/clubedeviagensmoms.com.br\/homolog\/produto\/hotel-resort-fazenda-3-pinheiros\/","url":"https:\/\/clubedeviagensmoms.com.br\/homolog\/produto\/hotel-resort-fazenda-3-pinheiros\/","name":"Hotel Resort Fazenda 3 Pinheiros - Clube Moms","isPartOf":{"@id":"https:\/\/clubedeviagensmoms.com.br\/homolog\/#website"},"datePublished":"2023-04-11T19:41:22+00:00","dateModified":"2023-08-30T15:25:49+00:00","description":"O Hotel Fazenda 3 Pinheiros \u00e9 um dos mais antigos do Pa\u00eds em sua categoria. Cercado por uma Natureza exuberante e diversos ambientes de lazer, esporte e divers\u00e3o para toda a fam\u00edlia curtir e relaxar.","breadcrumb":{"@id":"https:\/\/clubedeviagensmoms.com.br\/homolog\/produto\/hotel-resort-fazenda-3-pinheiros\/#breadcrumb"},"inLanguage":"pt-BR","potentialAction":[{"@type":"ReadAction","target":["https:\/\/clubedeviagensmoms.com.br\/homolog\/produto\/hotel-resort-fazenda-3-pinheiros\/"]}]},{"@type":"BreadcrumbList","@id":"https:\/\/clubedeviagensmoms.com.br\/homolog\/produto\/hotel-resort-fazenda-3-pinheiros\/#breadcrumb","itemListElement":[{"@type":"ListItem","position":1,"name":"Home","item":"https:\/\/clubedeviagensmoms.com.br\/homolog\/"},{"@type":"ListItem","position":2,"name":"Vamos Viajar","item":"https:\/\/clubedeviagensmoms.com.br\/homolog\/shop\/"},{"@type":"ListItem","position":3,"name":"Hotel Resort Fazenda 3 Pinheiros"}]},{"@type":"WebSite","@id":"https:\/\/clubedeviagensmoms.com.br\/homolog\/#website","url":"https:\/\/clubedeviagensmoms.com.br\/homolog\/","name":"Clube Moms","description":"O Clube Moms \u00e9 uma ag\u00eancia de turismo com foco em fam\u00edlias com crian\u00e7as, que uno os conceitos de Consultoria Especializada e Clube de Vantagens.","potentialAction":[{"@type":"SearchAction","target":{"@type":"EntryPoint","urlTemplate":"https:\/\/clubedeviagensmoms.com.br\/homolog\/?s={search_term_string}"},"query-input":"required name=search_term_string"}],"inLanguage":"pt-BR"}]}},"_links":{"self":[{"href":"https:\/\/clubedeviagensmoms.com.br\/homolog\/wp-json\/wp\/v2\/product\/4904","targetHints":{"allow":["GET"]}}],"collection":[{"href":"https:\/\/clubedeviagensmoms.com.br\/homolog\/wp-json\/wp\/v2\/product"}],"about":[{"href":"https:\/\/clubedeviagensmoms.com.br\/homolog\/wp-json\/wp\/v2\/types\/product"}],"replies":[{"embeddable":true,"href":"https:\/\/clubedeviagensmoms.com.br\/homolog\/wp-json\/wp\/v2\/comments?post=4904"}],"wp:featuredmedia":[{"embeddable":true,"href":"https:\/\/clubedeviagensmoms.com.br\/homolog\/wp-json\/wp\/v2\/media\/4906"}],"wp:attachment":[{"href":"https:\/\/clubedeviagensmoms.com.br\/homolog\/wp-json\/wp\/v2\/media?parent=4904"}],"wp:term":[{"taxonomy":"product_cat","embeddable":true,"href":"https:\/\/clubedeviagensmoms.com.br\/homolog\/wp-json\/wp\/v2\/product_cat?post=4904"},{"taxonomy":"product_tag","embeddable":true,"href":"https:\/\/clubedeviagensmoms.com.br\/homolog\/wp-json\/wp\/v2\/product_tag?post=4904"}],"curies":[{"name":"wp","href":"https:\/\/api.w.org\/{rel}","templated":true}]}}