{"id":4974,"date":"2023-05-02T11:33:27","date_gmt":"2023-05-02T14:33:27","guid":{"rendered":"http:\/\/clubedeviagensmoms.com.br\/homolog\/?post_type=product&#038;p=4974"},"modified":"2023-08-30T12:25:26","modified_gmt":"2023-08-30T15:25:26","slug":"hotel-estacao-engenheiro-passos","status":"publish","type":"product","link":"https:\/\/clubedeviagensmoms.com.br\/homolog\/produto\/hotel-estacao-engenheiro-passos\/","title":{"rendered":"Hotel Esta\u00e7\u00e3o Engenheiro Passos"},"content":{"rendered":"<h1>Hotel Esta\u00e7\u00e3o Engenheiro Passos<\/h1>\n<p class=\"x1qodse3\" dir=\"auto\">Situado em Resende, a 13 km do Est\u00e1dio Municipal Ant\u00f4nio Correa, o Hotel Esta\u00e7\u00e3o Engenheiro Passos oferece acomoda\u00e7\u00f5es com restaurante, estacionamento privativo gratuito, piscina ao ar livre e bar.<\/p>\n<p class=\"x1qodse3\" dir=\"auto\">A 26 km do Museu Finland\u00eas e a 29 km da Cachoeira de Deus, a propriedade oferece lounge compartilhado, jardim, equipe de entretenimento e quartos fam\u00edlia.<\/p>\n<p class=\"x1qodse3\" dir=\"auto\">Os quartos disp\u00f5em de ar-condicionado, mesa de trabalho, TV de tela plana, banheiro privativo, roupa de cama, toalhas, guarda-roupa e varanda t\u00e9rrea com vista do lago.<\/p>\n<p class=\"x1qodse3\" dir=\"auto\">O Hotel Esta\u00e7\u00e3o Engenheiro Passos serve caf\u00e9 da manh\u00e3 em estilo buffet ou americano. H\u00e1 um parquinho infantil no local, voc\u00ea pode jogar bilhar, e a \u00e1rea \u00e9 famosa por trilhas a p\u00e9 e ciclismo. O hotel fica a 13 km da Igreja Matiz e a 28 km da \u00c1rea de Prote\u00e7\u00e3o Ambiental Serrinha do Alambari.<\/p>\n<p class=\"x1qodse3\" dir=\"auto\">O aeroporto mais pr\u00f3ximo \u00e9 o Aeroporto de S\u00e3o Jos\u00e9 dos Campos, a 155 km do Hotel Esta\u00e7\u00e3o Engenheiro Passos.<\/p>\n<p dir=\"auto\">Tipo de regime: Pens\u00e3o completa (caf\u00e9 da manh\u00e3, almo\u00e7o , ch\u00e1 da tarde e jantar) com bebidas a parte.<\/p>\n<p class=\"x1qodse3\" dir=\"auto\"><b>??Mimo Moms<\/b><\/p>\n<p class=\"x1qodse3\" dir=\"auto\">Voucher de R$100,00 de consuma\u00e7\u00e3o para ser gasto no per\u00edodo da estada \/\/ 2 crian\u00e7as at\u00e9 12 anos.<\/p>\n<p>Lazer<\/p>\n<p>Restaurante Buffet Livre<\/p>\n<p>Spa e piscina<\/p>\n<p>Passeio a Cavalo<\/p>\n<p>Sa\u00fana<\/p>\n<p>Lago de Pesca<\/p>\n<p>Wi-Fi em \u00e1reas espec\u00edficas<\/p>\n<p>Quartos com varandas<\/p>\n<p>Banho de Rio<\/p>\n<p>Decora\u00e7\u00e3o Vintage<\/p>\n<p>Trilhas e Mirante<\/p>\n<p>Animais de estima\u00e7\u00e3o permitidos<\/p>\n<p>Fazendinha<\/p>\n<p>M\u00fasica ao vivo aos s\u00e1bados<\/p>\n<p>Se voc\u00ea ainda n\u00e3o conhece nossas redes sociais, vem dar uma conferida no nosso\u00a0<a href=\"https:\/\/www.instagram.com\/clubedeviagensmoms\/\">Instagram<\/a>\u00a0e ao mesmo tempo na nossa\u00a0<a href=\"https:\/\/www.facebook.com\/ClubeDeViagensMoms\/?hc_ref=ARREVFAUN6kemqQPikWPR6yOVqfolWuZ4Gm2u6EX4fJ2-jyHER8eDB5si8DvGkabbOE&amp;fref=nf&amp;__xts__[0]=68.ARAXJqd_Jm68dG9qh_a7A_hAS8hHGdRg1Cq8Je9my1EPnGBRo26TI37xs6IY6NhynKSzyIDhPcBRqvr6Nzuwi7g2W4UPO84T0-vU7mWKXia_C51FzzqVsE3HthHbuQetTo9gapY&amp;__tn__=kC-R\">p\u00e1gina do Facebook<\/a>! Ainda temos um\u00a0<a href=\"https:\/\/www.facebook.com\/groups\/clubedeviagensmoms\/\">grupo do Facebook<\/a>, portanto, venha fazer arte!<\/p>\n<p>Afim de conferir nossos outros hot\u00e9is parceiros, clique\u00a0<a href=\"http:\/\/clubedeviagensmoms.com.br\/homolog\/vamos-viajar\/hoteis\/\" target=\"_blank\" rel=\"noopener noreferrer\">aqui<\/a>!<\/p>\n","protected":false},"excerpt":{"rendered":"<p>Hotel Esta\u00e7\u00e3o Engenheiro Passos Situado em Resende, a 13 km do Est\u00e1dio Municipal Ant\u00f4nio Correa, o Hotel Esta\u00e7\u00e3o Engenheiro Passos oferece acomoda\u00e7\u00f5es com restaurante, estacionamento privativo gratuito, piscina ao ar livre e bar. A 26 km do Museu Finland\u00eas e a 29 km da Cachoeira de Deus, a propriedade oferece lounge compartilhado, jardim, equipe de [&hellip;]<\/p>\n","protected":false},"featured_media":4975,"comment_status":"open","ping_status":"closed","template":"","meta":[],"product_cat":[21],"product_tag":[],"class_list":["post-4974","product","type-product","status-publish","has-post-thumbnail","hentry","product_cat-hoteis"],"acf":[],"yoast_head":"<!-- This site is optimized with the Yoast SEO Premium plugin v16.0.2 (Yoast SEO v21.2) - https:\/\/yoast.com\/wordpress\/plugins\/seo\/ -->\n<title>Hotel Esta\u00e7\u00e3o Engenheiro Passos - Clube Moms<\/title>\n<meta name=\"description\" content=\"Situado em Resende, a 13 km do Est\u00e1dio Municipal Ant\u00f4nio Correa, o Hotel oferece acomoda\u00e7\u00f5es com restaurante, estacionamento privativo gratuito, piscina ao ar livre e bar.\" \/>\n<meta name=\"robots\" content=\"index, follow, max-snippet:-1, max-image-preview:large, max-video-preview:-1\" \/>\n<link rel=\"canonical\" href=\"https:\/\/clubedeviagensmoms.com.br\/homolog\/produto\/hotel-estacao-engenheiro-passos\/\" \/>\n<meta property=\"og:locale\" content=\"pt_BR\" \/>\n<meta property=\"og:type\" content=\"article\" \/>\n<meta property=\"og:title\" content=\"Hotel Esta\u00e7\u00e3o Engenheiro Passos - Clube Moms\" \/>\n<meta property=\"og:description\" content=\"Situado em Resende, a 13 km do Est\u00e1dio Municipal Ant\u00f4nio Correa, o Hotel oferece acomoda\u00e7\u00f5es com restaurante, estacionamento privativo gratuito, piscina ao ar livre e bar.\" \/>\n<meta property=\"og:url\" content=\"https:\/\/clubedeviagensmoms.com.br\/homolog\/produto\/hotel-estacao-engenheiro-passos\/\" \/>\n<meta property=\"og:site_name\" content=\"Clube Moms\" \/>\n<meta property=\"article:modified_time\" content=\"2023-08-30T15:25:26+00:00\" \/>\n<meta property=\"og:image\" content=\"https:\/\/clubedeviagensmoms.com.br\/homolog\/wp-content\/uploads\/2023\/05\/IMG_7049-scaled.jpg\" \/>\n\t<meta property=\"og:image:width\" content=\"2560\" \/>\n\t<meta property=\"og:image:height\" content=\"1707\" \/>\n\t<meta property=\"og:image:type\" content=\"image\/jpeg\" \/>\n<meta name=\"twitter:card\" content=\"summary_large_image\" \/>\n<meta name=\"twitter:label1\" content=\"Est. tempo de leitura\" \/>\n\t<meta name=\"twitter:data1\" content=\"2 minutos\" \/>\n<script type=\"application\/ld+json\" class=\"yoast-schema-graph\">{\"@context\":\"https:\/\/schema.org\",\"@graph\":[{\"@type\":\"WebPage\",\"@id\":\"https:\/\/clubedeviagensmoms.com.br\/homolog\/produto\/hotel-estacao-engenheiro-passos\/\",\"url\":\"https:\/\/clubedeviagensmoms.com.br\/homolog\/produto\/hotel-estacao-engenheiro-passos\/\",\"name\":\"Hotel Esta\u00e7\u00e3o Engenheiro Passos - Clube Moms\",\"isPartOf\":{\"@id\":\"https:\/\/clubedeviagensmoms.com.br\/homolog\/#website\"},\"datePublished\":\"2023-05-02T14:33:27+00:00\",\"dateModified\":\"2023-08-30T15:25:26+00:00\",\"description\":\"Situado em Resende, a 13 km do Est\u00e1dio Municipal Ant\u00f4nio Correa, o Hotel oferece acomoda\u00e7\u00f5es com restaurante, estacionamento privativo gratuito, piscina ao ar livre e bar.\",\"breadcrumb\":{\"@id\":\"https:\/\/clubedeviagensmoms.com.br\/homolog\/produto\/hotel-estacao-engenheiro-passos\/#breadcrumb\"},\"inLanguage\":\"pt-BR\",\"potentialAction\":[{\"@type\":\"ReadAction\",\"target\":[\"https:\/\/clubedeviagensmoms.com.br\/homolog\/produto\/hotel-estacao-engenheiro-passos\/\"]}]},{\"@type\":\"BreadcrumbList\",\"@id\":\"https:\/\/clubedeviagensmoms.com.br\/homolog\/produto\/hotel-estacao-engenheiro-passos\/#breadcrumb\",\"itemListElement\":[{\"@type\":\"ListItem\",\"position\":1,\"name\":\"Home\",\"item\":\"https:\/\/clubedeviagensmoms.com.br\/homolog\/\"},{\"@type\":\"ListItem\",\"position\":2,\"name\":\"Vamos Viajar\",\"item\":\"https:\/\/clubedeviagensmoms.com.br\/homolog\/shop\/\"},{\"@type\":\"ListItem\",\"position\":3,\"name\":\"Hotel Esta\u00e7\u00e3o Engenheiro Passos\"}]},{\"@type\":\"WebSite\",\"@id\":\"https:\/\/clubedeviagensmoms.com.br\/homolog\/#website\",\"url\":\"https:\/\/clubedeviagensmoms.com.br\/homolog\/\",\"name\":\"Clube Moms\",\"description\":\"O Clube Moms \u00e9 uma ag\u00eancia de turismo com foco em fam\u00edlias com crian\u00e7as, que uno os conceitos de Consultoria Especializada e Clube de Vantagens.\",\"potentialAction\":[{\"@type\":\"SearchAction\",\"target\":{\"@type\":\"EntryPoint\",\"urlTemplate\":\"https:\/\/clubedeviagensmoms.com.br\/homolog\/?s={search_term_string}\"},\"query-input\":\"required name=search_term_string\"}],\"inLanguage\":\"pt-BR\"}]}<\/script>\n<!-- \/ Yoast SEO Premium plugin. -->","yoast_head_json":{"title":"Hotel Esta\u00e7\u00e3o Engenheiro Passos - Clube Moms","description":"Situado em Resende, a 13 km do Est\u00e1dio Municipal Ant\u00f4nio Correa, o Hotel oferece acomoda\u00e7\u00f5es com restaurante, estacionamento privativo gratuito, piscina ao ar livre e bar.","robots":{"index":"index","follow":"follow","max-snippet":"max-snippet:-1","max-image-preview":"max-image-preview:large","max-video-preview":"max-video-preview:-1"},"canonical":"https:\/\/clubedeviagensmoms.com.br\/homolog\/produto\/hotel-estacao-engenheiro-passos\/","og_locale":"pt_BR","og_type":"article","og_title":"Hotel Esta\u00e7\u00e3o Engenheiro Passos - Clube Moms","og_description":"Situado em Resende, a 13 km do Est\u00e1dio Municipal Ant\u00f4nio Correa, o Hotel oferece acomoda\u00e7\u00f5es com restaurante, estacionamento privativo gratuito, piscina ao ar livre e bar.","og_url":"https:\/\/clubedeviagensmoms.com.br\/homolog\/produto\/hotel-estacao-engenheiro-passos\/","og_site_name":"Clube Moms","article_modified_time":"2023-08-30T15:25:26+00:00","og_image":[{"width":2560,"height":1707,"url":"https:\/\/clubedeviagensmoms.com.br\/homolog\/wp-content\/uploads\/2023\/05\/IMG_7049-scaled.jpg","type":"image\/jpeg"}],"twitter_card":"summary_large_image","twitter_misc":{"Est. tempo de leitura":"2 minutos"},"schema":{"@context":"https:\/\/schema.org","@graph":[{"@type":"WebPage","@id":"https:\/\/clubedeviagensmoms.com.br\/homolog\/produto\/hotel-estacao-engenheiro-passos\/","url":"https:\/\/clubedeviagensmoms.com.br\/homolog\/produto\/hotel-estacao-engenheiro-passos\/","name":"Hotel Esta\u00e7\u00e3o Engenheiro Passos - Clube Moms","isPartOf":{"@id":"https:\/\/clubedeviagensmoms.com.br\/homolog\/#website"},"datePublished":"2023-05-02T14:33:27+00:00","dateModified":"2023-08-30T15:25:26+00:00","description":"Situado em Resende, a 13 km do Est\u00e1dio Municipal Ant\u00f4nio Correa, o Hotel oferece acomoda\u00e7\u00f5es com restaurante, estacionamento privativo gratuito, piscina ao ar livre e bar.","breadcrumb":{"@id":"https:\/\/clubedeviagensmoms.com.br\/homolog\/produto\/hotel-estacao-engenheiro-passos\/#breadcrumb"},"inLanguage":"pt-BR","potentialAction":[{"@type":"ReadAction","target":["https:\/\/clubedeviagensmoms.com.br\/homolog\/produto\/hotel-estacao-engenheiro-passos\/"]}]},{"@type":"BreadcrumbList","@id":"https:\/\/clubedeviagensmoms.com.br\/homolog\/produto\/hotel-estacao-engenheiro-passos\/#breadcrumb","itemListElement":[{"@type":"ListItem","position":1,"name":"Home","item":"https:\/\/clubedeviagensmoms.com.br\/homolog\/"},{"@type":"ListItem","position":2,"name":"Vamos Viajar","item":"https:\/\/clubedeviagensmoms.com.br\/homolog\/shop\/"},{"@type":"ListItem","position":3,"name":"Hotel Esta\u00e7\u00e3o Engenheiro Passos"}]},{"@type":"WebSite","@id":"https:\/\/clubedeviagensmoms.com.br\/homolog\/#website","url":"https:\/\/clubedeviagensmoms.com.br\/homolog\/","name":"Clube Moms","description":"O Clube Moms \u00e9 uma ag\u00eancia de turismo com foco em fam\u00edlias com crian\u00e7as, que uno os conceitos de Consultoria Especializada e Clube de Vantagens.","potentialAction":[{"@type":"SearchAction","target":{"@type":"EntryPoint","urlTemplate":"https:\/\/clubedeviagensmoms.com.br\/homolog\/?s={search_term_string}"},"query-input":"required name=search_term_string"}],"inLanguage":"pt-BR"}]}},"_links":{"self":[{"href":"https:\/\/clubedeviagensmoms.com.br\/homolog\/wp-json\/wp\/v2\/product\/4974","targetHints":{"allow":["GET"]}}],"collection":[{"href":"https:\/\/clubedeviagensmoms.com.br\/homolog\/wp-json\/wp\/v2\/product"}],"about":[{"href":"https:\/\/clubedeviagensmoms.com.br\/homolog\/wp-json\/wp\/v2\/types\/product"}],"replies":[{"embeddable":true,"href":"https:\/\/clubedeviagensmoms.com.br\/homolog\/wp-json\/wp\/v2\/comments?post=4974"}],"wp:featuredmedia":[{"embeddable":true,"href":"https:\/\/clubedeviagensmoms.com.br\/homolog\/wp-json\/wp\/v2\/media\/4975"}],"wp:attachment":[{"href":"https:\/\/clubedeviagensmoms.com.br\/homolog\/wp-json\/wp\/v2\/media?parent=4974"}],"wp:term":[{"taxonomy":"product_cat","embeddable":true,"href":"https:\/\/clubedeviagensmoms.com.br\/homolog\/wp-json\/wp\/v2\/product_cat?post=4974"},{"taxonomy":"product_tag","embeddable":true,"href":"https:\/\/clubedeviagensmoms.com.br\/homolog\/wp-json\/wp\/v2\/product_tag?post=4974"}],"curies":[{"name":"wp","href":"https:\/\/api.w.org\/{rel}","templated":true}]}}