{"id":5032,"date":"2023-07-18T16:48:30","date_gmt":"2023-07-18T19:48:30","guid":{"rendered":"http:\/\/clubedeviagensmoms.com.br\/homolog\/?post_type=product&#038;p=5032"},"modified":"2023-09-04T11:15:25","modified_gmt":"2023-09-04T14:15:25","slug":"pacote-santiago-chile","status":"publish","type":"product","link":"https:\/\/clubedeviagensmoms.com.br\/homolog\/produto\/pacote-santiago-chile\/","title":{"rendered":"PACOTE SANTIAGO &#8211; CHILE"},"content":{"rendered":"<h3>Super pacote Santiago &#8211; Chile!<\/h3>\n<p>Chame toda a fam\u00edlia para uma aventura inesquec\u00edvel em Santiago, Chile! \u2708\ud83c\udf1f<\/p>\n<p>Prepare-se para explorar a vibrante capital chilena no feriado de Novembro!<\/p>\n<p>Aproveite essa oportunidade de criar mem\u00f3rias enquanto descobrem belezas naturais, uma cultura vibrante e a rica hist\u00f3ria de Santiago. Desde vistas panor\u00e2micas da deslumbrante Cordilheira dos Andes at\u00e9 os encantadores mercados locais, todo mundo vai AMAR!<\/p>\n<p>Confira \u2b07<\/p>\n<h4>\u270514 a 19 de novembro 2023<\/h4>\n<h4>\ud83d\udd39A\u00e9reo pela LATAM (voo direto)<\/h4>\n<h4>\ud83d\udd395 Noites com Caf\u00e9 da manh\u00e3<\/h4>\n<h4>\ud83d\udd39Transfer Ida e Volta do Aeroporto para o Hotel<\/h4>\n<p>\u2708A\u00e9reo: LATAM<\/p>\n<p>IDA:14\/11<\/p>\n<p>RIO (GIG) &#8211; SANTIAGO (SCL)<\/p>\n<p>sa\u00edda do Rio 17:10 hrs &#8211; chegada em Santiago 21:57 hrs<\/p>\n<p>Voo direto<\/p>\n<p>VOLTA: 19\/11<\/p>\n<p>SANTIAGO (SCL) &#8211; RIO (GIG)<\/p>\n<p>sa\u00edda de Santiago 15:02 hrs &#8211; chegada no Rio 19:15 hrs<\/p>\n<p>Voo direto<\/p>\n<h4>\ud83c\udfe9Holiday Inn Express Santiago Las Condes, com caf\u00e9 da manh\u00e3<\/h4>\n<p>Hotel moderno e confort\u00e1vel. Localizado no bairro de Los Condes, ele fica numa \u00e1rea financeira, com uma infinidade de escrit\u00f3rios e restaurantes incr\u00edveis por perto. E a esta\u00e7\u00e3o de metr\u00f4 Tobalaba fica a 10 minutos de caminhada. Outro destaque \u00e9 a proximidade do hotel com o Costanera Center, o maior shopping center do Chile. L\u00e1 voc\u00ea encontra uma infinidade de lojas, restaurantes, cinemas e at\u00e9 mesmo uma vista panor\u00e2mica deslumbrante de Santiago a partir do mirante do edif\u00edcio. E pra come\u00e7ar o dia com o p\u00e9 direito, o hotel oferece um caf\u00e9 da manh\u00e3.<\/p>\n<p>Obs: Podemos ver outras op\u00e7\u00f5es de hotel nesse bloqueio de a\u00e9reo, de acordo com o perfil da sua fam\u00edlia. \ud83d\ude09<\/p>\n<p>Valores:<\/p>\n<h4>\ud83d\udd38R$8.817,80, a partir de para 2 adultos<\/h4>\n<h4>\ud83d\udd38R$11.604,50, a partir de para 2 adultos + 1 crian\u00e7a de at\u00e9 11 anos<\/h4>\n<h4>\ud83d\udd38 R$14.391,20, a partir de para 2 adultos + 2 crian\u00e7as de at\u00e9 11 anos<\/h4>\n<p>*Cota\u00e7\u00e3o feita em 12\/07\/2023 em quarto categoria Double e Twin city view; de acordo com as configura\u00e7\u00f5es citadas.<\/p>\n<p>\ud83d\udcb3Pagamento em at\u00e9 10x sem juros no ato da reserva<\/p>\n<p>\u26a0As tarifas podem sofrer altera\u00e7\u00e3o a qualquer momento e est\u00e3o sujeitas a disponibilidade<\/p>\n<p>N\u00e3o perca a oportunidade deste Pacote Santiago &#8211; Chile!!<\/p>\n<p><img decoding=\"async\" class=\"emoji\" role=\"img\" draggable=\"false\" src=\"https:\/\/s.w.org\/images\/core\/emoji\/14.0.0\/svg\/1f4f1.svg\" alt=\"?\" data-pagespeed-url-hash=\"1527356043\" \/>RESERVAS: Fale com a nossa equipe atrav\u00e9s do\u00a0<a href=\"https:\/\/api.whatsapp.com\/send?phone=552120420717&amp;text=Oi!%20Gostaria%20de%20fazer%20uma%20cota%C3%A7%C3%A3o%20\">WhatsApp<\/a><\/p>\n<p>J\u00e1 acompanha o Clube Moms nas redes sociais? Venha conferir o nosso\u00a0<a href=\"https:\/\/www.instagram.com\/clubedeviagensmoms\/\">Instagram\u00a0<\/a>com muitas dicas de viagem, al\u00e9m disso, curta tamb\u00e9m a nossa\u00a0<a href=\"https:\/\/www.facebook.com\/ClubeDeViagensMoms\/?hc_ref=ARREVFAUN6kemqQPikWPR6yOVqfolWuZ4Gm2u6EX4fJ2-jyHER8eDB5si8DvGkabbOE&amp;fref=nf&amp;__xts__[0]=68.ARAXJqd_Jm68dG9qh_a7A_hAS8hHGdRg1Cq8Je9my1EPnGBRo26TI37xs6IY6NhynKSzyIDhPcBRqvr6Nzuwi7g2W4UPO84T0-vU7mWKXia_C51FzzqVsE3HthHbuQetTo9gapY&amp;__tn__=kC-R\">p\u00e1gina do Facebook\u00a0\u00a0<\/a>e participe do nosso\u00a0<a href=\"https:\/\/www.facebook.com\/groups\/clubedeviagensmoms\/\">grupo do Facebook<\/a>\u00a0para saber sobre mais ofertas especiais.<\/p>\n<p>Caso queria conferir outras oportunidades, clique\u00a0<a href=\"http:\/\/clubedeviagensmoms.com.br\/homolog\/vamos-viajar\/hoteis\/\" target=\"_blank\" rel=\"noopener noreferrer\">aqui<\/a>\u00a0e verifique a nossa lista de hot\u00e9is parceiros.<\/p>\n","protected":false},"excerpt":{"rendered":"<p>Super pacote Santiago &#8211; Chile! Chame toda a fam\u00edlia para uma aventura inesquec\u00edvel em Santiago, Chile! \u2708\ud83c\udf1f Prepare-se para explorar a vibrante capital chilena no feriado de Novembro! Aproveite essa oportunidade de criar mem\u00f3rias enquanto descobrem belezas naturais, uma cultura vibrante e a rica hist\u00f3ria de Santiago. Desde vistas panor\u00e2micas da deslumbrante Cordilheira dos Andes [&hellip;]<\/p>\n","protected":false},"featured_media":5033,"comment_status":"closed","ping_status":"closed","template":"","meta":[],"product_cat":[20,19],"product_tag":[139,669,112,668,140,38],"class_list":["post-5032","product","type-product","status-publish","has-post-thumbnail","hentry","product_cat-ofertas-especiais","product_cat-pacotes-internacionais","product_tag-chile","product_tag-holiday-inn-express-santiago-las-condes","product_tag-pacote","product_tag-pacote-internacional","product_tag-santiago","product_tag-viagem"],"acf":[],"yoast_head":"<!-- This site is optimized with the Yoast SEO Premium plugin v16.0.2 (Yoast SEO v21.2) - https:\/\/yoast.com\/wordpress\/plugins\/seo\/ -->\n<title>PACOTE SANTIAGO - CHILE - Clube Moms<\/title>\n<meta name=\"description\" content=\"PACOTE SANTIAGO - CHILE: Chame toda a fam\u00edlia para uma aventura inesquec\u00edvel em Santiago, Chile! Prepare-se para explorar a vibrante capital chilena.\" \/>\n<meta name=\"robots\" content=\"index, follow, max-snippet:-1, max-image-preview:large, max-video-preview:-1\" \/>\n<link rel=\"canonical\" href=\"https:\/\/clubedeviagensmoms.com.br\/homolog\/produto\/pacote-santiago-chile\/\" \/>\n<meta property=\"og:locale\" content=\"pt_BR\" \/>\n<meta property=\"og:type\" content=\"article\" \/>\n<meta property=\"og:title\" content=\"PACOTE SANTIAGO - CHILE - Clube Moms\" \/>\n<meta property=\"og:description\" content=\"PACOTE SANTIAGO - CHILE: Chame toda a fam\u00edlia para uma aventura inesquec\u00edvel em Santiago, Chile! Prepare-se para explorar a vibrante capital chilena.\" \/>\n<meta property=\"og:url\" content=\"https:\/\/clubedeviagensmoms.com.br\/homolog\/produto\/pacote-santiago-chile\/\" \/>\n<meta property=\"og:site_name\" content=\"Clube Moms\" \/>\n<meta property=\"article:modified_time\" content=\"2023-09-04T14:15:25+00:00\" \/>\n<meta property=\"og:image\" content=\"https:\/\/clubedeviagensmoms.com.br\/homolog\/wp-content\/uploads\/2023\/07\/6-1024x576.jpg\" \/>\n\t<meta property=\"og:image:width\" content=\"1024\" \/>\n\t<meta property=\"og:image:height\" content=\"576\" \/>\n\t<meta property=\"og:image:type\" content=\"image\/jpeg\" \/>\n<meta name=\"twitter:card\" content=\"summary_large_image\" \/>\n<meta name=\"twitter:label1\" content=\"Est. tempo de leitura\" \/>\n\t<meta name=\"twitter:data1\" content=\"3 minutos\" \/>\n<script type=\"application\/ld+json\" class=\"yoast-schema-graph\">{\"@context\":\"https:\/\/schema.org\",\"@graph\":[{\"@type\":\"WebPage\",\"@id\":\"https:\/\/clubedeviagensmoms.com.br\/homolog\/produto\/pacote-santiago-chile\/\",\"url\":\"https:\/\/clubedeviagensmoms.com.br\/homolog\/produto\/pacote-santiago-chile\/\",\"name\":\"PACOTE SANTIAGO - CHILE - Clube Moms\",\"isPartOf\":{\"@id\":\"https:\/\/clubedeviagensmoms.com.br\/homolog\/#website\"},\"datePublished\":\"2023-07-18T19:48:30+00:00\",\"dateModified\":\"2023-09-04T14:15:25+00:00\",\"description\":\"PACOTE SANTIAGO - CHILE: Chame toda a fam\u00edlia para uma aventura inesquec\u00edvel em Santiago, Chile! Prepare-se para explorar a vibrante capital chilena.\",\"breadcrumb\":{\"@id\":\"https:\/\/clubedeviagensmoms.com.br\/homolog\/produto\/pacote-santiago-chile\/#breadcrumb\"},\"inLanguage\":\"pt-BR\",\"potentialAction\":[{\"@type\":\"ReadAction\",\"target\":[\"https:\/\/clubedeviagensmoms.com.br\/homolog\/produto\/pacote-santiago-chile\/\"]}]},{\"@type\":\"BreadcrumbList\",\"@id\":\"https:\/\/clubedeviagensmoms.com.br\/homolog\/produto\/pacote-santiago-chile\/#breadcrumb\",\"itemListElement\":[{\"@type\":\"ListItem\",\"position\":1,\"name\":\"Home\",\"item\":\"https:\/\/clubedeviagensmoms.com.br\/homolog\/\"},{\"@type\":\"ListItem\",\"position\":2,\"name\":\"Vamos Viajar\",\"item\":\"https:\/\/clubedeviagensmoms.com.br\/homolog\/shop\/\"},{\"@type\":\"ListItem\",\"position\":3,\"name\":\"PACOTE SANTIAGO &#8211; CHILE\"}]},{\"@type\":\"WebSite\",\"@id\":\"https:\/\/clubedeviagensmoms.com.br\/homolog\/#website\",\"url\":\"https:\/\/clubedeviagensmoms.com.br\/homolog\/\",\"name\":\"Clube Moms\",\"description\":\"O Clube Moms \u00e9 uma ag\u00eancia de turismo com foco em fam\u00edlias com crian\u00e7as, que uno os conceitos de Consultoria Especializada e Clube de Vantagens.\",\"potentialAction\":[{\"@type\":\"SearchAction\",\"target\":{\"@type\":\"EntryPoint\",\"urlTemplate\":\"https:\/\/clubedeviagensmoms.com.br\/homolog\/?s={search_term_string}\"},\"query-input\":\"required name=search_term_string\"}],\"inLanguage\":\"pt-BR\"}]}<\/script>\n<!-- \/ Yoast SEO Premium plugin. -->","yoast_head_json":{"title":"PACOTE SANTIAGO - CHILE - Clube Moms","description":"PACOTE SANTIAGO - CHILE: Chame toda a fam\u00edlia para uma aventura inesquec\u00edvel em Santiago, Chile! Prepare-se para explorar a vibrante capital chilena.","robots":{"index":"index","follow":"follow","max-snippet":"max-snippet:-1","max-image-preview":"max-image-preview:large","max-video-preview":"max-video-preview:-1"},"canonical":"https:\/\/clubedeviagensmoms.com.br\/homolog\/produto\/pacote-santiago-chile\/","og_locale":"pt_BR","og_type":"article","og_title":"PACOTE SANTIAGO - CHILE - Clube Moms","og_description":"PACOTE SANTIAGO - CHILE: Chame toda a fam\u00edlia para uma aventura inesquec\u00edvel em Santiago, Chile! Prepare-se para explorar a vibrante capital chilena.","og_url":"https:\/\/clubedeviagensmoms.com.br\/homolog\/produto\/pacote-santiago-chile\/","og_site_name":"Clube Moms","article_modified_time":"2023-09-04T14:15:25+00:00","og_image":[{"width":1024,"height":576,"url":"https:\/\/clubedeviagensmoms.com.br\/homolog\/wp-content\/uploads\/2023\/07\/6-1024x576.jpg","type":"image\/jpeg"}],"twitter_card":"summary_large_image","twitter_misc":{"Est. tempo de leitura":"3 minutos"},"schema":{"@context":"https:\/\/schema.org","@graph":[{"@type":"WebPage","@id":"https:\/\/clubedeviagensmoms.com.br\/homolog\/produto\/pacote-santiago-chile\/","url":"https:\/\/clubedeviagensmoms.com.br\/homolog\/produto\/pacote-santiago-chile\/","name":"PACOTE SANTIAGO - CHILE - Clube Moms","isPartOf":{"@id":"https:\/\/clubedeviagensmoms.com.br\/homolog\/#website"},"datePublished":"2023-07-18T19:48:30+00:00","dateModified":"2023-09-04T14:15:25+00:00","description":"PACOTE SANTIAGO - CHILE: Chame toda a fam\u00edlia para uma aventura inesquec\u00edvel em Santiago, Chile! Prepare-se para explorar a vibrante capital chilena.","breadcrumb":{"@id":"https:\/\/clubedeviagensmoms.com.br\/homolog\/produto\/pacote-santiago-chile\/#breadcrumb"},"inLanguage":"pt-BR","potentialAction":[{"@type":"ReadAction","target":["https:\/\/clubedeviagensmoms.com.br\/homolog\/produto\/pacote-santiago-chile\/"]}]},{"@type":"BreadcrumbList","@id":"https:\/\/clubedeviagensmoms.com.br\/homolog\/produto\/pacote-santiago-chile\/#breadcrumb","itemListElement":[{"@type":"ListItem","position":1,"name":"Home","item":"https:\/\/clubedeviagensmoms.com.br\/homolog\/"},{"@type":"ListItem","position":2,"name":"Vamos Viajar","item":"https:\/\/clubedeviagensmoms.com.br\/homolog\/shop\/"},{"@type":"ListItem","position":3,"name":"PACOTE SANTIAGO &#8211; CHILE"}]},{"@type":"WebSite","@id":"https:\/\/clubedeviagensmoms.com.br\/homolog\/#website","url":"https:\/\/clubedeviagensmoms.com.br\/homolog\/","name":"Clube Moms","description":"O Clube Moms \u00e9 uma ag\u00eancia de turismo com foco em fam\u00edlias com crian\u00e7as, que uno os conceitos de Consultoria Especializada e Clube de Vantagens.","potentialAction":[{"@type":"SearchAction","target":{"@type":"EntryPoint","urlTemplate":"https:\/\/clubedeviagensmoms.com.br\/homolog\/?s={search_term_string}"},"query-input":"required name=search_term_string"}],"inLanguage":"pt-BR"}]}},"_links":{"self":[{"href":"https:\/\/clubedeviagensmoms.com.br\/homolog\/wp-json\/wp\/v2\/product\/5032","targetHints":{"allow":["GET"]}}],"collection":[{"href":"https:\/\/clubedeviagensmoms.com.br\/homolog\/wp-json\/wp\/v2\/product"}],"about":[{"href":"https:\/\/clubedeviagensmoms.com.br\/homolog\/wp-json\/wp\/v2\/types\/product"}],"replies":[{"embeddable":true,"href":"https:\/\/clubedeviagensmoms.com.br\/homolog\/wp-json\/wp\/v2\/comments?post=5032"}],"wp:featuredmedia":[{"embeddable":true,"href":"https:\/\/clubedeviagensmoms.com.br\/homolog\/wp-json\/wp\/v2\/media\/5033"}],"wp:attachment":[{"href":"https:\/\/clubedeviagensmoms.com.br\/homolog\/wp-json\/wp\/v2\/media?parent=5032"}],"wp:term":[{"taxonomy":"product_cat","embeddable":true,"href":"https:\/\/clubedeviagensmoms.com.br\/homolog\/wp-json\/wp\/v2\/product_cat?post=5032"},{"taxonomy":"product_tag","embeddable":true,"href":"https:\/\/clubedeviagensmoms.com.br\/homolog\/wp-json\/wp\/v2\/product_tag?post=5032"}],"curies":[{"name":"wp","href":"https:\/\/api.w.org\/{rel}","templated":true}]}}