{"id":5299,"date":"2023-08-07T16:26:18","date_gmt":"2023-08-07T19:26:18","guid":{"rendered":"http:\/\/clubedeviagensmoms.com.br\/homolog\/?post_type=product&#038;p=5299"},"modified":"2023-08-30T12:26:29","modified_gmt":"2023-08-30T15:26:29","slug":"dia-das-criancas-no-rochedo","status":"publish","type":"product","link":"https:\/\/clubedeviagensmoms.com.br\/homolog\/produto\/dia-das-criancas-no-rochedo\/","title":{"rendered":"DIA DAS CRIAN\u00c7AS NO ROCHEDO"},"content":{"rendered":"<p>DIA DAS CRIAN\u00c7AS NO ROCHEDO \ud83c\udf89<\/p>\n<p>Preparem-se para uma aventura incr\u00edvel no Dia das Crian\u00e7as!<\/p>\n<p>Se voc\u00ea procura um ref\u00fagio cheio de divers\u00e3o, encanto e com \u00f3timo custo x benef\u00edcio, o Hotel Fazenda Rochedo \u00e9 o lugar perfeito para voc\u00ea e sua fam\u00edlia curtirem momentos inesquec\u00edveis! \ud83d\ude0d<\/p>\n<p>\ud83d\udc49 2 crian\u00e7as at\u00e9 12 anos: Cortesia imperd\u00edvel!<\/p>\n<p>\ud83d\udc49 Crian\u00e7as at\u00e9 4 anos: N\u00e3o pagam! \ud83d\ude32<\/p>\n<p>Com recrea\u00e7\u00e3o para adultos e crian\u00e7as a partir de 5 anos, eles possuem 3 piscinas, sendo 1 aquecida, quadra de t\u00eanis, quadra de v\u00f4lei de areia e fazendinha!<\/p>\n<p>\ud83d\udea9 Hotel Fazenda Rochedo<\/p>\n<p>Para voc\u00ea, que busca tranquilidade, o Hotel Fazenda Rochedo \u00e9 perfeito! \ud83c\udf3f\ud83c\udfde\ufe0f Enquanto as crian\u00e7as se divertem, voc\u00ea relaxa e aproveita a natureza. \u00c9 o lugar ideal para curtir momentos inesquec\u00edveis em fam\u00edlia! \u2764\ufe0f<\/p>\n<p>Um detalhe que torna o Rochedo \u00fanico \u00e9 a tem\u00e1tica local: uma verdadeira imers\u00e3o em Conservat\u00f3ria! Com 30 anos de hist\u00f3ria, o hotel \u00e9 cheio de charme e nostalgia, com m\u00f3veis e objetos de \u00e9poca. Al\u00e9m disso, o Rancho Rochedo est\u00e1 simplesmente encantador ap\u00f3s a recente reforma! \ud83c\udfe1\u2728<\/p>\n<p>A experi\u00eancia de hospedagem l\u00e1 \u00e9 para quem curte simplicidade, aconchego, atividades ao ar livre, natureza, esportes, intera\u00e7\u00e3o com bichinhos da fazenda, comida caseira e a possibilidade de curtir um destino fofo, bem ali colado no hotel.<\/p>\n<p>\u2705 Per\u00edodo: 11 a 15 de outubro<\/p>\n<p>INCLUI:<\/p>\n<p>&#8211; Pens\u00e3o completa (Caf\u00e9 da manh\u00e3, almo\u00e7o e jantar com bebidas a parte)<\/p>\n<p>&#8211; 2 crian\u00e7as de at\u00e9 12 anos cortesia por apartamento<\/p>\n<p>&#8211; Recrea\u00e7\u00e3o infantil a partir de 5 anos<\/p>\n<p>&#8211; Atividades no lago, esporte radicais cortesia de crian\u00e7as e adolescente at\u00e9 17 anos<\/p>\n<p>\u2764 Mimos Moms: 1 Kit Moms contendo 2 drinks, 2 cervejas , 1 refrigerante e 1 tirolesa adulto<\/p>\n<p>\ud83d\udd39Standard (Lago) &#8211; a partir de R$ 3.700,00<\/p>\n<p>\ud83d\udcb3Forma de pagamento: \u00c0 vista desconto de 5%, pagamento integral na reserva (somente transfer\u00eancia banc\u00e1ria) ou parcelado em at\u00e9 10x s\/juros<\/p>\n<p>\u26a0As tarifas podem sofrer altera\u00e7\u00e3o a qualquer momento e est\u00e3o sujeitas a disponibilidade<\/p>\n<p><img decoding=\"async\" class=\"emoji\" role=\"img\" draggable=\"false\" src=\"https:\/\/s.w.org\/images\/core\/emoji\/14.0.0\/svg\/1f4f1.svg\" alt=\"?\" data-pagespeed-url-hash=\"1527356043\" \/>RESERVAS: Fale com a nossa equipe atrav\u00e9s do\u00a0<a href=\"https:\/\/api.whatsapp.com\/send?phone=552120420717&amp;text=Oi!%20Gostaria%20de%20fazer%20uma%20cota%C3%A7%C3%A3o%20\">WhatsApp<\/a><\/p>\n<p>J\u00e1 acompanha o Clube Moms nas redes sociais? Venha conferir o nosso\u00a0<a href=\"https:\/\/www.instagram.com\/clubedeviagensmoms\/\">Instagram\u00a0<\/a>com muitas dicas de viagem, al\u00e9m disso, curta tamb\u00e9m a nossa\u00a0<a href=\"https:\/\/www.facebook.com\/ClubeDeViagensMoms\/?hc_ref=ARREVFAUN6kemqQPikWPR6yOVqfolWuZ4Gm2u6EX4fJ2-jyHER8eDB5si8DvGkabbOE&amp;fref=nf&amp;__xts__[0]=68.ARAXJqd_Jm68dG9qh_a7A_hAS8hHGdRg1Cq8Je9my1EPnGBRo26TI37xs6IY6NhynKSzyIDhPcBRqvr6Nzuwi7g2W4UPO84T0-vU7mWKXia_C51FzzqVsE3HthHbuQetTo9gapY&amp;__tn__=kC-R\">p\u00e1gina do Facebook\u00a0\u00a0<\/a>e participe do nosso\u00a0<a href=\"https:\/\/www.facebook.com\/groups\/clubedeviagensmoms\/\">grupo do Facebook<\/a>\u00a0para saber sobre mais ofertas especiais.<\/p>\n<p>Caso queria conferir outras oportunidades, clique\u00a0<a href=\"http:\/\/clubedeviagensmoms.com.br\/homolog\/vamos-viajar\/hoteis\/\" target=\"_blank\" rel=\"noopener noreferrer\">aqui<\/a>\u00a0e verifique a nossa lista de hot\u00e9is parceiros.<\/p>\n","protected":false},"excerpt":{"rendered":"<p>DIA DAS CRIAN\u00c7AS NO ROCHEDO \ud83c\udf89 Preparem-se para uma aventura incr\u00edvel no Dia das Crian\u00e7as! Se voc\u00ea procura um ref\u00fagio cheio de divers\u00e3o, encanto e com \u00f3timo custo x benef\u00edcio, o Hotel Fazenda Rochedo \u00e9 o lugar perfeito para voc\u00ea e sua fam\u00edlia curtirem momentos inesquec\u00edveis! \ud83d\ude0d \ud83d\udc49 2 crian\u00e7as at\u00e9 12 anos: Cortesia imperd\u00edvel! [&hellip;]<\/p>\n","protected":false},"featured_media":5300,"comment_status":"closed","ping_status":"closed","template":"","meta":[],"product_cat":[20],"product_tag":[146,665,666],"class_list":["post-5299","product","type-product","status-publish","has-post-thumbnail","hentry","product_cat-ofertas-especiais","product_tag-dia-das-criancas","product_tag-hotel-fazenda-rochedo","product_tag-rochedo"],"acf":[],"yoast_head":"<!-- This site is optimized with the Yoast SEO Premium plugin v16.0.2 (Yoast SEO v21.2) - https:\/\/yoast.com\/wordpress\/plugins\/seo\/ -->\n<title>DIA DAS CRIAN\u00c7AS NO ROCHEDO - Clube Moms<\/title>\n<meta name=\"description\" content=\"DIA DAS CRIAN\u00c7AS NO ROCHEDO: Se voc\u00ea procura um ref\u00fagio cheio de divers\u00e3o, encanto e com \u00f3timo custo x benef\u00edcio, o Hotel Fazenda Rochedo \u00e9 o lugar perfeito\" \/>\n<meta name=\"robots\" content=\"index, follow, max-snippet:-1, max-image-preview:large, max-video-preview:-1\" \/>\n<link rel=\"canonical\" href=\"https:\/\/clubedeviagensmoms.com.br\/homolog\/produto\/dia-das-criancas-no-rochedo\/\" \/>\n<meta property=\"og:locale\" content=\"pt_BR\" \/>\n<meta property=\"og:type\" content=\"article\" \/>\n<meta property=\"og:title\" content=\"DIA DAS CRIAN\u00c7AS NO ROCHEDO - Clube Moms\" \/>\n<meta property=\"og:description\" content=\"DIA DAS CRIAN\u00c7AS NO ROCHEDO: Se voc\u00ea procura um ref\u00fagio cheio de divers\u00e3o, encanto e com \u00f3timo custo x benef\u00edcio, o Hotel Fazenda Rochedo \u00e9 o lugar perfeito\" \/>\n<meta property=\"og:url\" content=\"https:\/\/clubedeviagensmoms.com.br\/homolog\/produto\/dia-das-criancas-no-rochedo\/\" \/>\n<meta property=\"og:site_name\" content=\"Clube Moms\" \/>\n<meta property=\"article:modified_time\" content=\"2023-08-30T15:26:29+00:00\" \/>\n<meta property=\"og:image\" content=\"https:\/\/clubedeviagensmoms.com.br\/homolog\/wp-content\/uploads\/2023\/08\/1280IMG_20230204_113508322_HDR.jpg\" \/>\n\t<meta property=\"og:image:width\" content=\"1280\" \/>\n\t<meta property=\"og:image:height\" content=\"720\" \/>\n\t<meta property=\"og:image:type\" content=\"image\/jpeg\" \/>\n<meta name=\"twitter:card\" content=\"summary_large_image\" \/>\n<meta name=\"twitter:label1\" content=\"Est. tempo de leitura\" \/>\n\t<meta name=\"twitter:data1\" content=\"3 minutos\" \/>\n<script type=\"application\/ld+json\" class=\"yoast-schema-graph\">{\"@context\":\"https:\/\/schema.org\",\"@graph\":[{\"@type\":\"WebPage\",\"@id\":\"https:\/\/clubedeviagensmoms.com.br\/homolog\/produto\/dia-das-criancas-no-rochedo\/\",\"url\":\"https:\/\/clubedeviagensmoms.com.br\/homolog\/produto\/dia-das-criancas-no-rochedo\/\",\"name\":\"DIA DAS CRIAN\u00c7AS NO ROCHEDO - Clube Moms\",\"isPartOf\":{\"@id\":\"https:\/\/clubedeviagensmoms.com.br\/homolog\/#website\"},\"datePublished\":\"2023-08-07T19:26:18+00:00\",\"dateModified\":\"2023-08-30T15:26:29+00:00\",\"description\":\"DIA DAS CRIAN\u00c7AS NO ROCHEDO: Se voc\u00ea procura um ref\u00fagio cheio de divers\u00e3o, encanto e com \u00f3timo custo x benef\u00edcio, o Hotel Fazenda Rochedo \u00e9 o lugar perfeito\",\"breadcrumb\":{\"@id\":\"https:\/\/clubedeviagensmoms.com.br\/homolog\/produto\/dia-das-criancas-no-rochedo\/#breadcrumb\"},\"inLanguage\":\"pt-BR\",\"potentialAction\":[{\"@type\":\"ReadAction\",\"target\":[\"https:\/\/clubedeviagensmoms.com.br\/homolog\/produto\/dia-das-criancas-no-rochedo\/\"]}]},{\"@type\":\"BreadcrumbList\",\"@id\":\"https:\/\/clubedeviagensmoms.com.br\/homolog\/produto\/dia-das-criancas-no-rochedo\/#breadcrumb\",\"itemListElement\":[{\"@type\":\"ListItem\",\"position\":1,\"name\":\"Home\",\"item\":\"https:\/\/clubedeviagensmoms.com.br\/homolog\/\"},{\"@type\":\"ListItem\",\"position\":2,\"name\":\"Vamos Viajar\",\"item\":\"https:\/\/clubedeviagensmoms.com.br\/homolog\/shop\/\"},{\"@type\":\"ListItem\",\"position\":3,\"name\":\"DIA DAS CRIAN\u00c7AS NO ROCHEDO\"}]},{\"@type\":\"WebSite\",\"@id\":\"https:\/\/clubedeviagensmoms.com.br\/homolog\/#website\",\"url\":\"https:\/\/clubedeviagensmoms.com.br\/homolog\/\",\"name\":\"Clube Moms\",\"description\":\"O Clube Moms \u00e9 uma ag\u00eancia de turismo com foco em fam\u00edlias com crian\u00e7as, que uno os conceitos de Consultoria Especializada e Clube de Vantagens.\",\"potentialAction\":[{\"@type\":\"SearchAction\",\"target\":{\"@type\":\"EntryPoint\",\"urlTemplate\":\"https:\/\/clubedeviagensmoms.com.br\/homolog\/?s={search_term_string}\"},\"query-input\":\"required name=search_term_string\"}],\"inLanguage\":\"pt-BR\"}]}<\/script>\n<!-- \/ Yoast SEO Premium plugin. -->","yoast_head_json":{"title":"DIA DAS CRIAN\u00c7AS NO ROCHEDO - Clube Moms","description":"DIA DAS CRIAN\u00c7AS NO ROCHEDO: Se voc\u00ea procura um ref\u00fagio cheio de divers\u00e3o, encanto e com \u00f3timo custo x benef\u00edcio, o Hotel Fazenda Rochedo \u00e9 o lugar perfeito","robots":{"index":"index","follow":"follow","max-snippet":"max-snippet:-1","max-image-preview":"max-image-preview:large","max-video-preview":"max-video-preview:-1"},"canonical":"https:\/\/clubedeviagensmoms.com.br\/homolog\/produto\/dia-das-criancas-no-rochedo\/","og_locale":"pt_BR","og_type":"article","og_title":"DIA DAS CRIAN\u00c7AS NO ROCHEDO - Clube Moms","og_description":"DIA DAS CRIAN\u00c7AS NO ROCHEDO: Se voc\u00ea procura um ref\u00fagio cheio de divers\u00e3o, encanto e com \u00f3timo custo x benef\u00edcio, o Hotel Fazenda Rochedo \u00e9 o lugar perfeito","og_url":"https:\/\/clubedeviagensmoms.com.br\/homolog\/produto\/dia-das-criancas-no-rochedo\/","og_site_name":"Clube Moms","article_modified_time":"2023-08-30T15:26:29+00:00","og_image":[{"width":1280,"height":720,"url":"https:\/\/clubedeviagensmoms.com.br\/homolog\/wp-content\/uploads\/2023\/08\/1280IMG_20230204_113508322_HDR.jpg","type":"image\/jpeg"}],"twitter_card":"summary_large_image","twitter_misc":{"Est. tempo de leitura":"3 minutos"},"schema":{"@context":"https:\/\/schema.org","@graph":[{"@type":"WebPage","@id":"https:\/\/clubedeviagensmoms.com.br\/homolog\/produto\/dia-das-criancas-no-rochedo\/","url":"https:\/\/clubedeviagensmoms.com.br\/homolog\/produto\/dia-das-criancas-no-rochedo\/","name":"DIA DAS CRIAN\u00c7AS NO ROCHEDO - Clube Moms","isPartOf":{"@id":"https:\/\/clubedeviagensmoms.com.br\/homolog\/#website"},"datePublished":"2023-08-07T19:26:18+00:00","dateModified":"2023-08-30T15:26:29+00:00","description":"DIA DAS CRIAN\u00c7AS NO ROCHEDO: Se voc\u00ea procura um ref\u00fagio cheio de divers\u00e3o, encanto e com \u00f3timo custo x benef\u00edcio, o Hotel Fazenda Rochedo \u00e9 o lugar perfeito","breadcrumb":{"@id":"https:\/\/clubedeviagensmoms.com.br\/homolog\/produto\/dia-das-criancas-no-rochedo\/#breadcrumb"},"inLanguage":"pt-BR","potentialAction":[{"@type":"ReadAction","target":["https:\/\/clubedeviagensmoms.com.br\/homolog\/produto\/dia-das-criancas-no-rochedo\/"]}]},{"@type":"BreadcrumbList","@id":"https:\/\/clubedeviagensmoms.com.br\/homolog\/produto\/dia-das-criancas-no-rochedo\/#breadcrumb","itemListElement":[{"@type":"ListItem","position":1,"name":"Home","item":"https:\/\/clubedeviagensmoms.com.br\/homolog\/"},{"@type":"ListItem","position":2,"name":"Vamos Viajar","item":"https:\/\/clubedeviagensmoms.com.br\/homolog\/shop\/"},{"@type":"ListItem","position":3,"name":"DIA DAS CRIAN\u00c7AS NO ROCHEDO"}]},{"@type":"WebSite","@id":"https:\/\/clubedeviagensmoms.com.br\/homolog\/#website","url":"https:\/\/clubedeviagensmoms.com.br\/homolog\/","name":"Clube Moms","description":"O Clube Moms \u00e9 uma ag\u00eancia de turismo com foco em fam\u00edlias com crian\u00e7as, que uno os conceitos de Consultoria Especializada e Clube de Vantagens.","potentialAction":[{"@type":"SearchAction","target":{"@type":"EntryPoint","urlTemplate":"https:\/\/clubedeviagensmoms.com.br\/homolog\/?s={search_term_string}"},"query-input":"required name=search_term_string"}],"inLanguage":"pt-BR"}]}},"_links":{"self":[{"href":"https:\/\/clubedeviagensmoms.com.br\/homolog\/wp-json\/wp\/v2\/product\/5299","targetHints":{"allow":["GET"]}}],"collection":[{"href":"https:\/\/clubedeviagensmoms.com.br\/homolog\/wp-json\/wp\/v2\/product"}],"about":[{"href":"https:\/\/clubedeviagensmoms.com.br\/homolog\/wp-json\/wp\/v2\/types\/product"}],"replies":[{"embeddable":true,"href":"https:\/\/clubedeviagensmoms.com.br\/homolog\/wp-json\/wp\/v2\/comments?post=5299"}],"wp:featuredmedia":[{"embeddable":true,"href":"https:\/\/clubedeviagensmoms.com.br\/homolog\/wp-json\/wp\/v2\/media\/5300"}],"wp:attachment":[{"href":"https:\/\/clubedeviagensmoms.com.br\/homolog\/wp-json\/wp\/v2\/media?parent=5299"}],"wp:term":[{"taxonomy":"product_cat","embeddable":true,"href":"https:\/\/clubedeviagensmoms.com.br\/homolog\/wp-json\/wp\/v2\/product_cat?post=5299"},{"taxonomy":"product_tag","embeddable":true,"href":"https:\/\/clubedeviagensmoms.com.br\/homolog\/wp-json\/wp\/v2\/product_tag?post=5299"}],"curies":[{"name":"wp","href":"https:\/\/api.w.org\/{rel}","templated":true}]}}