{"id":5314,"date":"2023-08-07T16:31:45","date_gmt":"2023-08-07T19:31:45","guid":{"rendered":"http:\/\/clubedeviagensmoms.com.br\/homolog\/?post_type=product&#038;p=5314"},"modified":"2023-08-30T12:27:03","modified_gmt":"2023-08-30T15:27:03","slug":"cruzeiro-carna-xuxa-2024","status":"publish","type":"product","link":"https:\/\/clubedeviagensmoms.com.br\/homolog\/produto\/cruzeiro-carna-xuxa-2024\/","title":{"rendered":"CRUZEIRO CARNA XUXA 2024"},"content":{"rendered":"<p>CRUZEIRO CARNA XUXA 2024 \ud83d\udef3\ufe0f\ud83d\ude32\ud83e\ude84<\/p>\n<p>Se voc\u00ea \u00e9 f\u00e3 dessa rainha que marcou \u00e9poca e quer reviver toda a nostalgia ao lado dela, esse \u00e9 o cruzeiro perfeito para voc\u00ea! \ud83d\udc51\ud83d\udc96<\/p>\n<p>N\u00e3o tem desculpa para perder esse carnaval fora de \u00e9poca, pois o navio partir\u00e1 logo ap\u00f3s o carnaval oficial! \ud83c\udfad\ud83c\udf89<\/p>\n<p>Aqui a divers\u00e3o \u00e9 garantida para toda a fam\u00edlia que cresceu cantando &#8220;Lua de Cristal&#8221;, dan\u00e7ando o &#8220;Tindolel\u00ea&#8221; e se encantando com a &#8220;Turma da Xuxinha&#8221;! \ud83d\ude0d\ud83c\udf1f<\/p>\n<p>Ent\u00e3o, se voc\u00ea quer curtir o carnaval ao lado da Xuxa e ainda realizar o sonho dos pequenos de conhecer essa estrela incr\u00edvel, esse \u00e9 o lugar certo!<\/p>\n<p>E olha que legal, aproveitando o hype do document\u00e1rio da Xuxa, a Marlene liberou geral e a gente trouxe essa oportunidade \u00fanica para voc\u00eas! \ud83c\udfa5\ud83c\udf20<\/p>\n<p>Se preparem para festas tem\u00e1ticas, os personagens do mundo Xuxa, exposi\u00e7\u00f5es sobre a vida e obra da nossa eterna rainha e shows com convidados especiais que v\u00e3o encantar a todos! \ud83c\udf89<\/p>\n<p>Ent\u00e3o, junta a galera que cresceu com a Xuxa e curta muuuuito esse carnaval especial! \ud83c\udfa4\ud83d\udc83<\/p>\n<p>Confira \u2b07<\/p>\n<p>\ud83d\udef3Navio: MSC Preziosa<\/p>\n<p>\ud83d\udea9Embarque e Desembarque: SANTOS<\/p>\n<p>\u27054 noites<\/p>\n<p>\ud83d\udcc522 a 26 de fevereiro<\/p>\n<p>\u27a1Cabine interna<\/p>\n<p>\ud83d\udd392 adultos \u2013 R$ 9.216,00<\/p>\n<p>\ud83d\udd393 adultos \u2013 R$ 13.596,00<\/p>\n<p>\ud83d\udd394 adultos \u2013 R$ 16.176,00<\/p>\n<p>\ud83d\udd392 adultos + 1 crian\u00e7a at\u00e9 14 anos \u2013 R$ 13.596,00<\/p>\n<p>\ud83d\udd392 adultos + 2 crian\u00e7as at\u00e9 14 anos \u2013 R$ 16.176,00<\/p>\n<p>*Cota\u00e7\u00e3o feita em 02\/08\/2023, para as configura\u00e7\u00f5es citadas e sem pacote de bebidas.<\/p>\n<p>\ud83d\udc49Entre em contato para outras configura\u00e7\u00f5es familiares e pacotes.<\/p>\n<p>\u27a1Incluso:<\/p>\n<p>\ud83d\udd39Todos os shows;<\/p>\n<p>\ud83d\udd39Alimenta\u00e7\u00e3o completa (caf\u00e9 da manh\u00e3, almo\u00e7o, caf\u00e9 da tarde, jantar, buffet da madrugada);<\/p>\n<p>\ud83d\udd39Servi\u00e7o 24 horas;<\/p>\n<p>\ud83d\udd39Seguro;<\/p>\n<p>\ud83d\udcb3Pagamento: Parcelado em at\u00e9 12x sem juros no cart\u00e3o<\/p>\n<p>\u26a0 As tarifas podem sofrer altera\u00e7\u00e3o a qualquer momento e est\u00e3o sujeitas a disponibilidade<\/p>\n<p><img decoding=\"async\" class=\"emoji\" role=\"img\" draggable=\"false\" src=\"https:\/\/s.w.org\/images\/core\/emoji\/14.0.0\/svg\/1f4f1.svg\" alt=\"?\" data-pagespeed-url-hash=\"1527356043\" \/>RESERVAS: Fale com a nossa equipe atrav\u00e9s do\u00a0<a href=\"https:\/\/api.whatsapp.com\/send?phone=552120420717&amp;text=Oi!%20Gostaria%20de%20fazer%20uma%20cota%C3%A7%C3%A3o%20\">WhatsApp<\/a><\/p>\n<p>J\u00e1 acompanha o Clube Moms nas redes sociais? Venha conferir o nosso\u00a0<a href=\"https:\/\/www.instagram.com\/clubedeviagensmoms\/\">Instagram\u00a0<\/a>com muitas dicas de viagem, al\u00e9m disso, curta tamb\u00e9m a nossa\u00a0<a href=\"https:\/\/www.facebook.com\/ClubeDeViagensMoms\/?hc_ref=ARREVFAUN6kemqQPikWPR6yOVqfolWuZ4Gm2u6EX4fJ2-jyHER8eDB5si8DvGkabbOE&amp;fref=nf&amp;__xts__[0]=68.ARAXJqd_Jm68dG9qh_a7A_hAS8hHGdRg1Cq8Je9my1EPnGBRo26TI37xs6IY6NhynKSzyIDhPcBRqvr6Nzuwi7g2W4UPO84T0-vU7mWKXia_C51FzzqVsE3HthHbuQetTo9gapY&amp;__tn__=kC-R\">p\u00e1gina do Facebook\u00a0\u00a0<\/a>e participe do nosso\u00a0<a href=\"https:\/\/www.facebook.com\/groups\/clubedeviagensmoms\/\">grupo do Facebook<\/a>\u00a0para saber sobre mais ofertas especiais.<\/p>\n<p>Caso queria conferir outras oportunidades, clique\u00a0<a href=\"http:\/\/clubedeviagensmoms.com.br\/homolog\/vamos-viajar\/hoteis\/\" target=\"_blank\" rel=\"noopener noreferrer\">aqui<\/a>\u00a0e verifique a nossa lista de hot\u00e9is parceiros.<\/p>\n","protected":false},"excerpt":{"rendered":"<p>CRUZEIRO CARNA XUXA 2024 \ud83d\udef3\ufe0f\ud83d\ude32\ud83e\ude84 Se voc\u00ea \u00e9 f\u00e3 dessa rainha que marcou \u00e9poca e quer reviver toda a nostalgia ao lado dela, esse \u00e9 o cruzeiro perfeito para voc\u00ea! \ud83d\udc51\ud83d\udc96 N\u00e3o tem desculpa para perder esse carnaval fora de \u00e9poca, pois o navio partir\u00e1 logo ap\u00f3s o carnaval oficial! \ud83c\udfad\ud83c\udf89 Aqui a divers\u00e3o \u00e9 [&hellip;]<\/p>\n","protected":false},"featured_media":5315,"comment_status":"closed","ping_status":"closed","template":"","meta":[],"product_cat":[20,18],"product_tag":[69,664],"class_list":["post-5314","product","type-product","status-publish","has-post-thumbnail","hentry","product_cat-ofertas-especiais","product_cat-pacotes-nacionais","product_tag-cruzeiro","product_tag-xuxa"],"acf":[],"yoast_head":"<!-- This site is optimized with the Yoast SEO Premium plugin v16.0.2 (Yoast SEO v21.2) - https:\/\/yoast.com\/wordpress\/plugins\/seo\/ -->\n<title>CRUZEIRO CARNA XUXA 2024 - Clube Moms<\/title>\n<meta name=\"description\" content=\"CRUZEIRO CARNA XUXA 2024: Se voc\u00ea \u00e9 f\u00e3 dessa rainha que marcou \u00e9poca e quer reviver toda a nostalgia ao lado dela, esse \u00e9 o cruzeiro perfeito para voc\u00ea!\" \/>\n<meta name=\"robots\" content=\"index, follow, max-snippet:-1, max-image-preview:large, max-video-preview:-1\" \/>\n<link rel=\"canonical\" href=\"https:\/\/clubedeviagensmoms.com.br\/homolog\/produto\/cruzeiro-carna-xuxa-2024\/\" \/>\n<meta property=\"og:locale\" content=\"pt_BR\" \/>\n<meta property=\"og:type\" content=\"article\" \/>\n<meta property=\"og:title\" content=\"CRUZEIRO CARNA XUXA 2024 - Clube Moms\" \/>\n<meta property=\"og:description\" content=\"CRUZEIRO CARNA XUXA 2024: Se voc\u00ea \u00e9 f\u00e3 dessa rainha que marcou \u00e9poca e quer reviver toda a nostalgia ao lado dela, esse \u00e9 o cruzeiro perfeito para voc\u00ea!\" \/>\n<meta property=\"og:url\" content=\"https:\/\/clubedeviagensmoms.com.br\/homolog\/produto\/cruzeiro-carna-xuxa-2024\/\" \/>\n<meta property=\"og:site_name\" content=\"Clube Moms\" \/>\n<meta property=\"article:modified_time\" content=\"2023-08-30T15:27:03+00:00\" \/>\n<meta property=\"og:image\" content=\"https:\/\/clubedeviagensmoms.com.br\/homolog\/wp-content\/uploads\/2023\/08\/720naviodaxuxa_343100082_572332234995794_2162682244980501646_n.jpg\" \/>\n\t<meta property=\"og:image:width\" content=\"997\" \/>\n\t<meta property=\"og:image:height\" content=\"560\" \/>\n\t<meta property=\"og:image:type\" content=\"image\/jpeg\" \/>\n<meta name=\"twitter:card\" content=\"summary_large_image\" \/>\n<meta name=\"twitter:label1\" content=\"Est. tempo de leitura\" \/>\n\t<meta name=\"twitter:data1\" content=\"3 minutos\" \/>\n<script type=\"application\/ld+json\" class=\"yoast-schema-graph\">{\"@context\":\"https:\/\/schema.org\",\"@graph\":[{\"@type\":\"WebPage\",\"@id\":\"https:\/\/clubedeviagensmoms.com.br\/homolog\/produto\/cruzeiro-carna-xuxa-2024\/\",\"url\":\"https:\/\/clubedeviagensmoms.com.br\/homolog\/produto\/cruzeiro-carna-xuxa-2024\/\",\"name\":\"CRUZEIRO CARNA XUXA 2024 - Clube Moms\",\"isPartOf\":{\"@id\":\"https:\/\/clubedeviagensmoms.com.br\/homolog\/#website\"},\"datePublished\":\"2023-08-07T19:31:45+00:00\",\"dateModified\":\"2023-08-30T15:27:03+00:00\",\"description\":\"CRUZEIRO CARNA XUXA 2024: Se voc\u00ea \u00e9 f\u00e3 dessa rainha que marcou \u00e9poca e quer reviver toda a nostalgia ao lado dela, esse \u00e9 o cruzeiro perfeito para voc\u00ea!\",\"breadcrumb\":{\"@id\":\"https:\/\/clubedeviagensmoms.com.br\/homolog\/produto\/cruzeiro-carna-xuxa-2024\/#breadcrumb\"},\"inLanguage\":\"pt-BR\",\"potentialAction\":[{\"@type\":\"ReadAction\",\"target\":[\"https:\/\/clubedeviagensmoms.com.br\/homolog\/produto\/cruzeiro-carna-xuxa-2024\/\"]}]},{\"@type\":\"BreadcrumbList\",\"@id\":\"https:\/\/clubedeviagensmoms.com.br\/homolog\/produto\/cruzeiro-carna-xuxa-2024\/#breadcrumb\",\"itemListElement\":[{\"@type\":\"ListItem\",\"position\":1,\"name\":\"Home\",\"item\":\"https:\/\/clubedeviagensmoms.com.br\/homolog\/\"},{\"@type\":\"ListItem\",\"position\":2,\"name\":\"Vamos Viajar\",\"item\":\"https:\/\/clubedeviagensmoms.com.br\/homolog\/shop\/\"},{\"@type\":\"ListItem\",\"position\":3,\"name\":\"CRUZEIRO CARNA XUXA 2024\"}]},{\"@type\":\"WebSite\",\"@id\":\"https:\/\/clubedeviagensmoms.com.br\/homolog\/#website\",\"url\":\"https:\/\/clubedeviagensmoms.com.br\/homolog\/\",\"name\":\"Clube Moms\",\"description\":\"O Clube Moms \u00e9 uma ag\u00eancia de turismo com foco em fam\u00edlias com crian\u00e7as, que uno os conceitos de Consultoria Especializada e Clube de Vantagens.\",\"potentialAction\":[{\"@type\":\"SearchAction\",\"target\":{\"@type\":\"EntryPoint\",\"urlTemplate\":\"https:\/\/clubedeviagensmoms.com.br\/homolog\/?s={search_term_string}\"},\"query-input\":\"required name=search_term_string\"}],\"inLanguage\":\"pt-BR\"}]}<\/script>\n<!-- \/ Yoast SEO Premium plugin. -->","yoast_head_json":{"title":"CRUZEIRO CARNA XUXA 2024 - Clube Moms","description":"CRUZEIRO CARNA XUXA 2024: Se voc\u00ea \u00e9 f\u00e3 dessa rainha que marcou \u00e9poca e quer reviver toda a nostalgia ao lado dela, esse \u00e9 o cruzeiro perfeito para voc\u00ea!","robots":{"index":"index","follow":"follow","max-snippet":"max-snippet:-1","max-image-preview":"max-image-preview:large","max-video-preview":"max-video-preview:-1"},"canonical":"https:\/\/clubedeviagensmoms.com.br\/homolog\/produto\/cruzeiro-carna-xuxa-2024\/","og_locale":"pt_BR","og_type":"article","og_title":"CRUZEIRO CARNA XUXA 2024 - Clube Moms","og_description":"CRUZEIRO CARNA XUXA 2024: Se voc\u00ea \u00e9 f\u00e3 dessa rainha que marcou \u00e9poca e quer reviver toda a nostalgia ao lado dela, esse \u00e9 o cruzeiro perfeito para voc\u00ea!","og_url":"https:\/\/clubedeviagensmoms.com.br\/homolog\/produto\/cruzeiro-carna-xuxa-2024\/","og_site_name":"Clube Moms","article_modified_time":"2023-08-30T15:27:03+00:00","og_image":[{"width":997,"height":560,"url":"https:\/\/clubedeviagensmoms.com.br\/homolog\/wp-content\/uploads\/2023\/08\/720naviodaxuxa_343100082_572332234995794_2162682244980501646_n.jpg","type":"image\/jpeg"}],"twitter_card":"summary_large_image","twitter_misc":{"Est. tempo de leitura":"3 minutos"},"schema":{"@context":"https:\/\/schema.org","@graph":[{"@type":"WebPage","@id":"https:\/\/clubedeviagensmoms.com.br\/homolog\/produto\/cruzeiro-carna-xuxa-2024\/","url":"https:\/\/clubedeviagensmoms.com.br\/homolog\/produto\/cruzeiro-carna-xuxa-2024\/","name":"CRUZEIRO CARNA XUXA 2024 - Clube Moms","isPartOf":{"@id":"https:\/\/clubedeviagensmoms.com.br\/homolog\/#website"},"datePublished":"2023-08-07T19:31:45+00:00","dateModified":"2023-08-30T15:27:03+00:00","description":"CRUZEIRO CARNA XUXA 2024: Se voc\u00ea \u00e9 f\u00e3 dessa rainha que marcou \u00e9poca e quer reviver toda a nostalgia ao lado dela, esse \u00e9 o cruzeiro perfeito para voc\u00ea!","breadcrumb":{"@id":"https:\/\/clubedeviagensmoms.com.br\/homolog\/produto\/cruzeiro-carna-xuxa-2024\/#breadcrumb"},"inLanguage":"pt-BR","potentialAction":[{"@type":"ReadAction","target":["https:\/\/clubedeviagensmoms.com.br\/homolog\/produto\/cruzeiro-carna-xuxa-2024\/"]}]},{"@type":"BreadcrumbList","@id":"https:\/\/clubedeviagensmoms.com.br\/homolog\/produto\/cruzeiro-carna-xuxa-2024\/#breadcrumb","itemListElement":[{"@type":"ListItem","position":1,"name":"Home","item":"https:\/\/clubedeviagensmoms.com.br\/homolog\/"},{"@type":"ListItem","position":2,"name":"Vamos Viajar","item":"https:\/\/clubedeviagensmoms.com.br\/homolog\/shop\/"},{"@type":"ListItem","position":3,"name":"CRUZEIRO CARNA XUXA 2024"}]},{"@type":"WebSite","@id":"https:\/\/clubedeviagensmoms.com.br\/homolog\/#website","url":"https:\/\/clubedeviagensmoms.com.br\/homolog\/","name":"Clube Moms","description":"O Clube Moms \u00e9 uma ag\u00eancia de turismo com foco em fam\u00edlias com crian\u00e7as, que uno os conceitos de Consultoria Especializada e Clube de Vantagens.","potentialAction":[{"@type":"SearchAction","target":{"@type":"EntryPoint","urlTemplate":"https:\/\/clubedeviagensmoms.com.br\/homolog\/?s={search_term_string}"},"query-input":"required name=search_term_string"}],"inLanguage":"pt-BR"}]}},"_links":{"self":[{"href":"https:\/\/clubedeviagensmoms.com.br\/homolog\/wp-json\/wp\/v2\/product\/5314","targetHints":{"allow":["GET"]}}],"collection":[{"href":"https:\/\/clubedeviagensmoms.com.br\/homolog\/wp-json\/wp\/v2\/product"}],"about":[{"href":"https:\/\/clubedeviagensmoms.com.br\/homolog\/wp-json\/wp\/v2\/types\/product"}],"replies":[{"embeddable":true,"href":"https:\/\/clubedeviagensmoms.com.br\/homolog\/wp-json\/wp\/v2\/comments?post=5314"}],"wp:featuredmedia":[{"embeddable":true,"href":"https:\/\/clubedeviagensmoms.com.br\/homolog\/wp-json\/wp\/v2\/media\/5315"}],"wp:attachment":[{"href":"https:\/\/clubedeviagensmoms.com.br\/homolog\/wp-json\/wp\/v2\/media?parent=5314"}],"wp:term":[{"taxonomy":"product_cat","embeddable":true,"href":"https:\/\/clubedeviagensmoms.com.br\/homolog\/wp-json\/wp\/v2\/product_cat?post=5314"},{"taxonomy":"product_tag","embeddable":true,"href":"https:\/\/clubedeviagensmoms.com.br\/homolog\/wp-json\/wp\/v2\/product_tag?post=5314"}],"curies":[{"name":"wp","href":"https:\/\/api.w.org\/{rel}","templated":true}]}}