{"id":5760,"date":"2023-09-04T11:38:11","date_gmt":"2023-09-04T14:38:11","guid":{"rendered":"http:\/\/clubedeviagensmoms.com.br\/homolog\/?post_type=product&#038;p=5760"},"modified":"2023-09-04T11:38:12","modified_gmt":"2023-09-04T14:38:12","slug":"wine-garden","status":"publish","type":"product","link":"https:\/\/clubedeviagensmoms.com.br\/homolog\/produto\/wine-garden\/","title":{"rendered":"WINE GARDEN"},"content":{"rendered":"<h4>WINE GARDEN &#8211; SOLAR DO CEDRO<\/h4>\n<p>Que tal uma viagem encantadora para a Serra de Petr\u00f3polis? Afinal, com degusta\u00e7\u00e3o de queijos e vinhos, a experi\u00eancia se torna ainda mais especial. Portanto, encante-se com uma jornada \u00fanica e inesquec\u00edvel: o Wine Garden no Hotel Solar Fazenda do Cedro em Petr\u00f3polis! \u00c9 como um piquenique encantador, repleto de queijos, vinhos e m\u00fasica ao vivo. E, enquanto voc\u00ea aprecia o p\u00f4r do sol, est\u00e1 no charmoso e aconchegante gramado pertinho do Rio! Confira aqui todas as informa\u00e7\u00f5es, compartilhe e chame a nossa equipe para fazer a sua reserva!<\/p>\n<p>\ud83d\udccd Petr\u00f3polis, RJ<\/p>\n<p>Prepare-se para vivenciar momentos especiais em fam\u00edlia e entre amigos. Afinal, aqui, voc\u00ea desfrutar\u00e1 de um evento m\u00e1gico e repleto de del\u00edcias. O hotel, al\u00e9m disso, possui uma piscina para se refrescar nos dias ensolarados. E n\u00e3o podemos esquecer da \u00e1rea de lazer com jogos e atividades para garantir a divers\u00e3o de todos, dos pequenos aos adultos! Sem contar com as trilhas ecol\u00f3gicas incr\u00edveis que cercam o hotel. Elas s\u00e3o perfeitas para explorar a beleza natural da regi\u00e3o. \ud83c\udf3a\ud83c\udf43<\/p>\n<p>\u27a1 Mas afinal, o que \u00e9 o Wine Garden?<\/p>\n<p>Imagine um piquenique encantador no gramado da fazenda. Al\u00e9m disso, tem m\u00fasica ao vivo e \u00e9 regado a bons vinhos, acompanhado de p\u00e3es e frios&#8230; tudo isso com o visual deslumbrante da fazenda e um p\u00f4r do sol de tirar o f\u00f4lego! \u00c9 uma proposta l\u00fadica e deliciosa, perfeita para construir mem\u00f3rias lindas em fam\u00edlia e com amigos. Portanto, n\u00e3o d\u00e1 para perder essa experi\u00eancia! \ud83c\udf04\ud83c\udf77<\/p>\n<h4>\u2705 Marque na sua agenda: 6 a 8 de outubro<\/h4>\n<h4>\u2764 E como um mimo especial para as Moms, inclu\u00edmos: 2 ta\u00e7as + 1 t\u00e1bua personalizada<\/h4>\n<h4>Isso tudo est\u00e1 incluso:<\/h4>\n<ul>\n<li>\n<h4>2 noites de hospedagem<\/h4>\n<\/li>\n<li>\n<h4>Pens\u00e3o completa (caf\u00e9, almo\u00e7o e jantar)<\/h4>\n<\/li>\n<li>\n<h4>Recrea\u00e7\u00e3o e estrutura do hotel<\/h4>\n<\/li>\n<li>\n<h4>Evento Wine Garden com frios e vinhos liberados!<\/h4>\n<\/li>\n<\/ul>\n<h4>\n\u2705Apto Standard: a partir de R$1.950,00*<br \/>\n*Valor para 2 adultos + 2 crian\u00e7as at\u00e9 11 anos cortesia<\/h4>\n<p>\ud83d\udcb3Pagamento: Entrada de 30% e saldo em at\u00e9 3x no check-in.<\/p>\n<p>Contudo, as tarifas podem sofrer altera\u00e7\u00e3o a qualquer momento e s\u00e3o sujeitas a disponibilidade.<\/p>\n<p>Ent\u00e3o, voc\u00ea pode fazer a sua reserva atrav\u00e9s do <a href=\"https:\/\/api.whatsapp.com\/send?phone=552120420717&amp;text=Oi!%20Gostaria%20de%20fazer%20uma%20cota%C3%A7%C3%A3o%20\">WhatsApp<\/a><\/p>\n<p>J\u00e1 acompanha o Clube Moms nas redes sociais? Venha conferir o nosso\u00a0<a href=\"https:\/\/www.instagram.com\/clubedeviagensmoms\/\">Instagram\u00a0<\/a>com muitas dicas de viagem, al\u00e9m disso, curta tamb\u00e9m a nossa\u00a0<a href=\"https:\/\/www.facebook.com\/ClubeDeViagensMoms\/?hc_ref=ARREVFAUN6kemqQPikWPR6yOVqfolWuZ4Gm2u6EX4fJ2-jyHER8eDB5si8DvGkabbOE&amp;fref=nf&amp;__xts__[0]=68.ARAXJqd_Jm68dG9qh_a7A_hAS8hHGdRg1Cq8Je9my1EPnGBRo26TI37xs6IY6NhynKSzyIDhPcBRqvr6Nzuwi7g2W4UPO84T0-vU7mWKXia_C51FzzqVsE3HthHbuQetTo9gapY&amp;__tn__=kC-R\">p\u00e1gina do Facebook\u00a0\u00a0<\/a>e participe do nosso\u00a0<a href=\"https:\/\/www.facebook.com\/groups\/clubedeviagensmoms\/\">grupo do Facebook<\/a>\u00a0para saber sobre mais ofertas especiais.<\/p>\n<p>Caso queria conferir outras oportunidades, clique\u00a0<a href=\"http:\/\/clubedeviagensmoms.com.br\/homolog\/vamos-viajar\/hoteis\/\" target=\"_blank\" rel=\"noopener noreferrer\">aqui<\/a>\u00a0e verifique a nossa lista de hot\u00e9is parceiros.<\/p>\n","protected":false},"excerpt":{"rendered":"<p>WINE GARDEN &#8211; SOLAR DO CEDRO Que tal uma viagem encantadora para a Serra de Petr\u00f3polis? Afinal, com degusta\u00e7\u00e3o de queijos e vinhos, a experi\u00eancia se torna ainda mais especial. Portanto, encante-se com uma jornada \u00fanica e inesquec\u00edvel: o Wine Garden no Hotel Solar Fazenda do Cedro em Petr\u00f3polis! \u00c9 como um piquenique encantador, repleto [&hellip;]<\/p>\n","protected":false},"featured_media":5761,"comment_status":"closed","ping_status":"closed","template":"","meta":[],"product_cat":[20],"product_tag":[670,671,60,384,385],"class_list":["post-5760","product","type-product","status-publish","has-post-thumbnail","hentry","product_cat-ofertas-especiais","product_tag-evento-moms","product_tag-outubro","product_tag-petropolis","product_tag-solar-do-cedro","product_tag-wine-garden"],"acf":[],"yoast_head":"<!-- This site is optimized with the Yoast SEO Premium plugin v16.0.2 (Yoast SEO v21.2) - https:\/\/yoast.com\/wordpress\/plugins\/seo\/ -->\n<title>WINE GARDEN - Clube Moms<\/title>\n<meta name=\"description\" content=\"WINE GARDEN - SOLAR DO CEDRO: Que tal uma viagem encantadora para a Serra de Petr\u00f3polis, com degusta\u00e7\u00e3o de queijos e vinhos?\" \/>\n<meta name=\"robots\" content=\"index, follow, max-snippet:-1, max-image-preview:large, max-video-preview:-1\" \/>\n<link rel=\"canonical\" href=\"https:\/\/clubedeviagensmoms.com.br\/homolog\/produto\/wine-garden\/\" \/>\n<meta property=\"og:locale\" content=\"pt_BR\" \/>\n<meta property=\"og:type\" content=\"article\" \/>\n<meta property=\"og:title\" content=\"WINE GARDEN - Clube Moms\" \/>\n<meta property=\"og:description\" content=\"WINE GARDEN - SOLAR DO CEDRO: Que tal uma viagem encantadora para a Serra de Petr\u00f3polis, com degusta\u00e7\u00e3o de queijos e vinhos?\" \/>\n<meta property=\"og:url\" content=\"https:\/\/clubedeviagensmoms.com.br\/homolog\/produto\/wine-garden\/\" \/>\n<meta property=\"og:site_name\" content=\"Clube Moms\" \/>\n<meta property=\"article:modified_time\" content=\"2023-09-04T14:38:12+00:00\" \/>\n<meta property=\"og:image\" content=\"https:\/\/clubedeviagensmoms.com.br\/homolog\/wp-content\/uploads\/2023\/09\/640IMG_9115.webp\" \/>\n\t<meta property=\"og:image:width\" content=\"640\" \/>\n\t<meta property=\"og:image:height\" content=\"335\" \/>\n\t<meta property=\"og:image:type\" content=\"image\/webp\" \/>\n<meta name=\"twitter:card\" content=\"summary_large_image\" \/>\n<meta name=\"twitter:label1\" content=\"Est. tempo de leitura\" \/>\n\t<meta name=\"twitter:data1\" content=\"3 minutos\" \/>\n<script type=\"application\/ld+json\" class=\"yoast-schema-graph\">{\"@context\":\"https:\/\/schema.org\",\"@graph\":[{\"@type\":\"WebPage\",\"@id\":\"https:\/\/clubedeviagensmoms.com.br\/homolog\/produto\/wine-garden\/\",\"url\":\"https:\/\/clubedeviagensmoms.com.br\/homolog\/produto\/wine-garden\/\",\"name\":\"WINE GARDEN - Clube Moms\",\"isPartOf\":{\"@id\":\"https:\/\/clubedeviagensmoms.com.br\/homolog\/#website\"},\"datePublished\":\"2023-09-04T14:38:11+00:00\",\"dateModified\":\"2023-09-04T14:38:12+00:00\",\"description\":\"WINE GARDEN - SOLAR DO CEDRO: Que tal uma viagem encantadora para a Serra de Petr\u00f3polis, com degusta\u00e7\u00e3o de queijos e vinhos?\",\"breadcrumb\":{\"@id\":\"https:\/\/clubedeviagensmoms.com.br\/homolog\/produto\/wine-garden\/#breadcrumb\"},\"inLanguage\":\"pt-BR\",\"potentialAction\":[{\"@type\":\"ReadAction\",\"target\":[\"https:\/\/clubedeviagensmoms.com.br\/homolog\/produto\/wine-garden\/\"]}]},{\"@type\":\"BreadcrumbList\",\"@id\":\"https:\/\/clubedeviagensmoms.com.br\/homolog\/produto\/wine-garden\/#breadcrumb\",\"itemListElement\":[{\"@type\":\"ListItem\",\"position\":1,\"name\":\"Home\",\"item\":\"https:\/\/clubedeviagensmoms.com.br\/homolog\/\"},{\"@type\":\"ListItem\",\"position\":2,\"name\":\"Vamos Viajar\",\"item\":\"https:\/\/clubedeviagensmoms.com.br\/homolog\/shop\/\"},{\"@type\":\"ListItem\",\"position\":3,\"name\":\"WINE GARDEN\"}]},{\"@type\":\"WebSite\",\"@id\":\"https:\/\/clubedeviagensmoms.com.br\/homolog\/#website\",\"url\":\"https:\/\/clubedeviagensmoms.com.br\/homolog\/\",\"name\":\"Clube Moms\",\"description\":\"O Clube Moms \u00e9 uma ag\u00eancia de turismo com foco em fam\u00edlias com crian\u00e7as, que uno os conceitos de Consultoria Especializada e Clube de Vantagens.\",\"potentialAction\":[{\"@type\":\"SearchAction\",\"target\":{\"@type\":\"EntryPoint\",\"urlTemplate\":\"https:\/\/clubedeviagensmoms.com.br\/homolog\/?s={search_term_string}\"},\"query-input\":\"required name=search_term_string\"}],\"inLanguage\":\"pt-BR\"}]}<\/script>\n<!-- \/ Yoast SEO Premium plugin. -->","yoast_head_json":{"title":"WINE GARDEN - Clube Moms","description":"WINE GARDEN - SOLAR DO CEDRO: Que tal uma viagem encantadora para a Serra de Petr\u00f3polis, com degusta\u00e7\u00e3o de queijos e vinhos?","robots":{"index":"index","follow":"follow","max-snippet":"max-snippet:-1","max-image-preview":"max-image-preview:large","max-video-preview":"max-video-preview:-1"},"canonical":"https:\/\/clubedeviagensmoms.com.br\/homolog\/produto\/wine-garden\/","og_locale":"pt_BR","og_type":"article","og_title":"WINE GARDEN - Clube Moms","og_description":"WINE GARDEN - SOLAR DO CEDRO: Que tal uma viagem encantadora para a Serra de Petr\u00f3polis, com degusta\u00e7\u00e3o de queijos e vinhos?","og_url":"https:\/\/clubedeviagensmoms.com.br\/homolog\/produto\/wine-garden\/","og_site_name":"Clube Moms","article_modified_time":"2023-09-04T14:38:12+00:00","og_image":[{"width":640,"height":335,"url":"https:\/\/clubedeviagensmoms.com.br\/homolog\/wp-content\/uploads\/2023\/09\/640IMG_9115.webp","type":"image\/webp"}],"twitter_card":"summary_large_image","twitter_misc":{"Est. tempo de leitura":"3 minutos"},"schema":{"@context":"https:\/\/schema.org","@graph":[{"@type":"WebPage","@id":"https:\/\/clubedeviagensmoms.com.br\/homolog\/produto\/wine-garden\/","url":"https:\/\/clubedeviagensmoms.com.br\/homolog\/produto\/wine-garden\/","name":"WINE GARDEN - Clube Moms","isPartOf":{"@id":"https:\/\/clubedeviagensmoms.com.br\/homolog\/#website"},"datePublished":"2023-09-04T14:38:11+00:00","dateModified":"2023-09-04T14:38:12+00:00","description":"WINE GARDEN - SOLAR DO CEDRO: Que tal uma viagem encantadora para a Serra de Petr\u00f3polis, com degusta\u00e7\u00e3o de queijos e vinhos?","breadcrumb":{"@id":"https:\/\/clubedeviagensmoms.com.br\/homolog\/produto\/wine-garden\/#breadcrumb"},"inLanguage":"pt-BR","potentialAction":[{"@type":"ReadAction","target":["https:\/\/clubedeviagensmoms.com.br\/homolog\/produto\/wine-garden\/"]}]},{"@type":"BreadcrumbList","@id":"https:\/\/clubedeviagensmoms.com.br\/homolog\/produto\/wine-garden\/#breadcrumb","itemListElement":[{"@type":"ListItem","position":1,"name":"Home","item":"https:\/\/clubedeviagensmoms.com.br\/homolog\/"},{"@type":"ListItem","position":2,"name":"Vamos Viajar","item":"https:\/\/clubedeviagensmoms.com.br\/homolog\/shop\/"},{"@type":"ListItem","position":3,"name":"WINE GARDEN"}]},{"@type":"WebSite","@id":"https:\/\/clubedeviagensmoms.com.br\/homolog\/#website","url":"https:\/\/clubedeviagensmoms.com.br\/homolog\/","name":"Clube Moms","description":"O Clube Moms \u00e9 uma ag\u00eancia de turismo com foco em fam\u00edlias com crian\u00e7as, que uno os conceitos de Consultoria Especializada e Clube de Vantagens.","potentialAction":[{"@type":"SearchAction","target":{"@type":"EntryPoint","urlTemplate":"https:\/\/clubedeviagensmoms.com.br\/homolog\/?s={search_term_string}"},"query-input":"required name=search_term_string"}],"inLanguage":"pt-BR"}]}},"_links":{"self":[{"href":"https:\/\/clubedeviagensmoms.com.br\/homolog\/wp-json\/wp\/v2\/product\/5760","targetHints":{"allow":["GET"]}}],"collection":[{"href":"https:\/\/clubedeviagensmoms.com.br\/homolog\/wp-json\/wp\/v2\/product"}],"about":[{"href":"https:\/\/clubedeviagensmoms.com.br\/homolog\/wp-json\/wp\/v2\/types\/product"}],"replies":[{"embeddable":true,"href":"https:\/\/clubedeviagensmoms.com.br\/homolog\/wp-json\/wp\/v2\/comments?post=5760"}],"wp:featuredmedia":[{"embeddable":true,"href":"https:\/\/clubedeviagensmoms.com.br\/homolog\/wp-json\/wp\/v2\/media\/5761"}],"wp:attachment":[{"href":"https:\/\/clubedeviagensmoms.com.br\/homolog\/wp-json\/wp\/v2\/media?parent=5760"}],"wp:term":[{"taxonomy":"product_cat","embeddable":true,"href":"https:\/\/clubedeviagensmoms.com.br\/homolog\/wp-json\/wp\/v2\/product_cat?post=5760"},{"taxonomy":"product_tag","embeddable":true,"href":"https:\/\/clubedeviagensmoms.com.br\/homolog\/wp-json\/wp\/v2\/product_tag?post=5760"}],"curies":[{"name":"wp","href":"https:\/\/api.w.org\/{rel}","templated":true}]}}