{"id":5767,"date":"2023-09-04T11:48:23","date_gmt":"2023-09-04T14:48:23","guid":{"rendered":"http:\/\/clubedeviagensmoms.com.br\/homolog\/?post_type=product&#038;p=5767"},"modified":"2023-09-04T11:48:24","modified_gmt":"2023-09-04T14:48:24","slug":"janeiro-2024-vilarejo","status":"publish","type":"product","link":"https:\/\/clubedeviagensmoms.com.br\/homolog\/produto\/janeiro-2024-vilarejo\/","title":{"rendered":"JANEIRO 2024 &#8211; VILAREJO"},"content":{"rendered":"<h4>JANEIRO 2024 &#8211; VILAREJO<\/h4>\n<p>Prepare-se para umas f\u00e9rias incr\u00edveis com tudo inclu\u00eddo, com benef\u00edcios exclusivos para os membros do Clube Moms! N\u00e3o perca tempo e garanta o seu lugar agora!<\/p>\n<p>O Hotel Fazenda Vilarejo \u00e9 um dos destinos mais populares entre os nossos membros, e n\u00e3o \u00e9 dif\u00edcil entender porqu\u00ea! Com uma infraestrutura grandiosa e uma abund\u00e2ncia de atividades de lazer, proporciona uma experi\u00eancia de recrea\u00e7\u00e3o simplesmente espetacular.<\/p>\n<p>No entanto, h\u00e1 um pequeno detalhe: as vagas costumam se esgotar rapidamente. Portanto, n\u00e3o hesite em reservar as suas f\u00e9rias perfeitas com o nosso time especializado.<\/p>\n<p>E temos uma surpresa especial para os nossos queridos membros Moms: al\u00e9m do atendimento personalizado que voc\u00ea j\u00e1 conhece e adora, ao fechar neg\u00f3cio conosco, voc\u00ea ganha o benef\u00edcio de ter 2 crian\u00e7as de at\u00e9 12 anos como cortesia ou um upgrade para a ala 800. Incr\u00edvel, n\u00e3o \u00e9?<\/p>\n<p>Ent\u00e3o, n\u00e3o perca mais tempo e venha conferir essa oferta imperd\u00edvel!<\/p>\n<p>\ud83d\udccdHotel Fazenda Vilarejo, Conservat\u00f3ria\/RJ<\/p>\n<h4>\u2764\ufe0fMIMO MOMS: Quem fecha com a gente, al\u00e9m do atendimento personalizado, ganha 2 crian\u00e7as at\u00e9 12 anos cortesia ou up-grade para a ala 800. Uhuuu!<\/p>\n<p>Per\u00edodo: Janeiro de 2024<\/h4>\n<h4>\u2705Sexta a Domingo(2 noites):<br \/>\nA partir de R$ 3.890,00*<\/p>\n<p>\u2705Quinta a Domingo (3 noites):<br \/>\nA partir de R$ 5.835,00*<\/p>\n<p>\u2705Segunda a Sexta (4 noites):<br \/>\nA partir de R$ 5.595,80*<\/h4>\n<p>*Valores para casal com 2 crian\u00e7as at\u00e9 12 anos cortesia em apto standard. Para o per\u00edodo de 03\/01\/2024 a 27\/01\/2024<\/p>\n<p>Pagamento: em at\u00e9 10x sem juros<\/p>\n<p>OBS: Quer viajar ainda esse ano? Consulte as disponibilidades com os nossos consultores!<\/p>\n<p>Contudo, as tarifas podem sofrer altera\u00e7\u00e3o a qualquer momento e s\u00e3o sujeitas a disponibilidade.<\/p>\n<p>Ent\u00e3o, voc\u00ea pode fazer a sua reserva atrav\u00e9s do <a href=\"https:\/\/api.whatsapp.com\/send?phone=552120420717&amp;text=Oi!%20Gostaria%20de%20fazer%20uma%20cota%C3%A7%C3%A3o%20\">WhatsApp<\/a><\/p>\n<p>J\u00e1 acompanha o Clube Moms nas redes sociais? Venha conferir o nosso\u00a0<a href=\"https:\/\/www.instagram.com\/clubedeviagensmoms\/\">Instagram\u00a0<\/a>com muitas dicas de viagem, al\u00e9m disso, curta tamb\u00e9m a nossa\u00a0<a href=\"https:\/\/www.facebook.com\/ClubeDeViagensMoms\/?hc_ref=ARREVFAUN6kemqQPikWPR6yOVqfolWuZ4Gm2u6EX4fJ2-jyHER8eDB5si8DvGkabbOE&amp;fref=nf&amp;__xts__[0]=68.ARAXJqd_Jm68dG9qh_a7A_hAS8hHGdRg1Cq8Je9my1EPnGBRo26TI37xs6IY6NhynKSzyIDhPcBRqvr6Nzuwi7g2W4UPO84T0-vU7mWKXia_C51FzzqVsE3HthHbuQetTo9gapY&amp;__tn__=kC-R\">p\u00e1gina do Facebook\u00a0\u00a0<\/a>e participe do nosso\u00a0<a href=\"https:\/\/www.facebook.com\/groups\/clubedeviagensmoms\/\">grupo do Facebook<\/a>\u00a0para saber sobre mais ofertas especiais.<\/p>\n<p>Caso queria conferir outras oportunidades, clique\u00a0<a href=\"http:\/\/clubedeviagensmoms.com.br\/homolog\/vamos-viajar\/hoteis\/\" target=\"_blank\" rel=\"noopener noreferrer\">aqui<\/a>\u00a0e verifique a nossa lista de hot\u00e9is parceiros.<\/p>\n","protected":false},"excerpt":{"rendered":"<p>JANEIRO 2024 &#8211; VILAREJO Prepare-se para umas f\u00e9rias incr\u00edveis com tudo inclu\u00eddo, com benef\u00edcios exclusivos para os membros do Clube Moms! N\u00e3o perca tempo e garanta o seu lugar agora! O Hotel Fazenda Vilarejo \u00e9 um dos destinos mais populares entre os nossos membros, e n\u00e3o \u00e9 dif\u00edcil entender porqu\u00ea! Com uma infraestrutura grandiosa e [&hellip;]<\/p>\n","protected":false},"featured_media":5768,"comment_status":"closed","ping_status":"closed","template":"","meta":[],"product_cat":[20],"product_tag":[181,352,166],"class_list":["post-5767","product","type-product","status-publish","has-post-thumbnail","hentry","product_cat-ofertas-especiais","product_tag-all-inclusive","product_tag-ferias-de-janeiro","product_tag-hotel-fazenda-vilarejo"],"acf":[],"yoast_head":"<!-- This site is optimized with the Yoast SEO Premium plugin v16.0.2 (Yoast SEO v21.2) - https:\/\/yoast.com\/wordpress\/plugins\/seo\/ -->\n<title>JANEIRO 2024 - VILAREJO - Clube Moms<\/title>\n<meta name=\"description\" content=\"JANEIRO 2024 - VILAREJO: Prepare-se para umas f\u00e9rias incr\u00edveis com tudo inclu\u00eddo, com benef\u00edcios exclusivos para os membros do Clube Moms!\" \/>\n<meta name=\"robots\" content=\"index, follow, max-snippet:-1, max-image-preview:large, max-video-preview:-1\" \/>\n<link rel=\"canonical\" href=\"https:\/\/clubedeviagensmoms.com.br\/homolog\/produto\/janeiro-2024-vilarejo\/\" \/>\n<meta property=\"og:locale\" content=\"pt_BR\" \/>\n<meta property=\"og:type\" content=\"article\" \/>\n<meta property=\"og:title\" content=\"JANEIRO 2024 - VILAREJO - Clube Moms\" \/>\n<meta property=\"og:description\" content=\"JANEIRO 2024 - VILAREJO: Prepare-se para umas f\u00e9rias incr\u00edveis com tudo inclu\u00eddo, com benef\u00edcios exclusivos para os membros do Clube Moms!\" \/>\n<meta property=\"og:url\" content=\"https:\/\/clubedeviagensmoms.com.br\/homolog\/produto\/janeiro-2024-vilarejo\/\" \/>\n<meta property=\"og:site_name\" content=\"Clube Moms\" \/>\n<meta property=\"article:modified_time\" content=\"2023-09-04T14:48:24+00:00\" \/>\n<meta property=\"og:image\" content=\"https:\/\/clubedeviagensmoms.com.br\/homolog\/wp-content\/uploads\/2023\/09\/6402022-06-VILAREJO-082.webp\" \/>\n\t<meta property=\"og:image:width\" content=\"640\" \/>\n\t<meta property=\"og:image:height\" content=\"335\" \/>\n\t<meta property=\"og:image:type\" content=\"image\/webp\" \/>\n<meta name=\"twitter:card\" content=\"summary_large_image\" \/>\n<meta name=\"twitter:label1\" content=\"Est. tempo de leitura\" \/>\n\t<meta name=\"twitter:data1\" content=\"2 minutos\" \/>\n<script type=\"application\/ld+json\" class=\"yoast-schema-graph\">{\"@context\":\"https:\/\/schema.org\",\"@graph\":[{\"@type\":\"WebPage\",\"@id\":\"https:\/\/clubedeviagensmoms.com.br\/homolog\/produto\/janeiro-2024-vilarejo\/\",\"url\":\"https:\/\/clubedeviagensmoms.com.br\/homolog\/produto\/janeiro-2024-vilarejo\/\",\"name\":\"JANEIRO 2024 - VILAREJO - Clube Moms\",\"isPartOf\":{\"@id\":\"https:\/\/clubedeviagensmoms.com.br\/homolog\/#website\"},\"datePublished\":\"2023-09-04T14:48:23+00:00\",\"dateModified\":\"2023-09-04T14:48:24+00:00\",\"description\":\"JANEIRO 2024 - VILAREJO: Prepare-se para umas f\u00e9rias incr\u00edveis com tudo inclu\u00eddo, com benef\u00edcios exclusivos para os membros do Clube Moms!\",\"breadcrumb\":{\"@id\":\"https:\/\/clubedeviagensmoms.com.br\/homolog\/produto\/janeiro-2024-vilarejo\/#breadcrumb\"},\"inLanguage\":\"pt-BR\",\"potentialAction\":[{\"@type\":\"ReadAction\",\"target\":[\"https:\/\/clubedeviagensmoms.com.br\/homolog\/produto\/janeiro-2024-vilarejo\/\"]}]},{\"@type\":\"BreadcrumbList\",\"@id\":\"https:\/\/clubedeviagensmoms.com.br\/homolog\/produto\/janeiro-2024-vilarejo\/#breadcrumb\",\"itemListElement\":[{\"@type\":\"ListItem\",\"position\":1,\"name\":\"Home\",\"item\":\"https:\/\/clubedeviagensmoms.com.br\/homolog\/\"},{\"@type\":\"ListItem\",\"position\":2,\"name\":\"Vamos Viajar\",\"item\":\"https:\/\/clubedeviagensmoms.com.br\/homolog\/shop\/\"},{\"@type\":\"ListItem\",\"position\":3,\"name\":\"JANEIRO 2024 &#8211; VILAREJO\"}]},{\"@type\":\"WebSite\",\"@id\":\"https:\/\/clubedeviagensmoms.com.br\/homolog\/#website\",\"url\":\"https:\/\/clubedeviagensmoms.com.br\/homolog\/\",\"name\":\"Clube Moms\",\"description\":\"O Clube Moms \u00e9 uma ag\u00eancia de turismo com foco em fam\u00edlias com crian\u00e7as, que uno os conceitos de Consultoria Especializada e Clube de Vantagens.\",\"potentialAction\":[{\"@type\":\"SearchAction\",\"target\":{\"@type\":\"EntryPoint\",\"urlTemplate\":\"https:\/\/clubedeviagensmoms.com.br\/homolog\/?s={search_term_string}\"},\"query-input\":\"required name=search_term_string\"}],\"inLanguage\":\"pt-BR\"}]}<\/script>\n<!-- \/ Yoast SEO Premium plugin. -->","yoast_head_json":{"title":"JANEIRO 2024 - VILAREJO - Clube Moms","description":"JANEIRO 2024 - VILAREJO: Prepare-se para umas f\u00e9rias incr\u00edveis com tudo inclu\u00eddo, com benef\u00edcios exclusivos para os membros do Clube Moms!","robots":{"index":"index","follow":"follow","max-snippet":"max-snippet:-1","max-image-preview":"max-image-preview:large","max-video-preview":"max-video-preview:-1"},"canonical":"https:\/\/clubedeviagensmoms.com.br\/homolog\/produto\/janeiro-2024-vilarejo\/","og_locale":"pt_BR","og_type":"article","og_title":"JANEIRO 2024 - VILAREJO - Clube Moms","og_description":"JANEIRO 2024 - VILAREJO: Prepare-se para umas f\u00e9rias incr\u00edveis com tudo inclu\u00eddo, com benef\u00edcios exclusivos para os membros do Clube Moms!","og_url":"https:\/\/clubedeviagensmoms.com.br\/homolog\/produto\/janeiro-2024-vilarejo\/","og_site_name":"Clube Moms","article_modified_time":"2023-09-04T14:48:24+00:00","og_image":[{"width":640,"height":335,"url":"https:\/\/clubedeviagensmoms.com.br\/homolog\/wp-content\/uploads\/2023\/09\/6402022-06-VILAREJO-082.webp","type":"image\/webp"}],"twitter_card":"summary_large_image","twitter_misc":{"Est. tempo de leitura":"2 minutos"},"schema":{"@context":"https:\/\/schema.org","@graph":[{"@type":"WebPage","@id":"https:\/\/clubedeviagensmoms.com.br\/homolog\/produto\/janeiro-2024-vilarejo\/","url":"https:\/\/clubedeviagensmoms.com.br\/homolog\/produto\/janeiro-2024-vilarejo\/","name":"JANEIRO 2024 - VILAREJO - Clube Moms","isPartOf":{"@id":"https:\/\/clubedeviagensmoms.com.br\/homolog\/#website"},"datePublished":"2023-09-04T14:48:23+00:00","dateModified":"2023-09-04T14:48:24+00:00","description":"JANEIRO 2024 - VILAREJO: Prepare-se para umas f\u00e9rias incr\u00edveis com tudo inclu\u00eddo, com benef\u00edcios exclusivos para os membros do Clube Moms!","breadcrumb":{"@id":"https:\/\/clubedeviagensmoms.com.br\/homolog\/produto\/janeiro-2024-vilarejo\/#breadcrumb"},"inLanguage":"pt-BR","potentialAction":[{"@type":"ReadAction","target":["https:\/\/clubedeviagensmoms.com.br\/homolog\/produto\/janeiro-2024-vilarejo\/"]}]},{"@type":"BreadcrumbList","@id":"https:\/\/clubedeviagensmoms.com.br\/homolog\/produto\/janeiro-2024-vilarejo\/#breadcrumb","itemListElement":[{"@type":"ListItem","position":1,"name":"Home","item":"https:\/\/clubedeviagensmoms.com.br\/homolog\/"},{"@type":"ListItem","position":2,"name":"Vamos Viajar","item":"https:\/\/clubedeviagensmoms.com.br\/homolog\/shop\/"},{"@type":"ListItem","position":3,"name":"JANEIRO 2024 &#8211; VILAREJO"}]},{"@type":"WebSite","@id":"https:\/\/clubedeviagensmoms.com.br\/homolog\/#website","url":"https:\/\/clubedeviagensmoms.com.br\/homolog\/","name":"Clube Moms","description":"O Clube Moms \u00e9 uma ag\u00eancia de turismo com foco em fam\u00edlias com crian\u00e7as, que uno os conceitos de Consultoria Especializada e Clube de Vantagens.","potentialAction":[{"@type":"SearchAction","target":{"@type":"EntryPoint","urlTemplate":"https:\/\/clubedeviagensmoms.com.br\/homolog\/?s={search_term_string}"},"query-input":"required name=search_term_string"}],"inLanguage":"pt-BR"}]}},"_links":{"self":[{"href":"https:\/\/clubedeviagensmoms.com.br\/homolog\/wp-json\/wp\/v2\/product\/5767","targetHints":{"allow":["GET"]}}],"collection":[{"href":"https:\/\/clubedeviagensmoms.com.br\/homolog\/wp-json\/wp\/v2\/product"}],"about":[{"href":"https:\/\/clubedeviagensmoms.com.br\/homolog\/wp-json\/wp\/v2\/types\/product"}],"replies":[{"embeddable":true,"href":"https:\/\/clubedeviagensmoms.com.br\/homolog\/wp-json\/wp\/v2\/comments?post=5767"}],"wp:featuredmedia":[{"embeddable":true,"href":"https:\/\/clubedeviagensmoms.com.br\/homolog\/wp-json\/wp\/v2\/media\/5768"}],"wp:attachment":[{"href":"https:\/\/clubedeviagensmoms.com.br\/homolog\/wp-json\/wp\/v2\/media?parent=5767"}],"wp:term":[{"taxonomy":"product_cat","embeddable":true,"href":"https:\/\/clubedeviagensmoms.com.br\/homolog\/wp-json\/wp\/v2\/product_cat?post=5767"},{"taxonomy":"product_tag","embeddable":true,"href":"https:\/\/clubedeviagensmoms.com.br\/homolog\/wp-json\/wp\/v2\/product_tag?post=5767"}],"curies":[{"name":"wp","href":"https:\/\/api.w.org\/{rel}","templated":true}]}}