{"id":5779,"date":"2023-09-04T12:10:10","date_gmt":"2023-09-04T15:10:10","guid":{"rendered":"http:\/\/clubedeviagensmoms.com.br\/homolog\/?post_type=product&#038;p=5779"},"modified":"2023-09-04T12:10:11","modified_gmt":"2023-09-04T15:10:11","slug":"dia-das-criancas-portobello","status":"publish","type":"product","link":"https:\/\/clubedeviagensmoms.com.br\/homolog\/produto\/dia-das-criancas-portobello\/","title":{"rendered":"DIA DAS CRIAN\u00c7AS &#8211; PORTOBELLO"},"content":{"rendered":"<h4><strong>DIA DAS CRIAN\u00c7AS NO PORTOBELLO &#8211; UMA EXPERI\u00caNCIA INCR\u00cdVEL!<\/strong><\/h4>\n<p>Quer proporcionar uma experi\u00eancia verdadeiramente memor\u00e1vel para as crian\u00e7as neste dia t\u00e3o especial? No Portobello Resort e Saf\u00e1ri, temos tudo o que voc\u00ea precisa para tornar este Dia das Crian\u00e7as simplesmente inesquec\u00edvel.\u00a0Com uma ampla estrutura de lazer, conforto e seguran\u00e7a, o resort se apresenta como o destino ideal para que as crian\u00e7as se divirtam e os pais possam relaxar. Passeios de bicicleta, trilhas, saf\u00e1ri ecol\u00f3gico, piscinas, brinquedoteca e uma variedade de outras atividades emocionantes aguardam por voc\u00eas!<\/p>\n<p>Al\u00e9m disso, h\u00e1 um mimo especial: ao fazer sua reserva conosco, voc\u00ea receber\u00e1 um voucher*** de R$150 para aproveitar em suas atividades favoritas no resort. Esta \u00e9 a oportunidade perfeita para criar mem\u00f3rias inesquec\u00edveis com seus filhos neste Dia das Crian\u00e7as.<\/p>\n<p>\ud83d\udccd <strong>PORTOBELLO RESORT E SAF\u00c1RI &#8211; Mangaratiba\/RJ<\/strong><\/p>\n<p>No Portobello, todos os quartos oferecem vistas deslumbrantes de uma praia praticamente privativa, permitindo que voc\u00ea viva uma experi\u00eancia m\u00e1gica e relaxante. Este resort fica a uma curta dist\u00e2ncia do Rio de Janeiro, aproximadamente 1 hora e 40 minutos de carro. Aqui, voc\u00ea encontrar\u00e1 uma recrea\u00e7\u00e3o e \u00e1rea kids muito divertidas, juntamente com uma estrutura de lazer fant\u00e1stica que combina elementos de praia e fazenda. Entre as atividades dispon\u00edveis, incluem-se boliche, barco sushi, passeios de bicicleta, cavalgadas, beach tennis, esportes n\u00e1uticos, saf\u00e1ri, fazendinha, piscinas naturais e muito mais!<\/p>\n<p>\u2705 <strong>11 a 15 de outubro<\/strong><\/p>\n<p><strong>Dia das Crian\u00e7as &#8211; Magia do Circo no Portobello!<\/strong><\/p>\n<p>Chegou a vez das crian\u00e7as brilharem, mas a divers\u00e3o \u00e9 para toda a fam\u00edlia! No Portobello, transformamos nosso resort em um mundo de encanto e alegria, trazendo toda a magia do circo para comemorar o Dia das Crian\u00e7as de forma especial e inesquec\u00edvel. Venha fazer parte dessa festa m\u00e1gica e crie mem\u00f3rias incr\u00edveis com sua fam\u00edlia!<\/p>\n<h4>\u2764\ufe0fMimo Moms: Como um verdadeiro mimo do Clube Moms, voc\u00ea receber\u00e1 um voucher*** de R$150 para desfrutar do que h\u00e1 de melhor em nosso resort. Al\u00e9m disso, desfrute de um delicioso Smoothie* de frutas vermelhas no @restaurantemirante, que est\u00e1 localizado no caminho para o hotel. Uma combina\u00e7\u00e3o perfeita para tornar sua estadia ainda mais doce e refrescante! \ud83d\ude0a\ud83c\udf79<\/h4>\n<h4>\u27a1\ufe0f Standard &#8211; a partir de R$ 6.300,00**<br \/>\n\ud83d\udcb3Pagamento: em at\u00e9 6x sem juros no cart\u00e3o ou 5% de desconto \u00e0 vista via Pix.<\/h4>\n<p>Observa\u00e7\u00e3o importante: Voucher para abatimento em despesas extras nos bares, restaurantes \u00e0 la carte e buffet mediante o consumo no restaurante.<\/p>\n<p>Cota\u00e7\u00e3o feita para 2 adultos + at\u00e9 2 crian\u00e7as at\u00e9 12 anos com cortesia.<\/p>\n<p>Por favor, esteja ciente de que o voucher n\u00e3o \u00e9 v\u00e1lido para passeios e produtos terceirizados, tais como atividades n\u00e1uticas, adega, massagens, sorveteria ou boutique. \u00c9 exclusivamente para uso nas \u00e1reas de alimenta\u00e7\u00e3o do resort. Aproveite ao m\u00e1ximo a sua estadia e refei\u00e7\u00f5es conosco!<\/p>\n<p>Contudo, as tarifas podem sofrer altera\u00e7\u00e3o a qualquer momento e s\u00e3o sujeitas a disponibilidade.<\/p>\n<p>Ent\u00e3o, voc\u00ea pode fazer a sua reserva atrav\u00e9s do <a href=\"https:\/\/api.whatsapp.com\/send?phone=552120420717&amp;text=Oi!%20Gostaria%20de%20fazer%20uma%20cota%C3%A7%C3%A3o%20\">WhatsApp<\/a><\/p>\n<p>J\u00e1 acompanha o Clube Moms nas redes sociais? Venha conferir o nosso\u00a0<a href=\"https:\/\/www.instagram.com\/clubedeviagensmoms\/\">Instagram\u00a0<\/a>com muitas dicas de viagem, al\u00e9m disso, curta tamb\u00e9m a nossa\u00a0<a href=\"https:\/\/www.facebook.com\/ClubeDeViagensMoms\/?hc_ref=ARREVFAUN6kemqQPikWPR6yOVqfolWuZ4Gm2u6EX4fJ2-jyHER8eDB5si8DvGkabbOE&amp;fref=nf&amp;__xts__[0]=68.ARAXJqd_Jm68dG9qh_a7A_hAS8hHGdRg1Cq8Je9my1EPnGBRo26TI37xs6IY6NhynKSzyIDhPcBRqvr6Nzuwi7g2W4UPO84T0-vU7mWKXia_C51FzzqVsE3HthHbuQetTo9gapY&amp;__tn__=kC-R\">p\u00e1gina do Facebook\u00a0\u00a0<\/a>e participe do nosso\u00a0<a href=\"https:\/\/www.facebook.com\/groups\/clubedeviagensmoms\/\">grupo do Facebook<\/a>\u00a0para saber sobre mais ofertas especiais.<\/p>\n<p>Caso queria conferir outras oportunidades, clique\u00a0<a href=\"http:\/\/clubedeviagensmoms.com.br\/homolog\/vamos-viajar\/hoteis\/\" target=\"_blank\" rel=\"noopener noreferrer\">aqui<\/a>\u00a0e verifique a nossa lista de hot\u00e9is parceiros.<\/p>\n","protected":false},"excerpt":{"rendered":"<p>DIA DAS CRIAN\u00c7AS NO PORTOBELLO &#8211; UMA EXPERI\u00caNCIA INCR\u00cdVEL! Quer proporcionar uma experi\u00eancia verdadeiramente memor\u00e1vel para as crian\u00e7as neste dia t\u00e3o especial? No Portobello Resort e Saf\u00e1ri, temos tudo o que voc\u00ea precisa para tornar este Dia das Crian\u00e7as simplesmente inesquec\u00edvel.\u00a0Com uma ampla estrutura de lazer, conforto e seguran\u00e7a, o resort se apresenta como o [&hellip;]<\/p>\n","protected":false},"featured_media":5780,"comment_status":"closed","ping_status":"closed","template":"","meta":[],"product_cat":[20],"product_tag":[146,326,672,217,337,38],"class_list":["post-5779","product","type-product","status-publish","has-post-thumbnail","hentry","product_cat-ofertas-especiais","product_tag-dia-das-criancas","product_tag-feriado","product_tag-mimo-moms","product_tag-portobello","product_tag-portobello-resort-e-safari","product_tag-viagem"],"acf":[],"yoast_head":"<!-- This site is optimized with the Yoast SEO Premium plugin v16.0.2 (Yoast SEO v21.2) - https:\/\/yoast.com\/wordpress\/plugins\/seo\/ -->\n<title>DIA DAS CRIAN\u00c7AS - PORTOBELLO - Clube Moms<\/title>\n<meta name=\"description\" content=\"DIA DAS CRIAN\u00c7AS NO PORTOBELLO - UMA EXPERI\u00caNCIA INCR\u00cdVEL!Que tal proporcionar uma experi\u00eancia incr\u00edvel para as crian\u00e7as neste dia t\u00e3o especial?\" \/>\n<meta name=\"robots\" content=\"index, follow, max-snippet:-1, max-image-preview:large, max-video-preview:-1\" \/>\n<link rel=\"canonical\" href=\"https:\/\/clubedeviagensmoms.com.br\/homolog\/produto\/dia-das-criancas-portobello\/\" \/>\n<meta property=\"og:locale\" content=\"pt_BR\" \/>\n<meta property=\"og:type\" content=\"article\" \/>\n<meta property=\"og:title\" content=\"DIA DAS CRIAN\u00c7AS - PORTOBELLO - Clube Moms\" \/>\n<meta property=\"og:description\" content=\"DIA DAS CRIAN\u00c7AS NO PORTOBELLO - UMA EXPERI\u00caNCIA INCR\u00cdVEL!Que tal proporcionar uma experi\u00eancia incr\u00edvel para as crian\u00e7as neste dia t\u00e3o especial?\" \/>\n<meta property=\"og:url\" content=\"https:\/\/clubedeviagensmoms.com.br\/homolog\/produto\/dia-das-criancas-portobello\/\" \/>\n<meta property=\"og:site_name\" content=\"Clube Moms\" \/>\n<meta property=\"article:modified_time\" content=\"2023-09-04T15:10:11+00:00\" \/>\n<meta property=\"og:image\" content=\"https:\/\/clubedeviagensmoms.com.br\/homolog\/wp-content\/uploads\/2023\/09\/640DSC_5275.webp\" \/>\n\t<meta property=\"og:image:width\" content=\"640\" \/>\n\t<meta property=\"og:image:height\" content=\"335\" \/>\n\t<meta property=\"og:image:type\" content=\"image\/webp\" \/>\n<meta name=\"twitter:card\" content=\"summary_large_image\" \/>\n<meta name=\"twitter:label1\" content=\"Est. tempo de leitura\" \/>\n\t<meta name=\"twitter:data1\" content=\"3 minutos\" \/>\n<script type=\"application\/ld+json\" class=\"yoast-schema-graph\">{\"@context\":\"https:\/\/schema.org\",\"@graph\":[{\"@type\":\"WebPage\",\"@id\":\"https:\/\/clubedeviagensmoms.com.br\/homolog\/produto\/dia-das-criancas-portobello\/\",\"url\":\"https:\/\/clubedeviagensmoms.com.br\/homolog\/produto\/dia-das-criancas-portobello\/\",\"name\":\"DIA DAS CRIAN\u00c7AS - PORTOBELLO - Clube Moms\",\"isPartOf\":{\"@id\":\"https:\/\/clubedeviagensmoms.com.br\/homolog\/#website\"},\"datePublished\":\"2023-09-04T15:10:10+00:00\",\"dateModified\":\"2023-09-04T15:10:11+00:00\",\"description\":\"DIA DAS CRIAN\u00c7AS NO PORTOBELLO - UMA EXPERI\u00caNCIA INCR\u00cdVEL!Que tal proporcionar uma experi\u00eancia incr\u00edvel para as crian\u00e7as neste dia t\u00e3o especial?\",\"breadcrumb\":{\"@id\":\"https:\/\/clubedeviagensmoms.com.br\/homolog\/produto\/dia-das-criancas-portobello\/#breadcrumb\"},\"inLanguage\":\"pt-BR\",\"potentialAction\":[{\"@type\":\"ReadAction\",\"target\":[\"https:\/\/clubedeviagensmoms.com.br\/homolog\/produto\/dia-das-criancas-portobello\/\"]}]},{\"@type\":\"BreadcrumbList\",\"@id\":\"https:\/\/clubedeviagensmoms.com.br\/homolog\/produto\/dia-das-criancas-portobello\/#breadcrumb\",\"itemListElement\":[{\"@type\":\"ListItem\",\"position\":1,\"name\":\"Home\",\"item\":\"https:\/\/clubedeviagensmoms.com.br\/homolog\/\"},{\"@type\":\"ListItem\",\"position\":2,\"name\":\"Vamos Viajar\",\"item\":\"https:\/\/clubedeviagensmoms.com.br\/homolog\/shop\/\"},{\"@type\":\"ListItem\",\"position\":3,\"name\":\"DIA DAS CRIAN\u00c7AS &#8211; PORTOBELLO\"}]},{\"@type\":\"WebSite\",\"@id\":\"https:\/\/clubedeviagensmoms.com.br\/homolog\/#website\",\"url\":\"https:\/\/clubedeviagensmoms.com.br\/homolog\/\",\"name\":\"Clube Moms\",\"description\":\"O Clube Moms \u00e9 uma ag\u00eancia de turismo com foco em fam\u00edlias com crian\u00e7as, que uno os conceitos de Consultoria Especializada e Clube de Vantagens.\",\"potentialAction\":[{\"@type\":\"SearchAction\",\"target\":{\"@type\":\"EntryPoint\",\"urlTemplate\":\"https:\/\/clubedeviagensmoms.com.br\/homolog\/?s={search_term_string}\"},\"query-input\":\"required name=search_term_string\"}],\"inLanguage\":\"pt-BR\"}]}<\/script>\n<!-- \/ Yoast SEO Premium plugin. -->","yoast_head_json":{"title":"DIA DAS CRIAN\u00c7AS - PORTOBELLO - Clube Moms","description":"DIA DAS CRIAN\u00c7AS NO PORTOBELLO - UMA EXPERI\u00caNCIA INCR\u00cdVEL!Que tal proporcionar uma experi\u00eancia incr\u00edvel para as crian\u00e7as neste dia t\u00e3o especial?","robots":{"index":"index","follow":"follow","max-snippet":"max-snippet:-1","max-image-preview":"max-image-preview:large","max-video-preview":"max-video-preview:-1"},"canonical":"https:\/\/clubedeviagensmoms.com.br\/homolog\/produto\/dia-das-criancas-portobello\/","og_locale":"pt_BR","og_type":"article","og_title":"DIA DAS CRIAN\u00c7AS - PORTOBELLO - Clube Moms","og_description":"DIA DAS CRIAN\u00c7AS NO PORTOBELLO - UMA EXPERI\u00caNCIA INCR\u00cdVEL!Que tal proporcionar uma experi\u00eancia incr\u00edvel para as crian\u00e7as neste dia t\u00e3o especial?","og_url":"https:\/\/clubedeviagensmoms.com.br\/homolog\/produto\/dia-das-criancas-portobello\/","og_site_name":"Clube Moms","article_modified_time":"2023-09-04T15:10:11+00:00","og_image":[{"width":640,"height":335,"url":"https:\/\/clubedeviagensmoms.com.br\/homolog\/wp-content\/uploads\/2023\/09\/640DSC_5275.webp","type":"image\/webp"}],"twitter_card":"summary_large_image","twitter_misc":{"Est. tempo de leitura":"3 minutos"},"schema":{"@context":"https:\/\/schema.org","@graph":[{"@type":"WebPage","@id":"https:\/\/clubedeviagensmoms.com.br\/homolog\/produto\/dia-das-criancas-portobello\/","url":"https:\/\/clubedeviagensmoms.com.br\/homolog\/produto\/dia-das-criancas-portobello\/","name":"DIA DAS CRIAN\u00c7AS - PORTOBELLO - Clube Moms","isPartOf":{"@id":"https:\/\/clubedeviagensmoms.com.br\/homolog\/#website"},"datePublished":"2023-09-04T15:10:10+00:00","dateModified":"2023-09-04T15:10:11+00:00","description":"DIA DAS CRIAN\u00c7AS NO PORTOBELLO - UMA EXPERI\u00caNCIA INCR\u00cdVEL!Que tal proporcionar uma experi\u00eancia incr\u00edvel para as crian\u00e7as neste dia t\u00e3o especial?","breadcrumb":{"@id":"https:\/\/clubedeviagensmoms.com.br\/homolog\/produto\/dia-das-criancas-portobello\/#breadcrumb"},"inLanguage":"pt-BR","potentialAction":[{"@type":"ReadAction","target":["https:\/\/clubedeviagensmoms.com.br\/homolog\/produto\/dia-das-criancas-portobello\/"]}]},{"@type":"BreadcrumbList","@id":"https:\/\/clubedeviagensmoms.com.br\/homolog\/produto\/dia-das-criancas-portobello\/#breadcrumb","itemListElement":[{"@type":"ListItem","position":1,"name":"Home","item":"https:\/\/clubedeviagensmoms.com.br\/homolog\/"},{"@type":"ListItem","position":2,"name":"Vamos Viajar","item":"https:\/\/clubedeviagensmoms.com.br\/homolog\/shop\/"},{"@type":"ListItem","position":3,"name":"DIA DAS CRIAN\u00c7AS &#8211; PORTOBELLO"}]},{"@type":"WebSite","@id":"https:\/\/clubedeviagensmoms.com.br\/homolog\/#website","url":"https:\/\/clubedeviagensmoms.com.br\/homolog\/","name":"Clube Moms","description":"O Clube Moms \u00e9 uma ag\u00eancia de turismo com foco em fam\u00edlias com crian\u00e7as, que uno os conceitos de Consultoria Especializada e Clube de Vantagens.","potentialAction":[{"@type":"SearchAction","target":{"@type":"EntryPoint","urlTemplate":"https:\/\/clubedeviagensmoms.com.br\/homolog\/?s={search_term_string}"},"query-input":"required name=search_term_string"}],"inLanguage":"pt-BR"}]}},"_links":{"self":[{"href":"https:\/\/clubedeviagensmoms.com.br\/homolog\/wp-json\/wp\/v2\/product\/5779","targetHints":{"allow":["GET"]}}],"collection":[{"href":"https:\/\/clubedeviagensmoms.com.br\/homolog\/wp-json\/wp\/v2\/product"}],"about":[{"href":"https:\/\/clubedeviagensmoms.com.br\/homolog\/wp-json\/wp\/v2\/types\/product"}],"replies":[{"embeddable":true,"href":"https:\/\/clubedeviagensmoms.com.br\/homolog\/wp-json\/wp\/v2\/comments?post=5779"}],"wp:featuredmedia":[{"embeddable":true,"href":"https:\/\/clubedeviagensmoms.com.br\/homolog\/wp-json\/wp\/v2\/media\/5780"}],"wp:attachment":[{"href":"https:\/\/clubedeviagensmoms.com.br\/homolog\/wp-json\/wp\/v2\/media?parent=5779"}],"wp:term":[{"taxonomy":"product_cat","embeddable":true,"href":"https:\/\/clubedeviagensmoms.com.br\/homolog\/wp-json\/wp\/v2\/product_cat?post=5779"},{"taxonomy":"product_tag","embeddable":true,"href":"https:\/\/clubedeviagensmoms.com.br\/homolog\/wp-json\/wp\/v2\/product_tag?post=5779"}],"curies":[{"name":"wp","href":"https:\/\/api.w.org\/{rel}","templated":true}]}}