{"id":5807,"date":"2023-09-04T13:29:26","date_gmt":"2023-09-04T16:29:26","guid":{"rendered":"http:\/\/clubedeviagensmoms.com.br\/homolog\/?post_type=product&#038;p=5807"},"modified":"2023-09-04T13:29:27","modified_gmt":"2023-09-04T16:29:27","slug":"dica-feriado-setembro","status":"publish","type":"product","link":"https:\/\/clubedeviagensmoms.com.br\/homolog\/produto\/dica-feriado-setembro\/","title":{"rendered":"DICA FERIADO SETEMBRO"},"content":{"rendered":"<p><strong>DICA PARA O FERIADO DE SETEMBRO<\/strong><\/p>\n<p>Chegou a hora perfeita para planejar com todo o carinho o seu feriado de 7 de setembro, e ningu\u00e9m melhor do que o Clube de Viagens Moms para tornar isso inesquec\u00edvel!<\/p>\n<p>D\u00ea uma espiadinha na nossa sele\u00e7\u00e3o de hot\u00e9is, perfeitos para voc\u00ea e sua fam\u00edlia aproveitarem o feriado prolongado juntos:<\/p>\n<h3>\u2705 06 a 10 de setembro:<\/h3>\n<ul>\n<li><strong>Imp\u00e9rio do Vale &#8211; Barra do Pira\u00ed<\/strong><\/li>\n<\/ul>\n<p>Para come\u00e7ar, a partir de R$ 3.417,50 para 2 adultos + 1 crian\u00e7a at\u00e9 12 anos, com a ajuda do Clube de Viagens Moms. Em seguida, como um carinho especial, desfrute de um voucher de R$ 100,00 e um refrescante drink (caipirinha) de boas-vindas cortesia. Al\u00e9m disso, para facilitar o planejamento, oferecemos op\u00e7\u00f5es de pagamento: reserve com 30% de entrada e parcele o saldo em at\u00e9 10x no hotel ou aproveite um desconto especial de 10% para pagamento \u00e0 vista.<\/p>\n<ul>\n<li><strong>Fazenda Rochedo &#8211; Conservat\u00f3ria<\/strong><\/li>\n<\/ul>\n<p>Garanta sua estadia a partir de R$ 3.700,00 para 2 adultos + 2 crian\u00e7as at\u00e9 12 anos, com o suporte do Clube Moms. Como gesto de carinho, receba 2 drinks, 2 cervejas, 1 refrigerante e a divers\u00e3o de uma tirolesa para adultos. Para maior comodidade, oferecemos op\u00e7\u00f5es de pagamento: ganhe 5% de desconto para pagamento \u00e0 vista via PIX ou escolha 12% de entrada e parcele o saldo em at\u00e9 9x sem juros no cart\u00e3o de cr\u00e9dito durante a reserva.<\/p>\n<ul>\n<li><strong>Hotel do Bosque &#8211; Angra<\/strong><\/li>\n<\/ul>\n<p>Viva momentos especiais a partir de R$ 5.564,70 para 2 adultos + 2 crian\u00e7as at\u00e9 10 anos, com a assessoria do Clube de Viagens Moms. Como demonstra\u00e7\u00e3o de carinho, garanta um desconto exclusivo na tarifa! Para sua conveni\u00eancia, reserve com 15% de entrada e parcele o saldo em at\u00e9 4x sem juros no cart\u00e3o.<\/p>\n<h3>\u270507 a 10 de setembro:<\/h3>\n<ul>\n<li><strong>Solar Fazenda do Cedro &#8211; Areal \/ Petr\u00f3polis<\/strong><\/li>\n<\/ul>\n<p>Aproveite a partir de R$ 2.980,00 para 2 adultos + 2 crian\u00e7as at\u00e9 11 anos, com a expertise do Clube Moms. Em seguida, seja recebido com 2 Drinks de Boas Vindas como um gesto de carinho. Para facilitar o planejamento financeiro, fa\u00e7a uma entrada de 30% por meio de dep\u00f3sito banc\u00e1rio e o restante em at\u00e9 3x no Visa ou Mastercard. Ou opte pelo pagamento \u00e0 vista com 5% de desconto via dep\u00f3sito.<\/p>\n<ul>\n<li><strong>Fazenda 3 Pinheiros &#8211; Resende<\/strong><\/li>\n<\/ul>\n<p>Reserve a partir de R$ 4.177,80 para 2 adultos + 2 crian\u00e7as at\u00e9 14 anos, com o suporte do Clube de Viagens Moms. Como gesto de carinho, saboreie uma caipirinha e escolha uma atividade de lazer por apartamento (passeios a cavalo, arvorismo, triciclo ou bicicleta). Para maior flexibilidade financeira, fa\u00e7a uma entrada de 15% e parcele o saldo em at\u00e9 5x no ato da reserva.<\/p>\n<h4>N\u00e3o perca a oportunidade de criar mem\u00f3rias especiais em fam\u00edlia neste feriado com o Clube de Viagens Moms. \ud83d\udc96\u2708\ufe0f<\/h4>\n<h4>Se voc\u00ea deseja garantir uma viagem incr\u00edvel com uma condi\u00e7\u00e3o exclusiva do Clube Moms, n\u00e3o hesite em entrar em contato com a nossa equipe agora mesmo!<\/h4>\n<p>No entanto, \u00e9 importante lembrar que as tarifas podem sofrer altera\u00e7\u00f5es a qualquer momento e est\u00e3o sujeitas \u00e0 disponibilidade.<\/p>\n<p>Gostou da nossa Dica para o feriado de setembro?<\/p>\n<p>Ent\u00e3o, voc\u00ea pode fazer a sua reserva atrav\u00e9s do <a href=\"https:\/\/api.whatsapp.com\/send?phone=552120420717&amp;text=Oi!%20Gostaria%20de%20fazer%20uma%20cota%C3%A7%C3%A3o%20\">WhatsApp<\/a><\/p>\n<p>J\u00e1 acompanha o Clube Moms nas redes sociais? Venha conferir o nosso\u00a0<a href=\"https:\/\/www.instagram.com\/clubedeviagensmoms\/\">Instagram\u00a0<\/a>com muitas dicas de viagem, al\u00e9m disso, curta tamb\u00e9m a nossa\u00a0<a href=\"https:\/\/www.facebook.com\/ClubeDeViagensMoms\/?hc_ref=ARREVFAUN6kemqQPikWPR6yOVqfolWuZ4Gm2u6EX4fJ2-jyHER8eDB5si8DvGkabbOE&amp;fref=nf&amp;__xts__[0]=68.ARAXJqd_Jm68dG9qh_a7A_hAS8hHGdRg1Cq8Je9my1EPnGBRo26TI37xs6IY6NhynKSzyIDhPcBRqvr6Nzuwi7g2W4UPO84T0-vU7mWKXia_C51FzzqVsE3HthHbuQetTo9gapY&amp;__tn__=kC-R\">p\u00e1gina do Facebook\u00a0\u00a0<\/a>e participe do nosso\u00a0<a href=\"https:\/\/www.facebook.com\/groups\/clubedeviagensmoms\/\">grupo do Facebook<\/a>\u00a0para saber sobre mais ofertas especiais.<\/p>\n<p>Caso queria conferir outras oportunidades, clique\u00a0<a href=\"http:\/\/clubedeviagensmoms.com.br\/homolog\/vamos-viajar\/hoteis\/\" target=\"_blank\" rel=\"noopener noreferrer\">aqui<\/a>\u00a0e verifique a nossa lista de hot\u00e9is parceiros.<\/p>\n","protected":false},"excerpt":{"rendered":"<p>DICA PARA O FERIADO DE SETEMBRO Chegou a hora perfeita para planejar com todo o carinho o seu feriado de 7 de setembro, e ningu\u00e9m melhor do que o Clube de Viagens Moms para tornar isso inesquec\u00edvel! D\u00ea uma espiadinha na nossa sele\u00e7\u00e3o de hot\u00e9is, perfeitos para voc\u00ea e sua fam\u00edlia aproveitarem o feriado prolongado [&hellip;]<\/p>\n","protected":false},"featured_media":5808,"comment_status":"closed","ping_status":"closed","template":"","meta":[],"product_cat":[20],"product_tag":[675,673,326,676,340,279,674,380,345,659,384],"class_list":["post-5807","product","type-product","status-publish","has-post-thumbnail","hentry","product_cat-ofertas-especiais","product_tag-dica","product_tag-fazenda-3-pinheiros","product_tag-feriado","product_tag-feriado-7-setembro","product_tag-hotel-do-bosque","product_tag-hotel-do-bosque-eco-resort","product_tag-hotel-fazenda-3-pinheiros","product_tag-hotel-fazenda-imperio-do-vale","product_tag-hotel-fazenda-solar-do-cedro","product_tag-imperio-do-vale","product_tag-solar-do-cedro"],"acf":[],"yoast_head":"<!-- This site is optimized with the Yoast SEO Premium plugin v16.0.2 (Yoast SEO v21.2) - https:\/\/yoast.com\/wordpress\/plugins\/seo\/ -->\n<title>DICA FERIADO SETEMBRO - Clube Moms<\/title>\n<meta name=\"description\" content=\"DICA FERIADO SETEMBRO: Prepare-se para aproveitar o feriado de 7 de setembro com ofertas exclusivas do Clube de Viagens Moms!\" \/>\n<meta name=\"robots\" content=\"index, follow, max-snippet:-1, max-image-preview:large, max-video-preview:-1\" \/>\n<link rel=\"canonical\" href=\"https:\/\/clubedeviagensmoms.com.br\/homolog\/produto\/dica-feriado-setembro\/\" \/>\n<meta property=\"og:locale\" content=\"pt_BR\" \/>\n<meta property=\"og:type\" content=\"article\" \/>\n<meta property=\"og:title\" content=\"DICA FERIADO SETEMBRO - Clube Moms\" \/>\n<meta property=\"og:description\" content=\"DICA FERIADO SETEMBRO: Prepare-se para aproveitar o feriado de 7 de setembro com ofertas exclusivas do Clube de Viagens Moms!\" \/>\n<meta property=\"og:url\" content=\"https:\/\/clubedeviagensmoms.com.br\/homolog\/produto\/dica-feriado-setembro\/\" \/>\n<meta property=\"og:site_name\" content=\"Clube Moms\" \/>\n<meta property=\"article:modified_time\" content=\"2023-09-04T16:29:27+00:00\" \/>\n<meta property=\"og:image\" content=\"https:\/\/clubedeviagensmoms.com.br\/homolog\/wp-content\/uploads\/2023\/09\/ARTE-POST-640-\u00d7-335-px.jpg\" \/>\n\t<meta property=\"og:image:width\" content=\"640\" \/>\n\t<meta property=\"og:image:height\" content=\"335\" \/>\n\t<meta property=\"og:image:type\" content=\"image\/jpeg\" \/>\n<meta name=\"twitter:card\" content=\"summary_large_image\" \/>\n<meta name=\"twitter:label1\" content=\"Est. tempo de leitura\" \/>\n\t<meta name=\"twitter:data1\" content=\"4 minutos\" \/>\n<script type=\"application\/ld+json\" class=\"yoast-schema-graph\">{\"@context\":\"https:\/\/schema.org\",\"@graph\":[{\"@type\":\"WebPage\",\"@id\":\"https:\/\/clubedeviagensmoms.com.br\/homolog\/produto\/dica-feriado-setembro\/\",\"url\":\"https:\/\/clubedeviagensmoms.com.br\/homolog\/produto\/dica-feriado-setembro\/\",\"name\":\"DICA FERIADO SETEMBRO - Clube Moms\",\"isPartOf\":{\"@id\":\"https:\/\/clubedeviagensmoms.com.br\/homolog\/#website\"},\"datePublished\":\"2023-09-04T16:29:26+00:00\",\"dateModified\":\"2023-09-04T16:29:27+00:00\",\"description\":\"DICA FERIADO SETEMBRO: Prepare-se para aproveitar o feriado de 7 de setembro com ofertas exclusivas do Clube de Viagens Moms!\",\"breadcrumb\":{\"@id\":\"https:\/\/clubedeviagensmoms.com.br\/homolog\/produto\/dica-feriado-setembro\/#breadcrumb\"},\"inLanguage\":\"pt-BR\",\"potentialAction\":[{\"@type\":\"ReadAction\",\"target\":[\"https:\/\/clubedeviagensmoms.com.br\/homolog\/produto\/dica-feriado-setembro\/\"]}]},{\"@type\":\"BreadcrumbList\",\"@id\":\"https:\/\/clubedeviagensmoms.com.br\/homolog\/produto\/dica-feriado-setembro\/#breadcrumb\",\"itemListElement\":[{\"@type\":\"ListItem\",\"position\":1,\"name\":\"Home\",\"item\":\"https:\/\/clubedeviagensmoms.com.br\/homolog\/\"},{\"@type\":\"ListItem\",\"position\":2,\"name\":\"Vamos Viajar\",\"item\":\"https:\/\/clubedeviagensmoms.com.br\/homolog\/shop\/\"},{\"@type\":\"ListItem\",\"position\":3,\"name\":\"DICA FERIADO SETEMBRO\"}]},{\"@type\":\"WebSite\",\"@id\":\"https:\/\/clubedeviagensmoms.com.br\/homolog\/#website\",\"url\":\"https:\/\/clubedeviagensmoms.com.br\/homolog\/\",\"name\":\"Clube Moms\",\"description\":\"O Clube Moms \u00e9 uma ag\u00eancia de turismo com foco em fam\u00edlias com crian\u00e7as, que uno os conceitos de Consultoria Especializada e Clube de Vantagens.\",\"potentialAction\":[{\"@type\":\"SearchAction\",\"target\":{\"@type\":\"EntryPoint\",\"urlTemplate\":\"https:\/\/clubedeviagensmoms.com.br\/homolog\/?s={search_term_string}\"},\"query-input\":\"required name=search_term_string\"}],\"inLanguage\":\"pt-BR\"}]}<\/script>\n<!-- \/ Yoast SEO Premium plugin. -->","yoast_head_json":{"title":"DICA FERIADO SETEMBRO - Clube Moms","description":"DICA FERIADO SETEMBRO: Prepare-se para aproveitar o feriado de 7 de setembro com ofertas exclusivas do Clube de Viagens Moms!","robots":{"index":"index","follow":"follow","max-snippet":"max-snippet:-1","max-image-preview":"max-image-preview:large","max-video-preview":"max-video-preview:-1"},"canonical":"https:\/\/clubedeviagensmoms.com.br\/homolog\/produto\/dica-feriado-setembro\/","og_locale":"pt_BR","og_type":"article","og_title":"DICA FERIADO SETEMBRO - Clube Moms","og_description":"DICA FERIADO SETEMBRO: Prepare-se para aproveitar o feriado de 7 de setembro com ofertas exclusivas do Clube de Viagens Moms!","og_url":"https:\/\/clubedeviagensmoms.com.br\/homolog\/produto\/dica-feriado-setembro\/","og_site_name":"Clube Moms","article_modified_time":"2023-09-04T16:29:27+00:00","og_image":[{"width":640,"height":335,"url":"https:\/\/clubedeviagensmoms.com.br\/homolog\/wp-content\/uploads\/2023\/09\/ARTE-POST-640-\u00d7-335-px.jpg","type":"image\/jpeg"}],"twitter_card":"summary_large_image","twitter_misc":{"Est. tempo de leitura":"4 minutos"},"schema":{"@context":"https:\/\/schema.org","@graph":[{"@type":"WebPage","@id":"https:\/\/clubedeviagensmoms.com.br\/homolog\/produto\/dica-feriado-setembro\/","url":"https:\/\/clubedeviagensmoms.com.br\/homolog\/produto\/dica-feriado-setembro\/","name":"DICA FERIADO SETEMBRO - Clube Moms","isPartOf":{"@id":"https:\/\/clubedeviagensmoms.com.br\/homolog\/#website"},"datePublished":"2023-09-04T16:29:26+00:00","dateModified":"2023-09-04T16:29:27+00:00","description":"DICA FERIADO SETEMBRO: Prepare-se para aproveitar o feriado de 7 de setembro com ofertas exclusivas do Clube de Viagens Moms!","breadcrumb":{"@id":"https:\/\/clubedeviagensmoms.com.br\/homolog\/produto\/dica-feriado-setembro\/#breadcrumb"},"inLanguage":"pt-BR","potentialAction":[{"@type":"ReadAction","target":["https:\/\/clubedeviagensmoms.com.br\/homolog\/produto\/dica-feriado-setembro\/"]}]},{"@type":"BreadcrumbList","@id":"https:\/\/clubedeviagensmoms.com.br\/homolog\/produto\/dica-feriado-setembro\/#breadcrumb","itemListElement":[{"@type":"ListItem","position":1,"name":"Home","item":"https:\/\/clubedeviagensmoms.com.br\/homolog\/"},{"@type":"ListItem","position":2,"name":"Vamos Viajar","item":"https:\/\/clubedeviagensmoms.com.br\/homolog\/shop\/"},{"@type":"ListItem","position":3,"name":"DICA FERIADO SETEMBRO"}]},{"@type":"WebSite","@id":"https:\/\/clubedeviagensmoms.com.br\/homolog\/#website","url":"https:\/\/clubedeviagensmoms.com.br\/homolog\/","name":"Clube Moms","description":"O Clube Moms \u00e9 uma ag\u00eancia de turismo com foco em fam\u00edlias com crian\u00e7as, que uno os conceitos de Consultoria Especializada e Clube de Vantagens.","potentialAction":[{"@type":"SearchAction","target":{"@type":"EntryPoint","urlTemplate":"https:\/\/clubedeviagensmoms.com.br\/homolog\/?s={search_term_string}"},"query-input":"required name=search_term_string"}],"inLanguage":"pt-BR"}]}},"_links":{"self":[{"href":"https:\/\/clubedeviagensmoms.com.br\/homolog\/wp-json\/wp\/v2\/product\/5807","targetHints":{"allow":["GET"]}}],"collection":[{"href":"https:\/\/clubedeviagensmoms.com.br\/homolog\/wp-json\/wp\/v2\/product"}],"about":[{"href":"https:\/\/clubedeviagensmoms.com.br\/homolog\/wp-json\/wp\/v2\/types\/product"}],"replies":[{"embeddable":true,"href":"https:\/\/clubedeviagensmoms.com.br\/homolog\/wp-json\/wp\/v2\/comments?post=5807"}],"wp:featuredmedia":[{"embeddable":true,"href":"https:\/\/clubedeviagensmoms.com.br\/homolog\/wp-json\/wp\/v2\/media\/5808"}],"wp:attachment":[{"href":"https:\/\/clubedeviagensmoms.com.br\/homolog\/wp-json\/wp\/v2\/media?parent=5807"}],"wp:term":[{"taxonomy":"product_cat","embeddable":true,"href":"https:\/\/clubedeviagensmoms.com.br\/homolog\/wp-json\/wp\/v2\/product_cat?post=5807"},{"taxonomy":"product_tag","embeddable":true,"href":"https:\/\/clubedeviagensmoms.com.br\/homolog\/wp-json\/wp\/v2\/product_tag?post=5807"}],"curies":[{"name":"wp","href":"https:\/\/api.w.org\/{rel}","templated":true}]}}