{"id":5821,"date":"2023-09-04T15:17:38","date_gmt":"2023-09-04T18:17:38","guid":{"rendered":"http:\/\/clubedeviagensmoms.com.br\/homolog\/?post_type=product&#038;p=5821"},"modified":"2023-09-04T15:17:39","modified_gmt":"2023-09-04T18:17:39","slug":"pacote-reveillon-chile","status":"publish","type":"product","link":"https:\/\/clubedeviagensmoms.com.br\/homolog\/produto\/pacote-reveillon-chile\/","title":{"rendered":"PACOTE REVEILLON &#8211; CHILE"},"content":{"rendered":"<h3><strong>PACOTE REVEILLON &#8211; CHILE<\/strong><\/h3>\n<h4>Procurando uma forma incr\u00edvel de passar o ano novo? N\u00f3s temos uma super solu\u00e7\u00e3o para voc\u00ea e sua fam\u00edlia! \u2728<\/h4>\n<p>Celebre a virada do ano em Santiago, Chile, com um pacote que oferece um excelente custo-benef\u00edcio!<\/p>\n<p>Santiago \u00e9 uma cidade incr\u00edvel, conhecida por suas paisagens deslumbrantes, uma cultura rica e hospitalidade calorosa. Imagine receber o ano novo com vista para a majestosa Cordilheira dos Andes! \u2764\ufe0f<\/p>\n<h4>Mas por que escolher Santiago para a sua celebra\u00e7\u00e3o de r\u00e9veillon?<\/h4>\n<p>Primeiramente, Santiago est\u00e1 aninhada aos p\u00e9s da imponente Cordilheira dos Andes, proporcionando um cen\u00e1rio espetacular para a sua celebra\u00e7\u00e3o de ano novo. A vista das montanhas cobertas de neve \u00e9 de tirar o f\u00f4lego e cria um ambiente verdadeiramente m\u00e1gico.\u00a0Al\u00e9m disso, a cidade oferece uma rica experi\u00eancia cultural, com museus fascinantes, galerias de arte e uma cena gastron\u00f4mica que mistura tradi\u00e7\u00e3o e inova\u00e7\u00e3o. Voc\u00ea pode explorar o centro hist\u00f3rico, visitar o Museu de Belas Artes e degustar a deliciosa culin\u00e1ria chilena.\u00a0Adicionalmente, os chilenos s\u00e3o conhecidos por sua hospitalidade calorosa e amig\u00e1vel. Voc\u00ea se sentir\u00e1 bem-vindo e em casa durante toda a sua estadia.\u00a0Para completar, al\u00e9m das festividades de r\u00e9veillon, Santiago oferece uma ampla gama de atra\u00e7\u00f5es culturais, como o Pal\u00e1cio La Moneda, o Mercado Central e a animada rua Lastarria.<\/p>\n<p>Voc\u00ea ter\u00e1 muitas op\u00e7\u00f5es para explorar e aproveitar ao m\u00e1ximo sua viagem de fim de ano. Venha celebrar conosco em Santiago e tenha uma experi\u00eancia inesquec\u00edvel<\/p>\n<p>Confira abaixo os detalhes do pacote:<\/p>\n<h4>\ud83d\udd39 Passagem a\u00e9rea pela SKY AIRLINE;<\/h4>\n<h4>\ud83d\udd39 4 noites de hospedagem no Novotel Santiago Los Condes, sem refei\u00e7\u00e3o.<\/h4>\n<p>As datas do pacote s\u00e3o as seguintes:<\/p>\n<p>\u2705 28\/12\/2023 a 01\/01\/2024<\/p>\n<p>Detalhes da passagem a\u00e9rea:<\/p>\n<p>\u2708 A\u00e9reo: SKY AIRLINE<\/p>\n<p>\ud83d\udd39 IDA: 28\/12\/2023 &#8211; RIO (GIG) 10:15 &#8211; SANTIAGO (SCL) 15:10<\/p>\n<p>\ud83d\udd39 VOLTA: 01\/01\/2024 &#8211; SANTIAGO (SCL) 16:00 &#8211; RIO (GIG) 20:10<\/p>\n<p>\ud83c\udfe8 Novotel Santiago Los Condes, sem refei\u00e7\u00e3o<\/p>\n<p>Imagine passar o r\u00e9veillon em grande estilo no Novotel Santiago Los Condes, que possui uma localiza\u00e7\u00e3o privilegiada em Las Condes. Isso significa que voc\u00ea estar\u00e1 bem pr\u00f3ximo das atra\u00e7\u00f5es mais importantes da cidade, como shoppings, parques e o famoso Movistar Arena.\u00a0O hotel foi projetado pensando nas fam\u00edlias, oferecendo quartos modernos e espa\u00e7osos para garantir o m\u00e1ximo de conforto durante a sua estadia. Al\u00e9m disso, a piscina \u00e9 um local perfeito para relaxar e aproveitar momentos preciosos em fam\u00edlia. E n\u00e3o podemos deixar de mencionar as excelentes op\u00e7\u00f5es gastron\u00f4micas dispon\u00edveis no seu restaurante.<\/p>\n<p>Portanto, se voc\u00ea busca modernidade, conforto e uma localiza\u00e7\u00e3o estrat\u00e9gica para sua estadia em Santiago, o Novotel Santiago Los Condes \u00e9 a escolha ideal. N\u00e3o perca tempo, fa\u00e7a sua reserva agora mesmo e prepare-se para um r\u00e9veillon verdadeiramente inesquec\u00edvel em meio \u00e0 deslumbrante beleza dos Andes.<\/p>\n<ul>\n<li>\n<h4>R$7.366,30, a partir de para 2 adultos<\/h4>\n<\/li>\n<li>\n<h4>R$9.833,98, a partir de para 2 adultos + 1 crian\u00e7a at\u00e9 12 anos<\/h4>\n<\/li>\n<li>\n<h4>R$12.214,31, a partir de para 2 adultos + 2 crian\u00e7as at\u00e9 12 anos<\/h4>\n<\/li>\n<\/ul>\n<p>Oferta com base na cota\u00e7\u00e3o feita em 30\/08\/2023, para Apartamento Stantard ou Double para as configura\u00e7\u00f5es familiares descritas.<\/p>\n<p>\ud83d\udcb3 Pagamento: Parcelado em at\u00e9 10x sem juros no ato da reserva<\/p>\n<p>Contudo, as tarifas podem sofrer altera\u00e7\u00e3o a qualquer momento e s\u00e3o sujeitas a disponibilidade.<\/p>\n<p>Al\u00e9m disso, a nossa equipe do Clube Moms cuida de todos os detalhes da sua viagem. Desde a reserva dos melhores hot\u00e9is familiares at\u00e9 a escolha dos passeios que v\u00e3o encantar todas as idades. E o mais importante, tudo isso \u00e9 feito com o carinho e aten\u00e7\u00e3o que voc\u00ea merece, afinal, somos como uma fam\u00edlia que planeja as melhores experi\u00eancias para outras fam\u00edlias.<\/p>\n<p>Gostou do nosso pacote de Reveillon no Chile?<\/p>\n<p>Ent\u00e3o, voc\u00ea pode fazer a sua reserva atrav\u00e9s do\u00a0<a href=\"https:\/\/api.whatsapp.com\/send?phone=552120420717&amp;text=Oi!%20Gostaria%20de%20fazer%20uma%20cota%C3%A7%C3%A3o%20\">WhatsApp<\/a><\/p>\n<p>J\u00e1 acompanha o Clube Moms nas redes sociais? Venha conferir o nosso\u00a0<a href=\"https:\/\/www.instagram.com\/clubedeviagensmoms\/\">Instagram\u00a0<\/a>com muitas dicas de viagem, al\u00e9m disso, curta tamb\u00e9m a nossa\u00a0<a href=\"https:\/\/www.facebook.com\/ClubeDeViagensMoms\/?hc_ref=ARREVFAUN6kemqQPikWPR6yOVqfolWuZ4Gm2u6EX4fJ2-jyHER8eDB5si8DvGkabbOE&amp;fref=nf&amp;__xts__[0]=68.ARAXJqd_Jm68dG9qh_a7A_hAS8hHGdRg1Cq8Je9my1EPnGBRo26TI37xs6IY6NhynKSzyIDhPcBRqvr6Nzuwi7g2W4UPO84T0-vU7mWKXia_C51FzzqVsE3HthHbuQetTo9gapY&amp;__tn__=kC-R\">p\u00e1gina do Facebook\u00a0\u00a0<\/a>e participe do nosso\u00a0<a href=\"https:\/\/www.facebook.com\/groups\/clubedeviagensmoms\/\">grupo do Facebook<\/a>\u00a0para saber sobre mais ofertas especiais.<\/p>\n<p>Caso queria conferir outras oportunidades, clique\u00a0<a href=\"http:\/\/clubedeviagensmoms.com.br\/homolog\/vamos-viajar\/hoteis\/\" target=\"_blank\" rel=\"noopener noreferrer\">aqui<\/a>\u00a0e verifique a nossa lista de hot\u00e9is parceiros.<\/p>\n","protected":false},"excerpt":{"rendered":"<p>PACOTE REVEILLON &#8211; CHILE Procurando uma forma incr\u00edvel de passar o ano novo? N\u00f3s temos uma super solu\u00e7\u00e3o para voc\u00ea e sua fam\u00edlia! \u2728 Celebre a virada do ano em Santiago, Chile, com um pacote que oferece um excelente custo-benef\u00edcio! Santiago \u00e9 uma cidade incr\u00edvel, conhecida por suas paisagens deslumbrantes, uma cultura rica e hospitalidade [&hellip;]<\/p>\n","protected":false},"featured_media":5823,"comment_status":"closed","ping_status":"closed","template":"","meta":[],"product_cat":[20,19],"product_tag":[138,682,139,683,680,668,46,140,681],"class_list":["post-5821","product","type-product","status-publish","has-post-thumbnail","hentry","product_cat-ofertas-especiais","product_cat-pacotes-internacionais","product_tag-america-do-sul","product_tag-america-latina","product_tag-chile","product_tag-novotel-santiago-los-condes","product_tag-pacote-de-viagem","product_tag-pacote-internacional","product_tag-reveillon","product_tag-santiago","product_tag-santiago-do-chile"],"acf":[],"yoast_head":"<!-- This site is optimized with the Yoast SEO Premium plugin v16.0.2 (Yoast SEO v21.2) - https:\/\/yoast.com\/wordpress\/plugins\/seo\/ -->\n<title>PACOTE REVEILLON - CHILE - Clube Moms<\/title>\n<meta name=\"description\" content=\"PACOTE REVEILLON - CHILE: Celebre a virada do ano em Santiago, Chile, com um pacote que oferece um excelente custo-benef\u00edcio!\" \/>\n<meta name=\"robots\" content=\"index, follow, max-snippet:-1, max-image-preview:large, max-video-preview:-1\" \/>\n<link rel=\"canonical\" href=\"https:\/\/clubedeviagensmoms.com.br\/homolog\/produto\/pacote-reveillon-chile\/\" \/>\n<meta property=\"og:locale\" content=\"pt_BR\" \/>\n<meta property=\"og:type\" content=\"article\" \/>\n<meta property=\"og:title\" content=\"PACOTE REVEILLON - CHILE - Clube Moms\" \/>\n<meta property=\"og:description\" content=\"PACOTE REVEILLON - CHILE: Celebre a virada do ano em Santiago, Chile, com um pacote que oferece um excelente custo-benef\u00edcio!\" \/>\n<meta property=\"og:url\" content=\"https:\/\/clubedeviagensmoms.com.br\/homolog\/produto\/pacote-reveillon-chile\/\" \/>\n<meta property=\"og:site_name\" content=\"Clube Moms\" \/>\n<meta property=\"article:modified_time\" content=\"2023-09-04T18:17:39+00:00\" \/>\n<meta property=\"og:image\" content=\"https:\/\/clubedeviagensmoms.com.br\/homolog\/wp-content\/uploads\/2023\/09\/1080x1080-640-\u00d7-335-px.jpg\" \/>\n\t<meta property=\"og:image:width\" content=\"640\" \/>\n\t<meta property=\"og:image:height\" content=\"335\" \/>\n\t<meta property=\"og:image:type\" content=\"image\/jpeg\" \/>\n<meta name=\"twitter:card\" content=\"summary_large_image\" \/>\n<meta name=\"twitter:label1\" content=\"Est. tempo de leitura\" \/>\n\t<meta name=\"twitter:data1\" content=\"4 minutos\" \/>\n<script type=\"application\/ld+json\" class=\"yoast-schema-graph\">{\"@context\":\"https:\/\/schema.org\",\"@graph\":[{\"@type\":\"WebPage\",\"@id\":\"https:\/\/clubedeviagensmoms.com.br\/homolog\/produto\/pacote-reveillon-chile\/\",\"url\":\"https:\/\/clubedeviagensmoms.com.br\/homolog\/produto\/pacote-reveillon-chile\/\",\"name\":\"PACOTE REVEILLON - CHILE - Clube Moms\",\"isPartOf\":{\"@id\":\"https:\/\/clubedeviagensmoms.com.br\/homolog\/#website\"},\"datePublished\":\"2023-09-04T18:17:38+00:00\",\"dateModified\":\"2023-09-04T18:17:39+00:00\",\"description\":\"PACOTE REVEILLON - CHILE: Celebre a virada do ano em Santiago, Chile, com um pacote que oferece um excelente custo-benef\u00edcio!\",\"breadcrumb\":{\"@id\":\"https:\/\/clubedeviagensmoms.com.br\/homolog\/produto\/pacote-reveillon-chile\/#breadcrumb\"},\"inLanguage\":\"pt-BR\",\"potentialAction\":[{\"@type\":\"ReadAction\",\"target\":[\"https:\/\/clubedeviagensmoms.com.br\/homolog\/produto\/pacote-reveillon-chile\/\"]}]},{\"@type\":\"BreadcrumbList\",\"@id\":\"https:\/\/clubedeviagensmoms.com.br\/homolog\/produto\/pacote-reveillon-chile\/#breadcrumb\",\"itemListElement\":[{\"@type\":\"ListItem\",\"position\":1,\"name\":\"Home\",\"item\":\"https:\/\/clubedeviagensmoms.com.br\/homolog\/\"},{\"@type\":\"ListItem\",\"position\":2,\"name\":\"Vamos Viajar\",\"item\":\"https:\/\/clubedeviagensmoms.com.br\/homolog\/shop\/\"},{\"@type\":\"ListItem\",\"position\":3,\"name\":\"PACOTE REVEILLON &#8211; CHILE\"}]},{\"@type\":\"WebSite\",\"@id\":\"https:\/\/clubedeviagensmoms.com.br\/homolog\/#website\",\"url\":\"https:\/\/clubedeviagensmoms.com.br\/homolog\/\",\"name\":\"Clube Moms\",\"description\":\"O Clube Moms \u00e9 uma ag\u00eancia de turismo com foco em fam\u00edlias com crian\u00e7as, que uno os conceitos de Consultoria Especializada e Clube de Vantagens.\",\"potentialAction\":[{\"@type\":\"SearchAction\",\"target\":{\"@type\":\"EntryPoint\",\"urlTemplate\":\"https:\/\/clubedeviagensmoms.com.br\/homolog\/?s={search_term_string}\"},\"query-input\":\"required name=search_term_string\"}],\"inLanguage\":\"pt-BR\"}]}<\/script>\n<!-- \/ Yoast SEO Premium plugin. -->","yoast_head_json":{"title":"PACOTE REVEILLON - CHILE - Clube Moms","description":"PACOTE REVEILLON - CHILE: Celebre a virada do ano em Santiago, Chile, com um pacote que oferece um excelente custo-benef\u00edcio!","robots":{"index":"index","follow":"follow","max-snippet":"max-snippet:-1","max-image-preview":"max-image-preview:large","max-video-preview":"max-video-preview:-1"},"canonical":"https:\/\/clubedeviagensmoms.com.br\/homolog\/produto\/pacote-reveillon-chile\/","og_locale":"pt_BR","og_type":"article","og_title":"PACOTE REVEILLON - CHILE - Clube Moms","og_description":"PACOTE REVEILLON - CHILE: Celebre a virada do ano em Santiago, Chile, com um pacote que oferece um excelente custo-benef\u00edcio!","og_url":"https:\/\/clubedeviagensmoms.com.br\/homolog\/produto\/pacote-reveillon-chile\/","og_site_name":"Clube Moms","article_modified_time":"2023-09-04T18:17:39+00:00","og_image":[{"width":640,"height":335,"url":"https:\/\/clubedeviagensmoms.com.br\/homolog\/wp-content\/uploads\/2023\/09\/1080x1080-640-\u00d7-335-px.jpg","type":"image\/jpeg"}],"twitter_card":"summary_large_image","twitter_misc":{"Est. tempo de leitura":"4 minutos"},"schema":{"@context":"https:\/\/schema.org","@graph":[{"@type":"WebPage","@id":"https:\/\/clubedeviagensmoms.com.br\/homolog\/produto\/pacote-reveillon-chile\/","url":"https:\/\/clubedeviagensmoms.com.br\/homolog\/produto\/pacote-reveillon-chile\/","name":"PACOTE REVEILLON - CHILE - Clube Moms","isPartOf":{"@id":"https:\/\/clubedeviagensmoms.com.br\/homolog\/#website"},"datePublished":"2023-09-04T18:17:38+00:00","dateModified":"2023-09-04T18:17:39+00:00","description":"PACOTE REVEILLON - CHILE: Celebre a virada do ano em Santiago, Chile, com um pacote que oferece um excelente custo-benef\u00edcio!","breadcrumb":{"@id":"https:\/\/clubedeviagensmoms.com.br\/homolog\/produto\/pacote-reveillon-chile\/#breadcrumb"},"inLanguage":"pt-BR","potentialAction":[{"@type":"ReadAction","target":["https:\/\/clubedeviagensmoms.com.br\/homolog\/produto\/pacote-reveillon-chile\/"]}]},{"@type":"BreadcrumbList","@id":"https:\/\/clubedeviagensmoms.com.br\/homolog\/produto\/pacote-reveillon-chile\/#breadcrumb","itemListElement":[{"@type":"ListItem","position":1,"name":"Home","item":"https:\/\/clubedeviagensmoms.com.br\/homolog\/"},{"@type":"ListItem","position":2,"name":"Vamos Viajar","item":"https:\/\/clubedeviagensmoms.com.br\/homolog\/shop\/"},{"@type":"ListItem","position":3,"name":"PACOTE REVEILLON &#8211; CHILE"}]},{"@type":"WebSite","@id":"https:\/\/clubedeviagensmoms.com.br\/homolog\/#website","url":"https:\/\/clubedeviagensmoms.com.br\/homolog\/","name":"Clube Moms","description":"O Clube Moms \u00e9 uma ag\u00eancia de turismo com foco em fam\u00edlias com crian\u00e7as, que uno os conceitos de Consultoria Especializada e Clube de Vantagens.","potentialAction":[{"@type":"SearchAction","target":{"@type":"EntryPoint","urlTemplate":"https:\/\/clubedeviagensmoms.com.br\/homolog\/?s={search_term_string}"},"query-input":"required name=search_term_string"}],"inLanguage":"pt-BR"}]}},"_links":{"self":[{"href":"https:\/\/clubedeviagensmoms.com.br\/homolog\/wp-json\/wp\/v2\/product\/5821","targetHints":{"allow":["GET"]}}],"collection":[{"href":"https:\/\/clubedeviagensmoms.com.br\/homolog\/wp-json\/wp\/v2\/product"}],"about":[{"href":"https:\/\/clubedeviagensmoms.com.br\/homolog\/wp-json\/wp\/v2\/types\/product"}],"replies":[{"embeddable":true,"href":"https:\/\/clubedeviagensmoms.com.br\/homolog\/wp-json\/wp\/v2\/comments?post=5821"}],"wp:featuredmedia":[{"embeddable":true,"href":"https:\/\/clubedeviagensmoms.com.br\/homolog\/wp-json\/wp\/v2\/media\/5823"}],"wp:attachment":[{"href":"https:\/\/clubedeviagensmoms.com.br\/homolog\/wp-json\/wp\/v2\/media?parent=5821"}],"wp:term":[{"taxonomy":"product_cat","embeddable":true,"href":"https:\/\/clubedeviagensmoms.com.br\/homolog\/wp-json\/wp\/v2\/product_cat?post=5821"},{"taxonomy":"product_tag","embeddable":true,"href":"https:\/\/clubedeviagensmoms.com.br\/homolog\/wp-json\/wp\/v2\/product_tag?post=5821"}],"curies":[{"name":"wp","href":"https:\/\/api.w.org\/{rel}","templated":true}]}}