{"id":5829,"date":"2023-09-04T15:45:50","date_gmt":"2023-09-04T18:45:50","guid":{"rendered":"http:\/\/clubedeviagensmoms.com.br\/homolog\/?post_type=product&#038;p=5829"},"modified":"2023-09-04T15:45:51","modified_gmt":"2023-09-04T18:45:51","slug":"dia-das-criancas-ribeirao","status":"publish","type":"product","link":"https:\/\/clubedeviagensmoms.com.br\/homolog\/produto\/dia-das-criancas-ribeirao\/","title":{"rendered":"DIA DAS CRIAN\u00c7AS &#8211; RIBEIR\u00c3O"},"content":{"rendered":"<h3>DIA DAS CRIAN\u00c7AS &#8211; RIBEIR\u00c3O<\/h3>\n<p>O Dia das Crian\u00e7as na Fazenda Ribeir\u00e3o est\u00e1 quase chegando, e mal podemos esperar para compartilhar todos os incr\u00edveis momentos que est\u00e3o planejados para voc\u00ea e sua fam\u00edlia! \ud83d\ude0d<\/p>\n<p>Para come\u00e7ar, teremos uma aut\u00eantica Oktoberfest com comidas t\u00edpicas, m\u00fasica ao vivo e chopp pilsen liberado! \ud83c\udf7b Durante o almo\u00e7o, desfrute de uma deliciosa Feijoada ao som de chorinho, e \u00e0 noite, um jantar italiano na Trattoria Bertino. \ud83c\udf72\ud83c\udf5d<\/p>\n<p>A divers\u00e3o continua com m\u00fasica ao vivo no Pub Ribeir\u00e3o, uma visita \u00e0 Horta Ribeir\u00e3o para os amantes da natureza e um Almo\u00e7o Sabores do Brasil para satisfazer todos os paladares. \ud83c\udfb6\ud83c\udf31\u2747\ufe0f<\/p>\n<p>Para os pequenos, teremos brinquedos infl\u00e1veis e uma Baladinha Kids \u00e0 Fantasia, enquanto os amantes da m\u00fasica podem aproveitar um American BBQ com m\u00fasica ao vivo e um Almo\u00e7o de boteco com roda de samba e bar de caipirinha. \ud83c\udf88\ud83c\udf54\ud83c\udf7b\ud83d\udc83<\/p>\n<p>E n\u00e3o para por a\u00ed! Haver\u00e1 uma Festa \u00c1rabe emocionante com apresenta\u00e7\u00e3o de dan\u00e7a do ventre e m\u00fasica ao vivo, uma visita ao Alambique com degusta\u00e7\u00e3o de cacha\u00e7a, caldo de cana e m\u00fasica ao vivo, uma partida de Futebol de Sab\u00e3o e at\u00e9 mesmo um passeio de Trenzinho! \u26bd\ud83c\udf7a\ud83d\ude82<\/p>\n<p>E quando a fome bater, voc\u00ea poder\u00e1 desfrutar de um delicioso almo\u00e7o no Cantinho da Ro\u00e7a. \ud83c\udf7d\ufe0f<\/p>\n<p>Prepare-se para criar mem\u00f3rias inesquec\u00edveis em fam\u00edlia. \u00c9 divers\u00e3o garantida para todas as idades! \ud83d\ude04\u2728<\/p>\n<p>\ud83d\udea9Hotel Fazenda Ribeir\u00e3o &#8211; Barra do Pira\u00ed, RJ<\/p>\n<p>Desde o primeiro contato com os animais na nossa ador\u00e1vel Fazendinha, que certamente encantar\u00e1 as crian\u00e7as, at\u00e9 a empolgante visita ao nosso Alambique, que promete entreter os adultos, a Fazenda Ribeir\u00e3o oferece uma estrutura incr\u00edvel e uma variedade de op\u00e7\u00f5es de lazer que atendem a todas as idades.<\/p>\n<p>Mas h\u00e1 algo ainda mais especial: a paisagem deslumbrante que nos rodeia. Aproveite momentos de relaxamento cercado pela natureza exuberante de Barra do Pira\u00ed.<\/p>\n<h4>\n\u2705Per\u00edodo: 11 a 15\/10<\/p>\n<p>\u23f1\ufe0fCheck in \u00e0s 12h | Check out at\u00e9 15h<\/p>\n<p>\u2764\ufe0fMimo Moms: 02 crian\u00e7as de at\u00e9 14 anos cortesia + 02 drinks ou 02 Sucos + 02 cortesias<br \/>\n(tirolesa, mini buggy ou 01 carga de paintball com 30 tiros)<\/p>\n<p>\ud83c\udf74 Regime: Pens\u00e3o completa com bebidas a parte<\/p>\n<p>\u27a1\ufe0f Village a partir de: R$ 4.360,00*<br \/>\nValores para 2 adultos + 2 crian\u00e7as at\u00e9 14 anos (cortesia) para a categoria informada<\/p>\n<p>E lembre-se, aqui no Clube Moms, cuidamos de cada detalhe para que voc\u00ea e sua fam\u00edlia tenham uma experi\u00eancia \u00fanica. \ud83d\ude09<\/p>\n<p>\ud83d\udcb3Forma de Pagamento: em at\u00e9 6x (parcela m\u00ednima R$ 300,00) ou com 5% desconto \u00e0 vista via PIX.<\/h4>\n<p>Contudo, as tarifas podem sofrer altera\u00e7\u00e3o a qualquer momento e s\u00e3o sujeitas a disponibilidade.<\/p>\n<p>Ent\u00e3o, voc\u00ea pode fazer a sua reserva atrav\u00e9s do\u00a0<a href=\"https:\/\/api.whatsapp.com\/send?phone=552120420717&amp;text=Oi!%20Gostaria%20de%20fazer%20uma%20cota%C3%A7%C3%A3o%20\">WhatsApp<\/a><\/p>\n<p>J\u00e1 acompanha o Clube Moms nas redes sociais? Venha conferir o nosso\u00a0<a href=\"https:\/\/www.instagram.com\/clubedeviagensmoms\/\">Instagram\u00a0<\/a>com muitas dicas de viagem, al\u00e9m disso, curta tamb\u00e9m a nossa\u00a0<a href=\"https:\/\/www.facebook.com\/ClubeDeViagensMoms\/?hc_ref=ARREVFAUN6kemqQPikWPR6yOVqfolWuZ4Gm2u6EX4fJ2-jyHER8eDB5si8DvGkabbOE&amp;fref=nf&amp;__xts__[0]=68.ARAXJqd_Jm68dG9qh_a7A_hAS8hHGdRg1Cq8Je9my1EPnGBRo26TI37xs6IY6NhynKSzyIDhPcBRqvr6Nzuwi7g2W4UPO84T0-vU7mWKXia_C51FzzqVsE3HthHbuQetTo9gapY&amp;__tn__=kC-R\">p\u00e1gina do Facebook\u00a0\u00a0<\/a>e participe do nosso\u00a0<a href=\"https:\/\/www.facebook.com\/groups\/clubedeviagensmoms\/\">grupo do Facebook<\/a>\u00a0para saber sobre mais ofertas especiais.<\/p>\n<p>Caso queria conferir outras oportunidades, clique\u00a0<a href=\"http:\/\/clubedeviagensmoms.com.br\/homolog\/vamos-viajar\/hoteis\/\" target=\"_blank\" rel=\"noopener noreferrer\">aqui<\/a>\u00a0e verifique a nossa lista de hot\u00e9is parceiros.<\/p>\n","protected":false},"excerpt":{"rendered":"<p>DIA DAS CRIAN\u00c7AS &#8211; RIBEIR\u00c3O O Dia das Crian\u00e7as na Fazenda Ribeir\u00e3o est\u00e1 quase chegando, e mal podemos esperar para compartilhar todos os incr\u00edveis momentos que est\u00e3o planejados para voc\u00ea e sua fam\u00edlia! \ud83d\ude0d Para come\u00e7ar, teremos uma aut\u00eantica Oktoberfest com comidas t\u00edpicas, m\u00fasica ao vivo e chopp pilsen liberado! \ud83c\udf7b Durante o almo\u00e7o, desfrute [&hellip;]<\/p>\n","protected":false},"featured_media":5830,"comment_status":"closed","ping_status":"closed","template":"","meta":[],"product_cat":[20],"product_tag":[146,368,328],"class_list":["post-5829","product","type-product","status-publish","has-post-thumbnail","hentry","product_cat-ofertas-especiais","product_tag-dia-das-criancas","product_tag-fazenda-ribeirao","product_tag-hotel-fazenda-ribeirao"],"acf":[],"yoast_head":"<!-- This site is optimized with the Yoast SEO Premium plugin v16.0.2 (Yoast SEO v21.2) - https:\/\/yoast.com\/wordpress\/plugins\/seo\/ -->\n<title>DIA DAS CRIAN\u00c7AS - RIBEIR\u00c3O - Clube Moms<\/title>\n<meta name=\"description\" content=\"DIA DAS CRIAN\u00c7AS - RIBEIR\u00c3O: Prepare-se para criar mem\u00f3rias inesquec\u00edveis em fam\u00edlia. \u00c9 divers\u00e3o garantida para todas as idades!\" \/>\n<meta name=\"robots\" content=\"index, follow, max-snippet:-1, max-image-preview:large, max-video-preview:-1\" \/>\n<link rel=\"canonical\" href=\"https:\/\/clubedeviagensmoms.com.br\/homolog\/produto\/dia-das-criancas-ribeirao\/\" \/>\n<meta property=\"og:locale\" content=\"pt_BR\" \/>\n<meta property=\"og:type\" content=\"article\" \/>\n<meta property=\"og:title\" content=\"DIA DAS CRIAN\u00c7AS - RIBEIR\u00c3O - Clube Moms\" \/>\n<meta property=\"og:description\" content=\"DIA DAS CRIAN\u00c7AS - RIBEIR\u00c3O: Prepare-se para criar mem\u00f3rias inesquec\u00edveis em fam\u00edlia. \u00c9 divers\u00e3o garantida para todas as idades!\" \/>\n<meta property=\"og:url\" content=\"https:\/\/clubedeviagensmoms.com.br\/homolog\/produto\/dia-das-criancas-ribeirao\/\" \/>\n<meta property=\"og:site_name\" content=\"Clube Moms\" \/>\n<meta property=\"article:modified_time\" content=\"2023-09-04T18:45:51+00:00\" \/>\n<meta property=\"og:image\" content=\"https:\/\/clubedeviagensmoms.com.br\/homolog\/wp-content\/uploads\/2023\/09\/640IMG_20230224_073346337_HDR.webp\" \/>\n\t<meta property=\"og:image:width\" content=\"640\" \/>\n\t<meta property=\"og:image:height\" content=\"335\" \/>\n\t<meta property=\"og:image:type\" content=\"image\/webp\" \/>\n<meta name=\"twitter:card\" content=\"summary_large_image\" \/>\n<meta name=\"twitter:label1\" content=\"Est. tempo de leitura\" \/>\n\t<meta name=\"twitter:data1\" content=\"3 minutos\" \/>\n<script type=\"application\/ld+json\" class=\"yoast-schema-graph\">{\"@context\":\"https:\/\/schema.org\",\"@graph\":[{\"@type\":\"WebPage\",\"@id\":\"https:\/\/clubedeviagensmoms.com.br\/homolog\/produto\/dia-das-criancas-ribeirao\/\",\"url\":\"https:\/\/clubedeviagensmoms.com.br\/homolog\/produto\/dia-das-criancas-ribeirao\/\",\"name\":\"DIA DAS CRIAN\u00c7AS - RIBEIR\u00c3O - Clube Moms\",\"isPartOf\":{\"@id\":\"https:\/\/clubedeviagensmoms.com.br\/homolog\/#website\"},\"datePublished\":\"2023-09-04T18:45:50+00:00\",\"dateModified\":\"2023-09-04T18:45:51+00:00\",\"description\":\"DIA DAS CRIAN\u00c7AS - RIBEIR\u00c3O: Prepare-se para criar mem\u00f3rias inesquec\u00edveis em fam\u00edlia. \u00c9 divers\u00e3o garantida para todas as idades!\",\"breadcrumb\":{\"@id\":\"https:\/\/clubedeviagensmoms.com.br\/homolog\/produto\/dia-das-criancas-ribeirao\/#breadcrumb\"},\"inLanguage\":\"pt-BR\",\"potentialAction\":[{\"@type\":\"ReadAction\",\"target\":[\"https:\/\/clubedeviagensmoms.com.br\/homolog\/produto\/dia-das-criancas-ribeirao\/\"]}]},{\"@type\":\"BreadcrumbList\",\"@id\":\"https:\/\/clubedeviagensmoms.com.br\/homolog\/produto\/dia-das-criancas-ribeirao\/#breadcrumb\",\"itemListElement\":[{\"@type\":\"ListItem\",\"position\":1,\"name\":\"Home\",\"item\":\"https:\/\/clubedeviagensmoms.com.br\/homolog\/\"},{\"@type\":\"ListItem\",\"position\":2,\"name\":\"Vamos Viajar\",\"item\":\"https:\/\/clubedeviagensmoms.com.br\/homolog\/shop\/\"},{\"@type\":\"ListItem\",\"position\":3,\"name\":\"DIA DAS CRIAN\u00c7AS &#8211; RIBEIR\u00c3O\"}]},{\"@type\":\"WebSite\",\"@id\":\"https:\/\/clubedeviagensmoms.com.br\/homolog\/#website\",\"url\":\"https:\/\/clubedeviagensmoms.com.br\/homolog\/\",\"name\":\"Clube Moms\",\"description\":\"O Clube Moms \u00e9 uma ag\u00eancia de turismo com foco em fam\u00edlias com crian\u00e7as, que uno os conceitos de Consultoria Especializada e Clube de Vantagens.\",\"potentialAction\":[{\"@type\":\"SearchAction\",\"target\":{\"@type\":\"EntryPoint\",\"urlTemplate\":\"https:\/\/clubedeviagensmoms.com.br\/homolog\/?s={search_term_string}\"},\"query-input\":\"required name=search_term_string\"}],\"inLanguage\":\"pt-BR\"}]}<\/script>\n<!-- \/ Yoast SEO Premium plugin. -->","yoast_head_json":{"title":"DIA DAS CRIAN\u00c7AS - RIBEIR\u00c3O - Clube Moms","description":"DIA DAS CRIAN\u00c7AS - RIBEIR\u00c3O: Prepare-se para criar mem\u00f3rias inesquec\u00edveis em fam\u00edlia. \u00c9 divers\u00e3o garantida para todas as idades!","robots":{"index":"index","follow":"follow","max-snippet":"max-snippet:-1","max-image-preview":"max-image-preview:large","max-video-preview":"max-video-preview:-1"},"canonical":"https:\/\/clubedeviagensmoms.com.br\/homolog\/produto\/dia-das-criancas-ribeirao\/","og_locale":"pt_BR","og_type":"article","og_title":"DIA DAS CRIAN\u00c7AS - RIBEIR\u00c3O - Clube Moms","og_description":"DIA DAS CRIAN\u00c7AS - RIBEIR\u00c3O: Prepare-se para criar mem\u00f3rias inesquec\u00edveis em fam\u00edlia. \u00c9 divers\u00e3o garantida para todas as idades!","og_url":"https:\/\/clubedeviagensmoms.com.br\/homolog\/produto\/dia-das-criancas-ribeirao\/","og_site_name":"Clube Moms","article_modified_time":"2023-09-04T18:45:51+00:00","og_image":[{"width":640,"height":335,"url":"https:\/\/clubedeviagensmoms.com.br\/homolog\/wp-content\/uploads\/2023\/09\/640IMG_20230224_073346337_HDR.webp","type":"image\/webp"}],"twitter_card":"summary_large_image","twitter_misc":{"Est. tempo de leitura":"3 minutos"},"schema":{"@context":"https:\/\/schema.org","@graph":[{"@type":"WebPage","@id":"https:\/\/clubedeviagensmoms.com.br\/homolog\/produto\/dia-das-criancas-ribeirao\/","url":"https:\/\/clubedeviagensmoms.com.br\/homolog\/produto\/dia-das-criancas-ribeirao\/","name":"DIA DAS CRIAN\u00c7AS - RIBEIR\u00c3O - Clube Moms","isPartOf":{"@id":"https:\/\/clubedeviagensmoms.com.br\/homolog\/#website"},"datePublished":"2023-09-04T18:45:50+00:00","dateModified":"2023-09-04T18:45:51+00:00","description":"DIA DAS CRIAN\u00c7AS - RIBEIR\u00c3O: Prepare-se para criar mem\u00f3rias inesquec\u00edveis em fam\u00edlia. \u00c9 divers\u00e3o garantida para todas as idades!","breadcrumb":{"@id":"https:\/\/clubedeviagensmoms.com.br\/homolog\/produto\/dia-das-criancas-ribeirao\/#breadcrumb"},"inLanguage":"pt-BR","potentialAction":[{"@type":"ReadAction","target":["https:\/\/clubedeviagensmoms.com.br\/homolog\/produto\/dia-das-criancas-ribeirao\/"]}]},{"@type":"BreadcrumbList","@id":"https:\/\/clubedeviagensmoms.com.br\/homolog\/produto\/dia-das-criancas-ribeirao\/#breadcrumb","itemListElement":[{"@type":"ListItem","position":1,"name":"Home","item":"https:\/\/clubedeviagensmoms.com.br\/homolog\/"},{"@type":"ListItem","position":2,"name":"Vamos Viajar","item":"https:\/\/clubedeviagensmoms.com.br\/homolog\/shop\/"},{"@type":"ListItem","position":3,"name":"DIA DAS CRIAN\u00c7AS &#8211; RIBEIR\u00c3O"}]},{"@type":"WebSite","@id":"https:\/\/clubedeviagensmoms.com.br\/homolog\/#website","url":"https:\/\/clubedeviagensmoms.com.br\/homolog\/","name":"Clube Moms","description":"O Clube Moms \u00e9 uma ag\u00eancia de turismo com foco em fam\u00edlias com crian\u00e7as, que uno os conceitos de Consultoria Especializada e Clube de Vantagens.","potentialAction":[{"@type":"SearchAction","target":{"@type":"EntryPoint","urlTemplate":"https:\/\/clubedeviagensmoms.com.br\/homolog\/?s={search_term_string}"},"query-input":"required name=search_term_string"}],"inLanguage":"pt-BR"}]}},"_links":{"self":[{"href":"https:\/\/clubedeviagensmoms.com.br\/homolog\/wp-json\/wp\/v2\/product\/5829","targetHints":{"allow":["GET"]}}],"collection":[{"href":"https:\/\/clubedeviagensmoms.com.br\/homolog\/wp-json\/wp\/v2\/product"}],"about":[{"href":"https:\/\/clubedeviagensmoms.com.br\/homolog\/wp-json\/wp\/v2\/types\/product"}],"replies":[{"embeddable":true,"href":"https:\/\/clubedeviagensmoms.com.br\/homolog\/wp-json\/wp\/v2\/comments?post=5829"}],"wp:featuredmedia":[{"embeddable":true,"href":"https:\/\/clubedeviagensmoms.com.br\/homolog\/wp-json\/wp\/v2\/media\/5830"}],"wp:attachment":[{"href":"https:\/\/clubedeviagensmoms.com.br\/homolog\/wp-json\/wp\/v2\/media?parent=5829"}],"wp:term":[{"taxonomy":"product_cat","embeddable":true,"href":"https:\/\/clubedeviagensmoms.com.br\/homolog\/wp-json\/wp\/v2\/product_cat?post=5829"},{"taxonomy":"product_tag","embeddable":true,"href":"https:\/\/clubedeviagensmoms.com.br\/homolog\/wp-json\/wp\/v2\/product_tag?post=5829"}],"curies":[{"name":"wp","href":"https:\/\/api.w.org\/{rel}","templated":true}]}}