{"id":5836,"date":"2023-09-04T16:16:24","date_gmt":"2023-09-04T19:16:24","guid":{"rendered":"http:\/\/clubedeviagensmoms.com.br\/homolog\/?post_type=product&#038;p=5836"},"modified":"2023-09-04T16:16:25","modified_gmt":"2023-09-04T19:16:25","slug":"dia-das-criancas-embauba","status":"publish","type":"product","link":"https:\/\/clubedeviagensmoms.com.br\/homolog\/produto\/dia-das-criancas-embauba\/","title":{"rendered":"DIA DAS CRIAN\u00c7AS &#8211; EMBAUBA"},"content":{"rendered":"<h3>DIA DAS CRIAN\u00c7AS &#8211; EMBA\u00daBA:\u00a0Que tal celebrar o Dia das Crian\u00e7as de uma forma m\u00e1gica e inesquec\u00edvel?!\u00a0N\u00f3s temos uma dica de destino incr\u00edvel para isso: o Embauba Boutique Hotel, em Teres\u00f3polis! \ud83d\udcab<\/h3>\n<p>Situado no cora\u00e7\u00e3o das montanhas, o Embauba Boutique Hotel \u00e9 como um lar longe de casa.<\/p>\n<p>Aqui, cada detalhe foi cuidadosamente pensado para proporcionar uma experi\u00eancia \u00fanica para voc\u00eas e seus pequenos exploradores. \ud83d\udc96<\/p>\n<p>Al\u00e9m disso, Teres\u00f3polis, conhecida como a cidade das montanhas, oferece um cen\u00e1rio perfeito para aventuras em fam\u00edlia.<\/p>\n<p>Com sua natureza exuberante e um clima agrad\u00e1vel, voc\u00eas podem explorar trilhas, cachoeiras e desfrutar da gastronomia local.<\/p>\n<p>Confira:<\/p>\n<p>\ud83d\udea9 Emba\u00faba Boutique Hotel, Teres\u00f3polis &#8211; RJ<\/p>\n<p>O Embauba \u00e9 uma joia rara. Este hotel encantador combina conforto e charme, criando um ref\u00fagio perfeito para fam\u00edlias que buscam momentos inesquec\u00edveis. Ele fica em Teres\u00f3polis, conhecida como a &#8220;Cidade das Montanhas&#8221;, oferece um cen\u00e1rio deslumbrante de montanhas cobertas de verde e uma atmosfera serena. \u00c9 um lugar onde a natureza se encontra com o conforto, perfeito para relaxar em fam\u00edlia. \ud83c\udf43<\/p>\n<p>\u2764\ufe0fMimo Moms<br \/>\n&#8211; Drinks e Aperitivos no Happy Hour: ser\u00e1 servido um drink especial e um aperitivo por pessoa, no Bali Bar, localizado na Sede. (Das 17:00 \u00e0s 19:00)<\/p>\n<h4>\u270512 a 15 de outubro<\/h4>\n<p>\ud83d\udd39BALI CONECTANTE &#8211; R$ 7.263,00*<br \/>\n*Valor para 2 adultos + 1 crian\u00e7a de at\u00e9 11 anos<\/p>\n<p>\ud83d\udd39EUCALIPTO 3 &#8211; R$ 12.912,60*<br \/>\n*Valor para 2 adultos + 2 crian\u00e7as at\u00e9 11 anos<\/p>\n<p>No Embauba Boutique Hotel, a magia est\u00e1 nos detalhes, e estamos aqui para tornar cada momento da sua estadia uma lembran\u00e7a que durar\u00e1 para sempre. \u2728\ud83d\ude0a<\/p>\n<p>\ud83d\udcb3Forma de Pagamento: em at\u00e9 6x no cart\u00e3o<\/p>\n<p>\ud83d\udcf2RESERVAS: Chama a gente no WhatsApp. Link na bio.<\/p>\n<p>\u26a0\ufe0fAs tarifas podem sofrer altera\u00e7\u00e3o a qualquer momento e s\u00e3o sujeitas a disponibilidade. A programa\u00e7\u00e3o est\u00e1 sujeita a altera\u00e7\u00e3o devido as condi\u00e7\u00f5es clim\u00e1ticas.<\/p>\n<p>\ud83d\udcb3 Forma de Pagamento: Voc\u00ea pode parcelar em at\u00e9 6x no cart\u00e3o para maior comodidade.<\/p>\n<p>Gostou da nossa oferta DIA DAS CRIAN\u00c7AS &#8211; EMBA\u00daBA?<\/p>\n<p>Ent\u00e3o, voc\u00ea pode fazer a sua reserva atrav\u00e9s do\u00a0<a href=\"https:\/\/api.whatsapp.com\/send?phone=552120420717&amp;text=Oi!%20Gostaria%20de%20fazer%20uma%20cota%C3%A7%C3%A3o%20\">WhatsApp<\/a><\/p>\n<p>J\u00e1 acompanha o Clube Moms nas redes sociais? Venha conferir o nosso\u00a0<a href=\"https:\/\/www.instagram.com\/clubedeviagensmoms\/\">Instagram\u00a0<\/a>com muitas dicas de viagem, al\u00e9m disso, curta tamb\u00e9m a nossa\u00a0<a href=\"https:\/\/www.facebook.com\/ClubeDeViagensMoms\/?hc_ref=ARREVFAUN6kemqQPikWPR6yOVqfolWuZ4Gm2u6EX4fJ2-jyHER8eDB5si8DvGkabbOE&amp;fref=nf&amp;__xts__[0]=68.ARAXJqd_Jm68dG9qh_a7A_hAS8hHGdRg1Cq8Je9my1EPnGBRo26TI37xs6IY6NhynKSzyIDhPcBRqvr6Nzuwi7g2W4UPO84T0-vU7mWKXia_C51FzzqVsE3HthHbuQetTo9gapY&amp;__tn__=kC-R\">p\u00e1gina do Facebook\u00a0\u00a0<\/a>e participe do nosso\u00a0<a href=\"https:\/\/www.facebook.com\/groups\/clubedeviagensmoms\/\">grupo do Facebook<\/a>\u00a0para saber sobre mais ofertas especiais.<\/p>\n<p>Caso queria conferir outras oportunidades, clique\u00a0<a href=\"http:\/\/clubedeviagensmoms.com.br\/homolog\/vamos-viajar\/hoteis\/\" target=\"_blank\" rel=\"noopener noreferrer\">aqui<\/a>\u00a0e verifique a nossa lista de hot\u00e9is parceiros.<\/p>\n","protected":false},"excerpt":{"rendered":"<p>DIA DAS CRIAN\u00c7AS &#8211; EMBA\u00daBA:\u00a0Que tal celebrar o Dia das Crian\u00e7as de uma forma m\u00e1gica e inesquec\u00edvel?!\u00a0N\u00f3s temos uma dica de destino incr\u00edvel para isso: o Embauba Boutique Hotel, em Teres\u00f3polis! \ud83d\udcab Situado no cora\u00e7\u00e3o das montanhas, o Embauba Boutique Hotel \u00e9 como um lar longe de casa. Aqui, cada detalhe foi cuidadosamente pensado para [&hellip;]<\/p>\n","protected":false},"featured_media":5837,"comment_status":"closed","ping_status":"closed","template":"","meta":[],"product_cat":[20],"product_tag":[146,685,684,152],"class_list":["post-5836","product","type-product","status-publish","has-post-thumbnail","hentry","product_cat-ofertas-especiais","product_tag-dia-das-criancas","product_tag-embauba","product_tag-embauba-boutique-hotel","product_tag-teresopolis"],"acf":[],"yoast_head":"<!-- This site is optimized with the Yoast SEO Premium plugin v16.0.2 (Yoast SEO v21.2) - https:\/\/yoast.com\/wordpress\/plugins\/seo\/ -->\n<title>DIA DAS CRIAN\u00c7AS - EMBAUBA - Clube Moms<\/title>\n<meta name=\"description\" content=\"DIA DAS CRIAN\u00c7AS - EMBAUBA: com a sofistica\u00e7\u00e3o e a beleza das paisagens naturais, suas crian\u00e7as v\u00e3o se sentir verdadeiros pr\u00edncipes e princesas!\" \/>\n<meta name=\"robots\" content=\"index, follow, max-snippet:-1, max-image-preview:large, max-video-preview:-1\" \/>\n<link rel=\"canonical\" href=\"https:\/\/clubedeviagensmoms.com.br\/homolog\/produto\/dia-das-criancas-embauba\/\" \/>\n<meta property=\"og:locale\" content=\"pt_BR\" \/>\n<meta property=\"og:type\" content=\"article\" \/>\n<meta property=\"og:title\" content=\"DIA DAS CRIAN\u00c7AS - EMBAUBA - Clube Moms\" \/>\n<meta property=\"og:description\" content=\"DIA DAS CRIAN\u00c7AS - EMBAUBA: com a sofistica\u00e7\u00e3o e a beleza das paisagens naturais, suas crian\u00e7as v\u00e3o se sentir verdadeiros pr\u00edncipes e princesas!\" \/>\n<meta property=\"og:url\" content=\"https:\/\/clubedeviagensmoms.com.br\/homolog\/produto\/dia-das-criancas-embauba\/\" \/>\n<meta property=\"og:site_name\" content=\"Clube Moms\" \/>\n<meta property=\"article:modified_time\" content=\"2023-09-04T19:16:25+00:00\" \/>\n<meta property=\"og:image\" content=\"https:\/\/clubedeviagensmoms.com.br\/homolog\/wp-content\/uploads\/2023\/09\/64029.webp\" \/>\n\t<meta property=\"og:image:width\" content=\"640\" \/>\n\t<meta property=\"og:image:height\" content=\"335\" \/>\n\t<meta property=\"og:image:type\" content=\"image\/webp\" \/>\n<meta name=\"twitter:card\" content=\"summary_large_image\" \/>\n<meta name=\"twitter:label1\" content=\"Est. tempo de leitura\" \/>\n\t<meta name=\"twitter:data1\" content=\"3 minutos\" \/>\n<script type=\"application\/ld+json\" class=\"yoast-schema-graph\">{\"@context\":\"https:\/\/schema.org\",\"@graph\":[{\"@type\":\"WebPage\",\"@id\":\"https:\/\/clubedeviagensmoms.com.br\/homolog\/produto\/dia-das-criancas-embauba\/\",\"url\":\"https:\/\/clubedeviagensmoms.com.br\/homolog\/produto\/dia-das-criancas-embauba\/\",\"name\":\"DIA DAS CRIAN\u00c7AS - EMBAUBA - Clube Moms\",\"isPartOf\":{\"@id\":\"https:\/\/clubedeviagensmoms.com.br\/homolog\/#website\"},\"datePublished\":\"2023-09-04T19:16:24+00:00\",\"dateModified\":\"2023-09-04T19:16:25+00:00\",\"description\":\"DIA DAS CRIAN\u00c7AS - EMBAUBA: com a sofistica\u00e7\u00e3o e a beleza das paisagens naturais, suas crian\u00e7as v\u00e3o se sentir verdadeiros pr\u00edncipes e princesas!\",\"breadcrumb\":{\"@id\":\"https:\/\/clubedeviagensmoms.com.br\/homolog\/produto\/dia-das-criancas-embauba\/#breadcrumb\"},\"inLanguage\":\"pt-BR\",\"potentialAction\":[{\"@type\":\"ReadAction\",\"target\":[\"https:\/\/clubedeviagensmoms.com.br\/homolog\/produto\/dia-das-criancas-embauba\/\"]}]},{\"@type\":\"BreadcrumbList\",\"@id\":\"https:\/\/clubedeviagensmoms.com.br\/homolog\/produto\/dia-das-criancas-embauba\/#breadcrumb\",\"itemListElement\":[{\"@type\":\"ListItem\",\"position\":1,\"name\":\"Home\",\"item\":\"https:\/\/clubedeviagensmoms.com.br\/homolog\/\"},{\"@type\":\"ListItem\",\"position\":2,\"name\":\"Vamos Viajar\",\"item\":\"https:\/\/clubedeviagensmoms.com.br\/homolog\/shop\/\"},{\"@type\":\"ListItem\",\"position\":3,\"name\":\"DIA DAS CRIAN\u00c7AS &#8211; EMBAUBA\"}]},{\"@type\":\"WebSite\",\"@id\":\"https:\/\/clubedeviagensmoms.com.br\/homolog\/#website\",\"url\":\"https:\/\/clubedeviagensmoms.com.br\/homolog\/\",\"name\":\"Clube Moms\",\"description\":\"O Clube Moms \u00e9 uma ag\u00eancia de turismo com foco em fam\u00edlias com crian\u00e7as, que uno os conceitos de Consultoria Especializada e Clube de Vantagens.\",\"potentialAction\":[{\"@type\":\"SearchAction\",\"target\":{\"@type\":\"EntryPoint\",\"urlTemplate\":\"https:\/\/clubedeviagensmoms.com.br\/homolog\/?s={search_term_string}\"},\"query-input\":\"required name=search_term_string\"}],\"inLanguage\":\"pt-BR\"}]}<\/script>\n<!-- \/ Yoast SEO Premium plugin. -->","yoast_head_json":{"title":"DIA DAS CRIAN\u00c7AS - EMBAUBA - Clube Moms","description":"DIA DAS CRIAN\u00c7AS - EMBAUBA: com a sofistica\u00e7\u00e3o e a beleza das paisagens naturais, suas crian\u00e7as v\u00e3o se sentir verdadeiros pr\u00edncipes e princesas!","robots":{"index":"index","follow":"follow","max-snippet":"max-snippet:-1","max-image-preview":"max-image-preview:large","max-video-preview":"max-video-preview:-1"},"canonical":"https:\/\/clubedeviagensmoms.com.br\/homolog\/produto\/dia-das-criancas-embauba\/","og_locale":"pt_BR","og_type":"article","og_title":"DIA DAS CRIAN\u00c7AS - EMBAUBA - Clube Moms","og_description":"DIA DAS CRIAN\u00c7AS - EMBAUBA: com a sofistica\u00e7\u00e3o e a beleza das paisagens naturais, suas crian\u00e7as v\u00e3o se sentir verdadeiros pr\u00edncipes e princesas!","og_url":"https:\/\/clubedeviagensmoms.com.br\/homolog\/produto\/dia-das-criancas-embauba\/","og_site_name":"Clube Moms","article_modified_time":"2023-09-04T19:16:25+00:00","og_image":[{"width":640,"height":335,"url":"https:\/\/clubedeviagensmoms.com.br\/homolog\/wp-content\/uploads\/2023\/09\/64029.webp","type":"image\/webp"}],"twitter_card":"summary_large_image","twitter_misc":{"Est. tempo de leitura":"3 minutos"},"schema":{"@context":"https:\/\/schema.org","@graph":[{"@type":"WebPage","@id":"https:\/\/clubedeviagensmoms.com.br\/homolog\/produto\/dia-das-criancas-embauba\/","url":"https:\/\/clubedeviagensmoms.com.br\/homolog\/produto\/dia-das-criancas-embauba\/","name":"DIA DAS CRIAN\u00c7AS - EMBAUBA - Clube Moms","isPartOf":{"@id":"https:\/\/clubedeviagensmoms.com.br\/homolog\/#website"},"datePublished":"2023-09-04T19:16:24+00:00","dateModified":"2023-09-04T19:16:25+00:00","description":"DIA DAS CRIAN\u00c7AS - EMBAUBA: com a sofistica\u00e7\u00e3o e a beleza das paisagens naturais, suas crian\u00e7as v\u00e3o se sentir verdadeiros pr\u00edncipes e princesas!","breadcrumb":{"@id":"https:\/\/clubedeviagensmoms.com.br\/homolog\/produto\/dia-das-criancas-embauba\/#breadcrumb"},"inLanguage":"pt-BR","potentialAction":[{"@type":"ReadAction","target":["https:\/\/clubedeviagensmoms.com.br\/homolog\/produto\/dia-das-criancas-embauba\/"]}]},{"@type":"BreadcrumbList","@id":"https:\/\/clubedeviagensmoms.com.br\/homolog\/produto\/dia-das-criancas-embauba\/#breadcrumb","itemListElement":[{"@type":"ListItem","position":1,"name":"Home","item":"https:\/\/clubedeviagensmoms.com.br\/homolog\/"},{"@type":"ListItem","position":2,"name":"Vamos Viajar","item":"https:\/\/clubedeviagensmoms.com.br\/homolog\/shop\/"},{"@type":"ListItem","position":3,"name":"DIA DAS CRIAN\u00c7AS &#8211; EMBAUBA"}]},{"@type":"WebSite","@id":"https:\/\/clubedeviagensmoms.com.br\/homolog\/#website","url":"https:\/\/clubedeviagensmoms.com.br\/homolog\/","name":"Clube Moms","description":"O Clube Moms \u00e9 uma ag\u00eancia de turismo com foco em fam\u00edlias com crian\u00e7as, que uno os conceitos de Consultoria Especializada e Clube de Vantagens.","potentialAction":[{"@type":"SearchAction","target":{"@type":"EntryPoint","urlTemplate":"https:\/\/clubedeviagensmoms.com.br\/homolog\/?s={search_term_string}"},"query-input":"required name=search_term_string"}],"inLanguage":"pt-BR"}]}},"_links":{"self":[{"href":"https:\/\/clubedeviagensmoms.com.br\/homolog\/wp-json\/wp\/v2\/product\/5836","targetHints":{"allow":["GET"]}}],"collection":[{"href":"https:\/\/clubedeviagensmoms.com.br\/homolog\/wp-json\/wp\/v2\/product"}],"about":[{"href":"https:\/\/clubedeviagensmoms.com.br\/homolog\/wp-json\/wp\/v2\/types\/product"}],"replies":[{"embeddable":true,"href":"https:\/\/clubedeviagensmoms.com.br\/homolog\/wp-json\/wp\/v2\/comments?post=5836"}],"wp:featuredmedia":[{"embeddable":true,"href":"https:\/\/clubedeviagensmoms.com.br\/homolog\/wp-json\/wp\/v2\/media\/5837"}],"wp:attachment":[{"href":"https:\/\/clubedeviagensmoms.com.br\/homolog\/wp-json\/wp\/v2\/media?parent=5836"}],"wp:term":[{"taxonomy":"product_cat","embeddable":true,"href":"https:\/\/clubedeviagensmoms.com.br\/homolog\/wp-json\/wp\/v2\/product_cat?post=5836"},{"taxonomy":"product_tag","embeddable":true,"href":"https:\/\/clubedeviagensmoms.com.br\/homolog\/wp-json\/wp\/v2\/product_tag?post=5836"}],"curies":[{"name":"wp","href":"https:\/\/api.w.org\/{rel}","templated":true}]}}